{"id":619,"date":"2020-09-27T20:33:45","date_gmt":"2020-09-27T18:33:45","guid":{"rendered":"https:\/\/agora.xtec.cat\/ieja\/?page_id=619"},"modified":"2020-09-27T20:34:14","modified_gmt":"2020-09-27T18:34:14","slug":"projecte-de-biblioteca-escolar-puntedu","status":"publish","type":"page","link":"https:\/\/agora.xtec.cat\/ieja\/projectes\/projecte-de-biblioteca-escolar-puntedu\/","title":{"rendered":"Projecte de biblioteca"},"content":{"rendered":"<header class=\"entry-header\">\n<h1 class=\"entry-title\">Projecte de biblioteca PUNTEDU<\/h1>\n<\/header>\n<div class=\"entry-content\">\n<h1>Objectius<\/h1>\n<ul>\n<li>Integrar el \u201cpuntedu\u201d dins el projecte curricular de centre i que sigui un recurs per a treballar en totes les \u00e0rees curriculars.<\/li>\n<li>Implicar a tota la comunitat educativa en aquest projecte i oferir-los un espai de consulta i recerca d\u2019informaci\u00f3.<\/li>\n<li>Disposar d\u2019un espai d\u2019aprenentatge on hi hagi una amplia dotaci\u00f3 de recursos on els alumnes puguin trobar la informaci\u00f3 que necessitin.<\/li>\n<li>Educar als nostres alumnes per a qu\u00e8 siguin tota la vida usuaris de biblioteca amb l\u2019objectiu de passar-ho b\u00e9, informar-se i aprendre cont\u00ednuament.<\/li>\n<li>Desenvolupar la nostra l\u00ednia de centre basada en fer alumnes aut\u00f2noms, solidaris, respectuosos i tolerants.<\/li>\n<li>Formar alumnes experts i cr\u00edtics en un moment en qu\u00e8 les noves tecnologies incrementen el volum d\u2019informaci\u00f3 a disposici\u00f3 dels ciutadans.<\/li>\n<li>Desenvolupar mitjan\u00e7ant la biblioteca escolar la lectura i l\u2019 escriptura.<\/li>\n<li>Desenvolupar mitjan\u00e7ant la lectura la seva actitud cr\u00edtica i reflexiva.<\/li>\n<li>Fer una programaci\u00f3 de biblioteca i adequar-la a la realitat del centre.<\/li>\n<li>Sistematitzar el funcionament de la biblioteca.<\/li>\n<li>Donar eines i estrat\u00e8gies als alumnes a l\u2019hora de cercar i tractar la informaci\u00f3.<\/li>\n<li>Oferir la biblioteca com a espai de lliure acc\u00e9s en horari lectiu i no lectiu.<\/li>\n<li>Coordinar la relaci\u00f3 amb la biblioteca p\u00fablica, altres centres i institucions.<\/li>\n<li>Apropar els infants al m\u00f3n del contes i les narracions orals.<\/li>\n<li>Potenciar l\u2019\u00fas de les TIC en les diferents etapes i \u00e0rees del curr\u00edculum.<\/li>\n<\/ul>\n<p><a href=\"http:\/\/xtec.gencat.cat\/ca\/projectes\/biblioteca\/puntedu\/sobre-programa\/\" target=\"_blank\" rel=\"noopener noreferrer\"><img loading=\"lazy\" decoding=\"async\" class=\"alignnone wp-image-620 size-medium\" src=\"https:\/\/agora.xtec.cat\/ieja\/wp-content\/uploads\/usu2185\/2020\/09\/LogoPuntedu-300x180.jpg\" alt=\"\" width=\"300\" height=\"180\" srcset=\"https:\/\/agora.xtec.cat\/ieja\/wp-content\/uploads\/usu2185\/2020\/09\/LogoPuntedu-300x180.jpg 300w, https:\/\/agora.xtec.cat\/ieja\/wp-content\/uploads\/usu2185\/2020\/09\/LogoPuntedu-768x461.jpg 768w, https:\/\/agora.xtec.cat\/ieja\/wp-content\/uploads\/usu2185\/2020\/09\/LogoPuntedu.jpg 1000w\" sizes=\"auto, (max-width: 300px) 100vw, 300px\" \/><\/a><\/p>\n<p>P\u00e0gina <a href=\"http:\/\/xtec.gencat.cat\/ca\/projectes\/biblioteca\/puntedu\/sobre-programa\/\" target=\"_blank\" rel=\"noopener noreferrer\">web del programa de biblioteques escolars PUNTEDU<\/a><\/p>\n<\/div>\n","protected":false},"excerpt":{"rendered":"<p>Projecte de biblioteca PUNTEDU Objectius Integrar el \u201cpuntedu\u201d dins el projecte curricular de centre i que sigui un recurs per a treballar en totes les \u00e0rees curriculars. Implicar a tota la comunitat educativa en aquest projecte i oferir-los un espai de consulta i recerca d\u2019informaci\u00f3. Disposar d\u2019un espai d\u2019aprenentatge on hi hagi una amplia dotaci\u00f3 [&hellip;]<\/p>\n","protected":false},"author":1,"featured_media":0,"parent":589,"menu_order":0,"comment_status":"closed","ping_status":"closed","template":"page-templates\/side-menu.php","meta":{"_bbp_topic_count":0,"_bbp_reply_count":0,"_bbp_total_topic_count":0,"_bbp_total_reply_count":0,"_bbp_voice_count":0,"_bbp_anonymous_reply_count":0,"_bbp_topic_count_hidden":0,"_bbp_reply_count_hidden":0,"_bbp_forum_subforum_count":0,"site-sidebar-layout":"default","site-content-layout":"","ast-site-content-layout":"","site-content-style":"default","site-sidebar-style":"default","ast-global-header-display":"","ast-banner-title-visibility":"","ast-main-header-display":"","ast-hfb-above-header-display":"","ast-hfb-below-header-display":"","ast-hfb-mobile-header-display":"","site-post-title":"","ast-breadcrumbs-content":"","ast-featured-img":"","footer-sml-layout":"","theme-transparent-header-meta":"","adv-header-id-meta":"","stick-header-meta":"","header-above-stick-meta":"","header-main-stick-meta":"","header-below-stick-meta":"","astra-migrate-meta-layouts":"default","ast-page-background-enabled":"default","ast-page-background-meta":{"desktop":{"background-color":"var(--ast-global-color-4)","background-image":"","background-repeat":"repeat","background-position":"center center","background-size":"auto","background-attachment":"scroll","background-type":"","background-media":"","overlay-type":"","overlay-color":"","overlay-opacity":"","overlay-gradient":""},"tablet":{"background-color":"","background-image":"","background-repeat":"repeat","background-position":"center center","background-size":"auto","background-attachment":"scroll","background-type":"","background-media":"","overlay-type":"","overlay-color":"","overlay-opacity":"","overlay-gradient":""},"mobile":{"background-color":"","background-image":"","background-repeat":"repeat","background-position":"center center","background-size":"auto","background-attachment":"scroll","background-type":"","background-media":"","overlay-type":"","overlay-color":"","overlay-opacity":"","overlay-gradient":""}},"ast-content-background-meta":{"desktop":{"background-color":"var(--ast-global-color-5)","background-image":"","background-repeat":"repeat","background-position":"center center","background-size":"auto","background-attachment":"scroll","background-type":"","background-media":"","overlay-type":"","overlay-color":"","overlay-opacity":"","overlay-gradient":""},"tablet":{"background-color":"var(--ast-global-color-5)","background-image":"","background-repeat":"repeat","background-position":"center center","background-size":"auto","background-attachment":"scroll","background-type":"","background-media":"","overlay-type":"","overlay-color":"","overlay-opacity":"","overlay-gradient":""},"mobile":{"background-color":"var(--ast-global-color-5)","background-image":"","background-repeat":"repeat","background-position":"center center","background-size":"auto","background-attachment":"scroll","background-type":"","background-media":"","overlay-type":"","overlay-color":"","overlay-opacity":"","overlay-gradient":""}},"footnotes":""},"class_list":["post-619","page","type-page","status-publish","hentry"],"post_mailing_queue_ids":[],"_links":{"self":[{"href":"https:\/\/agora.xtec.cat\/ieja\/wp-json\/wp\/v2\/pages\/619","targetHints":{"allow":["GET"]}}],"collection":[{"href":"https:\/\/agora.xtec.cat\/ieja\/wp-json\/wp\/v2\/pages"}],"about":[{"href":"https:\/\/agora.xtec.cat\/ieja\/wp-json\/wp\/v2\/types\/page"}],"author":[{"embeddable":true,"href":"https:\/\/agora.xtec.cat\/ieja\/wp-json\/wp\/v2\/users\/1"}],"replies":[{"embeddable":true,"href":"https:\/\/agora.xtec.cat\/ieja\/wp-json\/wp\/v2\/comments?post=619"}],"version-history":[{"count":2,"href":"https:\/\/agora.xtec.cat\/ieja\/wp-json\/wp\/v2\/pages\/619\/revisions"}],"predecessor-version":[{"id":622,"href":"https:\/\/agora.xtec.cat\/ieja\/wp-json\/wp\/v2\/pages\/619\/revisions\/622"}],"up":[{"embeddable":true,"href":"https:\/\/agora.xtec.cat\/ieja\/wp-json\/wp\/v2\/pages\/589"}],"wp:attachment":[{"href":"https:\/\/agora.xtec.cat\/ieja\/wp-json\/wp\/v2\/media?parent=619"}],"curies":[{"name":"wp","href":"https:\/\/api.w.org\/{rel}","templated":true}]}}