{"id":614,"date":"2020-09-27T20:26:33","date_gmt":"2020-09-27T18:26:33","guid":{"rendered":"https:\/\/agora.xtec.cat\/ieja\/?page_id=614"},"modified":"2020-09-27T20:27:56","modified_gmt":"2020-09-27T18:27:56","slug":"escola-verda","status":"publish","type":"page","link":"https:\/\/agora.xtec.cat\/ieja\/projectes\/escola-verda\/","title":{"rendered":"Escola verda"},"content":{"rendered":"<h6>L&#8217;Institut escola Joan Ard\u00e8vol est\u00e0 acreditat com a &#8220;Escola Verda&#8221;. Aquest projecte t\u00e9 els seg\u00fcents objectius:<\/h6>\n<h6><a href=\"https:\/\/agora.xtec.cat\/ieja\/wp-content\/uploads\/usu2185\/2020\/09\/verdi1.jpg\"><img loading=\"lazy\" decoding=\"async\" class=\"alignleft wp-image-615\" src=\"https:\/\/agora.xtec.cat\/ieja\/wp-content\/uploads\/usu2185\/2020\/09\/verdi1.jpg\" alt=\"\" width=\"251\" height=\"335\" srcset=\"https:\/\/agora.xtec.cat\/ieja\/wp-content\/uploads\/usu2185\/2020\/09\/verdi1.jpg 449w, https:\/\/agora.xtec.cat\/ieja\/wp-content\/uploads\/usu2185\/2020\/09\/verdi1-225x300.jpg 225w\" sizes=\"auto, (max-width: 251px) 100vw, 251px\" \/><\/a><\/h6>\n<h3><\/h3>\n<ul>\n<li>Vincular el projecte d\u2019escola verda amb el projecte d\u2019institut escola mitjan\u00e7ant la col\u00b7laboraci\u00f3 amb altres grups de treball (conviv\u00e8ncia i pati), per construir un projecte conjunt de centre.<\/li>\n<li>Fer una diagnosi per saber quina \u00e9s la realitat del centre i del seu entorn mitjan\u00e7ant l\u2019an\u00e0lisi de la situaci\u00f3 actual i les diferents activitats que es realitzen, relacionades amb la sostenibilitat, per determinar-ne el punt de partida i d&#8217;aven\u00e7.<\/li>\n<li>Establir accions conjuntes de centre per dur a terme, vinculant-lo en la mesura possible amb la realitat del municipi, mitjan\u00e7ant activitats gen\u00e8riques i d\u2019ambientalitzaci\u00f3 curricular, per comprovar la viabilitat del projecte en els diferents cursos.<\/li>\n<li>Elaborar i redefinir el projecte, mitjan\u00e7ant el recull de dades, accions del curs i proposta d\u2019accions futures, i presentar-lo a tot l\u2019equip de centre i a la xarxa d\u2019escoles verdes.<\/li>\n<li>Donar continu\u00eftat al projecte i recollir-lo al PEC, mitjan\u00e7ant el comprom\u00eds, la vinculaci\u00f3 i participaci\u00f3 de tot el claustre, per consensuar-lo com a filosofia pedag\u00f2gica del centre.<\/li>\n<\/ul>\n<p>&nbsp;<\/p>\n<p>P\u00e0gina <a href=\"http:\/\/mediambient.gencat.cat\/ca\/05_ambits_dactuacio\/educacio_i_sostenibilitat\/educacio_per_a_la_sostenibilitat\/escoles_verdes\" target=\"_blank\" rel=\"noopener noreferrer\">web del programa Escoles Verdes<\/a>.<\/p>\n","protected":false},"excerpt":{"rendered":"<p>L&#8217;Institut escola Joan Ard\u00e8vol est\u00e0 acreditat com a &#8220;Escola Verda&#8221;. Aquest projecte t\u00e9 els seg\u00fcents objectius: Vincular el projecte d\u2019escola verda amb el projecte d\u2019institut escola mitjan\u00e7ant la col\u00b7laboraci\u00f3 amb altres grups de treball (conviv\u00e8ncia i pati), per construir un projecte conjunt de centre. Fer una diagnosi per saber quina \u00e9s la realitat del centre [&hellip;]<\/p>\n","protected":false},"author":1,"featured_media":0,"parent":589,"menu_order":0,"comment_status":"closed","ping_status":"closed","template":"page-templates\/side-menu.php","meta":{"_bbp_topic_count":0,"_bbp_reply_count":0,"_bbp_total_topic_count":0,"_bbp_total_reply_count":0,"_bbp_voice_count":0,"_bbp_anonymous_reply_count":0,"_bbp_topic_count_hidden":0,"_bbp_reply_count_hidden":0,"_bbp_forum_subforum_count":0,"site-sidebar-layout":"default","site-content-layout":"","ast-site-content-layout":"","site-content-style":"default","site-sidebar-style":"default","ast-global-header-display":"","ast-banner-title-visibility":"","ast-main-header-display":"","ast-hfb-above-header-display":"","ast-hfb-below-header-display":"","ast-hfb-mobile-header-display":"","site-post-title":"","ast-breadcrumbs-content":"","ast-featured-img":"","footer-sml-layout":"","theme-transparent-header-meta":"","adv-header-id-meta":"","stick-header-meta":"","header-above-stick-meta":"","header-main-stick-meta":"","header-below-stick-meta":"","astra-migrate-meta-layouts":"default","ast-page-background-enabled":"default","ast-page-background-meta":{"desktop":{"background-color":"var(--ast-global-color-4)","background-image":"","background-repeat":"repeat","background-position":"center center","background-size":"auto","background-attachment":"scroll","background-type":"","background-media":"","overlay-type":"","overlay-color":"","overlay-opacity":"","overlay-gradient":""},"tablet":{"background-color":"","background-image":"","background-repeat":"repeat","background-position":"center center","background-size":"auto","background-attachment":"scroll","background-type":"","background-media":"","overlay-type":"","overlay-color":"","overlay-opacity":"","overlay-gradient":""},"mobile":{"background-color":"","background-image":"","background-repeat":"repeat","background-position":"center center","background-size":"auto","background-attachment":"scroll","background-type":"","background-media":"","overlay-type":"","overlay-color":"","overlay-opacity":"","overlay-gradient":""}},"ast-content-background-meta":{"desktop":{"background-color":"var(--ast-global-color-5)","background-image":"","background-repeat":"repeat","background-position":"center center","background-size":"auto","background-attachment":"scroll","background-type":"","background-media":"","overlay-type":"","overlay-color":"","overlay-opacity":"","overlay-gradient":""},"tablet":{"background-color":"var(--ast-global-color-5)","background-image":"","background-repeat":"repeat","background-position":"center center","background-size":"auto","background-attachment":"scroll","background-type":"","background-media":"","overlay-type":"","overlay-color":"","overlay-opacity":"","overlay-gradient":""},"mobile":{"background-color":"var(--ast-global-color-5)","background-image":"","background-repeat":"repeat","background-position":"center center","background-size":"auto","background-attachment":"scroll","background-type":"","background-media":"","overlay-type":"","overlay-color":"","overlay-opacity":"","overlay-gradient":""}},"footnotes":""},"class_list":["post-614","page","type-page","status-publish","hentry"],"post_mailing_queue_ids":[],"_links":{"self":[{"href":"https:\/\/agora.xtec.cat\/ieja\/wp-json\/wp\/v2\/pages\/614","targetHints":{"allow":["GET"]}}],"collection":[{"href":"https:\/\/agora.xtec.cat\/ieja\/wp-json\/wp\/v2\/pages"}],"about":[{"href":"https:\/\/agora.xtec.cat\/ieja\/wp-json\/wp\/v2\/types\/page"}],"author":[{"embeddable":true,"href":"https:\/\/agora.xtec.cat\/ieja\/wp-json\/wp\/v2\/users\/1"}],"replies":[{"embeddable":true,"href":"https:\/\/agora.xtec.cat\/ieja\/wp-json\/wp\/v2\/comments?post=614"}],"version-history":[{"count":2,"href":"https:\/\/agora.xtec.cat\/ieja\/wp-json\/wp\/v2\/pages\/614\/revisions"}],"predecessor-version":[{"id":617,"href":"https:\/\/agora.xtec.cat\/ieja\/wp-json\/wp\/v2\/pages\/614\/revisions\/617"}],"up":[{"embeddable":true,"href":"https:\/\/agora.xtec.cat\/ieja\/wp-json\/wp\/v2\/pages\/589"}],"wp:attachment":[{"href":"https:\/\/agora.xtec.cat\/ieja\/wp-json\/wp\/v2\/media?parent=614"}],"curies":[{"name":"wp","href":"https:\/\/api.w.org\/{rel}","templated":true}]}}