{"id":596,"date":"2020-09-27T19:54:15","date_gmt":"2020-09-27T17:54:15","guid":{"rendered":"https:\/\/agora.xtec.cat\/ieja\/?page_id=596"},"modified":"2020-09-27T19:57:05","modified_gmt":"2020-09-27T17:57:05","slug":"mobils-edu","status":"publish","type":"page","link":"https:\/\/agora.xtec.cat\/ieja\/projectes\/mobils-edu\/","title":{"rendered":"mobils.edu"},"content":{"rendered":"<p style=\"box-sizing: border-box; margin: 0px 0px 1.25em; padding: 0px; direction: ltr; font-family: 'Open Sans', Arial, Helvetica, sans-serif; font-weight: 400; font-size: 16px; line-height: 1.6; text-rendering: optimizelegibility; color: #444444; font-style: normal; font-variant-ligatures: normal; font-variant-caps: normal; letter-spacing: normal; orphans: 2; text-align: start; text-indent: 0px; text-transform: none; white-space: normal; widows: 2; word-spacing: 0px; -webkit-text-stroke-width: 0px; background-color: #ffffff; text-decoration-style: initial; text-decoration-color: initial;\">L\u2019Institut escola Joan Ard\u00e8vol forma part del Programa mobils.edu del Departament d\u2019educaci\u00f3. El Programa m\u00f2bils.edu \u00e9s un pla digital que t\u00e9 com a finalitat <strong style=\"box-sizing: border-box; font-weight: bold; line-height: inherit;\">l\u2019impuls de la tecnologia digital en els centres i, especialment, els dispositius m\u00f2bils, com a eina educativa estrat\u00e8gica<\/strong>\u00a0per al desenvolupament curricular, el treball competencial, l\u2019educaci\u00f3 inclusiva, l\u2019acci\u00f3 tutorial i la gesti\u00f3 de la conviv\u00e8ncia i de les relacions humanes per promoure l\u2019\u00e8xit educatiu.<\/p>\n<p><a href=\"https:\/\/agora.xtec.cat\/mobilsedu\/\" target=\"_blank\" rel=\"noopener noreferrer\"><img loading=\"lazy\" decoding=\"async\" class=\"alignnone wp-image-597 \" src=\"https:\/\/agora.xtec.cat\/ieja\/wp-content\/uploads\/usu2185\/2020\/09\/mobilsedu-150x150.png\" alt=\"\" width=\"150\" height=\"150\" srcset=\"https:\/\/agora.xtec.cat\/ieja\/wp-content\/uploads\/usu2185\/2020\/09\/mobilsedu-150x150.png 150w, https:\/\/agora.xtec.cat\/ieja\/wp-content\/uploads\/usu2185\/2020\/09\/mobilsedu-300x300.png 300w, https:\/\/agora.xtec.cat\/ieja\/wp-content\/uploads\/usu2185\/2020\/09\/mobilsedu.png 620w\" sizes=\"auto, (max-width: 150px) 100vw, 150px\" \/><\/a><\/p>\n<p style=\"box-sizing: border-box; margin: 0px 0px 1.25em; padding: 0px; direction: ltr; font-family: 'Open Sans', Arial, Helvetica, sans-serif; font-weight: 400; font-size: 16px; line-height: 1.6; text-rendering: optimizelegibility; color: #444444; font-style: normal; font-variant-ligatures: normal; font-variant-caps: normal; letter-spacing: normal; orphans: 2; text-align: start; text-indent: 0px; text-transform: none; white-space: normal; widows: 2; word-spacing: 0px; -webkit-text-stroke-width: 0px; background-color: #ffffff; text-decoration-style: initial; text-decoration-color: initial;\">M\u00e9s informaci\u00f3:<\/p>\n<ul style=\"box-sizing: border-box; margin: 0px 0px 1.25em 1.125em; padding: 0px; direction: ltr; font-size: 16px; line-height: 1.6; list-style-position: outside; font-family: 'Open Sans', Arial, Helvetica, sans-serif; color: #444444; font-style: normal; font-variant-ligatures: normal; font-variant-caps: normal; font-weight: 400; letter-spacing: normal; orphans: 2; text-align: start; text-indent: 0px; text-transform: none; white-space: normal; widows: 2; word-spacing: 0px; -webkit-text-stroke-width: 0px; background-color: #ffffff; text-decoration-style: initial; text-decoration-color: initial;\">\n<li style=\"box-sizing: border-box; margin: 0.5em 0px; padding: 0px; direction: ltr;\"><a style=\"box-sizing: border-box; color: #087eb6; background: transparent; text-decoration: none; line-height: inherit; font-family: 'Open Sans', sans-serif; font-weight: 400;\" href=\"https:\/\/agora.xtec.cat\/mobilsedu\/\" target=\"_blank\" rel=\"noopener noreferrer\">P\u00e0gina web del programa<\/a>.<\/li>\n<\/ul>\n<p>&nbsp;<\/p>\n<p>&nbsp;<\/p>\n","protected":false},"excerpt":{"rendered":"<p>L\u2019Institut escola Joan Ard\u00e8vol forma part del Programa mobils.edu del Departament d\u2019educaci\u00f3. El Programa m\u00f2bils.edu \u00e9s un pla digital que t\u00e9 com a finalitat l\u2019impuls de la tecnologia digital en els centres i, especialment, els dispositius m\u00f2bils, com a eina educativa estrat\u00e8gica\u00a0per al desenvolupament curricular, el treball competencial, l\u2019educaci\u00f3 inclusiva, l\u2019acci\u00f3 tutorial i la gesti\u00f3 [&hellip;]<\/p>\n","protected":false},"author":1,"featured_media":0,"parent":589,"menu_order":0,"comment_status":"closed","ping_status":"closed","template":"page-templates\/side-menu.php","meta":{"_bbp_topic_count":0,"_bbp_reply_count":0,"_bbp_total_topic_count":0,"_bbp_total_reply_count":0,"_bbp_voice_count":0,"_bbp_anonymous_reply_count":0,"_bbp_topic_count_hidden":0,"_bbp_reply_count_hidden":0,"_bbp_forum_subforum_count":0,"site-sidebar-layout":"default","site-content-layout":"","ast-site-content-layout":"","site-content-style":"default","site-sidebar-style":"default","ast-global-header-display":"","ast-banner-title-visibility":"","ast-main-header-display":"","ast-hfb-above-header-display":"","ast-hfb-below-header-display":"","ast-hfb-mobile-header-display":"","site-post-title":"","ast-breadcrumbs-content":"","ast-featured-img":"","footer-sml-layout":"","theme-transparent-header-meta":"","adv-header-id-meta":"","stick-header-meta":"","header-above-stick-meta":"","header-main-stick-meta":"","header-below-stick-meta":"","astra-migrate-meta-layouts":"default","ast-page-background-enabled":"default","ast-page-background-meta":{"desktop":{"background-color":"var(--ast-global-color-4)","background-image":"","background-repeat":"repeat","background-position":"center center","background-size":"auto","background-attachment":"scroll","background-type":"","background-media":"","overlay-type":"","overlay-color":"","overlay-opacity":"","overlay-gradient":""},"tablet":{"background-color":"","background-image":"","background-repeat":"repeat","background-position":"center center","background-size":"auto","background-attachment":"scroll","background-type":"","background-media":"","overlay-type":"","overlay-color":"","overlay-opacity":"","overlay-gradient":""},"mobile":{"background-color":"","background-image":"","background-repeat":"repeat","background-position":"center center","background-size":"auto","background-attachment":"scroll","background-type":"","background-media":"","overlay-type":"","overlay-color":"","overlay-opacity":"","overlay-gradient":""}},"ast-content-background-meta":{"desktop":{"background-color":"var(--ast-global-color-5)","background-image":"","background-repeat":"repeat","background-position":"center center","background-size":"auto","background-attachment":"scroll","background-type":"","background-media":"","overlay-type":"","overlay-color":"","overlay-opacity":"","overlay-gradient":""},"tablet":{"background-color":"var(--ast-global-color-5)","background-image":"","background-repeat":"repeat","background-position":"center center","background-size":"auto","background-attachment":"scroll","background-type":"","background-media":"","overlay-type":"","overlay-color":"","overlay-opacity":"","overlay-gradient":""},"mobile":{"background-color":"var(--ast-global-color-5)","background-image":"","background-repeat":"repeat","background-position":"center center","background-size":"auto","background-attachment":"scroll","background-type":"","background-media":"","overlay-type":"","overlay-color":"","overlay-opacity":"","overlay-gradient":""}},"footnotes":""},"class_list":["post-596","page","type-page","status-publish","hentry"],"post_mailing_queue_ids":[],"_links":{"self":[{"href":"https:\/\/agora.xtec.cat\/ieja\/wp-json\/wp\/v2\/pages\/596","targetHints":{"allow":["GET"]}}],"collection":[{"href":"https:\/\/agora.xtec.cat\/ieja\/wp-json\/wp\/v2\/pages"}],"about":[{"href":"https:\/\/agora.xtec.cat\/ieja\/wp-json\/wp\/v2\/types\/page"}],"author":[{"embeddable":true,"href":"https:\/\/agora.xtec.cat\/ieja\/wp-json\/wp\/v2\/users\/1"}],"replies":[{"embeddable":true,"href":"https:\/\/agora.xtec.cat\/ieja\/wp-json\/wp\/v2\/comments?post=596"}],"version-history":[{"count":2,"href":"https:\/\/agora.xtec.cat\/ieja\/wp-json\/wp\/v2\/pages\/596\/revisions"}],"predecessor-version":[{"id":602,"href":"https:\/\/agora.xtec.cat\/ieja\/wp-json\/wp\/v2\/pages\/596\/revisions\/602"}],"up":[{"embeddable":true,"href":"https:\/\/agora.xtec.cat\/ieja\/wp-json\/wp\/v2\/pages\/589"}],"wp:attachment":[{"href":"https:\/\/agora.xtec.cat\/ieja\/wp-json\/wp\/v2\/media?parent=596"}],"curies":[{"name":"wp","href":"https:\/\/api.w.org\/{rel}","templated":true}]}}