{"id":592,"date":"2020-09-27T19:48:13","date_gmt":"2020-09-27T17:48:13","guid":{"rendered":"https:\/\/agora.xtec.cat\/ieja\/?page_id=592"},"modified":"2021-03-23T06:56:21","modified_gmt":"2021-03-23T05:56:21","slug":"avancem","status":"publish","type":"page","link":"https:\/\/agora.xtec.cat\/ieja\/projectes\/avancem\/","title":{"rendered":"Avancem"},"content":{"rendered":"<p>Com a resposta a la diversitat ling\u00fc\u00edstica i cultura de l\u2019aula, l&#8217;Institut Escola Joan Ard\u00e8vol est\u00e0 adherit al Programa Avancem del Departament d\u2019Educaci\u00f3. La finalitat del programa Avancem \u00e9s refor\u00e7ar la compet\u00e8ncia pluriling\u00fce de l\u2019alumnat implementant un ensenyament de les lleng\u00fces competencial que incentivi i faciliti la col\u00b7laboraci\u00f3 i el treball coordinat entre els professors de llengua.<br \/>\nGr\u00e0cies a la implementaci\u00f3 d\u2019aquest programa, els nens i les nenes adquiriran estrat\u00e8gies d&#8217;intercomprensi\u00f3 i de transfer\u00e8ncia ling\u00fc\u00edstica. D\u2019aquesta manera, assoliran una comunicaci\u00f3 efectiva amb diverses lleng\u00fces i en diferents circumst\u00e0ncies i situacions, afavorint el seu creixement acad\u00e8mic. Aix\u00ed mateix, es fomentaran actituds de respecte cap a la diversitat i aprendran a relacionar-se de manera efectiva en un m\u00f3n global.<br \/>\nNo hem d\u2019oblidar que el domini de la compet\u00e8ncia comunicativa i ling\u00fc\u00edstica \u00e9s fonamental per desenvolupar tasques amb un alt component cognitiu i per activar l\u2019esperit cr\u00edtic, argumentar i explicar el coneixement als altres i fer-ho en diferents lleng\u00fces.<\/p>\n<p><a href=\"https:\/\/agora.xtec.cat\/ieja\/wp-content\/uploads\/usu2185\/2021\/03\/Avancem.jpg\" target=\"_blank\" rel=\"noopener noreferrer\"><img loading=\"lazy\" decoding=\"async\" class=\"wp-image-1279 alignnone\" src=\"https:\/\/agora.xtec.cat\/ieja\/wp-content\/uploads\/usu2185\/2021\/03\/Avancem-300x177.jpg\" alt=\"\" width=\"500\" height=\"295\" srcset=\"https:\/\/agora.xtec.cat\/ieja\/wp-content\/uploads\/usu2185\/2021\/03\/Avancem-300x177.jpg 300w, https:\/\/agora.xtec.cat\/ieja\/wp-content\/uploads\/usu2185\/2021\/03\/Avancem-768x453.jpg 768w, https:\/\/agora.xtec.cat\/ieja\/wp-content\/uploads\/usu2185\/2021\/03\/Avancem-1024x604.jpg 1024w, https:\/\/agora.xtec.cat\/ieja\/wp-content\/uploads\/usu2185\/2021\/03\/Avancem.jpg 1664w\" sizes=\"auto, (max-width: 500px) 100vw, 500px\" \/><\/a><\/p>\n<p style=\"box-sizing: border-box; margin: 0px 0px 1.25em; padding: 0px; direction: ltr; font-family: 'Open Sans', Arial, Helvetica, sans-serif; font-weight: 400; font-size: 16px; line-height: 1.6; text-rendering: optimizelegibility; color: #444444; font-style: normal; font-variant-ligatures: normal; font-variant-caps: normal; letter-spacing: normal; orphans: 2; text-align: start; text-indent: 0px; text-transform: none; white-space: normal; widows: 2; word-spacing: 0px; -webkit-text-stroke-width: 0px; background-color: #ffffff; text-decoration-style: initial; text-decoration-color: initial;\"><a href=\"https:\/\/projectes.xtec.cat\/avancem\/el-projecte\/\" target=\"_blank\" rel=\"noopener noreferrer\"><img loading=\"lazy\" decoding=\"async\" class=\"alignnone wp-image-593 size-full\" src=\"https:\/\/agora.xtec.cat\/ieja\/wp-content\/uploads\/usu2185\/2020\/09\/avancem-blanc1-1.png\" alt=\"\" width=\"187\" height=\"84\" \/><\/a><\/p>\n<p style=\"box-sizing: border-box; margin: 0px 0px 1.25em; padding: 0px; direction: ltr; font-family: 'Open Sans', Arial, Helvetica, sans-serif; font-weight: 400; font-size: 16px; line-height: 1.6; text-rendering: optimizelegibility; color: #444444; font-style: normal; font-variant-ligatures: normal; font-variant-caps: normal; letter-spacing: normal; orphans: 2; text-align: start; text-indent: 0px; text-transform: none; white-space: normal; widows: 2; word-spacing: 0px; -webkit-text-stroke-width: 0px; background-color: #ffffff; text-decoration-style: initial; text-decoration-color: initial;\">M\u00e9s informaci\u00f3 a la\u00a0<a href=\"https:\/\/projectes.xtec.cat\/avancem\/el-projecte\/\" target=\"_blank\" rel=\"noopener noreferrer\">web del Departament<\/a>.<\/p>\n","protected":false},"excerpt":{"rendered":"<p>Com a resposta a la diversitat ling\u00fc\u00edstica i cultura de l\u2019aula, l&#8217;Institut Escola Joan Ard\u00e8vol est\u00e0 adherit al Programa Avancem del Departament d\u2019Educaci\u00f3. La finalitat del programa Avancem \u00e9s refor\u00e7ar la compet\u00e8ncia pluriling\u00fce de l\u2019alumnat implementant un ensenyament de les lleng\u00fces competencial que incentivi i faciliti la col\u00b7laboraci\u00f3 i el treball coordinat entre els professors [&hellip;]<\/p>\n","protected":false},"author":1,"featured_media":0,"parent":589,"menu_order":0,"comment_status":"closed","ping_status":"closed","template":"page-templates\/side-menu.php","meta":{"_bbp_topic_count":0,"_bbp_reply_count":0,"_bbp_total_topic_count":0,"_bbp_total_reply_count":0,"_bbp_voice_count":0,"_bbp_anonymous_reply_count":0,"_bbp_topic_count_hidden":0,"_bbp_reply_count_hidden":0,"_bbp_forum_subforum_count":0,"site-sidebar-layout":"default","site-content-layout":"","ast-site-content-layout":"","site-content-style":"default","site-sidebar-style":"default","ast-global-header-display":"","ast-banner-title-visibility":"","ast-main-header-display":"","ast-hfb-above-header-display":"","ast-hfb-below-header-display":"","ast-hfb-mobile-header-display":"","site-post-title":"","ast-breadcrumbs-content":"","ast-featured-img":"","footer-sml-layout":"","theme-transparent-header-meta":"","adv-header-id-meta":"","stick-header-meta":"","header-above-stick-meta":"","header-main-stick-meta":"","header-below-stick-meta":"","astra-migrate-meta-layouts":"default","ast-page-background-enabled":"default","ast-page-background-meta":{"desktop":{"background-color":"var(--ast-global-color-4)","background-image":"","background-repeat":"repeat","background-position":"center center","background-size":"auto","background-attachment":"scroll","background-type":"","background-media":"","overlay-type":"","overlay-color":"","overlay-opacity":"","overlay-gradient":""},"tablet":{"background-color":"","background-image":"","background-repeat":"repeat","background-position":"center center","background-size":"auto","background-attachment":"scroll","background-type":"","background-media":"","overlay-type":"","overlay-color":"","overlay-opacity":"","overlay-gradient":""},"mobile":{"background-color":"","background-image":"","background-repeat":"repeat","background-position":"center center","background-size":"auto","background-attachment":"scroll","background-type":"","background-media":"","overlay-type":"","overlay-color":"","overlay-opacity":"","overlay-gradient":""}},"ast-content-background-meta":{"desktop":{"background-color":"var(--ast-global-color-5)","background-image":"","background-repeat":"repeat","background-position":"center center","background-size":"auto","background-attachment":"scroll","background-type":"","background-media":"","overlay-type":"","overlay-color":"","overlay-opacity":"","overlay-gradient":""},"tablet":{"background-color":"var(--ast-global-color-5)","background-image":"","background-repeat":"repeat","background-position":"center center","background-size":"auto","background-attachment":"scroll","background-type":"","background-media":"","overlay-type":"","overlay-color":"","overlay-opacity":"","overlay-gradient":""},"mobile":{"background-color":"var(--ast-global-color-5)","background-image":"","background-repeat":"repeat","background-position":"center center","background-size":"auto","background-attachment":"scroll","background-type":"","background-media":"","overlay-type":"","overlay-color":"","overlay-opacity":"","overlay-gradient":""}},"footnotes":""},"class_list":["post-592","page","type-page","status-publish","hentry"],"post_mailing_queue_ids":[],"_links":{"self":[{"href":"https:\/\/agora.xtec.cat\/ieja\/wp-json\/wp\/v2\/pages\/592","targetHints":{"allow":["GET"]}}],"collection":[{"href":"https:\/\/agora.xtec.cat\/ieja\/wp-json\/wp\/v2\/pages"}],"about":[{"href":"https:\/\/agora.xtec.cat\/ieja\/wp-json\/wp\/v2\/types\/page"}],"author":[{"embeddable":true,"href":"https:\/\/agora.xtec.cat\/ieja\/wp-json\/wp\/v2\/users\/1"}],"replies":[{"embeddable":true,"href":"https:\/\/agora.xtec.cat\/ieja\/wp-json\/wp\/v2\/comments?post=592"}],"version-history":[{"count":3,"href":"https:\/\/agora.xtec.cat\/ieja\/wp-json\/wp\/v2\/pages\/592\/revisions"}],"predecessor-version":[{"id":1280,"href":"https:\/\/agora.xtec.cat\/ieja\/wp-json\/wp\/v2\/pages\/592\/revisions\/1280"}],"up":[{"embeddable":true,"href":"https:\/\/agora.xtec.cat\/ieja\/wp-json\/wp\/v2\/pages\/589"}],"wp:attachment":[{"href":"https:\/\/agora.xtec.cat\/ieja\/wp-json\/wp\/v2\/media?parent=592"}],"curies":[{"name":"wp","href":"https:\/\/api.w.org\/{rel}","templated":true}]}}