{"id":55,"date":"2014-09-17T16:59:49","date_gmt":"2014-09-17T16:59:49","guid":{"rendered":"http:\/\/agora.xtec.cat\/ieja\/?page_id=55"},"modified":"2025-07-08T08:48:47","modified_gmt":"2025-07-08T06:48:47","slug":"horaris","status":"publish","type":"page","link":"https:\/\/agora.xtec.cat\/ieja\/linstitut\/horaris\/","title":{"rendered":"Horaris"},"content":{"rendered":"<p>L&#8217;Institut Escola ofereix un horari adequat a la situaci\u00f3 actual, complint la normativa i tots els requeriments establerts per l&#8217;administraci\u00f3 educativa, amb les seg\u00fcents caracter\u00edstiques:<\/p>\n<p><a href=\"https:\/\/agora.xtec.cat\/ieja\/wp-content\/uploads\/usu2185\/2024\/06\/Marc-Horari-24-25-web.jpg\" target=\"_blank\" rel=\"noopener\"><img loading=\"lazy\" decoding=\"async\" class=\"alignright wp-image-2938 size-medium\" src=\"https:\/\/agora.xtec.cat\/ieja\/wp-content\/uploads\/usu2185\/2022\/09\/MarcHorari22-23-1-300x270.jpg\" alt=\"\" width=\"300\" height=\"270\" srcset=\"https:\/\/agora.xtec.cat\/ieja\/wp-content\/uploads\/usu2185\/2022\/09\/MarcHorari22-23-1-300x270.jpg 300w, https:\/\/agora.xtec.cat\/ieja\/wp-content\/uploads\/usu2185\/2022\/09\/MarcHorari22-23-1.jpg 736w\" sizes=\"auto, (max-width: 300px) 100vw, 300px\" \/><\/a><\/p>\n<p><strong>Horari saludable<\/strong>:<br \/>\n&#8211; Avan\u00e7ar respecte anterior horari.<br \/>\n&#8211; Dinar abans.<br \/>\n&#8211; Tend\u00e8ncia europea.<br \/>\n&#8211; Secund\u00e0ria: acabar de dinar abans de les 14h.<br \/>\n<strong>Conciliaci\u00f3 familiar<\/strong>:<br \/>\n&#8211; Coincid\u00e8ncia entrades i sortides (mat\u00ed i tarda).<br \/>\n<strong>Coordinaci\u00f3 pedag\u00f2gica i atenci\u00f3 a l&#8217;alumnat:<\/strong><br \/>\n&#8211; Dimecres tarda no lectius: activitats alternatives per als alumnes i reunions de coordinaci\u00f3 per al personal docent.<\/p>\n<p>&nbsp;<\/p>\n<p><b>Educaci\u00f3 INFANTIL i PRIM\u00c0RIA<\/b>:<br \/>\nDilluns, dimarts, dijous i divendres:<br \/>\n&#8211; MAT\u00cd: 8:30 a 12:00<br \/>\n&#8211; TARDA: 14:30 a 16:00<br \/>\nDimecres:<br \/>\n&#8211; MAT\u00cd: 8:30 a 13:30<\/p>\n<p><b>Educaci\u00f3 SECUND\u00c0RIA<\/b>:<br \/>\nDilluns, dimarts, dijous i divendres<br \/>\n&#8211; MAT\u00cd:8:15h &#8211; 13h<br \/>\n&#8211; TARDA: 14:00h &#8211; 16:00h.<br \/>\nDimecres<br \/>\nMAT\u00cd: 8:15h &#8211; 13:45h.<\/p>\n","protected":false},"excerpt":{"rendered":"<p>L&#8217;Institut Escola ofereix un horari adequat a la situaci\u00f3 actual, complint la normativa i tots els requeriments establerts per l&#8217;administraci\u00f3 educativa, amb les seg\u00fcents caracter\u00edstiques: Horari saludable: &#8211; Avan\u00e7ar respecte anterior horari. &#8211; Dinar abans. &#8211; Tend\u00e8ncia europea. &#8211; Secund\u00e0ria: acabar de dinar abans de les 14h. Conciliaci\u00f3 familiar: &#8211; Coincid\u00e8ncia entrades i sortides (mat\u00ed [&hellip;]<\/p>\n","protected":false},"author":1,"featured_media":0,"parent":19,"menu_order":-800,"comment_status":"closed","ping_status":"closed","template":"page-templates\/side-menu.php","meta":{"_bbp_topic_count":0,"_bbp_reply_count":0,"_bbp_total_topic_count":0,"_bbp_total_reply_count":0,"_bbp_voice_count":0,"_bbp_anonymous_reply_count":0,"_bbp_topic_count_hidden":0,"_bbp_reply_count_hidden":0,"_bbp_forum_subforum_count":0,"site-sidebar-layout":"default","site-content-layout":"","ast-site-content-layout":"","site-content-style":"default","site-sidebar-style":"default","ast-global-header-display":"","ast-banner-title-visibility":"","ast-main-header-display":"","ast-hfb-above-header-display":"","ast-hfb-below-header-display":"","ast-hfb-mobile-header-display":"","site-post-title":"","ast-breadcrumbs-content":"","ast-featured-img":"","footer-sml-layout":"","theme-transparent-header-meta":"","adv-header-id-meta":"","stick-header-meta":"","header-above-stick-meta":"","header-main-stick-meta":"","header-below-stick-meta":"","astra-migrate-meta-layouts":"default","ast-page-background-enabled":"default","ast-page-background-meta":{"desktop":{"background-color":"var(--ast-global-color-4)","background-image":"","background-repeat":"repeat","background-position":"center center","background-size":"auto","background-attachment":"scroll","background-type":"","background-media":"","overlay-type":"","overlay-color":"","overlay-opacity":"","overlay-gradient":""},"tablet":{"background-color":"","background-image":"","background-repeat":"repeat","background-position":"center center","background-size":"auto","background-attachment":"scroll","background-type":"","background-media":"","overlay-type":"","overlay-color":"","overlay-opacity":"","overlay-gradient":""},"mobile":{"background-color":"","background-image":"","background-repeat":"repeat","background-position":"center center","background-size":"auto","background-attachment":"scroll","background-type":"","background-media":"","overlay-type":"","overlay-color":"","overlay-opacity":"","overlay-gradient":""}},"ast-content-background-meta":{"desktop":{"background-color":"var(--ast-global-color-5)","background-image":"","background-repeat":"repeat","background-position":"center center","background-size":"auto","background-attachment":"scroll","background-type":"","background-media":"","overlay-type":"","overlay-color":"","overlay-opacity":"","overlay-gradient":""},"tablet":{"background-color":"var(--ast-global-color-5)","background-image":"","background-repeat":"repeat","background-position":"center center","background-size":"auto","background-attachment":"scroll","background-type":"","background-media":"","overlay-type":"","overlay-color":"","overlay-opacity":"","overlay-gradient":""},"mobile":{"background-color":"var(--ast-global-color-5)","background-image":"","background-repeat":"repeat","background-position":"center center","background-size":"auto","background-attachment":"scroll","background-type":"","background-media":"","overlay-type":"","overlay-color":"","overlay-opacity":"","overlay-gradient":""}},"footnotes":""},"class_list":["post-55","page","type-page","status-publish","hentry"],"post_mailing_queue_ids":[],"_links":{"self":[{"href":"https:\/\/agora.xtec.cat\/ieja\/wp-json\/wp\/v2\/pages\/55","targetHints":{"allow":["GET"]}}],"collection":[{"href":"https:\/\/agora.xtec.cat\/ieja\/wp-json\/wp\/v2\/pages"}],"about":[{"href":"https:\/\/agora.xtec.cat\/ieja\/wp-json\/wp\/v2\/types\/page"}],"author":[{"embeddable":true,"href":"https:\/\/agora.xtec.cat\/ieja\/wp-json\/wp\/v2\/users\/1"}],"replies":[{"embeddable":true,"href":"https:\/\/agora.xtec.cat\/ieja\/wp-json\/wp\/v2\/comments?post=55"}],"version-history":[{"count":5,"href":"https:\/\/agora.xtec.cat\/ieja\/wp-json\/wp\/v2\/pages\/55\/revisions"}],"predecessor-version":[{"id":6235,"href":"https:\/\/agora.xtec.cat\/ieja\/wp-json\/wp\/v2\/pages\/55\/revisions\/6235"}],"up":[{"embeddable":true,"href":"https:\/\/agora.xtec.cat\/ieja\/wp-json\/wp\/v2\/pages\/19"}],"wp:attachment":[{"href":"https:\/\/agora.xtec.cat\/ieja\/wp-json\/wp\/v2\/media?parent=55"}],"curies":[{"name":"wp","href":"https:\/\/api.w.org\/{rel}","templated":true}]}}