{"id":538,"date":"2020-09-06T18:05:22","date_gmt":"2020-09-06T16:05:22","guid":{"rendered":"https:\/\/agora.xtec.cat\/ieja\/?page_id=538"},"modified":"2024-06-11T14:13:14","modified_gmt":"2024-06-11T12:13:14","slug":"afa","status":"publish","type":"page","link":"https:\/\/agora.xtec.cat\/ieja\/families\/afa\/","title":{"rendered":"AFA"},"content":{"rendered":"<p>L<strong>\u2019<\/strong>AFA <strong>(Associaci\u00f3 de Fam\u00edlies d\u2019Alumnes) <\/strong>\u00e9s una entitat sense afany de lucre formada per fam\u00edlies de l\u2019institut escola.<\/p>\n<p>El seu principal objectiu \u00e9s contribuir a la millora de la qualitat del sistema educatiu p\u00fablic i de les condicions d\u2019escolaritzaci\u00f3 dels nostres fills i filles. El seu funcionament es basa en el di\u00e0leg i en la col\u00b7laboraci\u00f3 amb els sectors implicats de la comunitat educativa.<\/p>\n<p>L\u2019AFA t\u00e9 dret a tenir representant amb veu i vot en el consell escolar. Aquesta participaci\u00f3, l\u2019hem d\u2019entendre sempre per a sumar esfor\u00e7os, per la via del consens, amb els altres sectors de la comunitat educativa, per\u00f2 mai per imposar la nostra voluntat.<\/p>\n<p>Com m\u00e9s socis i col\u00b7laboradors siguem, m\u00e9s representarem la globalitat de les fam\u00edlies de l\u2019institut escola.<\/p>\n<h3><u>Serveis que ofereix<\/u><\/h3>\n<ul>\n<li>Activitats extraescolars.<\/li>\n<li>Acollides (en funci\u00f3 de la inscripci\u00f3).<\/li>\n<li>Venta de roba esportiva de l\u2019institut escola i altres iniciatives que puguin sorgir, com per exemple, l\u2019 ampolla de l\u2019institut escola.<\/li>\n<li>Col\u00b7labora en festes i actes culturals de l\u2019institut escola, (la castanyada, el carnaval, Sant Jordi\u2026).<\/li>\n<li>Representa a les fam\u00edlies dins i fora de la Comunitat Educativa, canalitzant les iniciatives i suggeriments que se li aporten.<\/li>\n<li>Membre de l\u2019AFFAC, Consell Escolar de Centre i Municipal, membre de la Xarxa d\u2019AFA de Cambrils i del Baix Camp.<\/li>\n<\/ul>\n<h3><u>Atenci\u00f3 a les fam\u00edlies<\/u><\/h3>\n<p>Comunicaci\u00f3 a trav\u00e9s de:<\/p>\n<ul>\n<li><strong>Tel\u00e8fon i WhatsApp<\/strong>: 645.609.256<\/li>\n<li><strong>Correu electr\u00f2nic: <\/strong><a href=\"mailto:afajoanardevol@gmail.com\">afajoanardevol@gmail.com<\/a><\/li>\n<li>Registrant-se a MIAMPA (necessari per poder accedir als serveis oferts).<\/li>\n<li>Per web: <a href=\"https:\/\/afajoanardevol.miampa.com\/\" target=\"_blank\" rel=\"noopener\"><u>https:\/\/afajoanardevol.miampa.com\/<\/u><\/a><\/li>\n<li>O descarregant-vos l\u2019aplicaci\u00f3 al m\u00f2bil:<\/li>\n<\/ul>\n<table style=\"border-collapse: collapse; width: 100%;\">\n<tbody>\n<tr>\n<td style=\"width: 33.3333%;\">Per Android<\/td>\n<td style=\"width: 33.3333%;\">Per Apple<\/td>\n<\/tr>\n<tr>\n<td style=\"width: 33.3333%;\"><a href=\"https:\/\/agora.xtec.cat\/ieja\/wp-content\/uploads\/usu2185\/2022\/10\/qrMiAMPA-android.jpg\"><img loading=\"lazy\" decoding=\"async\" class=\"alignleft wp-image-3012 size-thumbnail\" src=\"https:\/\/agora.xtec.cat\/ieja\/wp-content\/uploads\/usu2185\/2022\/10\/qrMiAMPA-android-150x150.jpg\" alt=\"\" width=\"150\" height=\"150\" \/><\/a><\/td>\n<td style=\"width: 33.3333%;\"><a href=\"https:\/\/agora.xtec.cat\/ieja\/wp-content\/uploads\/usu2185\/2022\/10\/qrMiAMPA-apple.jpg\"><img loading=\"lazy\" decoding=\"async\" class=\"alignleft wp-image-3013 size-thumbnail\" src=\"https:\/\/agora.xtec.cat\/ieja\/wp-content\/uploads\/usu2185\/2022\/10\/qrMiAMPA-apple-150x150.jpg\" alt=\"\" width=\"150\" height=\"150\" \/><\/a><\/td>\n<\/tr>\n<\/tbody>\n<\/table>\n<ul>\n<li>Per atenci\u00f3 en persona al despatx caldr\u00e0 demanar cita pr\u00e8via a trav\u00e9s de les vies de comunicaci\u00f3 esmentades anteriorment.<\/li>\n<li>Tamb\u00e9 podeu seguir-nos al Facebook <a href=\"https:\/\/www.facebook.com\/profile.php?id=100077879393263\" target=\"_blank\" rel=\"noopener\"><u>https:\/<\/u>\/www.facebook.com\/AFA-Institut- <u>escola-Joan-Ardevol-112680887998203<\/u><\/a><\/li>\n<\/ul>\n<h3><u>D\u2019on provenen els ingressos de l\u2019AFA?<\/u><\/h3>\n<p>L\u2019AFA es finan\u00e7a amb:<\/p>\n<ul>\n<li>les quotes que paguen els seus socis.<\/li>\n<li>el marge de benefici que pugui haver en les activitats i vendes que realitza.<\/li>\n<li>alguna subvenci\u00f3 que es pugui obtenir.<\/li>\n<\/ul>\n<h3><u>Com podeu participar-hi?<\/u><\/h3>\n<ul>\n<li>Assistint als actes i reunions que es convoquen. Qualsevol mare o pare es pot presentar i participar en les reunions de l\u2019AFA cercar informaci\u00f3, donar la seva opini\u00f3 i presentar qualsevol proposta o iniciativa.<\/li>\n<li>Formant part de la Junta Directiva que escull democr\u00e0ticament l\u2019assemblea general.<\/li>\n<li>Participar en els grups de treball creats per la Junta Directiva de l\u2019AFA.<\/li>\n<\/ul>\n","protected":false},"excerpt":{"rendered":"<p>L\u2019AFA (Associaci\u00f3 de Fam\u00edlies d\u2019Alumnes) \u00e9s una entitat sense afany de lucre formada per fam\u00edlies de l\u2019institut escola. El seu principal objectiu \u00e9s contribuir a la millora de la qualitat del sistema educatiu p\u00fablic i de les condicions d\u2019escolaritzaci\u00f3 dels nostres fills i filles. El seu funcionament es basa en el di\u00e0leg i en la [&hellip;]<\/p>\n","protected":false},"author":1,"featured_media":0,"parent":692,"menu_order":0,"comment_status":"closed","ping_status":"closed","template":"page-templates\/side-menu.php","meta":{"_bbp_topic_count":0,"_bbp_reply_count":0,"_bbp_total_topic_count":0,"_bbp_total_reply_count":0,"_bbp_voice_count":0,"_bbp_anonymous_reply_count":0,"_bbp_topic_count_hidden":0,"_bbp_reply_count_hidden":0,"_bbp_forum_subforum_count":0,"site-sidebar-layout":"default","site-content-layout":"","ast-site-content-layout":"","site-content-style":"default","site-sidebar-style":"default","ast-global-header-display":"","ast-banner-title-visibility":"","ast-main-header-display":"","ast-hfb-above-header-display":"","ast-hfb-below-header-display":"","ast-hfb-mobile-header-display":"","site-post-title":"","ast-breadcrumbs-content":"","ast-featured-img":"","footer-sml-layout":"","theme-transparent-header-meta":"","adv-header-id-meta":"","stick-header-meta":"","header-above-stick-meta":"","header-main-stick-meta":"","header-below-stick-meta":"","astra-migrate-meta-layouts":"default","ast-page-background-enabled":"default","ast-page-background-meta":{"desktop":{"background-color":"var(--ast-global-color-4)","background-image":"","background-repeat":"repeat","background-position":"center center","background-size":"auto","background-attachment":"scroll","background-type":"","background-media":"","overlay-type":"","overlay-color":"","overlay-opacity":"","overlay-gradient":""},"tablet":{"background-color":"","background-image":"","background-repeat":"repeat","background-position":"center center","background-size":"auto","background-attachment":"scroll","background-type":"","background-media":"","overlay-type":"","overlay-color":"","overlay-opacity":"","overlay-gradient":""},"mobile":{"background-color":"","background-image":"","background-repeat":"repeat","background-position":"center center","background-size":"auto","background-attachment":"scroll","background-type":"","background-media":"","overlay-type":"","overlay-color":"","overlay-opacity":"","overlay-gradient":""}},"ast-content-background-meta":{"desktop":{"background-color":"var(--ast-global-color-5)","background-image":"","background-repeat":"repeat","background-position":"center center","background-size":"auto","background-attachment":"scroll","background-type":"","background-media":"","overlay-type":"","overlay-color":"","overlay-opacity":"","overlay-gradient":""},"tablet":{"background-color":"var(--ast-global-color-5)","background-image":"","background-repeat":"repeat","background-position":"center center","background-size":"auto","background-attachment":"scroll","background-type":"","background-media":"","overlay-type":"","overlay-color":"","overlay-opacity":"","overlay-gradient":""},"mobile":{"background-color":"var(--ast-global-color-5)","background-image":"","background-repeat":"repeat","background-position":"center center","background-size":"auto","background-attachment":"scroll","background-type":"","background-media":"","overlay-type":"","overlay-color":"","overlay-opacity":"","overlay-gradient":""}},"footnotes":""},"class_list":["post-538","page","type-page","status-publish","hentry"],"post_mailing_queue_ids":[],"_links":{"self":[{"href":"https:\/\/agora.xtec.cat\/ieja\/wp-json\/wp\/v2\/pages\/538","targetHints":{"allow":["GET"]}}],"collection":[{"href":"https:\/\/agora.xtec.cat\/ieja\/wp-json\/wp\/v2\/pages"}],"about":[{"href":"https:\/\/agora.xtec.cat\/ieja\/wp-json\/wp\/v2\/types\/page"}],"author":[{"embeddable":true,"href":"https:\/\/agora.xtec.cat\/ieja\/wp-json\/wp\/v2\/users\/1"}],"replies":[{"embeddable":true,"href":"https:\/\/agora.xtec.cat\/ieja\/wp-json\/wp\/v2\/comments?post=538"}],"version-history":[{"count":5,"href":"https:\/\/agora.xtec.cat\/ieja\/wp-json\/wp\/v2\/pages\/538\/revisions"}],"predecessor-version":[{"id":5180,"href":"https:\/\/agora.xtec.cat\/ieja\/wp-json\/wp\/v2\/pages\/538\/revisions\/5180"}],"up":[{"embeddable":true,"href":"https:\/\/agora.xtec.cat\/ieja\/wp-json\/wp\/v2\/pages\/692"}],"wp:attachment":[{"href":"https:\/\/agora.xtec.cat\/ieja\/wp-json\/wp\/v2\/media?parent=538"}],"curies":[{"name":"wp","href":"https:\/\/api.w.org\/{rel}","templated":true}]}}