{"id":502,"date":"2020-05-17T21:01:13","date_gmt":"2020-05-17T19:01:13","guid":{"rendered":"https:\/\/agora.xtec.cat\/ieja\/?page_id=502"},"modified":"2022-09-10T19:34:48","modified_gmt":"2022-09-10T17:34:48","slug":"informacio-general","status":"publish","type":"page","link":"https:\/\/agora.xtec.cat\/ieja\/linstitut\/informacio-general\/","title":{"rendered":"Informaci\u00f3 general"},"content":{"rendered":"<p><img loading=\"lazy\" decoding=\"async\" class=\" wp-image-1225 alignnone\" src=\"https:\/\/agora.xtec.cat\/ieja\/wp-content\/uploads\/usu2185\/2021\/03\/DepEdu-logo.png\" alt=\"\" width=\"357\" height=\"60\" srcset=\"https:\/\/agora.xtec.cat\/ieja\/wp-content\/uploads\/usu2185\/2021\/03\/DepEdu-logo.png 548w, https:\/\/agora.xtec.cat\/ieja\/wp-content\/uploads\/usu2185\/2021\/03\/DepEdu-logo-300x50.png 300w\" sizes=\"auto, (max-width: 357px) 100vw, 357px\" \/><\/p>\n<p>L\u2019Institut Escola Joan Ard\u00e8vol \u00e9s un centre de titularitat p\u00fablica que dep\u00e8n del Departament d\u2019Educaci\u00f3 de la Generalitat de Catalunya.<\/p>\n<p>Codi de centre: 43013130<\/p>\n<p>Institut Escola Joan Ard\u00e8vol<br \/>\nC\/ Joan Ard\u00e8vol, 1<br \/>\n43850 Cambrils<br \/>\nTel\u00e8fon: 977 360 640<\/p>\n<ul>\n<li>B\u00fastia General:\u00a0<a href=\"mailto:e3013130@xtec.cat\">e3013130@xtec.cat<\/a><\/li>\n<li>Direcci\u00f3:\u00a0<a href=\"mailto:direccio@joanardevol.org\">direccio@joanardevol.org<\/a><\/li>\n<li>Secretaria:\u00a0<a href=\"mailto:secretaria@joanardevol.org\">secretaria<span class=\"\">@joanardevol.org<\/span><\/a><\/li>\n<\/ul>\n<p>Horari de direcci\u00f3: A convenir, petici\u00f3 cita pr\u00e8via<br \/>\nHorari de secretaria: A convenir, petici\u00f3 cita pr\u00e8via<\/p>\n<p>AFA Correu electr\u00f2nic:\u00a0<a href=\"mailto:afajoanardevol@gmail.com\">afajoanardevol@gmail.com<\/a><\/p>\n","protected":false},"excerpt":{"rendered":"<p>L\u2019Institut Escola Joan Ard\u00e8vol \u00e9s un centre de titularitat p\u00fablica que dep\u00e8n del Departament d\u2019Educaci\u00f3 de la Generalitat de Catalunya. Codi de centre: 43013130 Institut Escola Joan Ard\u00e8vol C\/ Joan Ard\u00e8vol, 1 43850 Cambrils Tel\u00e8fon: 977 360 640 B\u00fastia General:\u00a0e3013130@xtec.cat Direcci\u00f3:\u00a0direccio@joanardevol.org Secretaria:\u00a0secretaria@joanardevol.org Horari de direcci\u00f3: A convenir, petici\u00f3 cita pr\u00e8via Horari de secretaria: A convenir, [&hellip;]<\/p>\n","protected":false},"author":1,"featured_media":0,"parent":19,"menu_order":-1000,"comment_status":"closed","ping_status":"closed","template":"page-templates\/side-menu.php","meta":{"_bbp_topic_count":0,"_bbp_reply_count":0,"_bbp_total_topic_count":0,"_bbp_total_reply_count":0,"_bbp_voice_count":0,"_bbp_anonymous_reply_count":0,"_bbp_topic_count_hidden":0,"_bbp_reply_count_hidden":0,"_bbp_forum_subforum_count":0,"site-sidebar-layout":"default","site-content-layout":"","ast-site-content-layout":"","site-content-style":"default","site-sidebar-style":"default","ast-global-header-display":"","ast-banner-title-visibility":"","ast-main-header-display":"","ast-hfb-above-header-display":"","ast-hfb-below-header-display":"","ast-hfb-mobile-header-display":"","site-post-title":"","ast-breadcrumbs-content":"","ast-featured-img":"","footer-sml-layout":"","theme-transparent-header-meta":"","adv-header-id-meta":"","stick-header-meta":"","header-above-stick-meta":"","header-main-stick-meta":"","header-below-stick-meta":"","astra-migrate-meta-layouts":"default","ast-page-background-enabled":"default","ast-page-background-meta":{"desktop":{"background-color":"var(--ast-global-color-4)","background-image":"","background-repeat":"repeat","background-position":"center center","background-size":"auto","background-attachment":"scroll","background-type":"","background-media":"","overlay-type":"","overlay-color":"","overlay-opacity":"","overlay-gradient":""},"tablet":{"background-color":"","background-image":"","background-repeat":"repeat","background-position":"center center","background-size":"auto","background-attachment":"scroll","background-type":"","background-media":"","overlay-type":"","overlay-color":"","overlay-opacity":"","overlay-gradient":""},"mobile":{"background-color":"","background-image":"","background-repeat":"repeat","background-position":"center center","background-size":"auto","background-attachment":"scroll","background-type":"","background-media":"","overlay-type":"","overlay-color":"","overlay-opacity":"","overlay-gradient":""}},"ast-content-background-meta":{"desktop":{"background-color":"var(--ast-global-color-5)","background-image":"","background-repeat":"repeat","background-position":"center center","background-size":"auto","background-attachment":"scroll","background-type":"","background-media":"","overlay-type":"","overlay-color":"","overlay-opacity":"","overlay-gradient":""},"tablet":{"background-color":"var(--ast-global-color-5)","background-image":"","background-repeat":"repeat","background-position":"center center","background-size":"auto","background-attachment":"scroll","background-type":"","background-media":"","overlay-type":"","overlay-color":"","overlay-opacity":"","overlay-gradient":""},"mobile":{"background-color":"var(--ast-global-color-5)","background-image":"","background-repeat":"repeat","background-position":"center center","background-size":"auto","background-attachment":"scroll","background-type":"","background-media":"","overlay-type":"","overlay-color":"","overlay-opacity":"","overlay-gradient":""}},"footnotes":""},"class_list":["post-502","page","type-page","status-publish","hentry"],"post_mailing_queue_ids":[],"_links":{"self":[{"href":"https:\/\/agora.xtec.cat\/ieja\/wp-json\/wp\/v2\/pages\/502","targetHints":{"allow":["GET"]}}],"collection":[{"href":"https:\/\/agora.xtec.cat\/ieja\/wp-json\/wp\/v2\/pages"}],"about":[{"href":"https:\/\/agora.xtec.cat\/ieja\/wp-json\/wp\/v2\/types\/page"}],"author":[{"embeddable":true,"href":"https:\/\/agora.xtec.cat\/ieja\/wp-json\/wp\/v2\/users\/1"}],"replies":[{"embeddable":true,"href":"https:\/\/agora.xtec.cat\/ieja\/wp-json\/wp\/v2\/comments?post=502"}],"version-history":[{"count":3,"href":"https:\/\/agora.xtec.cat\/ieja\/wp-json\/wp\/v2\/pages\/502\/revisions"}],"predecessor-version":[{"id":2942,"href":"https:\/\/agora.xtec.cat\/ieja\/wp-json\/wp\/v2\/pages\/502\/revisions\/2942"}],"up":[{"embeddable":true,"href":"https:\/\/agora.xtec.cat\/ieja\/wp-json\/wp\/v2\/pages\/19"}],"wp:attachment":[{"href":"https:\/\/agora.xtec.cat\/ieja\/wp-json\/wp\/v2\/media?parent=502"}],"curies":[{"name":"wp","href":"https:\/\/api.w.org\/{rel}","templated":true}]}}