{"id":49,"date":"2014-09-17T16:55:55","date_gmt":"2014-09-17T16:55:55","guid":{"rendered":"http:\/\/agora.xtec.cat\/ieja\/?page_id=49"},"modified":"2024-12-11T09:01:53","modified_gmt":"2024-12-11T08:01:53","slug":"normes-dorganitzacio-i-funcionament","status":"publish","type":"page","link":"https:\/\/agora.xtec.cat\/ieja\/projecte-educatiu\/normes-dorganitzacio-i-funcionament\/","title":{"rendered":"Normes i funcionament (NOFC)"},"content":{"rendered":"<p><strong>Extracte NOFC (Normes d\u2019Organitzaci\u00f3 i Funcionament de Centre)<br \/>\n<\/strong><\/p>\n<p>\u2014\u2014\u2014-<\/p>\n<p><strong>ASSIST\u00c8NCIA A CLASSE<\/strong><\/p>\n<p>L\u2019assist\u00e8ncia \u00e9s obligat\u00f2ria. Si un alumne ha de faltar a l\u00b4institut escola, arribar tard o ha de marxar abans\u00a0 de l\u00b4hora els pares han d\u00b4informar al tutor i a secretaria per escrit i venir-lo a recollir.<\/p>\n<p><strong>ENTRADES I SORTIDES<\/strong><\/p>\n<p>Les portes s\u2019obriran puntualment a l\u2019hora d\u2019entrar i sortir i es tancaran 5 minuts despr\u00e9s.<\/p>\n<p>Els alumnes que arribin tard caldr\u00e0 que entrin per la porta de secretaria. En cap cas podran interrompre el ritme de classes i, per tant, caldr\u00e0 que s\u2019esperin a la propera sessi\u00f3. Nom\u00e9s en casos degudament justificats s\u2019acceptar\u00e0 que un alumne entri a meitat de la sessi\u00f3 de classe.<\/p>\n<p>Hi haur\u00e0 un registre per als alumnes que arribin tard. Els tutors de cada grup notificaran, cada vegada, als pares, el retard dels alumnes. Si els retards s\u00f3n molt significatius des de l\u2019escola s\u2019informar\u00e0 a la comissi\u00f3 social d\u00b4absentisme.<\/p>\n<p>Els pares o les persones en qui deleguin s\u00f3n els responsables de recollir els seus fills a les hores de sortida. Els alumnes d\u2019Ed. Infantil s\u00f3n lliurats als pares a l\u2019aula corresponent. Els Alumnes de Cicle Inicial s\u00f3n lliurats als pares\u00a0 a la porta del pati. Els alumnes de Cicle Mitj\u00e0 i Cicle Superior s\u00f3n recollits per les fam\u00edlies a la zona d\u2019acc\u00e9s al centre.<\/p>\n<p>Si un alumne no pot ser recollit puntualment, cal que la fam\u00edlia ho notifiqui a l\u2019institut escola.<\/p>\n<p>En cas que un alumne no sigui recollit, i des de l\u2019institut escola no se\u2019n tingui cap notificaci\u00f3, el professor responsable de l\u2019alumne, fins que sigui recollit, ser\u00e0 el que l\u2019ha tingut a la darrera classe i ser\u00e0 l\u2019encarregat de posar-se en contacte amb la fam\u00edlia, a la qual es cobrar\u00e0 el cost de la trucada.<\/p>\n<p>En cas de no obtenir comunicaci\u00f3 amb la fam\u00edlia, al migdia es conduir\u00e0 l\u2019alumne al menjador i es carregar\u00e0 l\u2019import del menjar a la fam\u00edlia. Per la tarda, passats vint minuts despr\u00e9s de la finalitzaci\u00f3 de les classes, si no s\u2019aconsegueix cap comunicaci\u00f3 amb la fam\u00edlia, s\u2019avisar\u00e0 a la Policia Local qui se\u2019n far\u00e0 c\u00e0rrec i obrir\u00e0 les dilig\u00e8ncies oportunes.<\/p>\n<p>Hi haur\u00e0 un registre d\u2019aquelles fam\u00edlies que de forma habitual recullen els seus fills tard.<\/p>\n<p><strong>OBJECTES PERDUTS<\/strong><\/p>\n<p>Els objectes perduts es dipositaran a consergeria. Es podran recollir pels seus propietaris durant el mes en qu\u00e8 s\u2019han dipositat. Aquells objectes que no siguin recollits pels seus propietaris dins el mes despr\u00e9s d\u2019haver-se dipositat a objectes perduts seran donats a entitats ben\u00e8fiques.<\/p>\n<p>Totes les peces de roba s\u2019han de marcar amb el nom i cognoms complets.<\/p>\n<p><strong>EMERG\u00c8NCIES<\/strong><\/p>\n<p>L\u2019institut escola disposa d\u2019un Pla d\u2019Emerg\u00e8ncies que s\u2019actualitza cada any. Es pot consultar a la web de l\u2019institut escola o b\u00e9 a secretaria. Totes les persones treballadores en tenen una c\u00f2pia i s\u00f3n degudament informades un cop cada curs. Cada curs es realitza un m\u00ednim d\u2019un simulacre d\u2019evacuaci\u00f3 del centre per emerg\u00e8ncia per tal de comprovar-ne l\u2019efic\u00e0cia del Pla. A totes les depend\u00e8ncies del centre existeix un pl\u00e0nol de situaci\u00f3 que indica les vies principals i alternatives d\u2019evacuaci\u00f3.<\/p>\n<p><strong>ACTUALITZACI\u00d3 DE DADES<\/strong><\/p>\n<p>Quan es produeixi alguna variaci\u00f3 en les dades que es tenen a l\u2019institut escola: domicili, tel\u00e8fon, etc. Cal que la fam\u00edlia informi a secretaria.<\/p>\n<p><strong>MALALTIES I ACCIDENTS<\/strong><\/p>\n<p>Si durant el dia un alumne no es troba b\u00e9, s\u2019avisar\u00e0 a la fam\u00edlia per tal que el vingui a recollir. En cas d\u2019una malaltia infecciosa, l\u2019alumne no es podr\u00e0 reincorporar a l\u2019institut escola fins que es recuperi. Si es detecta l\u2019exist\u00e8ncia de par\u00e0sits (polls), s\u2019avisar\u00e0 a les fam\u00edlies per tal que prenguin les mesures oportunes per evitar el contagi.<\/p>\n<p>En cas d\u2019accident, si \u00e9s greu, es portar\u00e0\u00a0 l\u2019alumne al CAP i s\u2019avisar\u00e0 a la fam\u00edlia. Si no \u00e9s greu, s\u2019avisar\u00e0 a la fam\u00edlia per tal que el porti al metge i rebi l\u2019atenci\u00f3 necess\u00e0ria.<\/p>\n<p><strong>ADMINISTRACI\u00d3 DE MEDICAMENTS<\/strong><\/p>\n<p>Quan un alumne no es trobi b\u00e9, s\u2019ha de quedar a casa. En cas que el metge autoritzi l\u2019assist\u00e8ncia a l\u2019institut escola i \u00e9s imprescindible que a un alumne se li subministri un medicament dintre de l\u2019horari escolar, els pares en s\u00f3n els responsables. D\u2019altra banda, poden sol\u00b7licitar i autoritzar el subministrament al mestre tutor, d\u2019acord amb el model que existeix a secretaria, aportant la recepta m\u00e8dica.<\/p>\n<p><strong>EXCURSIONS I SORTIDES DEL CENTRE<br \/>\n<\/strong><\/p>\n<p>Les fam\u00edlies autoritzen cada excursi\u00f3 que es fa fora del municipi despr\u00e9s de rebre la informaci\u00f3 oportuna. Les sortides dins la localitat s\u00f3n autoritzades de forma conjunta a l\u2019inici de l\u2019escolaritzaci\u00f3. Totes elles formen part de la programaci\u00f3 pedag\u00f2gica de l\u2019escola i, per tant, s\u00f3n d\u2019assist\u00e8ncia obligat\u00f2ria. Nom\u00e9s es podr\u00e0 deixar d\u2019assistir-hi per algun motiu justificat.<\/p>\n<p>Per a les sortides, caldr\u00e0 portar la roba esportiva amb els colors de l\u2019institut escola.<\/p>\n<p><strong>AGENDA I DEURES<\/strong><\/p>\n<p>Les fam\u00edlies han de revisar di\u00e0riament l\u2019agenda i fer-ne el seguiment adequat per garantir que, cada dia, els alumnes estudien i fan els deures.<\/p>\n<p><strong>ENREGISTRAMENT D\u2019IMATGES<br \/>\n<\/strong><\/p>\n<p>At\u00e8s que el dret a la pr\u00f2pia imatge \u00e9s reconegut en l\u2019article 18.1 de la Constituci\u00f3 i regulat per la Llei org\u00e0nica 1\/1982, de 5 de maig, sobre el dret a l\u2019honor, a la intimitat personal i familiar i a la pr\u00f2pia imatge, la direcci\u00f3 de l\u2019institut escola demana autoritzaci\u00f3 per poder publicar fotografies i v\u00eddeos on apareguin els seus fills i filles i on siguin clarament identificables.<\/p>\n<p>No hi ha autoritzaci\u00f3 per fer un \u00fas diferent del merament informatiu de les activitats que es duen a terme. Aquesta autoritzaci\u00f3 no \u00e9s extensible a terceres persones. Les imatges que puguin captar els mateixos pares, mares o tutors legals en les activitats p\u00fabliques, festes, obres de teatre, etc. o a la mateixa p\u00e0gina web de l\u2019institut escola quedar\u00e0 reservada per al seu \u00fas privat.<\/p>\n<p>Les imatges preses en un acte p\u00fablic de l\u2019institut escola, sense \u00e0nim de lucre i formalment anunciat amb antelaci\u00f3, corresponen a l\u2019inter\u00e8s d\u2019informar de l\u2019acte i no de cap participant en particular. Si algun pare, mare o tutor considera que la privacitat del menor pot veure\u2019s compromesa ho pot comentar abans de l\u2019acte i hi t\u00e9 el dret de sol\u00b7licitar la retirada de qualsevol imatge publicada.<\/p>\n<p><strong>ALTRA NORMATIVA<\/strong><\/p>\n<p>No es permet que els alumnes usin tel\u00e8fon m\u00f2bil ni cap aparell electr\u00f2nic ni de captaci\u00f3 d\u2019imatges dins el recinte de l\u2019institut escola ni en el marc de les seves activitats. En cas que sigui detectat el seu \u00fas, es retindr\u00e0 l\u2019aparell i es portar\u00e0 a direcci\u00f3 fins que sigui recollit per la fam\u00edlia en el termini d\u2019una setmana. Es podr\u00e0 autoritzar l\u2019\u00fas d\u2019aparells de captaci\u00f3 i enregistrament d\u2019imatges i dades per a aquelles activitats que siguin expressament autoritzades pel professorat i que tinguin per finalitat la recollida de dades i informaci\u00f3.<\/p>\n<p>No es poden portar joguines. Tamb\u00e9 seran retingudes pel mestre tutor durant una setmana.<\/p>\n<p>Per a les classes d\u2019educaci\u00f3 f\u00edsica, \u00e9s obligatori l\u2019\u00fas de roba esportiva amb els colors de l\u2019institut escola.<\/p>\n<p><strong>En general, entre tots cal vetllar per un bon clima de conviv\u00e8ncia a l\u2019institut escola.<\/strong><\/p>\n<p>ENLLA\u00c7 AL DOCUMENT COMPLET I ACTUALITZAT:<\/p>\n<p><a href=\"https:\/\/docs.google.com\/document\/d\/1ID1ljh3pJmMRgQjCZy1B9SJxaoAnM5MJBT3F9nkgEn4\/edit?usp=drive_link\" target=\"_blank\" rel=\"noopener\"><img loading=\"lazy\" decoding=\"async\" class=\"alignleft wp-image-1166 size-thumbnail\" src=\"https:\/\/agora.xtec.cat\/ieja\/wp-content\/uploads\/usu2185\/2021\/02\/pdf_pixabay_1493877090501-150x150.jpg\" alt=\"\" width=\"150\" height=\"150\" \/><\/a><\/p>\n","protected":false},"excerpt":{"rendered":"<p>Extracte NOFC (Normes d\u2019Organitzaci\u00f3 i Funcionament de Centre) \u2014\u2014\u2014- ASSIST\u00c8NCIA A CLASSE L\u2019assist\u00e8ncia \u00e9s obligat\u00f2ria. Si un alumne ha de faltar a l\u00b4institut escola, arribar tard o ha de marxar abans\u00a0 de l\u00b4hora els pares han d\u00b4informar al tutor i a secretaria per escrit i venir-lo a recollir. ENTRADES I SORTIDES Les portes s\u2019obriran puntualment [&hellip;]<\/p>\n","protected":false},"author":1,"featured_media":0,"parent":57,"menu_order":60,"comment_status":"closed","ping_status":"closed","template":"page-templates\/side-menu.php","meta":{"_bbp_topic_count":0,"_bbp_reply_count":0,"_bbp_total_topic_count":0,"_bbp_total_reply_count":0,"_bbp_voice_count":0,"_bbp_anonymous_reply_count":0,"_bbp_topic_count_hidden":0,"_bbp_reply_count_hidden":0,"_bbp_forum_subforum_count":0,"site-sidebar-layout":"default","site-content-layout":"","ast-site-content-layout":"","site-content-style":"default","site-sidebar-style":"default","ast-global-header-display":"","ast-banner-title-visibility":"","ast-main-header-display":"","ast-hfb-above-header-display":"","ast-hfb-below-header-display":"","ast-hfb-mobile-header-display":"","site-post-title":"","ast-breadcrumbs-content":"","ast-featured-img":"","footer-sml-layout":"","theme-transparent-header-meta":"","adv-header-id-meta":"","stick-header-meta":"","header-above-stick-meta":"","header-main-stick-meta":"","header-below-stick-meta":"","astra-migrate-meta-layouts":"default","ast-page-background-enabled":"default","ast-page-background-meta":{"desktop":{"background-color":"var(--ast-global-color-4)","background-image":"","background-repeat":"repeat","background-position":"center center","background-size":"auto","background-attachment":"scroll","background-type":"","background-media":"","overlay-type":"","overlay-color":"","overlay-opacity":"","overlay-gradient":""},"tablet":{"background-color":"","background-image":"","background-repeat":"repeat","background-position":"center center","background-size":"auto","background-attachment":"scroll","background-type":"","background-media":"","overlay-type":"","overlay-color":"","overlay-opacity":"","overlay-gradient":""},"mobile":{"background-color":"","background-image":"","background-repeat":"repeat","background-position":"center center","background-size":"auto","background-attachment":"scroll","background-type":"","background-media":"","overlay-type":"","overlay-color":"","overlay-opacity":"","overlay-gradient":""}},"ast-content-background-meta":{"desktop":{"background-color":"var(--ast-global-color-5)","background-image":"","background-repeat":"repeat","background-position":"center center","background-size":"auto","background-attachment":"scroll","background-type":"","background-media":"","overlay-type":"","overlay-color":"","overlay-opacity":"","overlay-gradient":""},"tablet":{"background-color":"var(--ast-global-color-5)","background-image":"","background-repeat":"repeat","background-position":"center center","background-size":"auto","background-attachment":"scroll","background-type":"","background-media":"","overlay-type":"","overlay-color":"","overlay-opacity":"","overlay-gradient":""},"mobile":{"background-color":"var(--ast-global-color-5)","background-image":"","background-repeat":"repeat","background-position":"center center","background-size":"auto","background-attachment":"scroll","background-type":"","background-media":"","overlay-type":"","overlay-color":"","overlay-opacity":"","overlay-gradient":""}},"footnotes":""},"class_list":["post-49","page","type-page","status-publish","hentry"],"post_mailing_queue_ids":[],"_links":{"self":[{"href":"https:\/\/agora.xtec.cat\/ieja\/wp-json\/wp\/v2\/pages\/49","targetHints":{"allow":["GET"]}}],"collection":[{"href":"https:\/\/agora.xtec.cat\/ieja\/wp-json\/wp\/v2\/pages"}],"about":[{"href":"https:\/\/agora.xtec.cat\/ieja\/wp-json\/wp\/v2\/types\/page"}],"author":[{"embeddable":true,"href":"https:\/\/agora.xtec.cat\/ieja\/wp-json\/wp\/v2\/users\/1"}],"replies":[{"embeddable":true,"href":"https:\/\/agora.xtec.cat\/ieja\/wp-json\/wp\/v2\/comments?post=49"}],"version-history":[{"count":7,"href":"https:\/\/agora.xtec.cat\/ieja\/wp-json\/wp\/v2\/pages\/49\/revisions"}],"predecessor-version":[{"id":5435,"href":"https:\/\/agora.xtec.cat\/ieja\/wp-json\/wp\/v2\/pages\/49\/revisions\/5435"}],"up":[{"embeddable":true,"href":"https:\/\/agora.xtec.cat\/ieja\/wp-json\/wp\/v2\/pages\/57"}],"wp:attachment":[{"href":"https:\/\/agora.xtec.cat\/ieja\/wp-json\/wp\/v2\/media?parent=49"}],"curies":[{"name":"wp","href":"https:\/\/api.w.org\/{rel}","templated":true}]}}