{"id":43,"date":"2024-09-01T16:45:07","date_gmt":"2024-09-01T14:45:07","guid":{"rendered":"http:\/\/agora.xtec.cat\/ieja\/?page_id=43"},"modified":"2026-02-26T09:25:02","modified_gmt":"2026-02-26T08:25:02","slug":"consell-escolar","status":"publish","type":"page","link":"https:\/\/agora.xtec.cat\/ieja\/linstitut\/consell-escolar\/","title":{"rendered":"Professionals del centre i Consell escolar"},"content":{"rendered":"<p><strong>EQUIP DIRECTIU<br \/>\n<\/strong><\/p>\n<p><b>Director<\/b><span style=\"font-weight: 400;\">: Enric M<\/span><\/p>\n<p><b>Cap d\u2019Estudis<\/b><span style=\"font-weight: 400;\">: Carme V<\/span><\/p>\n<p><b>Cap d&#8217;Estudis<\/b><span style=\"font-weight: 400;\">: David A<\/span><\/p>\n<p><b>Coordinadora Pedag\u00f2gica<\/b><span style=\"font-weight: 400;\">: Paloma C<\/span><\/p>\n<p><b>Coordinadora Pedag\u00f2gica<\/b><span style=\"font-weight: 400;\">: Cl\u00e0udia S<\/span><\/p>\n<p><b>Secret\u00e0ria<\/b><span style=\"font-weight: 400;\">: Carme G<\/span><\/p>\n<p>&nbsp;<\/p>\n<p><strong>EQUIP DOCENT<\/strong><\/p>\n<table style=\"width: 68.2993%; border-style: hidden;\" border=\"0\" cellspacing=\"0\" cellpadding=\"0\">\n<tbody>\n<tr style=\"height: 33px;\">\n<td style=\"width: 20.4656%; height: 33px;\" valign=\"top\" width=\"140\"><strong>INF I3A<\/strong><\/td>\n<td style=\"width: 26.0883%; height: 33px;\" valign=\"top\" width=\"151\">Mireia G<\/td>\n<td style=\"width: 6.75114%; height: 33px;\" valign=\"top\" width=\"100\"><\/td>\n<td style=\"width: 24.772%;\" valign=\"top\" width=\"51\"><strong>ESO 1A<\/strong><\/td>\n<td style=\"width: 33.3544%;\" valign=\"top\" width=\"210\">Clara A (GE)<\/td>\n<\/tr>\n<tr style=\"height: 33px;\">\n<td style=\"width: 20.4656%; height: 33px;\" valign=\"top\" width=\"140\"><strong>INF I3B<\/strong><\/td>\n<td style=\"width: 26.0883%; height: 33px;\" valign=\"top\" width=\"151\">M\u00f2nica C<\/td>\n<td style=\"width: 6.75114%; height: 33px;\" valign=\"top\" width=\"100\"><\/td>\n<td style=\"width: 24.772%;\" valign=\"top\" width=\"51\"><strong>ESO 1B<\/strong><\/td>\n<td style=\"width: 33.3544%;\" valign=\"top\" width=\"210\">Marta Ll (LC)<\/td>\n<\/tr>\n<tr style=\"height: 33px;\">\n<td style=\"width: 20.4656%; height: 33px;\" valign=\"top\" width=\"140\"><strong>INF I4A<\/strong><\/td>\n<td style=\"width: 26.0883%; height: 33px;\" valign=\"top\" width=\"151\">Montse G<\/td>\n<td style=\"width: 6.75114%; height: 33px;\" valign=\"top\" width=\"100\"><\/td>\n<td style=\"width: 24.772%;\" valign=\"top\" width=\"51\"><strong>ESO 2A<\/strong><\/td>\n<td style=\"width: 33.3544%;\" valign=\"top\" width=\"210\">Otger E (EF)<\/td>\n<\/tr>\n<tr style=\"height: 33px;\">\n<td style=\"width: 20.4656%; height: 33px;\" valign=\"top\" width=\"140\"><strong>INF I4B<\/strong><\/td>\n<td style=\"width: 26.0883%; height: 33px;\" valign=\"top\" width=\"151\">Mireia F<\/td>\n<td style=\"width: 6.75114%; height: 33px;\" valign=\"top\" width=\"100\"><\/td>\n<td style=\"width: 24.772%;\" valign=\"top\" width=\"51\"><strong>ESO 2B<\/strong><\/td>\n<td style=\"width: 33.3544%;\" valign=\"top\" width=\"210\">Josep L (TEC)<\/td>\n<\/tr>\n<tr style=\"height: 33px;\">\n<td style=\"width: 20.4656%; height: 33px;\" valign=\"top\" width=\"140\"><strong>INF I5A<\/strong><\/td>\n<td style=\"width: 26.0883%; height: 33px;\" valign=\"top\" width=\"151\">Espe S<\/td>\n<td style=\"width: 6.75114%; height: 33px;\" valign=\"top\" width=\"100\"><\/td>\n<td style=\"width: 24.772%;\" valign=\"top\" width=\"151\"><strong>ESO 3A<\/strong><\/td>\n<td style=\"width: 33.3544%;\" valign=\"top\" width=\"210\">Nacho Ll (GE)<\/td>\n<\/tr>\n<tr style=\"height: 33px;\">\n<td style=\"width: 20.4656%; height: 33px;\" valign=\"top\" width=\"140\"><strong>INF I5B<br \/>\n<\/strong><\/td>\n<td style=\"width: 26.0883%; height: 33px;\" valign=\"top\" width=\"151\">Txus G<\/td>\n<td style=\"width: 6.75114%; height: 33px;\" valign=\"top\" width=\"100\"><\/td>\n<td style=\"width: 24.772%;\" valign=\"top\" width=\"51\"><strong>ESO 3B<br \/>\n<\/strong><\/td>\n<td style=\"width: 33.3544%;\" valign=\"top\" width=\"210\">Al\u00edcia S (CN)<\/td>\n<\/tr>\n<tr style=\"height: 33px;\">\n<td style=\"width: 20.4656%; height: 33px;\" valign=\"top\" width=\"51\"><strong>PRI 1A<\/strong><\/td>\n<td style=\"width: 26.0883%; height: 33px;\" valign=\"top\" width=\"210\">Loida G<\/td>\n<td style=\"width: 6.75114%; height: 33px;\" valign=\"top\" width=\"100\"><\/td>\n<td style=\"width: 24.772%;\" valign=\"top\" width=\"151\"><strong>ESO 4A<\/strong><\/td>\n<td style=\"width: 33.3544%;\" valign=\"top\" width=\"210\">Eduard F (AN)<\/td>\n<\/tr>\n<tr style=\"height: 33px;\">\n<td style=\"width: 20.4656%; height: 33px;\" valign=\"top\" width=\"51\"><strong>PRI 1B<\/strong><\/td>\n<td style=\"width: 26.0883%; height: 33px;\" valign=\"top\" width=\"210\">J\u00falia B<\/td>\n<td style=\"width: 6.75114%; height: 33px;\" valign=\"top\" width=\"100\"><\/td>\n<td style=\"width: 24.772%;\" valign=\"top\" width=\"51\"><strong>ESO 4B<br \/>\n<\/strong><\/td>\n<td style=\"width: 33.3544%;\" valign=\"top\" width=\"210\">Aleix R (LC)<\/td>\n<\/tr>\n<tr style=\"height: 33px;\">\n<td style=\"width: 20.4656%; height: 33px;\" valign=\"top\" width=\"51\"><strong>PRI 2A<\/strong><\/td>\n<td style=\"width: 26.0883%; height: 33px;\" valign=\"top\" width=\"210\">Laura O<\/td>\n<td style=\"width: 6.75114%; height: 33px;\" valign=\"top\" width=\"100\"><\/td>\n<td style=\"width: 24.772%;\" valign=\"top\" width=\"51\"><strong>Angl\u00e8s<\/strong><\/td>\n<td style=\"width: 33.3544%;\" valign=\"top\" width=\"210\">Maria Jose M<\/td>\n<\/tr>\n<tr style=\"height: 33px;\">\n<td style=\"width: 20.4656%; height: 33px;\" valign=\"top\" width=\"51\"><strong>PRI 2B<\/strong><\/td>\n<td style=\"width: 26.0883%; height: 33px;\" valign=\"top\" width=\"210\">Carlota G<\/td>\n<td style=\"width: 6.75114%; height: 33px;\" valign=\"top\" width=\"100\"><\/td>\n<td style=\"width: 24.772%;\" valign=\"top\" width=\"51\"><strong>Angl\u00e8s<\/strong><\/td>\n<td style=\"width: 33.3544%;\" valign=\"top\" width=\"210\">N\u00faria F<\/td>\n<\/tr>\n<tr style=\"height: 33px;\">\n<td style=\"width: 20.4656%; height: 33px;\" valign=\"top\" width=\"51\"><strong>PRI 3A<\/strong><\/td>\n<td style=\"width: 26.0883%; height: 33px;\" valign=\"top\" width=\"210\">Xavi F<\/td>\n<td style=\"width: 6.75114%; height: 33px;\" valign=\"top\" width=\"100\"><\/td>\n<td style=\"width: 24.772%;\"><strong>Alemany<\/strong><\/td>\n<td style=\"width: 33.3544%;\">Geda G<\/td>\n<\/tr>\n<tr style=\"height: 33px;\">\n<td style=\"width: 20.4656%; height: 33px;\" valign=\"top\" width=\"51\"><strong>PRI 3B<\/strong><\/td>\n<td style=\"width: 26.0883%; height: 33px;\" valign=\"top\" width=\"210\">Elisabeth L<\/td>\n<td style=\"width: 6.75114%; height: 33px;\" valign=\"top\" width=\"100\"><\/td>\n<td style=\"width: 24.772%;\"><strong>Llengua Castellana<\/strong><\/td>\n<td style=\"width: 33.3544%;\">Consol P<\/td>\n<\/tr>\n<tr>\n<td style=\"width: 20.4656%;\" valign=\"top\" width=\"51\"><strong>PRI 4A<\/strong><\/td>\n<td style=\"width: 26.0883%;\" valign=\"top\" width=\"210\">Bea E<\/td>\n<td style=\"width: 6.75114%; height: 33px;\" valign=\"top\" width=\"100\"><\/td>\n<td style=\"width: 24.772%;\"><strong>Llengua Castellana<\/strong><\/td>\n<td style=\"width: 33.3544%;\">Filomena D<\/td>\n<\/tr>\n<tr>\n<td style=\"width: 20.4656%;\" valign=\"top\" width=\"51\"><strong>PRI 4B<\/strong><\/td>\n<td style=\"width: 26.0883%;\" valign=\"top\" width=\"210\">Rosa P<\/td>\n<td style=\"width: 6.75114%; height: 33px;\" valign=\"top\" width=\"100\"><\/td>\n<td style=\"width: 24.772%;\"><strong>Tecnologia<\/strong><\/td>\n<td style=\"width: 33.3544%;\">Jose N<\/td>\n<\/tr>\n<tr>\n<td style=\"width: 20.4656%;\" valign=\"top\" width=\"51\"><strong>PRI 5A<\/strong><\/td>\n<td style=\"width: 26.0883%;\" valign=\"top\" width=\"210\">Anna A<\/td>\n<td style=\"width: 6.75114%; height: 33px;\" valign=\"top\" width=\"100\"><\/td>\n<td style=\"width: 24.772%;\"><strong>Tecnologia<\/strong><\/td>\n<td style=\"width: 33.3544%;\">David A<\/td>\n<\/tr>\n<tr>\n<td style=\"width: 20.4656%;\" valign=\"top\" width=\"51\"><strong>PRI 5B<\/strong><\/td>\n<td style=\"width: 26.0883%;\" valign=\"top\" width=\"210\">N\u00faria G<\/td>\n<td style=\"width: 6.75114%; height: 33px;\" valign=\"top\" width=\"100\"><\/td>\n<td style=\"width: 24.772%;\"><strong>Matem\u00e0tiques<\/strong><\/td>\n<td style=\"width: 33.3544%;\">Rita O<\/td>\n<\/tr>\n<tr>\n<td style=\"width: 20.4656%;\" valign=\"top\" width=\"51\"><strong>PRI 6A<\/strong><\/td>\n<td style=\"width: 26.0883%;\" valign=\"top\" width=\"210\">Luc\u00eda Ll<\/td>\n<td style=\"width: 6.75114%; height: 33px;\" valign=\"top\" width=\"100\"><\/td>\n<td style=\"width: 24.772%;\"><strong>Matem\u00e0tiques<\/strong><\/td>\n<td style=\"width: 33.3544%;\">Andreu A<\/td>\n<\/tr>\n<tr>\n<td style=\"width: 20.4656%;\" valign=\"top\" width=\"140\"><strong>Suport infantil<\/strong><\/td>\n<td style=\"width: 26.0883%;\" valign=\"top\" width=\"151\">Albert B<\/td>\n<td style=\"width: 6.75114%; height: 33px;\"><\/td>\n<td style=\"width: 24.772%;\"><strong>Matem\u00e0tiques<\/strong><\/td>\n<td style=\"width: 33.3544%;\">Robert B<\/td>\n<\/tr>\n<tr>\n<td style=\"width: 20.4656%;\" valign=\"top\" width=\"140\"><strong>Suport infantil<\/strong><\/td>\n<td style=\"width: 26.0883%;\" valign=\"top\" width=\"151\">S\u00edlvia C<\/td>\n<td style=\"width: 6.75114%; height: 33px;\"><\/td>\n<td style=\"width: 24.772%;\"><strong>M\u00fasica<\/strong><\/td>\n<td style=\"width: 33.3544%;\">Andrea Ch<\/td>\n<\/tr>\n<tr>\n<td style=\"width: 20.4656%;\" valign=\"top\" width=\"140\"><strong>Suport infantil<\/strong><\/td>\n<td style=\"width: 26.0883%;\" valign=\"top\" width=\"151\">M\u00f2nica R<\/td>\n<td style=\"width: 6.75114%; height: 33px;\"><\/td>\n<td style=\"width: 24.772%;\"><strong>M\u00fasica<\/strong><\/td>\n<td style=\"width: 33.3544%;\">Dom\u00e8nech B<\/td>\n<\/tr>\n<tr>\n<td style=\"width: 20.4656%;\" valign=\"top\" width=\"140\"><strong>Angl\u00e8s<\/strong><\/td>\n<td style=\"width: 26.0883%;\" valign=\"top\" width=\"151\">Laura C<\/td>\n<td style=\"width: 6.75114%; height: 33px;\"><\/td>\n<td style=\"width: 24.772%;\"><strong>Ci\u00e8ncies Naturals<\/strong><\/td>\n<td style=\"width: 33.3544%;\">Cristina B<\/td>\n<\/tr>\n<tr>\n<td style=\"width: 20.4656%;\" valign=\"top\" width=\"140\"><strong>Angl\u00e8s <\/strong><\/td>\n<td style=\"width: 26.0883%;\" valign=\"top\" width=\"151\">N\u00faria C<\/td>\n<td style=\"width: 6.75114%; height: 33px;\"><\/td>\n<td style=\"width: 24.772%;\"><strong>Ci\u00e8ncies Naturals<\/strong><\/td>\n<td style=\"width: 33.3544%;\">Adri\u00e0 C<\/td>\n<\/tr>\n<tr>\n<td style=\"width: 20.4656%;\" valign=\"top\" width=\"140\"><strong>Angl\u00e8s<\/strong><\/td>\n<td style=\"width: 26.0883%;\" valign=\"top\" width=\"151\">Mique A d T<\/td>\n<td style=\"width: 6.75114%; height: 33px;\"><\/td>\n<td style=\"width: 24.772%;\"><strong>F\u00edsica i Qu\u00edmica<\/strong><\/td>\n<td style=\"width: 33.3544%;\">Anna d M<\/td>\n<\/tr>\n<tr>\n<td style=\"width: 20.4656%;\" valign=\"top\" width=\"140\"><strong>Acollida<\/strong><\/td>\n<td style=\"width: 26.0883%;\" valign=\"top\" width=\"151\">Carmen G<\/td>\n<td style=\"width: 6.75114%; height: 33px;\"><\/td>\n<td style=\"width: 24.772%;\"><strong>Dibuix<\/strong><\/td>\n<td style=\"width: 33.3544%;\">Anna R<\/td>\n<\/tr>\n<tr>\n<td style=\"width: 20.4656%;\" valign=\"top\" width=\"140\"><strong>EF<\/strong><\/td>\n<td style=\"width: 26.0883%;\" valign=\"top\" width=\"151\">J\u00falia C<\/td>\n<td style=\"width: 6.75114%; height: 33px;\"><\/td>\n<td style=\"width: 24.772%;\"><strong>Psicopedagogia<\/strong><\/td>\n<td style=\"width: 33.3544%;\">S\u00f2nia S<\/td>\n<\/tr>\n<tr>\n<td style=\"width: 20.4656%;\" valign=\"top\" width=\"140\"><strong>EF<\/strong><\/td>\n<td style=\"width: 26.0883%;\" valign=\"top\" width=\"151\">Ferran M<\/td>\n<td style=\"width: 6.75114%; height: 33px;\"><\/td>\n<td style=\"width: 24.772%;\"><strong>Psicopedagogia<\/strong><\/td>\n<td style=\"width: 33.3544%;\">Paloma C<\/td>\n<\/tr>\n<tr>\n<td style=\"width: 20.4656%;\" valign=\"top\" width=\"140\"><strong>Suport<\/strong><\/td>\n<td style=\"width: 26.0883%;\" valign=\"top\" width=\"151\">Enric M<\/td>\n<td style=\"width: 6.75114%; height: 33px;\"><\/td>\n<td style=\"width: 24.772%;\"><strong>Psicopedagogia<\/strong><\/td>\n<td style=\"width: 33.3544%;\">Carme G<\/td>\n<\/tr>\n<tr>\n<td style=\"width: 20.4656%;\" valign=\"top\" width=\"140\"><strong>Suport<\/strong><\/td>\n<td style=\"width: 26.0883%;\" valign=\"top\" width=\"151\">Carme V<\/td>\n<td style=\"width: 6.75114%; height: 33px;\"><\/td>\n<td style=\"width: 24.772%;\"><strong> Educaci\u00f3 F\u00edsica<\/strong><\/td>\n<td style=\"width: 33.3544%;\">Ricky R<\/td>\n<\/tr>\n<tr>\n<td style=\"width: 20.4656%;\" valign=\"top\" width=\"140\"><strong>M\u00fasica<\/strong><\/td>\n<td style=\"width: 26.0883%;\" valign=\"top\" width=\"151\">Mireia S<\/td>\n<td style=\"width: 6.75114%; height: 33px;\"><\/td>\n<td style=\"width: 24.772%;\" valign=\"top\" width=\"140\"><strong>Vetlladora<\/strong><\/td>\n<td style=\"width: 33.3544%;\" valign=\"top\" width=\"151\">Susana V<\/td>\n<\/tr>\n<tr>\n<td style=\"width: 20.4656%;\" valign=\"top\" width=\"140\"><strong>Religi\u00f3<\/strong><\/td>\n<td style=\"width: 26.0883%;\" valign=\"top\" width=\"151\">Basili R<\/td>\n<td style=\"width: 6.75114%; height: 33px;\"><\/td>\n<td style=\"width: 24.772%;\"><strong>Vetlladora<\/strong><\/td>\n<td style=\"width: 33.3544%;\">\u00a0Martina B<\/td>\n<\/tr>\n<tr>\n<td style=\"width: 20.4656%;\" valign=\"top\" width=\"140\"><strong>Ed. Especial<\/strong><\/td>\n<td style=\"width: 26.0883%;\" valign=\"top\" width=\"151\">Elisa M<\/td>\n<td style=\"width: 6.75114%;\"><\/td>\n<td style=\"width: 24.772%;\"><strong>Vetlladora salut<\/strong><\/td>\n<td style=\"width: 33.3544%;\">Sofia d V<\/td>\n<\/tr>\n<tr>\n<td style=\"width: 20.4656%;\"><strong>Ed. Especial<\/strong><\/td>\n<td style=\"width: 26.0883%;\">Montse G<\/td>\n<td style=\"width: 6.75114%; height: 33px;\"><\/td>\n<td style=\"width: 24.772%;\"><strong>Vetlladora menjador<\/strong><\/td>\n<td style=\"width: 33.3544%;\">\u00a0Marta Ll<\/td>\n<\/tr>\n<tr>\n<td style=\"width: 20.4656%;\" valign=\"top\" width=\"140\"><strong>Ed. Especial<br \/>\n<\/strong><\/td>\n<td style=\"width: 26.0883%;\" valign=\"top\" width=\"151\">Ivan S<\/td>\n<td style=\"width: 6.75114%; height: 33px;\"><\/td>\n<td style=\"width: 24.772%;\"><strong>Psic\u00f2loga EAP<\/strong><\/td>\n<td style=\"width: 33.3544%;\">Nerea d C<\/td>\n<\/tr>\n<tr>\n<td style=\"width: 20.4656%;\" valign=\"top\" width=\"140\"><strong>TEI<\/strong><\/td>\n<td style=\"width: 26.0883%;\" valign=\"top\" width=\"151\">Carol A<\/td>\n<td style=\"width: 6.75114%; height: 33px;\"><\/td>\n<td style=\"width: 24.772%;\"><strong>Treb. Social EAP<\/strong><\/td>\n<td style=\"width: 33.3544%;\">Alba P<\/td>\n<\/tr>\n<tr>\n<td style=\"width: 20.4656%;\" valign=\"top\" width=\"140\"><strong>Educador Social<\/strong><\/td>\n<td style=\"width: 26.0883%;\" valign=\"top\" width=\"151\">\u00a0Enric C<\/td>\n<td style=\"width: 6.75114%; height: 33px;\"><\/td>\n<td style=\"width: 24.772%;\"><strong>Logopeda<\/strong><\/td>\n<td style=\"width: 33.3544%;\">Clara F<\/td>\n<\/tr>\n<tr>\n<td style=\"width: 20.4656%;\" valign=\"top\" width=\"140\"><\/td>\n<td style=\"width: 26.0883%;\" valign=\"top\" width=\"151\"><\/td>\n<td style=\"width: 6.75114%;\"><\/td>\n<td style=\"width: 24.772%;\"><\/td>\n<td style=\"width: 33.3544%;\"><\/td>\n<\/tr>\n<\/tbody>\n<\/table>\n<p>&nbsp;<\/p>\n<p><strong>Administrativa<\/strong>: Paqui L i Rosario d l T<br \/>\n<strong>Suport PAS<\/strong>: Montse C<br \/>\n<strong>Conserges<\/strong>:\u00a0\u00a0 Jaume M i Xavi F<br \/>\n<strong>Coordinadora de menjador<\/strong>: Loli J<br \/>\n<strong>Cuinera<\/strong>: S\u00edlvia V.<\/p>\n<p>&nbsp;<\/p>\n<p><strong>CONSELL ESCOLAR<br \/>\n<\/strong><\/p>\n<table style=\"width: 34.1036%; height: 297px;\" border=\"0\" cellspacing=\"0\" cellpadding=\"0\">\n<tbody>\n<tr style=\"height: 33px;\">\n<td style=\"width: 17.4367%; height: 33px;\" valign=\"top\"><strong>Director<\/strong><\/td>\n<td style=\"width: 9.48372%; height: 33px;\" valign=\"top\">Enric M<\/td>\n<\/tr>\n<tr style=\"height: 33px;\">\n<td style=\"width: 17.4367%; height: 33px;\" valign=\"top\"><strong>Cap d\u2019Estudis<\/strong><\/td>\n<td style=\"width: 9.48372%; height: 33px;\" valign=\"top\">Carme V<\/td>\n<\/tr>\n<tr>\n<td style=\"width: 17.4367%;\"><strong>Cap d&#8217;Estudis Adjunt<br \/>\n<\/strong><\/td>\n<td style=\"width: 9.48372%;\">David A<\/td>\n<\/tr>\n<tr>\n<td style=\"width: 17.4367%;\"><strong>Coordinador Pedag\u00f2gic<br \/>\n<\/strong><\/td>\n<td style=\"width: 9.48372%;\">Paloma C<\/td>\n<\/tr>\n<tr>\n<td style=\"width: 17.4367%;\"><strong>PAS<\/strong><\/td>\n<td style=\"width: 9.48372%;\">Montse C<\/td>\n<\/tr>\n<tr style=\"height: 33px;\">\n<td style=\"width: 17.4367%; height: 33px;\" valign=\"top\"><strong>Representant Municipal<\/strong><\/td>\n<td style=\"width: 9.48372%; height: 33px;\" valign=\"top\">Jordi B.<\/td>\n<\/tr>\n<tr style=\"height: 33px;\">\n<td style=\"width: 17.4367%; height: 33px;\" valign=\"top\"><strong>Sector de Docents<br \/>\n<\/strong><\/td>\n<td style=\"width: 9.48372%; height: 33px;\" valign=\"top\">Cl\u00e0udia S<\/td>\n<\/tr>\n<tr style=\"height: 33px;\">\n<td style=\"width: 17.4367%; height: 33px;\" valign=\"top\"><strong>\u00a0<\/strong><\/td>\n<td style=\"width: 9.48372%;\">S\u00edlvia C<\/td>\n<\/tr>\n<tr>\n<td style=\"width: 17.4367%;\"><strong>\u00a0<\/strong><\/td>\n<td style=\"width: 9.48372%;\">Elisabeth L<\/td>\n<\/tr>\n<tr>\n<td style=\"width: 17.4367%;\"><strong>\u00a0<\/strong><\/td>\n<td style=\"width: 9.48372%;\">Lucia LL<\/td>\n<\/tr>\n<tr>\n<td style=\"width: 17.4367%;\"><strong>\u00a0<\/strong><\/td>\n<td style=\"width: 9.48372%;\">Loida G<\/td>\n<\/tr>\n<tr>\n<td style=\"width: 17.4367%;\"><strong>\u00a0<\/strong><\/td>\n<td style=\"width: 9.48372%;\">Anna d M<\/td>\n<\/tr>\n<tr style=\"height: 33px;\">\n<td style=\"width: 17.4367%; height: 33px;\" valign=\"top\"><strong>Sector de Fam\u00edlies i alumnes<\/strong><\/td>\n<td style=\"width: 9.48372%; height: 33px;\" valign=\"top\">Sandra G<\/td>\n<\/tr>\n<tr style=\"height: 33px;\">\n<td style=\"width: 17.4367%; height: 33px;\" valign=\"top\"><strong>\u00a0<\/strong><\/td>\n<td style=\"width: 9.48372%; height: 33px;\" valign=\"top\">M\u00edriam M<\/td>\n<\/tr>\n<tr style=\"height: 33px;\">\n<td style=\"width: 17.4367%; height: 33px;\" valign=\"top\"><\/td>\n<td style=\"width: 9.48372%; height: 33px;\" valign=\"top\">Beatriz S<\/td>\n<\/tr>\n<tr style=\"height: 33px;\">\n<td style=\"width: 17.4367%; height: 33px;\" valign=\"top\"><\/td>\n<td style=\"width: 9.48372%; height: 33px;\" valign=\"top\">Jos\u00e9 L. C (AFA)<\/td>\n<\/tr>\n<tr>\n<td style=\"width: 17.4367%;\"><strong>\u00a0<\/strong><\/td>\n<td style=\"width: 9.48372%;\">Jan F<\/td>\n<\/tr>\n<tr>\n<td style=\"width: 17.4367%;\"><strong>\u00a0<\/strong><\/td>\n<td style=\"width: 9.48372%;\">Nader B<\/td>\n<\/tr>\n<tr>\n<td style=\"width: 17.4367%;\"><strong>Secret\u00e0ria<\/strong><\/td>\n<td style=\"width: 9.48372%;\">Carme G<\/td>\n<\/tr>\n<\/tbody>\n<\/table>\n<p>&nbsp;<\/p>\n","protected":false},"excerpt":{"rendered":"<p>EQUIP DIRECTIU Director: Enric M Cap d\u2019Estudis: Carme V Cap d&#8217;Estudis: David A Coordinadora Pedag\u00f2gica: Paloma C Coordinadora Pedag\u00f2gica: Cl\u00e0udia S Secret\u00e0ria: Carme G &nbsp; EQUIP DOCENT INF I3A Mireia G ESO 1A Clara A (GE) INF I3B M\u00f2nica C ESO 1B Marta Ll (LC) INF I4A Montse G ESO 2A Otger E (EF) INF [&hellip;]<\/p>\n","protected":false},"author":1,"featured_media":0,"parent":19,"menu_order":40,"comment_status":"closed","ping_status":"closed","template":"","meta":{"_bbp_topic_count":0,"_bbp_reply_count":0,"_bbp_total_topic_count":0,"_bbp_total_reply_count":0,"_bbp_voice_count":0,"_bbp_anonymous_reply_count":0,"_bbp_topic_count_hidden":0,"_bbp_reply_count_hidden":0,"_bbp_forum_subforum_count":0,"site-sidebar-layout":"default","site-content-layout":"","ast-site-content-layout":"default","site-content-style":"default","site-sidebar-style":"default","ast-global-header-display":"","ast-banner-title-visibility":"","ast-main-header-display":"","ast-hfb-above-header-display":"","ast-hfb-below-header-display":"","ast-hfb-mobile-header-display":"","site-post-title":"","ast-breadcrumbs-content":"","ast-featured-img":"","footer-sml-layout":"","theme-transparent-header-meta":"default","adv-header-id-meta":"","stick-header-meta":"","header-above-stick-meta":"","header-main-stick-meta":"","header-below-stick-meta":"","astra-migrate-meta-layouts":"set","ast-page-background-enabled":"default","ast-page-background-meta":{"desktop":{"background-color":"var(--ast-global-color-4)","background-image":"","background-repeat":"repeat","background-position":"center center","background-size":"auto","background-attachment":"scroll","background-type":"","background-media":"","overlay-type":"","overlay-color":"","overlay-opacity":"","overlay-gradient":""},"tablet":{"background-color":"","background-image":"","background-repeat":"repeat","background-position":"center center","background-size":"auto","background-attachment":"scroll","background-type":"","background-media":"","overlay-type":"","overlay-color":"","overlay-opacity":"","overlay-gradient":""},"mobile":{"background-color":"","background-image":"","background-repeat":"repeat","background-position":"center center","background-size":"auto","background-attachment":"scroll","background-type":"","background-media":"","overlay-type":"","overlay-color":"","overlay-opacity":"","overlay-gradient":""}},"ast-content-background-meta":{"desktop":{"background-color":"var(--ast-global-color-5)","background-image":"","background-repeat":"repeat","background-position":"center center","background-size":"auto","background-attachment":"scroll","background-type":"","background-media":"","overlay-type":"","overlay-color":"","overlay-opacity":"","overlay-gradient":""},"tablet":{"background-color":"var(--ast-global-color-5)","background-image":"","background-repeat":"repeat","background-position":"center center","background-size":"auto","background-attachment":"scroll","background-type":"","background-media":"","overlay-type":"","overlay-color":"","overlay-opacity":"","overlay-gradient":""},"mobile":{"background-color":"var(--ast-global-color-5)","background-image":"","background-repeat":"repeat","background-position":"center center","background-size":"auto","background-attachment":"scroll","background-type":"","background-media":"","overlay-type":"","overlay-color":"","overlay-opacity":"","overlay-gradient":""}},"footnotes":""},"class_list":["post-43","page","type-page","status-publish","hentry"],"post_mailing_queue_ids":[],"_links":{"self":[{"href":"https:\/\/agora.xtec.cat\/ieja\/wp-json\/wp\/v2\/pages\/43","targetHints":{"allow":["GET"]}}],"collection":[{"href":"https:\/\/agora.xtec.cat\/ieja\/wp-json\/wp\/v2\/pages"}],"about":[{"href":"https:\/\/agora.xtec.cat\/ieja\/wp-json\/wp\/v2\/types\/page"}],"author":[{"embeddable":true,"href":"https:\/\/agora.xtec.cat\/ieja\/wp-json\/wp\/v2\/users\/1"}],"replies":[{"embeddable":true,"href":"https:\/\/agora.xtec.cat\/ieja\/wp-json\/wp\/v2\/comments?post=43"}],"version-history":[{"count":8,"href":"https:\/\/agora.xtec.cat\/ieja\/wp-json\/wp\/v2\/pages\/43\/revisions"}],"predecessor-version":[{"id":6666,"href":"https:\/\/agora.xtec.cat\/ieja\/wp-json\/wp\/v2\/pages\/43\/revisions\/6666"}],"up":[{"embeddable":true,"href":"https:\/\/agora.xtec.cat\/ieja\/wp-json\/wp\/v2\/pages\/19"}],"wp:attachment":[{"href":"https:\/\/agora.xtec.cat\/ieja\/wp-json\/wp\/v2\/media?parent=43"}],"curies":[{"name":"wp","href":"https:\/\/api.w.org\/{rel}","templated":true}]}}