{"id":4082,"date":"2023-10-22T18:41:28","date_gmt":"2023-10-22T16:41:28","guid":{"rendered":"https:\/\/agora.xtec.cat\/ieja\/?page_id=4082"},"modified":"2023-10-30T13:13:17","modified_gmt":"2023-10-30T12:13:17","slug":"carmanyola","status":"publish","type":"page","link":"https:\/\/agora.xtec.cat\/ieja\/families\/carmanyola\/","title":{"rendered":"Carmanyola"},"content":{"rendered":"<p>El servei de Carmanyola \u00e9s exclusiu per a l&#8217;alumnat d&#8217;ESO.<\/p>\n<p>Per fer \u00fas del servei, cal que la fam\u00edlia inscrigui a l&#8217;alumne. La inscripci\u00f3 s&#8217;ha de fer di\u00e0riament i \u00e9s v\u00e0lida per al dia en qu\u00e8 es fa. Cal emplenar el seg\u00fcent formulari: <a href=\"https:\/\/forms.gle\/fZoFPFTTUH7GZz8P8\" target=\"_blank\" rel=\"noopener\">Formulari Carmanyola<\/a>.<\/p>\n<p>Si es vol fer una inscripci\u00f3 al servei de carmanyola en dies fixats, cal acordar-ho amb la direcci\u00f3 (direccio@joanardevol.org).<\/p>\n<p>&nbsp;<\/p>\n<p><b>PLA D\u2019\u00daS DEL SERVEI DE CARMANYOLA PER A ALUMNES D\u2019ESO<\/b><\/p>\n<p>El servei de carmanyola comprendr\u00e0 el temps interlectiu entre les classes de mat\u00ed i de tarda. El servei de carmanyola \u00e9s exclusiu per a l\u2019alumnat d&#8217;ESO.<\/p>\n<p><b>\u00das i acceptaci\u00f3 de les normes del servei:<\/b><\/p>\n<p>La inscripci\u00f3 al servei de carmanyola comporta l&#8217;acceptaci\u00f3 de les normes.<\/p>\n<p><b>Inscripci\u00f3 al servei de carmanyola:<\/b><\/p>\n<p>Per poder fer el seguiment i poder fer \u00fas del servei, cal que la fam\u00edlia inscrigui a l&#8217;alumne. La inscripci\u00f3 s&#8217;ha de fer di\u00e0riament i \u00e9s v\u00e0lida per al dia en qu\u00e8 es fa. El centre facilitar\u00e0 un formulari o aplicatiu on fer la inscripci\u00f3 di\u00e0ria. Si es vol fer una inscripci\u00f3 al servei de carmanyola en dies fixats, cal acordar-ho amb la direcci\u00f3.<\/p>\n<p>En cap cas s&#8217;acceptaran inscripcions al servei de carmanyola despr\u00e9s de les 8:20h.<\/p>\n<p><b>Circuit de carmanyola:<\/b><\/p>\n<p>Hi haur\u00e0 un espai espec\u00edfic on es dur\u00e0 a terme aquest servei, tot i que l\u2019alumnat usuari del servei de carmanyola tamb\u00e9 tindr\u00e0 acc\u00e9s al pati i altres espais del centre.<\/p>\n<p>Els alumnes hauran de portar-se el seu menjar i estris (coberts, gots, tovallons&#8230;) tot degudament etiquetat.<\/p>\n<p>Cada mat\u00ed, en arribar al centre, els alumnes d&#8217;ESO, usuaris d&#8217;aquest servei, podran dipositar la seva carmanyola al lloc indicat per ser deixat a la nevera.<\/p>\n<p>Un cop acabat el servei, cada dia es prendran els estris i carmanyola a casa per rentar.<\/p>\n<p><b>Sistema de vigil\u00e0ncia:<\/b><\/p>\n<p>La direcci\u00f3 del centre designar\u00e0 personal o monitors que vetllaran per la seguretat, ordre, neteja, control, h\u00e0bits i dinamitzaran el grup d&#8217;alumnes usuaris d&#8217;aquest servei.<\/p>\n<p><b>Sistema de neteja:<\/b><\/p>\n<p>Cada alumne ser\u00e0 responsable de netejar l\u2019espai, estris i equipament que hagi fet servir. El personal de vigil\u00e0ncia vetllar\u00e0 pels bons h\u00e0bits higi\u00e8nics i de neteja dels alumnes.<\/p>\n<p>A l\u2019espai on es dugui a terme el servei hi haur\u00e0 estris de neteja (escombra, recollidor, draps i productes de neteja).<\/p>\n<p><b>Manteniment dels mitjans de refrigeraci\u00f3 i escalfament:<\/b><\/p>\n<p>L\u2019espai on es dugui a terme el servei de carmanyola disposar\u00e0 de mitjans de refrigeraci\u00f3 i escalfament (nevera i microones). La direcci\u00f3 del centre vetllar\u00e0 pel correcte funcionament dels equipaments i en dur\u00e0 a terme el manteniment i reparacions sempre que sigui necessari.<\/p>\n<p>Aquests equipaments resten subjectes a les inspeccions que peri\u00f2dicament es duen a terme per l\u2019autoritat sanit\u00e0ria competent.<\/p>\n<p><b>Sistema de finan\u00e7ament:<\/b><\/p>\n<p>El servei de carmanyola tindr\u00e0 un cost per a l\u2019alumnat destinat a sufragar els costos del servei i els seus derivats: equipament, neteja, vigil\u00e0ncia, jocs i materials necessaris pel servei&#8230;<\/p>\n<p>El preu del servei es revisar\u00e0 cada curs escolar i ser\u00e0 aprovat pel Consell Escolar.<\/p>\n<p>El pagament s&#8217;haur\u00e0 de fer per anticipat, ja sigui di\u00e0riament, per setmanes, o com sigui estipulat. Cada mat\u00ed, els alumnes usuaris d&#8217;aquest servei faran el pagament al docent que hi ha a primera hora a l\u2019aula, que inscriur\u00e0 a l\u2019alumne\/a en el llistat corresponent.<\/p>\n<p><b>Refer\u00e8ncies:<\/b><\/p>\n<ul>\n<li aria-level=\"1\"><a href=\"https:\/\/agora.xtec.cat\/ieja\/wp-content\/uploads\/usu2185\/2023\/10\/Indicacions-per-lus-de-carmanyoles-26-7-12.pdf\" target=\"_blank\" rel=\"noopener\">Indicacions sobre l\u2019\u00fas de la carmanyola als centres educatius de secund\u00e0ria dictades per la Direcci\u00f3 General d\u2019Atenci\u00f3 a la Fam\u00edlia i Comunitat Educativa del Departament d\u2019Educaci\u00f3 en data 10 de juliol de 2012<\/a>.<\/li>\n<li aria-level=\"1\"><a href=\"https:\/\/agora.xtec.cat\/ieja\/wp-content\/uploads\/usu2185\/2023\/10\/DINARS-DE-CARMANYOLA-ALS-INSTITUTS-OK.pdf\" target=\"_blank\" rel=\"noopener\">Dinars de carmanyola als centres educatius<\/a>: recomanacions per a les fam\u00edlies <a href=\"https:\/\/scientiasalut.gencat.cat\/handle\/11351\/1770\" target=\"_blank\" rel=\"noopener\">https:\/\/scientiasalut.gencat.cat\/handle\/11351\/1770<\/a><\/li>\n<\/ul>\n<p>&nbsp;<\/p>\n<p>&nbsp;<\/p>\n","protected":false},"excerpt":{"rendered":"<p>El servei de Carmanyola \u00e9s exclusiu per a l&#8217;alumnat d&#8217;ESO. Per fer \u00fas del servei, cal que la fam\u00edlia inscrigui a l&#8217;alumne. La inscripci\u00f3 s&#8217;ha de fer di\u00e0riament i \u00e9s v\u00e0lida per al dia en qu\u00e8 es fa. Cal emplenar el seg\u00fcent formulari: Formulari Carmanyola. Si es vol fer una inscripci\u00f3 al servei de carmanyola [&hellip;]<\/p>\n","protected":false},"author":1,"featured_media":0,"parent":692,"menu_order":21,"comment_status":"closed","ping_status":"closed","template":"page-templates\/side-menu.php","meta":{"_bbp_topic_count":0,"_bbp_reply_count":0,"_bbp_total_topic_count":0,"_bbp_total_reply_count":0,"_bbp_voice_count":0,"_bbp_anonymous_reply_count":0,"_bbp_topic_count_hidden":0,"_bbp_reply_count_hidden":0,"_bbp_forum_subforum_count":0,"site-sidebar-layout":"default","site-content-layout":"","ast-site-content-layout":"","site-content-style":"default","site-sidebar-style":"default","ast-global-header-display":"","ast-banner-title-visibility":"","ast-main-header-display":"","ast-hfb-above-header-display":"","ast-hfb-below-header-display":"","ast-hfb-mobile-header-display":"","site-post-title":"","ast-breadcrumbs-content":"","ast-featured-img":"","footer-sml-layout":"","theme-transparent-header-meta":"","adv-header-id-meta":"","stick-header-meta":"","header-above-stick-meta":"","header-main-stick-meta":"","header-below-stick-meta":"","astra-migrate-meta-layouts":"default","ast-page-background-enabled":"default","ast-page-background-meta":{"desktop":{"background-color":"var(--ast-global-color-4)","background-image":"","background-repeat":"repeat","background-position":"center center","background-size":"auto","background-attachment":"scroll","background-type":"","background-media":"","overlay-type":"","overlay-color":"","overlay-opacity":"","overlay-gradient":""},"tablet":{"background-color":"","background-image":"","background-repeat":"repeat","background-position":"center center","background-size":"auto","background-attachment":"scroll","background-type":"","background-media":"","overlay-type":"","overlay-color":"","overlay-opacity":"","overlay-gradient":""},"mobile":{"background-color":"","background-image":"","background-repeat":"repeat","background-position":"center center","background-size":"auto","background-attachment":"scroll","background-type":"","background-media":"","overlay-type":"","overlay-color":"","overlay-opacity":"","overlay-gradient":""}},"ast-content-background-meta":{"desktop":{"background-color":"var(--ast-global-color-5)","background-image":"","background-repeat":"repeat","background-position":"center center","background-size":"auto","background-attachment":"scroll","background-type":"","background-media":"","overlay-type":"","overlay-color":"","overlay-opacity":"","overlay-gradient":""},"tablet":{"background-color":"var(--ast-global-color-5)","background-image":"","background-repeat":"repeat","background-position":"center center","background-size":"auto","background-attachment":"scroll","background-type":"","background-media":"","overlay-type":"","overlay-color":"","overlay-opacity":"","overlay-gradient":""},"mobile":{"background-color":"var(--ast-global-color-5)","background-image":"","background-repeat":"repeat","background-position":"center center","background-size":"auto","background-attachment":"scroll","background-type":"","background-media":"","overlay-type":"","overlay-color":"","overlay-opacity":"","overlay-gradient":""}},"footnotes":""},"class_list":["post-4082","page","type-page","status-publish","hentry"],"post_mailing_queue_ids":[],"_links":{"self":[{"href":"https:\/\/agora.xtec.cat\/ieja\/wp-json\/wp\/v2\/pages\/4082","targetHints":{"allow":["GET"]}}],"collection":[{"href":"https:\/\/agora.xtec.cat\/ieja\/wp-json\/wp\/v2\/pages"}],"about":[{"href":"https:\/\/agora.xtec.cat\/ieja\/wp-json\/wp\/v2\/types\/page"}],"author":[{"embeddable":true,"href":"https:\/\/agora.xtec.cat\/ieja\/wp-json\/wp\/v2\/users\/1"}],"replies":[{"embeddable":true,"href":"https:\/\/agora.xtec.cat\/ieja\/wp-json\/wp\/v2\/comments?post=4082"}],"version-history":[{"count":6,"href":"https:\/\/agora.xtec.cat\/ieja\/wp-json\/wp\/v2\/pages\/4082\/revisions"}],"predecessor-version":[{"id":4126,"href":"https:\/\/agora.xtec.cat\/ieja\/wp-json\/wp\/v2\/pages\/4082\/revisions\/4126"}],"up":[{"embeddable":true,"href":"https:\/\/agora.xtec.cat\/ieja\/wp-json\/wp\/v2\/pages\/692"}],"wp:attachment":[{"href":"https:\/\/agora.xtec.cat\/ieja\/wp-json\/wp\/v2\/media?parent=4082"}],"curies":[{"name":"wp","href":"https:\/\/api.w.org\/{rel}","templated":true}]}}