{"id":2748,"date":"2022-06-06T10:46:29","date_gmt":"2022-06-06T08:46:29","guid":{"rendered":"https:\/\/agora.xtec.cat\/ieja\/?page_id=2748"},"modified":"2022-06-06T10:49:45","modified_gmt":"2022-06-06T08:49:45","slug":"estrategia-digital-de-centre","status":"publish","type":"page","link":"https:\/\/agora.xtec.cat\/ieja\/projecte-educatiu\/estrategia-digital-de-centre\/","title":{"rendered":"Estrat\u00e8gia Digital de Centre"},"content":{"rendered":"<p>En el PEC del centre es detallen les dades de contextualitzaci\u00f3 general del centre. Pel que fa als aspectes sobre tecnologia digital, cal tenir en compte que el centre fa anys que ha fet una clara aposta per la digitalitzaci\u00f3. Aix\u00ed, tot l&#8217;alumnat i professorat disposa d&#8217;un usuari de centre que els permet tenir serveis com s\u00f3n el correu electr\u00f2nic o l&#8217;emmagatzematge al n\u00favol. Amb aquests usuaris es realitza tota la comunicaci\u00f3 del centre.<\/p>\n<p>Clica a la seg\u00fcent imatge per accedir al site de l&#8217;Estrat\u00e8gia Digital de Centre:<\/p>\n<p><a href=\"https:\/\/sites.google.com\/joanardevol.org\/edcinstitutescolajoanardvol\/estrat%C3%A8gia-digital-de-centre\" target=\"_blank\" rel=\"noopener\"><img loading=\"lazy\" decoding=\"async\" class=\"alignleft wp-image-2749 size-full\" src=\"https:\/\/agora.xtec.cat\/ieja\/wp-content\/uploads\/usu2185\/2022\/06\/EDC.jpg\" alt=\"\" width=\"1054\" height=\"306\" srcset=\"https:\/\/agora.xtec.cat\/ieja\/wp-content\/uploads\/usu2185\/2022\/06\/EDC.jpg 1054w, https:\/\/agora.xtec.cat\/ieja\/wp-content\/uploads\/usu2185\/2022\/06\/EDC-300x87.jpg 300w, https:\/\/agora.xtec.cat\/ieja\/wp-content\/uploads\/usu2185\/2022\/06\/EDC-1024x297.jpg 1024w, https:\/\/agora.xtec.cat\/ieja\/wp-content\/uploads\/usu2185\/2022\/06\/EDC-768x223.jpg 768w\" sizes=\"auto, (max-width: 1054px) 100vw, 1054px\" \/><\/a><\/p>\n","protected":false},"excerpt":{"rendered":"<p>En el PEC del centre es detallen les dades de contextualitzaci\u00f3 general del centre. Pel que fa als aspectes sobre tecnologia digital, cal tenir en compte que el centre fa anys que ha fet una clara aposta per la digitalitzaci\u00f3. Aix\u00ed, tot l&#8217;alumnat i professorat disposa d&#8217;un usuari de centre que els permet tenir serveis [&hellip;]<\/p>\n","protected":false},"author":1,"featured_media":0,"parent":57,"menu_order":150,"comment_status":"closed","ping_status":"closed","template":"page-templates\/side-menu.php","meta":{"_bbp_topic_count":0,"_bbp_reply_count":0,"_bbp_total_topic_count":0,"_bbp_total_reply_count":0,"_bbp_voice_count":0,"_bbp_anonymous_reply_count":0,"_bbp_topic_count_hidden":0,"_bbp_reply_count_hidden":0,"_bbp_forum_subforum_count":0,"site-sidebar-layout":"default","site-content-layout":"","ast-site-content-layout":"","site-content-style":"default","site-sidebar-style":"default","ast-global-header-display":"","ast-banner-title-visibility":"","ast-main-header-display":"","ast-hfb-above-header-display":"","ast-hfb-below-header-display":"","ast-hfb-mobile-header-display":"","site-post-title":"","ast-breadcrumbs-content":"","ast-featured-img":"","footer-sml-layout":"","theme-transparent-header-meta":"","adv-header-id-meta":"","stick-header-meta":"","header-above-stick-meta":"","header-main-stick-meta":"","header-below-stick-meta":"","astra-migrate-meta-layouts":"default","ast-page-background-enabled":"default","ast-page-background-meta":{"desktop":{"background-color":"var(--ast-global-color-4)","background-image":"","background-repeat":"repeat","background-position":"center center","background-size":"auto","background-attachment":"scroll","background-type":"","background-media":"","overlay-type":"","overlay-color":"","overlay-opacity":"","overlay-gradient":""},"tablet":{"background-color":"","background-image":"","background-repeat":"repeat","background-position":"center center","background-size":"auto","background-attachment":"scroll","background-type":"","background-media":"","overlay-type":"","overlay-color":"","overlay-opacity":"","overlay-gradient":""},"mobile":{"background-color":"","background-image":"","background-repeat":"repeat","background-position":"center center","background-size":"auto","background-attachment":"scroll","background-type":"","background-media":"","overlay-type":"","overlay-color":"","overlay-opacity":"","overlay-gradient":""}},"ast-content-background-meta":{"desktop":{"background-color":"var(--ast-global-color-5)","background-image":"","background-repeat":"repeat","background-position":"center center","background-size":"auto","background-attachment":"scroll","background-type":"","background-media":"","overlay-type":"","overlay-color":"","overlay-opacity":"","overlay-gradient":""},"tablet":{"background-color":"var(--ast-global-color-5)","background-image":"","background-repeat":"repeat","background-position":"center center","background-size":"auto","background-attachment":"scroll","background-type":"","background-media":"","overlay-type":"","overlay-color":"","overlay-opacity":"","overlay-gradient":""},"mobile":{"background-color":"var(--ast-global-color-5)","background-image":"","background-repeat":"repeat","background-position":"center center","background-size":"auto","background-attachment":"scroll","background-type":"","background-media":"","overlay-type":"","overlay-color":"","overlay-opacity":"","overlay-gradient":""}},"footnotes":""},"class_list":["post-2748","page","type-page","status-publish","hentry"],"post_mailing_queue_ids":[],"_links":{"self":[{"href":"https:\/\/agora.xtec.cat\/ieja\/wp-json\/wp\/v2\/pages\/2748","targetHints":{"allow":["GET"]}}],"collection":[{"href":"https:\/\/agora.xtec.cat\/ieja\/wp-json\/wp\/v2\/pages"}],"about":[{"href":"https:\/\/agora.xtec.cat\/ieja\/wp-json\/wp\/v2\/types\/page"}],"author":[{"embeddable":true,"href":"https:\/\/agora.xtec.cat\/ieja\/wp-json\/wp\/v2\/users\/1"}],"replies":[{"embeddable":true,"href":"https:\/\/agora.xtec.cat\/ieja\/wp-json\/wp\/v2\/comments?post=2748"}],"version-history":[{"count":2,"href":"https:\/\/agora.xtec.cat\/ieja\/wp-json\/wp\/v2\/pages\/2748\/revisions"}],"predecessor-version":[{"id":2751,"href":"https:\/\/agora.xtec.cat\/ieja\/wp-json\/wp\/v2\/pages\/2748\/revisions\/2751"}],"up":[{"embeddable":true,"href":"https:\/\/agora.xtec.cat\/ieja\/wp-json\/wp\/v2\/pages\/57"}],"wp:attachment":[{"href":"https:\/\/agora.xtec.cat\/ieja\/wp-json\/wp\/v2\/media?parent=2748"}],"curies":[{"name":"wp","href":"https:\/\/api.w.org\/{rel}","templated":true}]}}