{"id":27,"date":"2014-09-17T16:24:03","date_gmt":"2014-09-17T16:24:03","guid":{"rendered":"http:\/\/agora.xtec.cat\/ieja\/?page_id=27"},"modified":"2020-09-27T21:22:17","modified_gmt":"2020-09-27T19:22:17","slug":"historia","status":"publish","type":"page","link":"https:\/\/agora.xtec.cat\/ieja\/linstitut\/historia\/","title":{"rendered":"Hist\u00f2ria"},"content":{"rendered":"<p>El col\u00b7legi Joan Ard\u00e8vol fou la primera escola p\u00fablica que va gaudir Cambrils, la seva construcci\u00f3 va ser un c\u00famul de desprop\u00f2sits i esdevingu\u00e9 un part que duraria m\u00e9s de seixanta anys. Pen\u00faria econ\u00f2mica dels diferents consistoris, dificultats a l\u2019hora de cercar el solar adient per ubicar-hi el centre escolar, vicissituds de la nostra hist\u00f2ria, certa manca de voluntat pol\u00edtica en alguns casos i el pes de l\u2019ensenyament privat en altres, aix\u00ed com altres factors dificultarien la materialitzaci\u00f3 de la seva construcci\u00f3. Finalment i degut a l\u2019impuls de\u00a0<a href=\"http:\/\/agora.xtec.cat\/escjoanardevol\/lescola-2\/historia\/josep-ortoneda\/\">Josep Ortoneda Bud\u00ed<\/a>, mestre i alcalde del municipi, es faria realitat un projecte que havia durat d\u00e8cades i que finalment veuria la llum el 1960. Pocs anys despr\u00e9s, encetada la d\u00e8cada dels setanta, el desenvolupament demogr\u00e0fic de la localitat faria que l\u2019escola qued\u00e9s petita, per la qual cosa calgu\u00e9 ampliar-la amb m\u00f2duls prefabricats instal\u00b7lats en el mateix recinte escolar i la Parellada. El creixement constant de Cambrils obligaria, durant els vuitanta, a la construcci\u00f3 d\u2019una nova escola, el col\u00b7legi Marinada, amb la qual cosa part de l\u2019alumnat i professorat anirien a aquestes instal\u00b7lacions del centre direccional. Malgrat tot, pocs anys despr\u00e9s calgu\u00e9 una nova ampliaci\u00f3 del Joan Ard\u00e8vol amb l\u2019empla\u00e7ament d\u2019un seguit de m\u00f2duls prefabricats a la zona del Pinaret. Aquest fet, juntament amb l\u2019antigor del col\u00b7legi i la poca acceptaci\u00f3 i provisionalitat dels m\u00f2duls (\u201ccaracoles\u201d), provoc\u00e0 que la comunitat educativa del col\u00b7legi i l\u2019ajuntament sol\u00b7licitessin la construcci\u00f3 d\u2019un nou centre. Per b\u00e9 que tamb\u00e9 costaria molt la concreci\u00f3 d\u2019aquest equipament, finalment la Generalitat l\u2019incorpor\u00e0 en la seva planificaci\u00f3 de construccions escolars i el nou col\u00b7legi Joan Ard\u00e8vol va poder iniciar el curs 1992-93, en l\u2019edifici que gaudim en l\u2019actualitat i des d\u2019on ens disposem a celebrar aquests 50 anys de vida de l\u2019escola. Per evocar aquesta efem\u00e8rides els alumnes han portat a terme un seguit d\u2019activitats complement\u00e0ries, com per exemple la realitzaci\u00f3 d\u2019un treball interdisciplinari de les diferents assignatures amb el tema de la hist\u00f2ria de l\u2019escola, alhora que la programaci\u00f3 de les diferents activitats dels dies 10 i 11 de desembre, jornades centrals de l\u2019acte de commemoraci\u00f3.<\/p>\n<p>Amb aquesta celebraci\u00f3 volem fer un petit homenatge a tots els docents que en el decurs d\u2019aquest mig segle, han desenvolupat la seva tasca com educadors i ensenyants en les seves aules, aix\u00ed com l\u2019agra\u00efment a tots els alumnes, pares i mares que han confiat en la nostra escola i a les diferents administracions que gaireb\u00e9 sempre han mostrat el seu suport als desenvolupament del centre. Alhora, per\u00f2, no voldr\u00edem donar la sensaci\u00f3 d\u2019un final d\u2019etapa, ans el contrari, amb l\u2019esperit de la feina ben feta, cal continuar treballant per tal de projectar l\u2019escola cap al futur i d\u2019aquesta manera poder afrontar els reptes que els nous temps plantejaran al professorat i a l\u2019alumnat.<\/p>\n<p>El curs 2020-2021 esdev\u00e9 Institut Escola, el primer centre p\u00fablic de Cambrils que aplega, de nou, totes les etapes d&#8217;ensenyament gratu\u00eft i obligatori.<\/p>\n","protected":false},"excerpt":{"rendered":"<p>El col\u00b7legi Joan Ard\u00e8vol fou la primera escola p\u00fablica que va gaudir Cambrils, la seva construcci\u00f3 va ser un c\u00famul de desprop\u00f2sits i esdevingu\u00e9 un part que duraria m\u00e9s de seixanta anys. Pen\u00faria econ\u00f2mica dels diferents consistoris, dificultats a l\u2019hora de cercar el solar adient per ubicar-hi el centre escolar, vicissituds de la nostra hist\u00f2ria, [&hellip;]<\/p>\n","protected":false},"author":1,"featured_media":0,"parent":19,"menu_order":20,"comment_status":"closed","ping_status":"closed","template":"page-templates\/side-menu.php","meta":{"_bbp_topic_count":0,"_bbp_reply_count":0,"_bbp_total_topic_count":0,"_bbp_total_reply_count":0,"_bbp_voice_count":0,"_bbp_anonymous_reply_count":0,"_bbp_topic_count_hidden":0,"_bbp_reply_count_hidden":0,"_bbp_forum_subforum_count":0,"site-sidebar-layout":"default","site-content-layout":"","ast-site-content-layout":"","site-content-style":"default","site-sidebar-style":"default","ast-global-header-display":"","ast-banner-title-visibility":"","ast-main-header-display":"","ast-hfb-above-header-display":"","ast-hfb-below-header-display":"","ast-hfb-mobile-header-display":"","site-post-title":"","ast-breadcrumbs-content":"","ast-featured-img":"","footer-sml-layout":"","theme-transparent-header-meta":"","adv-header-id-meta":"","stick-header-meta":"","header-above-stick-meta":"","header-main-stick-meta":"","header-below-stick-meta":"","astra-migrate-meta-layouts":"default","ast-page-background-enabled":"default","ast-page-background-meta":{"desktop":{"background-color":"var(--ast-global-color-4)","background-image":"","background-repeat":"repeat","background-position":"center center","background-size":"auto","background-attachment":"scroll","background-type":"","background-media":"","overlay-type":"","overlay-color":"","overlay-opacity":"","overlay-gradient":""},"tablet":{"background-color":"","background-image":"","background-repeat":"repeat","background-position":"center center","background-size":"auto","background-attachment":"scroll","background-type":"","background-media":"","overlay-type":"","overlay-color":"","overlay-opacity":"","overlay-gradient":""},"mobile":{"background-color":"","background-image":"","background-repeat":"repeat","background-position":"center center","background-size":"auto","background-attachment":"scroll","background-type":"","background-media":"","overlay-type":"","overlay-color":"","overlay-opacity":"","overlay-gradient":""}},"ast-content-background-meta":{"desktop":{"background-color":"var(--ast-global-color-5)","background-image":"","background-repeat":"repeat","background-position":"center center","background-size":"auto","background-attachment":"scroll","background-type":"","background-media":"","overlay-type":"","overlay-color":"","overlay-opacity":"","overlay-gradient":""},"tablet":{"background-color":"var(--ast-global-color-5)","background-image":"","background-repeat":"repeat","background-position":"center center","background-size":"auto","background-attachment":"scroll","background-type":"","background-media":"","overlay-type":"","overlay-color":"","overlay-opacity":"","overlay-gradient":""},"mobile":{"background-color":"var(--ast-global-color-5)","background-image":"","background-repeat":"repeat","background-position":"center center","background-size":"auto","background-attachment":"scroll","background-type":"","background-media":"","overlay-type":"","overlay-color":"","overlay-opacity":"","overlay-gradient":""}},"footnotes":""},"class_list":["post-27","page","type-page","status-publish","hentry"],"post_mailing_queue_ids":[],"_links":{"self":[{"href":"https:\/\/agora.xtec.cat\/ieja\/wp-json\/wp\/v2\/pages\/27","targetHints":{"allow":["GET"]}}],"collection":[{"href":"https:\/\/agora.xtec.cat\/ieja\/wp-json\/wp\/v2\/pages"}],"about":[{"href":"https:\/\/agora.xtec.cat\/ieja\/wp-json\/wp\/v2\/types\/page"}],"author":[{"embeddable":true,"href":"https:\/\/agora.xtec.cat\/ieja\/wp-json\/wp\/v2\/users\/1"}],"replies":[{"embeddable":true,"href":"https:\/\/agora.xtec.cat\/ieja\/wp-json\/wp\/v2\/comments?post=27"}],"version-history":[{"count":1,"href":"https:\/\/agora.xtec.cat\/ieja\/wp-json\/wp\/v2\/pages\/27\/revisions"}],"predecessor-version":[{"id":651,"href":"https:\/\/agora.xtec.cat\/ieja\/wp-json\/wp\/v2\/pages\/27\/revisions\/651"}],"up":[{"embeddable":true,"href":"https:\/\/agora.xtec.cat\/ieja\/wp-json\/wp\/v2\/pages\/19"}],"wp:attachment":[{"href":"https:\/\/agora.xtec.cat\/ieja\/wp-json\/wp\/v2\/media?parent=27"}],"curies":[{"name":"wp","href":"https:\/\/api.w.org\/{rel}","templated":true}]}}