{"id":1661,"date":"2021-10-24T23:33:40","date_gmt":"2021-10-24T21:33:40","guid":{"rendered":"https:\/\/agora.xtec.cat\/ieja\/?page_id=1661"},"modified":"2025-06-25T14:02:00","modified_gmt":"2025-06-25T12:02:00","slug":"dinantia","status":"publish","type":"page","link":"https:\/\/agora.xtec.cat\/ieja\/families\/dinantia\/","title":{"rendered":"Dinantia"},"content":{"rendered":"<p>Els familiars poden accedir a Dinantia a trav\u00e9s de la web: <a href=\"https:\/\/app.dinantia.com\/login\" target=\"_blank\" rel=\"noopener\">app.dinantia.com<\/a><br \/>\nSi \u00e9s el primer cop i no es disposa de contrasenya, cal generar-ne una clicant \u201cHas oblidat la contrasenya?\u201d, escriure el correu electr\u00f2nic proporcionat al centre i seguir les instruccions.<\/p>\n<p>La comunicaci\u00f3 habitual entre fam\u00edlies i escola es fa a trav\u00e9s de l\u2019app <a href=\"https:\/\/app.dinantia.com\/login\" target=\"_blank\" rel=\"noopener\">DINANTIA<\/a>.<\/p>\n<p><a href=\"https:\/\/agora.xtec.cat\/ieja\/wp-content\/uploads\/usu2185\/2020\/12\/dinantia.jpg\" target=\"_blank\" rel=\"noopener\"><img loading=\"lazy\" decoding=\"async\" class=\"alignnone wp-image-969 size-medium\" src=\"https:\/\/agora.xtec.cat\/ieja\/wp-content\/uploads\/usu2185\/2020\/12\/dinantia-300x115.jpg\" alt=\"\" width=\"300\" height=\"115\" srcset=\"https:\/\/agora.xtec.cat\/ieja\/wp-content\/uploads\/usu2185\/2020\/12\/dinantia-300x115.jpg 300w, https:\/\/agora.xtec.cat\/ieja\/wp-content\/uploads\/usu2185\/2020\/12\/dinantia.jpg 363w\" sizes=\"auto, (max-width: 300px) 100vw, 300px\" \/><\/a><\/p>\n<p>Per instal\u00b7lar l\u2019aplicaci\u00f3 haureu d\u2019anar al Play Store, en el cas que el sistema operatiu del vostre dispositiu sigui Android, o b\u00e9 a l\u2019Apple Store, en el cas de que el vostre dispositiu sigui iOS.<\/p>\n<p><a href=\"https:\/\/play.google.com\/store\/apps\/details?id=com.dinantia.dinantia&amp;hl=es&amp;gl=ES\" target=\"_blank\" rel=\"noopener noreferrer\"><img loading=\"lazy\" decoding=\"async\" class=\"alignnone wp-image-5419 size-full\" src=\"http:\/\/agora.xtec.cat\/escjoanardevol\/wp-content\/uploads\/usu550\/2018\/09\/unnamed.png\" alt=\"\" width=\"129\" height=\"45\" \/><\/a>\u00a0\u00a0<a href=\"https:\/\/play.google.com\/store\/apps\/details?id=com.dinantia.dinantia&amp;hl=es&amp;gl=ES\" target=\"_blank\" rel=\"noopener noreferrer\"><img loading=\"lazy\" decoding=\"async\" class=\"alignnone wp-image-5420 size-full\" src=\"http:\/\/agora.xtec.cat\/escjoanardevol\/wp-content\/uploads\/usu550\/2018\/09\/unnamed2.png\" alt=\"\" width=\"132\" height=\"45\" \/><\/a><\/p>\n<p>1- Des del vostre tel\u00e8fon m\u00f2bil heu d\u2019instal\u00b7lar l\u2019app Dinantia, ja sigui de l\u2019Apple Store o des de Google Play.<br \/>\n2- Un cop instal\u00b7lada, heu d\u2019inscriure-us escrivint el mateix correu electr\u00f2nic que haureu informat a la secretaria de l\u2019Institut Escola pr\u00e8viament.<br \/>\n3- Poseu la contrasenya que tindreu al vostre correu electr\u00f2nic. Si no l&#8217;heu rebut, cal dirigir-se a secretaria@joanardevol.org .o a direccio@joanardevol.org<br \/>\n4- A partir d\u2019aquest moment, ja podreu accedir a l\u2019aplicaci\u00f3 i podreu rebre missatges del centre.<\/p>\n<p>Trobareu m\u00e9s informaci\u00f3 a <a href=\"https:\/\/dinantia.com\/ca\/per-a-les-families\/\" target=\"_blank\" rel=\"noopener\">https:\/\/dinantia.com\/ca\/per-a-les-families\/<\/a><\/p>\n<p>Si teniu algun dubte o problema, podeu escriure\u2019ns a\u00a0<a href=\"mailto:secretaria@joanardevol.org\">secretaria@joanardevol.org<\/a><\/p>\n","protected":false},"excerpt":{"rendered":"<p>Els familiars poden accedir a Dinantia a trav\u00e9s de la web: app.dinantia.com Si \u00e9s el primer cop i no es disposa de contrasenya, cal generar-ne una clicant \u201cHas oblidat la contrasenya?\u201d, escriure el correu electr\u00f2nic proporcionat al centre i seguir les instruccions. La comunicaci\u00f3 habitual entre fam\u00edlies i escola es fa a trav\u00e9s de l\u2019app [&hellip;]<\/p>\n","protected":false},"author":1,"featured_media":0,"parent":692,"menu_order":0,"comment_status":"closed","ping_status":"closed","template":"page-templates\/side-menu.php","meta":{"_bbp_topic_count":0,"_bbp_reply_count":0,"_bbp_total_topic_count":0,"_bbp_total_reply_count":0,"_bbp_voice_count":0,"_bbp_anonymous_reply_count":0,"_bbp_topic_count_hidden":0,"_bbp_reply_count_hidden":0,"_bbp_forum_subforum_count":0,"site-sidebar-layout":"default","site-content-layout":"","ast-site-content-layout":"","site-content-style":"default","site-sidebar-style":"default","ast-global-header-display":"","ast-banner-title-visibility":"","ast-main-header-display":"","ast-hfb-above-header-display":"","ast-hfb-below-header-display":"","ast-hfb-mobile-header-display":"","site-post-title":"","ast-breadcrumbs-content":"","ast-featured-img":"","footer-sml-layout":"","theme-transparent-header-meta":"","adv-header-id-meta":"","stick-header-meta":"","header-above-stick-meta":"","header-main-stick-meta":"","header-below-stick-meta":"","astra-migrate-meta-layouts":"default","ast-page-background-enabled":"default","ast-page-background-meta":{"desktop":{"background-color":"var(--ast-global-color-4)","background-image":"","background-repeat":"repeat","background-position":"center center","background-size":"auto","background-attachment":"scroll","background-type":"","background-media":"","overlay-type":"","overlay-color":"","overlay-opacity":"","overlay-gradient":""},"tablet":{"background-color":"","background-image":"","background-repeat":"repeat","background-position":"center center","background-size":"auto","background-attachment":"scroll","background-type":"","background-media":"","overlay-type":"","overlay-color":"","overlay-opacity":"","overlay-gradient":""},"mobile":{"background-color":"","background-image":"","background-repeat":"repeat","background-position":"center center","background-size":"auto","background-attachment":"scroll","background-type":"","background-media":"","overlay-type":"","overlay-color":"","overlay-opacity":"","overlay-gradient":""}},"ast-content-background-meta":{"desktop":{"background-color":"var(--ast-global-color-5)","background-image":"","background-repeat":"repeat","background-position":"center center","background-size":"auto","background-attachment":"scroll","background-type":"","background-media":"","overlay-type":"","overlay-color":"","overlay-opacity":"","overlay-gradient":""},"tablet":{"background-color":"var(--ast-global-color-5)","background-image":"","background-repeat":"repeat","background-position":"center center","background-size":"auto","background-attachment":"scroll","background-type":"","background-media":"","overlay-type":"","overlay-color":"","overlay-opacity":"","overlay-gradient":""},"mobile":{"background-color":"var(--ast-global-color-5)","background-image":"","background-repeat":"repeat","background-position":"center center","background-size":"auto","background-attachment":"scroll","background-type":"","background-media":"","overlay-type":"","overlay-color":"","overlay-opacity":"","overlay-gradient":""}},"footnotes":""},"class_list":["post-1661","page","type-page","status-publish","hentry"],"post_mailing_queue_ids":[],"_links":{"self":[{"href":"https:\/\/agora.xtec.cat\/ieja\/wp-json\/wp\/v2\/pages\/1661","targetHints":{"allow":["GET"]}}],"collection":[{"href":"https:\/\/agora.xtec.cat\/ieja\/wp-json\/wp\/v2\/pages"}],"about":[{"href":"https:\/\/agora.xtec.cat\/ieja\/wp-json\/wp\/v2\/types\/page"}],"author":[{"embeddable":true,"href":"https:\/\/agora.xtec.cat\/ieja\/wp-json\/wp\/v2\/users\/1"}],"replies":[{"embeddable":true,"href":"https:\/\/agora.xtec.cat\/ieja\/wp-json\/wp\/v2\/comments?post=1661"}],"version-history":[{"count":6,"href":"https:\/\/agora.xtec.cat\/ieja\/wp-json\/wp\/v2\/pages\/1661\/revisions"}],"predecessor-version":[{"id":6188,"href":"https:\/\/agora.xtec.cat\/ieja\/wp-json\/wp\/v2\/pages\/1661\/revisions\/6188"}],"up":[{"embeddable":true,"href":"https:\/\/agora.xtec.cat\/ieja\/wp-json\/wp\/v2\/pages\/692"}],"wp:attachment":[{"href":"https:\/\/agora.xtec.cat\/ieja\/wp-json\/wp\/v2\/media?parent=1661"}],"curies":[{"name":"wp","href":"https:\/\/api.w.org\/{rel}","templated":true}]}}