{"id":1082,"date":"2021-02-13T12:35:04","date_gmt":"2021-02-13T11:35:04","guid":{"rendered":"https:\/\/agora.xtec.cat\/ieja\/?page_id=1082"},"modified":"2021-02-19T14:46:23","modified_gmt":"2021-02-19T13:46:23","slug":"obres-dampliacio-proces-de-participacio","status":"publish","type":"page","link":"https:\/\/agora.xtec.cat\/ieja\/obres-dampliacio-proces-de-participacio\/","title":{"rendered":"Obres d&#8217;ampliaci\u00f3. Proc\u00e9s de participaci\u00f3."},"content":{"rendered":"<p><img loading=\"lazy\" decoding=\"async\" class=\"size-large wp-image-1079 alignnone\" src=\"https:\/\/agora.xtec.cat\/ieja\/wp-content\/uploads\/usu2185\/2021\/02\/proces-participatiu-Banner2-1024x264.png\" alt=\"\" width=\"1024\" height=\"264\" srcset=\"https:\/\/agora.xtec.cat\/ieja\/wp-content\/uploads\/usu2185\/2021\/02\/proces-participatiu-Banner2-1024x264.png 1024w, https:\/\/agora.xtec.cat\/ieja\/wp-content\/uploads\/usu2185\/2021\/02\/proces-participatiu-Banner2-300x77.png 300w, https:\/\/agora.xtec.cat\/ieja\/wp-content\/uploads\/usu2185\/2021\/02\/proces-participatiu-Banner2-768x198.png 768w\" sizes=\"auto, (max-width: 1024px) 100vw, 1024px\" \/><\/p>\n<p style=\"text-align: left;\">L&#8217;Institut Escola Joan Ard\u00e8vol va creixent cada curs un nivell. El proper curs 2021-2022 ja tindrem 2n d&#8217;ESO. El projecte final \u00e9s que sigui un centre 3-16, \u00e9s a dir, que comprengui des de P3 fins a 4t d&#8217;ESO. \u00c9s per aix\u00f2, que es fa necess\u00e0ria una ampliaci\u00f3 de les instal\u00b7lacions, per donar resposta a les necessitats no nom\u00e9s de capacitat sin\u00f3 de modernitzaci\u00f3 que avui en dia es requereix per poder oferir una educaci\u00f3 p\u00fablica, gratu\u00efta i de qualitat.<\/p>\n<p style=\"text-align: left;\">Ara ha arribat el moment de fer el projecte d&#8217;obres. Per pensar-lo b\u00e9, la Comunitat educativa col\u00b7laborarem amb l&#8217;Administraci\u00f3 educativa i l&#8217;Ajuntament per tal de recollir totes les aportacions que facin enriquir el nostre projecte. El dia 10 de febrer de 2021 la Sub-directora de construccions, manteniment i equipament de centres p\u00fablics del Departament d&#8217;Educaci\u00f3 ens va explicar les possibilitats i limitacions del projecte. Del que es tracta \u00e9s d&#8217;aportar totes aquelles idees que serveixin per fer un edifici funcional, modern i que respongui a les necessitats que tindrem.<\/p>\n<p><strong>Vies de participaci\u00f3:<\/strong><\/p>\n<ul>\n<li>Contactant amb els representants responsables de cada cicle:\n<ul>\n<li>Educaci\u00f3 Infantil: Judit Mellau<\/li>\n<li>Cicle Inicial: M\u00edriam Montserrate i Eva de la Fuente<\/li>\n<li>Cicle Mitj\u00e0: Anton Montero<\/li>\n<li>Cicle Superior: M\u00f3nica Fuertes<\/li>\n<li>ESO: Beatriz Saraiba<\/li>\n<\/ul>\n<\/li>\n<li>Participant al F\u00f2rum del Moodle del proc\u00e9s de participaci\u00f3. En aquest Moodle hi trobareu tota la documentaci\u00f3:\n<ul>\n<li>Acc\u00e9s a l&#8217;espai <a href=\"https:\/\/educaciodigital.cat\/ieja\/moodle\/\" target=\"_blank\" rel=\"noopener noreferrer\">Moodle del Proc\u00e9s de participaci\u00f3<\/a><a href=\"https:\/\/educaciodigital.cat\/ieja\/moodle\/\" target=\"_blank\" rel=\"noopener noreferrer\"><img loading=\"lazy\" decoding=\"async\" class=\"wp-image-1094 size-full alignleft\" src=\"https:\/\/agora.xtec.cat\/ieja\/wp-content\/uploads\/usu2185\/2021\/02\/moodle-35.jpg\" alt=\"\" width=\"35\" height=\"30\" \/><\/a><\/li>\n<\/ul>\n<\/li>\n<li>Emplenant el seg\u00fcent <a href=\"https:\/\/forms.gle\/A1j2ixxhy11cn43g6\" target=\"_blank\" rel=\"noopener noreferrer\">formulari<\/a> r\u00e0pid:\n<ul>\n<li>Acc\u00e9s al <a href=\"https:\/\/forms.gle\/A1j2ixxhy11cn43g6\" target=\"_blank\" rel=\"noopener noreferrer\">Formulari del proc\u00e9s de participaci\u00f3<\/a>.<\/li>\n<li style=\"list-style-type: none;\"><\/li>\n<\/ul>\n<\/li>\n<\/ul>\n<figure style=\"width: 844px\" class=\"wp-caption alignleft\"><img loading=\"lazy\" decoding=\"async\" title=\"Foto Revista Cambrils (Llu\u00eds Rovira i Barenys) - https:\/\/www.revistacambrils.cat\/noticia\/29806\/institut-escola-joan-ardevol\" src=\"https:\/\/www.revistacambrils.cat\/imgMini\/844\/474\/5819\" alt=\"Foto Revista Cambrils (Llu\u00eds Rovira i Barenys) - https:\/\/www.revistacambrils.cat\/noticia\/29806\/institut-escola-joan-ardevol\" width=\"844\" height=\"506\" \/><figcaption class=\"wp-caption-text\">Foto Revista Cambrils (Llu\u00eds Rovira i Barenys) &#8211; https:\/\/www.revistacambrils.cat\/noticia\/29806\/institut-escola-joan-ardevol<\/figcaption><\/figure>\n","protected":false},"excerpt":{"rendered":"<p>L&#8217;Institut Escola Joan Ard\u00e8vol va creixent cada curs un nivell. El proper curs 2021-2022 ja tindrem 2n d&#8217;ESO. El projecte final \u00e9s que sigui un centre 3-16, \u00e9s a dir, que comprengui des de P3 fins a 4t d&#8217;ESO. \u00c9s per aix\u00f2, que es fa necess\u00e0ria una ampliaci\u00f3 de les instal\u00b7lacions, per donar resposta a [&hellip;]<\/p>\n","protected":false},"author":1,"featured_media":0,"parent":0,"menu_order":0,"comment_status":"closed","ping_status":"closed","template":"","meta":{"_bbp_topic_count":0,"_bbp_reply_count":0,"_bbp_total_topic_count":0,"_bbp_total_reply_count":0,"_bbp_voice_count":0,"_bbp_anonymous_reply_count":0,"_bbp_topic_count_hidden":0,"_bbp_reply_count_hidden":0,"_bbp_forum_subforum_count":0,"site-sidebar-layout":"default","site-content-layout":"","ast-site-content-layout":"","site-content-style":"default","site-sidebar-style":"default","ast-global-header-display":"","ast-banner-title-visibility":"","ast-main-header-display":"","ast-hfb-above-header-display":"","ast-hfb-below-header-display":"","ast-hfb-mobile-header-display":"","site-post-title":"","ast-breadcrumbs-content":"","ast-featured-img":"","footer-sml-layout":"","theme-transparent-header-meta":"","adv-header-id-meta":"","stick-header-meta":"","header-above-stick-meta":"","header-main-stick-meta":"","header-below-stick-meta":"","astra-migrate-meta-layouts":"default","ast-page-background-enabled":"default","ast-page-background-meta":{"desktop":{"background-color":"var(--ast-global-color-4)","background-image":"","background-repeat":"repeat","background-position":"center center","background-size":"auto","background-attachment":"scroll","background-type":"","background-media":"","overlay-type":"","overlay-color":"","overlay-opacity":"","overlay-gradient":""},"tablet":{"background-color":"","background-image":"","background-repeat":"repeat","background-position":"center center","background-size":"auto","background-attachment":"scroll","background-type":"","background-media":"","overlay-type":"","overlay-color":"","overlay-opacity":"","overlay-gradient":""},"mobile":{"background-color":"","background-image":"","background-repeat":"repeat","background-position":"center center","background-size":"auto","background-attachment":"scroll","background-type":"","background-media":"","overlay-type":"","overlay-color":"","overlay-opacity":"","overlay-gradient":""}},"ast-content-background-meta":{"desktop":{"background-color":"var(--ast-global-color-5)","background-image":"","background-repeat":"repeat","background-position":"center center","background-size":"auto","background-attachment":"scroll","background-type":"","background-media":"","overlay-type":"","overlay-color":"","overlay-opacity":"","overlay-gradient":""},"tablet":{"background-color":"var(--ast-global-color-5)","background-image":"","background-repeat":"repeat","background-position":"center center","background-size":"auto","background-attachment":"scroll","background-type":"","background-media":"","overlay-type":"","overlay-color":"","overlay-opacity":"","overlay-gradient":""},"mobile":{"background-color":"var(--ast-global-color-5)","background-image":"","background-repeat":"repeat","background-position":"center center","background-size":"auto","background-attachment":"scroll","background-type":"","background-media":"","overlay-type":"","overlay-color":"","overlay-opacity":"","overlay-gradient":""}},"footnotes":""},"class_list":["post-1082","page","type-page","status-publish","hentry"],"post_mailing_queue_ids":[],"_links":{"self":[{"href":"https:\/\/agora.xtec.cat\/ieja\/wp-json\/wp\/v2\/pages\/1082","targetHints":{"allow":["GET"]}}],"collection":[{"href":"https:\/\/agora.xtec.cat\/ieja\/wp-json\/wp\/v2\/pages"}],"about":[{"href":"https:\/\/agora.xtec.cat\/ieja\/wp-json\/wp\/v2\/types\/page"}],"author":[{"embeddable":true,"href":"https:\/\/agora.xtec.cat\/ieja\/wp-json\/wp\/v2\/users\/1"}],"replies":[{"embeddable":true,"href":"https:\/\/agora.xtec.cat\/ieja\/wp-json\/wp\/v2\/comments?post=1082"}],"version-history":[{"count":4,"href":"https:\/\/agora.xtec.cat\/ieja\/wp-json\/wp\/v2\/pages\/1082\/revisions"}],"predecessor-version":[{"id":1105,"href":"https:\/\/agora.xtec.cat\/ieja\/wp-json\/wp\/v2\/pages\/1082\/revisions\/1105"}],"wp:attachment":[{"href":"https:\/\/agora.xtec.cat\/ieja\/wp-json\/wp\/v2\/media?parent=1082"}],"curies":[{"name":"wp","href":"https:\/\/api.w.org\/{rel}","templated":true}]}}