{"id":877,"date":"2018-01-18T08:55:09","date_gmt":"2018-01-18T07:55:09","guid":{"rendered":"http:\/\/agora.xtec.cat\/escolagornal\/?page_id=877"},"modified":"2021-02-24T11:15:09","modified_gmt":"2021-02-24T10:15:09","slug":"httpagora-xtec-catescolagornalportadadia-escolar-de-la-no-violencia-i-la-pau","status":"publish","type":"page","link":"https:\/\/agora.xtec.cat\/iegornal\/projecte-educatiu\/festes\/httpagora-xtec-catescolagornalportadadia-escolar-de-la-no-violencia-i-la-pau\/","title":{"rendered":"Dia escolar de la no viol\u00e8ncia i la pau"},"content":{"rendered":"<h3>Alerta! Ja tenim els v\u00eddeos del dia de la Pau!!!<\/h3>\n<p>Cada 30 de gener celebrem el dia Escolar de la No viol\u00e8ncia i la Pau (DENIP) per recordar el llegat de Mahatma Gandhi el dia que es commemora l\u2019aniversari de la seva mort.<\/p>\n<h1>PAU 2021<\/h1>\n<p><a href=\"https:\/\/agora.xtec.cat\/iegornal\/wp-content\/uploads\/usu1897\/2021\/02\/pau-2021.jpg\"><img loading=\"lazy\" decoding=\"async\" class=\"alignnone wp-image-3873\" src=\"https:\/\/agora.xtec.cat\/iegornal\/wp-content\/uploads\/usu1897\/2021\/02\/pau-2021-1024x768.jpg\" alt=\"\" width=\"742\" height=\"557\" srcset=\"https:\/\/agora.xtec.cat\/iegornal\/wp-content\/uploads\/usu1897\/2021\/02\/pau-2021-1024x768.jpg 1024w, https:\/\/agora.xtec.cat\/iegornal\/wp-content\/uploads\/usu1897\/2021\/02\/pau-2021-300x225.jpg 300w, https:\/\/agora.xtec.cat\/iegornal\/wp-content\/uploads\/usu1897\/2021\/02\/pau-2021-768x576.jpg 768w, https:\/\/agora.xtec.cat\/iegornal\/wp-content\/uploads\/usu1897\/2021\/02\/pau-2021-200x150.jpg 200w, https:\/\/agora.xtec.cat\/iegornal\/wp-content\/uploads\/usu1897\/2021\/02\/pau-2021.jpg 2048w\" sizes=\"auto, (max-width: 742px) 100vw, 742px\" \/><\/a><\/p>\n<h1>PAU 2020<\/h1>\n<h5>Cantarem la can\u00e7\u00f3<a href=\"https:\/\/youtu.be\/hNTVSxyldmk\"> IMAGINA<\/a> de Gertrudis. Clica aqu\u00ed per veure el v\u00eddeo de <a href=\"https:\/\/youtu.be\/vNouEcwgQ6s\">l&#8217;IE Gornal<\/a>.<\/h5>\n<p><a href=\"https:\/\/agora.xtec.cat\/iegornal\/wp-content\/uploads\/usu1897\/2021\/02\/PAU-2020.jpg\"><img loading=\"lazy\" decoding=\"async\" class=\"alignnone size-large wp-image-3877\" src=\"https:\/\/agora.xtec.cat\/iegornal\/wp-content\/uploads\/usu1897\/2021\/02\/PAU-2020-1024x772.jpg\" alt=\"\" width=\"1024\" height=\"772\" srcset=\"https:\/\/agora.xtec.cat\/iegornal\/wp-content\/uploads\/usu1897\/2021\/02\/PAU-2020-1024x772.jpg 1024w, https:\/\/agora.xtec.cat\/iegornal\/wp-content\/uploads\/usu1897\/2021\/02\/PAU-2020-300x226.jpg 300w, https:\/\/agora.xtec.cat\/iegornal\/wp-content\/uploads\/usu1897\/2021\/02\/PAU-2020-768x579.jpg 768w, https:\/\/agora.xtec.cat\/iegornal\/wp-content\/uploads\/usu1897\/2021\/02\/PAU-2020-200x150.jpg 200w, https:\/\/agora.xtec.cat\/iegornal\/wp-content\/uploads\/usu1897\/2021\/02\/PAU-2020.jpg 1156w\" sizes=\"auto, (max-width: 1024px) 100vw, 1024px\" \/><\/a><\/p>\n<h1><a href=\"https:\/\/agora.xtec.cat\/iegornal\/portada\/dia-de-la-pau-i-la-no-violencia-escolar-2019\/\">LA PAU 2019<\/a><\/h1>\n<p>Cantem <a href=\"https:\/\/youtu.be\/D4uV57RSX_4\">&#8220;Un mundo entero&#8221;<\/a><\/p>\n<p>A l&#8217;Institut Escola tots els nens i nenes de P3 a 1r d&#8217;ESO\u00a0 hem fet creat un m\u00f3n ple de colors, difer\u00e8ncies i diversitat unit amb una mateixa can\u00e7\u00f3.<\/p>\n<table style=\"border-collapse: collapse; width: 96.0275%; height: 675px;\" border=\"1\">\n<tbody>\n<tr style=\"height: 473px;\">\n<td style=\"width: 100%; border-color: #fafafa; height: 473px;\"><a href=\"https:\/\/agora.xtec.cat\/iegornal\/wp-content\/uploads\/usu1897\/2019\/02\/mural-min.jpg\"><img loading=\"lazy\" decoding=\"async\" class=\" wp-image-1945 aligncenter\" src=\"https:\/\/agora.xtec.cat\/iegornal\/wp-content\/uploads\/usu1897\/2019\/02\/mural-min-1024x768.jpg\" alt=\"\" width=\"740\" height=\"262\" \/><\/a><\/td>\n<\/tr>\n<tr>\n<td style=\"width: 100%; border-color: #fafafa;\"><a href=\"https:\/\/agora.xtec.cat\/iegornal\/wp-content\/uploads\/usu1897\/2019\/02\/lletres-pau-min.jpg\"><img loading=\"lazy\" decoding=\"async\" class=\"wp-image-1947 aligncenter\" src=\"https:\/\/agora.xtec.cat\/iegornal\/wp-content\/uploads\/usu1897\/2019\/02\/lletres-pau-min-1024x673.jpg\" alt=\"\" width=\"740\" height=\"229\" \/><\/a><\/td>\n<\/tr>\n<\/tbody>\n<\/table>\n<p>&nbsp;<\/p>\n<h1><a href=\"https:\/\/youtu.be\/y7UdKJ_BFd0\">LA PAU 2018<\/a><\/h1>\n<h6><a href=\"https:\/\/youtu.be\/9W96a9WOmBQ\">CANTEM L\u2019AL.LELUIA EL DIA DE LA PAU 2018<\/a><\/h6>\n<p>Aquest any hem apr\u00e8s la can\u00e7\u00f3 &#8220;Al.leluia&#8221; de Leonard Cohen versi\u00f3 del grup <a href=\"https:\/\/youtu.be\/5vZ16KFvmt4\">Filferro<\/a><\/p>\n<p>A l&#8217;escola tots els nens i nenes des de P3 a 6\u00e8 hem fet un mural de l&#8217;arbre de la Pau, hem estampat les nostres mans de diferents colors.<\/p>\n<p><a href=\"http:\/\/agora.xtec.cat\/iegornal\/wp-content\/uploads\/usu1897\/2018\/02\/mural-pau.jpg\"><img loading=\"lazy\" decoding=\"async\" class=\"alignnone size-large wp-image-1035\" src=\"http:\/\/agora.xtec.cat\/iegornal\/wp-content\/uploads\/usu1897\/2018\/02\/mural-pau-1024x768.jpg\" alt=\"\" width=\"1024\" height=\"768\" srcset=\"https:\/\/agora.xtec.cat\/iegornal\/wp-content\/uploads\/usu1897\/2018\/02\/mural-pau-1024x768.jpg 1024w, https:\/\/agora.xtec.cat\/iegornal\/wp-content\/uploads\/usu1897\/2018\/02\/mural-pau-300x225.jpg 300w, https:\/\/agora.xtec.cat\/iegornal\/wp-content\/uploads\/usu1897\/2018\/02\/mural-pau-768x576.jpg 768w, https:\/\/agora.xtec.cat\/iegornal\/wp-content\/uploads\/usu1897\/2018\/02\/mural-pau-200x150.jpg 200w, https:\/\/agora.xtec.cat\/iegornal\/wp-content\/uploads\/usu1897\/2018\/02\/mural-pau.jpg 1600w\" sizes=\"auto, (max-width: 1024px) 100vw, 1024px\" \/><\/a><\/p>\n<p>Els m\u00e9s grans de 5\u00e8 i 6\u00e8 han fet treballs a l&#8217;ordinador fent un dibuix amb paraules de diferents colors i formes, ho hem penjat al suro.<\/p>\n<p><a href=\"http:\/\/agora.xtec.cat\/iegornal\/wp-content\/uploads\/usu1897\/2018\/02\/suro-pau.jpg\"><img loading=\"lazy\" decoding=\"async\" class=\"alignnone size-large wp-image-1036\" src=\"http:\/\/agora.xtec.cat\/iegornal\/wp-content\/uploads\/usu1897\/2018\/02\/suro-pau-1024x577.jpg\" alt=\"\" width=\"1024\" height=\"577\" srcset=\"https:\/\/agora.xtec.cat\/iegornal\/wp-content\/uploads\/usu1897\/2018\/02\/suro-pau-1024x577.jpg 1024w, https:\/\/agora.xtec.cat\/iegornal\/wp-content\/uploads\/usu1897\/2018\/02\/suro-pau-300x169.jpg 300w, https:\/\/agora.xtec.cat\/iegornal\/wp-content\/uploads\/usu1897\/2018\/02\/suro-pau-768x433.jpg 768w, https:\/\/agora.xtec.cat\/iegornal\/wp-content\/uploads\/usu1897\/2018\/02\/suro-pau.jpg 1408w\" sizes=\"auto, (max-width: 1024px) 100vw, 1024px\" \/><\/a><\/p>\n<p>&nbsp;<\/p>\n<h1 class=\"title style-scope ytd-video-primary-info-renderer\"><\/h1>\n","protected":false},"excerpt":{"rendered":"<p>Alerta! Ja tenim els v\u00eddeos del dia de la Pau!!!<br \/>\nCada 30 de gener celebrem el dia Escolar de la No viol\u00e8ncia i la Pau (DENIP) per recordar el llegat de Mahatma Gandhi el dia que es commemora l\u2019aniversari de la seva mort.<br \/>\nPAU 2021<br \/>\n<a href=\"https:\/\/agora.xtec.cat\/iegornal\/wp-content\/uploads\/usu1897\/2021\/02\/pau-2021.jpg\"><\/a><br \/>\nPAU 2020<br \/>\nCantarem&hellip;  <a href=\"https:\/\/agora.xtec.cat\/iegornal\/projecte-educatiu\/festes\/httpagora-xtec-catescolagornalportadadia-escolar-de-la-no-violencia-i-la-pau\/\" title=\"Read Dia escolar de la no viol\u00e8ncia i la pau\">Llegeix m\u00e9s\u00bb<\/a><\/p>\n","protected":false},"author":1,"featured_media":0,"parent":539,"menu_order":0,"comment_status":"closed","ping_status":"closed","template":"page-templates\/side-menu.php","meta":{"_bbp_topic_count":0,"_bbp_reply_count":0,"_bbp_total_topic_count":0,"_bbp_total_reply_count":0,"_bbp_voice_count":0,"_bbp_anonymous_reply_count":0,"_bbp_topic_count_hidden":0,"_bbp_reply_count_hidden":0,"_bbp_forum_subforum_count":0,"footnotes":""},"class_list":["post-877","page","type-page","status-publish","hentry"],"post_mailing_queue_ids":[],"_links":{"self":[{"href":"https:\/\/agora.xtec.cat\/iegornal\/wp-json\/wp\/v2\/pages\/877","targetHints":{"allow":["GET"]}}],"collection":[{"href":"https:\/\/agora.xtec.cat\/iegornal\/wp-json\/wp\/v2\/pages"}],"about":[{"href":"https:\/\/agora.xtec.cat\/iegornal\/wp-json\/wp\/v2\/types\/page"}],"author":[{"embeddable":true,"href":"https:\/\/agora.xtec.cat\/iegornal\/wp-json\/wp\/v2\/users\/1"}],"replies":[{"embeddable":true,"href":"https:\/\/agora.xtec.cat\/iegornal\/wp-json\/wp\/v2\/comments?post=877"}],"version-history":[{"count":4,"href":"https:\/\/agora.xtec.cat\/iegornal\/wp-json\/wp\/v2\/pages\/877\/revisions"}],"predecessor-version":[{"id":3882,"href":"https:\/\/agora.xtec.cat\/iegornal\/wp-json\/wp\/v2\/pages\/877\/revisions\/3882"}],"up":[{"embeddable":true,"href":"https:\/\/agora.xtec.cat\/iegornal\/wp-json\/wp\/v2\/pages\/539"}],"wp:attachment":[{"href":"https:\/\/agora.xtec.cat\/iegornal\/wp-json\/wp\/v2\/media?parent=877"}],"curies":[{"name":"wp","href":"https:\/\/api.w.org\/{rel}","templated":true}]}}