{"id":73,"date":"2014-09-18T14:01:51","date_gmt":"2014-09-18T13:01:51","guid":{"rendered":"http:\/\/agora.xtec.cat\/iegornal\/?page_id=73"},"modified":"2025-01-25T07:57:39","modified_gmt":"2025-01-25T06:57:39","slug":"menjador-escolar","status":"publish","type":"page","link":"https:\/\/agora.xtec.cat\/iegornal\/serveis\/menjador-escolar\/","title":{"rendered":"Menjador escolar"},"content":{"rendered":"<p>\u200b<\/p>\n<table style=\"width: 47.7464%;\">\n<tbody>\n<tr style=\"height: 73px;\">\n<td style=\"width: 438px; height: 73px; border-color: #fafafa;\"><a href=\"https:\/\/escoles.fundesplai.org\/serveis\/menjador-temps-educatiu-del-migdia\/\"><img loading=\"lazy\" decoding=\"async\" class=\"alignnone size-full wp-image-4042\" src=\"https:\/\/agora.xtec.cat\/iegornal\/wp-content\/uploads\/usu1897\/2021\/05\/logo-mon-escolar.png\" alt=\"\" width=\"468\" height=\"211\" srcset=\"https:\/\/agora.xtec.cat\/iegornal\/wp-content\/uploads\/usu1897\/2021\/05\/logo-mon-escolar.png 468w, https:\/\/agora.xtec.cat\/iegornal\/wp-content\/uploads\/usu1897\/2021\/05\/logo-mon-escolar-300x135.png 300w\" sizes=\"auto, (max-width: 468px) 100vw, 468px\" \/><\/a><\/td>\n<\/tr>\n<tr style=\"height: 46px;\">\n<td style=\"width: 438px; height: 73px; border-color: #fafafa;\">Fundesplai \u00e9s l&#8217;empresa de monitoratge. El temps del migdia \u00e9s temps educatiu: els infants aprenen h\u00e0bits alimentaris saludables i gaudeixen d\u2019activitats de lleure educatives.<\/td>\n<\/tr>\n<\/tbody>\n<\/table>\n<h5><\/h5>\n<h5>ACTIVITATS A L&#8217;ESPAI DE MIGDIA<\/h5>\n<table style=\"width: 100%; border-collapse: collapse; border-color: #fcfcfc;\">\n<tbody>\n<tr>\n<td style=\"width: 50%; border-color: #fcfcfc; text-align: center;\"><a href=\"https:\/\/agora.xtec.cat\/iegornal\/general\/fem-lhort-a-infantil\/\"><img loading=\"lazy\" decoding=\"async\" class=\"alignnone size-full wp-image-4844\" src=\"https:\/\/agora.xtec.cat\/iegornal\/wp-content\/uploads\/usu1897\/2022\/04\/hort.png\" alt=\"\" width=\"350\" height=\"350\" srcset=\"https:\/\/agora.xtec.cat\/iegornal\/wp-content\/uploads\/usu1897\/2022\/04\/hort.png 350w, https:\/\/agora.xtec.cat\/iegornal\/wp-content\/uploads\/usu1897\/2022\/04\/hort-300x300.png 300w, https:\/\/agora.xtec.cat\/iegornal\/wp-content\/uploads\/usu1897\/2022\/04\/hort-150x150.png 150w\" sizes=\"auto, (max-width: 350px) 100vw, 350px\" \/><\/a><\/td>\n<td style=\"width: 50%; border-color: #fcfcfc;\"><\/td>\n<\/tr>\n<tr>\n<td style=\"width: 50%; border-color: #fcfcfc;\"><\/td>\n<td style=\"width: 50%; border-color: #fcfcfc;\"><\/td>\n<\/tr>\n<\/tbody>\n<\/table>\n<p>&nbsp;<\/p>\n","protected":false},"excerpt":{"rendered":"<p>\u200b<\/p>\n<p><a href=\"https:\/\/escoles.fundesplai.org\/serveis\/menjador-temps-educatiu-del-migdia\/\"><\/a><\/p>\n<p>Fundesplai \u00e9s l&#8217;empresa de monitoratge. El temps del migdia \u00e9s temps educatiu: els infants aprenen h\u00e0bits alimentaris saludables i gaudeixen d\u2019activitats de lleure educatives.<\/p>\n<p>ACTIVITATS A L&#8217;ESPAI DE MIGDIA<\/p>\n<p><a href=\"https:\/\/agora.xtec.cat\/iegornal\/general\/fem-lhort-a-infantil\/\"><\/a><\/p>\n<p>&nbsp;<\/p>\n","protected":false},"author":1,"featured_media":0,"parent":66,"menu_order":30,"comment_status":"closed","ping_status":"closed","template":"page-templates\/side-menu.php","meta":{"_bbp_topic_count":0,"_bbp_reply_count":0,"_bbp_total_topic_count":0,"_bbp_total_reply_count":0,"_bbp_voice_count":0,"_bbp_anonymous_reply_count":0,"_bbp_topic_count_hidden":0,"_bbp_reply_count_hidden":0,"_bbp_forum_subforum_count":0,"footnotes":""},"class_list":["post-73","page","type-page","status-publish","hentry"],"post_mailing_queue_ids":[],"_links":{"self":[{"href":"https:\/\/agora.xtec.cat\/iegornal\/wp-json\/wp\/v2\/pages\/73","targetHints":{"allow":["GET"]}}],"collection":[{"href":"https:\/\/agora.xtec.cat\/iegornal\/wp-json\/wp\/v2\/pages"}],"about":[{"href":"https:\/\/agora.xtec.cat\/iegornal\/wp-json\/wp\/v2\/types\/page"}],"author":[{"embeddable":true,"href":"https:\/\/agora.xtec.cat\/iegornal\/wp-json\/wp\/v2\/users\/1"}],"replies":[{"embeddable":true,"href":"https:\/\/agora.xtec.cat\/iegornal\/wp-json\/wp\/v2\/comments?post=73"}],"version-history":[{"count":5,"href":"https:\/\/agora.xtec.cat\/iegornal\/wp-json\/wp\/v2\/pages\/73\/revisions"}],"predecessor-version":[{"id":5285,"href":"https:\/\/agora.xtec.cat\/iegornal\/wp-json\/wp\/v2\/pages\/73\/revisions\/5285"}],"up":[{"embeddable":true,"href":"https:\/\/agora.xtec.cat\/iegornal\/wp-json\/wp\/v2\/pages\/66"}],"wp:attachment":[{"href":"https:\/\/agora.xtec.cat\/iegornal\/wp-json\/wp\/v2\/media?parent=73"}],"curies":[{"name":"wp","href":"https:\/\/api.w.org\/{rel}","templated":true}]}}