{"id":705,"date":"2017-10-05T16:09:03","date_gmt":"2017-10-05T14:09:03","guid":{"rendered":"http:\/\/agora.xtec.cat\/escolagornal\/?page_id=705"},"modified":"2018-10-16T16:23:28","modified_gmt":"2018-10-16T14:23:28","slug":"piscina-2","status":"publish","type":"page","link":"https:\/\/agora.xtec.cat\/iegornal\/projecte-educatiu\/projectes\/piscina-2\/","title":{"rendered":"Nataci\u00f3"},"content":{"rendered":"<blockquote class=\"wp-embedded-content\" data-secret=\"dgCB8fdNJw\"><p><a href=\"https:\/\/agora.xtec.cat\/iegornal\/general\/dia-de-portes-obertes-a-la-piscina\/\">Dia de portes obertes a la piscina<\/a><\/p><\/blockquote>\n<p><iframe loading=\"lazy\" class=\"wp-embedded-content\" sandbox=\"allow-scripts\" security=\"restricted\" style=\"position: absolute; clip: rect(1px, 1px, 1px, 1px);\" title=\"&#8220;Dia de portes obertes a la piscina&#8221; &#8212; Institut Escola Gornal\" src=\"https:\/\/agora.xtec.cat\/iegornal\/general\/dia-de-portes-obertes-a-la-piscina\/embed\/#?secret=r2gF708Pfu#?secret=dgCB8fdNJw\" data-secret=\"dgCB8fdNJw\" width=\"500\" height=\"282\" frameborder=\"0\" marginwidth=\"0\" marginheight=\"0\" scrolling=\"no\"><\/iframe><\/p>\n<p>&nbsp;<\/p>\n<table style=\"width: 900px; height: 621px; border-color: #fcfafa;\">\n<tbody>\n<tr style=\"height: 295px;\">\n<td style=\"width: 379px; height: 353px; border-color: #fafafa;\" rowspan=\"2\"><a href=\"http:\/\/agora.xtec.cat\/iegornal\/wp-content\/uploads\/usu1897\/2017\/10\/IMG-20180322-WA0004.jpg\"><img loading=\"lazy\" decoding=\"async\" class=\"alignnone wp-image-1454\" src=\"http:\/\/agora.xtec.cat\/iegornal\/wp-content\/uploads\/usu1897\/2017\/10\/IMG-20180322-WA0004-576x1024.jpg\" alt=\"\" width=\"325\" height=\"578\" srcset=\"https:\/\/agora.xtec.cat\/iegornal\/wp-content\/uploads\/usu1897\/2017\/10\/IMG-20180322-WA0004.jpg 576w, https:\/\/agora.xtec.cat\/iegornal\/wp-content\/uploads\/usu1897\/2017\/10\/IMG-20180322-WA0004-169x300.jpg 169w\" sizes=\"auto, (max-width: 325px) 100vw, 325px\" \/><\/a><\/td>\n<td style=\"width: 513px; height: 295px; border-color: #fafafa;\"><a href=\"http:\/\/agora.xtec.cat\/iegornal\/wp-content\/uploads\/usu1897\/2017\/10\/IMG-20180322-WA0003.jpg\"><img loading=\"lazy\" decoding=\"async\" class=\"alignnone wp-image-1453\" src=\"http:\/\/agora.xtec.cat\/iegornal\/wp-content\/uploads\/usu1897\/2017\/10\/IMG-20180322-WA0003-1024x576.jpg\" alt=\"\" width=\"422\" height=\"237\" srcset=\"https:\/\/agora.xtec.cat\/iegornal\/wp-content\/uploads\/usu1897\/2017\/10\/IMG-20180322-WA0003.jpg 1024w, https:\/\/agora.xtec.cat\/iegornal\/wp-content\/uploads\/usu1897\/2017\/10\/IMG-20180322-WA0003-300x169.jpg 300w, https:\/\/agora.xtec.cat\/iegornal\/wp-content\/uploads\/usu1897\/2017\/10\/IMG-20180322-WA0003-768x432.jpg 768w\" sizes=\"auto, (max-width: 422px) 100vw, 422px\" \/><\/a><\/td>\n<\/tr>\n<tr style=\"height: 58px;\">\n<td style=\"width: 513px; height: 295px; border-color: #fafafa;\"><a href=\"http:\/\/agora.xtec.cat\/iegornal\/wp-content\/uploads\/usu1897\/2017\/10\/IMG-20180322-WA0005.jpg\"><img loading=\"lazy\" decoding=\"async\" class=\"alignnone wp-image-1458\" src=\"http:\/\/agora.xtec.cat\/iegornal\/wp-content\/uploads\/usu1897\/2017\/10\/IMG-20180322-WA0005.jpg\" alt=\"\" width=\"425\" height=\"302\" srcset=\"https:\/\/agora.xtec.cat\/iegornal\/wp-content\/uploads\/usu1897\/2017\/10\/IMG-20180322-WA0005.jpg 811w, https:\/\/agora.xtec.cat\/iegornal\/wp-content\/uploads\/usu1897\/2017\/10\/IMG-20180322-WA0005-300x213.jpg 300w, https:\/\/agora.xtec.cat\/iegornal\/wp-content\/uploads\/usu1897\/2017\/10\/IMG-20180322-WA0005-768x545.jpg 768w\" sizes=\"auto, (max-width: 425px) 100vw, 425px\" \/><\/a><\/td>\n<\/tr>\n<\/tbody>\n<\/table>\n<p>&nbsp;<\/p>\n<p>Aquest curs 2018-2019 els alumnes de 3r i 4t de Prim\u00e0ria participen en el Programa d&#8217;Educaci\u00f3 F\u00edsica a la piscina, promogut per l&#8217;Ajuntament de L&#8217;Hospitalet. comencen el 3 d&#8217;octubre.<br \/>\nL&#8217;objectiu principal \u00e9s el desenvolupament de l&#8217;activitat f\u00edsica en un altre medi diferent a l&#8217;habitual.<\/p>\n","protected":false},"excerpt":{"rendered":"<p><a href=\"https:\/\/agora.xtec.cat\/iegornal\/general\/dia-de-portes-obertes-a-la-piscina\/\">Dia de portes obertes a la piscina<\/a><\/p>\n<p>&nbsp;<\/p>\n<p><a href=\"http:\/\/agora.xtec.cat\/iegornal\/wp-content\/uploads\/usu1897\/2017\/10\/IMG-20180322-WA0004.jpg\"><\/a><br \/>\n<a href=\"http:\/\/agora.xtec.cat\/iegornal\/wp-content\/uploads\/usu1897\/2017\/10\/IMG-20180322-WA0003.jpg\"><\/a><\/p>\n<p><a href=\"http:\/\/agora.xtec.cat\/iegornal\/wp-content\/uploads\/usu1897\/2017\/10\/IMG-20180322-WA0005.jpg\"><\/a><\/p>\n<p>&nbsp;<br \/>\nAquest curs 2018-2019 els alumnes de 3r i 4t de Prim\u00e0ria participen en el Programa d&#8217;Educaci\u00f3 F\u00edsica a la piscina, promogut per l&#8217;Ajuntament de L&#8217;Hospitalet. comencen el 3 d&#8217;octubre.<br \/>\nL&#8217;objectiu principal \u00e9s el desenvolupament de l&#8217;activitat&hellip;  <a href=\"https:\/\/agora.xtec.cat\/iegornal\/projecte-educatiu\/projectes\/piscina-2\/\" title=\"Read Nataci\u00f3\">Llegeix m\u00e9s\u00bb<\/a><\/p>\n","protected":false},"author":1,"featured_media":0,"parent":536,"menu_order":0,"comment_status":"closed","ping_status":"closed","template":"page-templates\/side-menu.php","meta":{"_bbp_topic_count":0,"_bbp_reply_count":0,"_bbp_total_topic_count":0,"_bbp_total_reply_count":0,"_bbp_voice_count":0,"_bbp_anonymous_reply_count":0,"_bbp_topic_count_hidden":0,"_bbp_reply_count_hidden":0,"_bbp_forum_subforum_count":0,"footnotes":""},"class_list":["post-705","page","type-page","status-publish","hentry"],"post_mailing_queue_ids":[],"_links":{"self":[{"href":"https:\/\/agora.xtec.cat\/iegornal\/wp-json\/wp\/v2\/pages\/705","targetHints":{"allow":["GET"]}}],"collection":[{"href":"https:\/\/agora.xtec.cat\/iegornal\/wp-json\/wp\/v2\/pages"}],"about":[{"href":"https:\/\/agora.xtec.cat\/iegornal\/wp-json\/wp\/v2\/types\/page"}],"author":[{"embeddable":true,"href":"https:\/\/agora.xtec.cat\/iegornal\/wp-json\/wp\/v2\/users\/1"}],"replies":[{"embeddable":true,"href":"https:\/\/agora.xtec.cat\/iegornal\/wp-json\/wp\/v2\/comments?post=705"}],"version-history":[{"count":1,"href":"https:\/\/agora.xtec.cat\/iegornal\/wp-json\/wp\/v2\/pages\/705\/revisions"}],"predecessor-version":[{"id":1837,"href":"https:\/\/agora.xtec.cat\/iegornal\/wp-json\/wp\/v2\/pages\/705\/revisions\/1837"}],"up":[{"embeddable":true,"href":"https:\/\/agora.xtec.cat\/iegornal\/wp-json\/wp\/v2\/pages\/536"}],"wp:attachment":[{"href":"https:\/\/agora.xtec.cat\/iegornal\/wp-json\/wp\/v2\/media?parent=705"}],"curies":[{"name":"wp","href":"https:\/\/api.w.org\/{rel}","templated":true}]}}