{"id":699,"date":"2017-10-05T16:08:28","date_gmt":"2017-10-05T14:08:28","guid":{"rendered":"http:\/\/agora.xtec.cat\/escolagornal\/?page_id=699"},"modified":"2019-01-04T08:11:02","modified_gmt":"2019-01-04T07:11:02","slug":"dansa","status":"publish","type":"page","link":"https:\/\/agora.xtec.cat\/iegornal\/projecte-educatiu\/projectes\/dansa\/","title":{"rendered":"Dansa"},"content":{"rendered":"<p><a href=\"https:\/\/youtu.be\/C1wje4IvfRQ\"><img loading=\"lazy\" decoding=\"async\" class=\"alignnone size-full wp-image-840\" src=\"http:\/\/agora.xtec.cat\/iegornal\/wp-content\/uploads\/usu1897\/2017\/10\/fem-t\u00e0ndem.jpg\" alt=\"\" width=\"199\" height=\"131\" \/><\/a><br \/>\nClica aqu\u00ed per veure els <strong>T\u00c0NDEMS<\/strong>, a partir del minut 9 surt la nostra escola.<\/p>\n<h6><strong>Programa de dansa a Prim\u00e0ria<\/strong><\/h6>\n<p>Des del curs 2009-2010, s\u2019ha anat implementant la dansa a tota la prim\u00e0ria dins de l\u2019horari escolar. Aquest programa de dansa est\u00e0 finan\u00e7at per l\u2019Ajuntament de L\u2019Hospitalet. Pret\u00e9n fomentar la creativitat art\u00edstica dels infants, treballant l\u2019atenci\u00f3, la concentraci\u00f3 i la disciplina. Treballem molts dels continguts del curr\u00edculum d&#8217;una manera diferent, a trav\u00e9s d&#8217;aprenentatges significatius, alhora que tamb\u00e9 facilita la generalitzaci\u00f3 de conceptes.<br \/>\nAquest projecte es realitza amb l&#8217;Escola Municipal de M\u00fasica i Centre de les Arts de L&#8217;Hospitalet (EMMCA).<\/p>\n<h6><\/h6>\n<h6><strong>Cantada de Nadales 20 de desembre de 2018 al Centre cultural de Bellvitge i el Gornal.<\/strong><\/h6>\n<p>&nbsp;<br \/>\n<iframe loading=\"lazy\" title=\"Cantada de Nadales  Institut Escola Gornal 2018\" width=\"500\" height=\"281\" src=\"https:\/\/www.youtube.com\/embed\/Ox1KMqz26pw?feature=oembed\" frameborder=\"0\" allow=\"accelerometer; autoplay; clipboard-write; encrypted-media; gyroscope; picture-in-picture; web-share\" referrerpolicy=\"strict-origin-when-cross-origin\" allowfullscreen><\/iframe><br \/>\n&nbsp;<\/p>\n<h6><strong>Cantada de Nadales 19 de desembre de 2017 al Centre cultural de Bellvitge i el Gornal.<\/strong><\/h6>\n<table style=\"height: 38px; width: 697px;\">\n<tbody>\n<tr>\n<td style=\"width: 321px; border-color: #fafafa;\"><a href=\"https:\/\/youtu.be\/U6YbYMyhHR0\" target=\"_blank\" rel=\"noopener noreferrer\"><img loading=\"lazy\" decoding=\"async\" class=\"alignnone wp-image-821\" src=\"http:\/\/agora.xtec.cat\/iegornal\/wp-content\/uploads\/usu1897\/2017\/12\/IMG-20171219-WA0026-1024x768.jpg\" alt=\"\" width=\"289\" height=\"216\" srcset=\"https:\/\/agora.xtec.cat\/iegornal\/wp-content\/uploads\/usu1897\/2017\/12\/IMG-20171219-WA0026.jpg 1024w, https:\/\/agora.xtec.cat\/iegornal\/wp-content\/uploads\/usu1897\/2017\/12\/IMG-20171219-WA0026-300x225.jpg 300w, https:\/\/agora.xtec.cat\/iegornal\/wp-content\/uploads\/usu1897\/2017\/12\/IMG-20171219-WA0026-768x576.jpg 768w, https:\/\/agora.xtec.cat\/iegornal\/wp-content\/uploads\/usu1897\/2017\/12\/IMG-20171219-WA0026-200x150.jpg 200w\" sizes=\"auto, (max-width: 289px) 100vw, 289px\" \/><\/a><\/td>\n<td style=\"width: 321px; border-color: #fafafa;\">\u00a0JA TENIM EL V\u00cdDEO, CLICA LA IMATGE!!!<\/p>\n<p>Les nostres nadales es canten i es ballen!!!<\/p>\n<h6 style=\"text-align: justify;\"><\/h6>\n<\/td>\n<\/tr>\n<\/tbody>\n<\/table>\n<h6><\/h6>\n<h6><strong>Cada curs es fa un treball conjunt amb les altres escoles que formen part del Projecte T\u00e0ndem, anem al Teatre Joventut<\/strong><\/h6>\n<p>.<\/p>\n<p><iframe loading=\"lazy\" title=\"L&#039;hivern. 2a funci\u00f3. Concert Orquestra, Dansa, Banda i Teatre a l&#039;escola. EMMCA. 2016\" width=\"500\" height=\"281\" src=\"https:\/\/www.youtube.com\/embed\/4wwbqqaO0xA?feature=oembed\" frameborder=\"0\" allow=\"accelerometer; autoplay; clipboard-write; encrypted-media; gyroscope; picture-in-picture; web-share\" referrerpolicy=\"strict-origin-when-cross-origin\" allowfullscreen><\/iframe><\/p>\n<p>&nbsp;<\/p>\n<p><iframe loading=\"lazy\" title=\"La primavera. 2a funci\u00f3. Concert Orquestra, Dansa, Banda i Teatre a l&#039;escola. EMMCA. 2016\" width=\"500\" height=\"281\" src=\"https:\/\/www.youtube.com\/embed\/co_QhguzX-A?feature=oembed\" frameborder=\"0\" allow=\"accelerometer; autoplay; clipboard-write; encrypted-media; gyroscope; picture-in-picture; web-share\" referrerpolicy=\"strict-origin-when-cross-origin\" allowfullscreen><\/iframe><\/p>\n<p>&nbsp;<\/p>\n<p><iframe loading=\"lazy\" title=\"L&#039;estiu. 2a funci\u00f3. Concert Orquestra, Dansa, Banda i Teatre a l&#039;escola. EMMCA. 2016\" width=\"500\" height=\"281\" src=\"https:\/\/www.youtube.com\/embed\/Q8sAGpAP8RU?feature=oembed\" frameborder=\"0\" allow=\"accelerometer; autoplay; clipboard-write; encrypted-media; gyroscope; picture-in-picture; web-share\" referrerpolicy=\"strict-origin-when-cross-origin\" allowfullscreen><\/iframe><\/p>\n<p>&nbsp;<\/p>\n<p><iframe loading=\"lazy\" title=\"La Tardor. 2a funci\u00f3. Concert Orquestra, Dansa, Banda i Teatre a l&#039;escola. EMMCA .2016\" width=\"500\" height=\"281\" src=\"https:\/\/www.youtube.com\/embed\/mG2YcQxorVw?feature=oembed\" frameborder=\"0\" allow=\"accelerometer; autoplay; clipboard-write; encrypted-media; gyroscope; picture-in-picture; web-share\" referrerpolicy=\"strict-origin-when-cross-origin\" allowfullscreen><\/iframe><\/p>\n","protected":false},"excerpt":{"rendered":"<p><a href=\"https:\/\/youtu.be\/C1wje4IvfRQ\"><\/a><br \/>\nClica aqu\u00ed per veure els T\u00c0NDEMS, a partir del minut 9 surt la nostra escola.<br \/>\nPrograma de dansa a Prim\u00e0ria<br \/>\nDes del curs 2009-2010, s\u2019ha anat implementant la dansa a tota la prim\u00e0ria dins de l\u2019horari escolar. Aquest programa de dansa est\u00e0 finan\u00e7at per l\u2019Ajuntament de&hellip;  <a href=\"https:\/\/agora.xtec.cat\/iegornal\/projecte-educatiu\/projectes\/dansa\/\" title=\"Read Dansa\">Llegeix m\u00e9s\u00bb<\/a><\/p>\n","protected":false},"author":1,"featured_media":0,"parent":536,"menu_order":0,"comment_status":"closed","ping_status":"closed","template":"page-templates\/side-menu.php","meta":{"_bbp_topic_count":0,"_bbp_reply_count":0,"_bbp_total_topic_count":0,"_bbp_total_reply_count":0,"_bbp_voice_count":0,"_bbp_anonymous_reply_count":0,"_bbp_topic_count_hidden":0,"_bbp_reply_count_hidden":0,"_bbp_forum_subforum_count":0,"footnotes":""},"class_list":["post-699","page","type-page","status-publish","hentry"],"post_mailing_queue_ids":[],"_links":{"self":[{"href":"https:\/\/agora.xtec.cat\/iegornal\/wp-json\/wp\/v2\/pages\/699","targetHints":{"allow":["GET"]}}],"collection":[{"href":"https:\/\/agora.xtec.cat\/iegornal\/wp-json\/wp\/v2\/pages"}],"about":[{"href":"https:\/\/agora.xtec.cat\/iegornal\/wp-json\/wp\/v2\/types\/page"}],"author":[{"embeddable":true,"href":"https:\/\/agora.xtec.cat\/iegornal\/wp-json\/wp\/v2\/users\/1"}],"replies":[{"embeddable":true,"href":"https:\/\/agora.xtec.cat\/iegornal\/wp-json\/wp\/v2\/comments?post=699"}],"version-history":[{"count":2,"href":"https:\/\/agora.xtec.cat\/iegornal\/wp-json\/wp\/v2\/pages\/699\/revisions"}],"predecessor-version":[{"id":1891,"href":"https:\/\/agora.xtec.cat\/iegornal\/wp-json\/wp\/v2\/pages\/699\/revisions\/1891"}],"up":[{"embeddable":true,"href":"https:\/\/agora.xtec.cat\/iegornal\/wp-json\/wp\/v2\/pages\/536"}],"wp:attachment":[{"href":"https:\/\/agora.xtec.cat\/iegornal\/wp-json\/wp\/v2\/media?parent=699"}],"curies":[{"name":"wp","href":"https:\/\/api.w.org\/{rel}","templated":true}]}}