{"id":686,"date":"2017-10-05T15:55:52","date_gmt":"2017-10-05T13:55:52","guid":{"rendered":"http:\/\/agora.xtec.cat\/escolagornal\/?page_id=686"},"modified":"2017-10-05T15:55:52","modified_gmt":"2017-10-05T13:55:52","slug":"habits-saludables-2","status":"publish","type":"page","link":"https:\/\/agora.xtec.cat\/iegornal\/projecte-educatiu\/tallers-i-sortides\/habits-saludables-2\/","title":{"rendered":"H\u00e0bits saludables"},"content":{"rendered":"<h6>&#8220;Esmorzem b\u00e9&#8221;<\/h6>\n<p>El dia 13 de mar\u00e7 de 2018<\/p>\n<p>Els cursos de 4t, 5\u00e8 i 6\u00e8\u00a0 participem en aquesta activitat promocionada per l&#8217;Ajuntament de l&#8217;Hospitalet. Primer ens passen un audiovisual sobre els h\u00e0bits alimentaris saludables, l&#8217;objectiu \u00e9s conscienciar la mainada de la import\u00e0ncia d&#8217;una alimentaci\u00f3 sana. Despr\u00e9s\u00a0podrem decidir qu\u00e8 esmorzem\u00a0en un bufet lliure.<\/p>\n","protected":false},"excerpt":{"rendered":"<p>&#8220;Esmorzem b\u00e9&#8221;<br \/>\nEl dia 13 de mar\u00e7 de 2018<br \/>\nEls cursos de 4t, 5\u00e8 i 6\u00e8\u00a0 participem en aquesta activitat promocionada per l&#8217;Ajuntament de l&#8217;Hospitalet. Primer ens passen un audiovisual sobre els h\u00e0bits alimentaris saludables, l&#8217;objectiu \u00e9s conscienciar la mainada de la import\u00e0ncia d&#8217;una alimentaci\u00f3 sana. Despr\u00e9s\u00a0podrem&hellip;  <a href=\"https:\/\/agora.xtec.cat\/iegornal\/projecte-educatiu\/tallers-i-sortides\/habits-saludables-2\/\" title=\"Read H\u00e0bits saludables\">Llegeix m\u00e9s\u00bb<\/a><\/p>\n","protected":false},"author":1,"featured_media":0,"parent":769,"menu_order":0,"comment_status":"closed","ping_status":"closed","template":"page-templates\/side-menu.php","meta":{"_bbp_topic_count":0,"_bbp_reply_count":0,"_bbp_total_topic_count":0,"_bbp_total_reply_count":0,"_bbp_voice_count":0,"_bbp_anonymous_reply_count":0,"_bbp_topic_count_hidden":0,"_bbp_reply_count_hidden":0,"_bbp_forum_subforum_count":0,"footnotes":""},"class_list":["post-686","page","type-page","status-publish","hentry"],"post_mailing_queue_ids":[],"_links":{"self":[{"href":"https:\/\/agora.xtec.cat\/iegornal\/wp-json\/wp\/v2\/pages\/686","targetHints":{"allow":["GET"]}}],"collection":[{"href":"https:\/\/agora.xtec.cat\/iegornal\/wp-json\/wp\/v2\/pages"}],"about":[{"href":"https:\/\/agora.xtec.cat\/iegornal\/wp-json\/wp\/v2\/types\/page"}],"author":[{"embeddable":true,"href":"https:\/\/agora.xtec.cat\/iegornal\/wp-json\/wp\/v2\/users\/1"}],"replies":[{"embeddable":true,"href":"https:\/\/agora.xtec.cat\/iegornal\/wp-json\/wp\/v2\/comments?post=686"}],"version-history":[{"count":0,"href":"https:\/\/agora.xtec.cat\/iegornal\/wp-json\/wp\/v2\/pages\/686\/revisions"}],"up":[{"embeddable":true,"href":"https:\/\/agora.xtec.cat\/iegornal\/wp-json\/wp\/v2\/pages\/769"}],"wp:attachment":[{"href":"https:\/\/agora.xtec.cat\/iegornal\/wp-json\/wp\/v2\/media?parent=686"}],"curies":[{"name":"wp","href":"https:\/\/api.w.org\/{rel}","templated":true}]}}