{"id":684,"date":"2017-10-05T15:51:49","date_gmt":"2017-10-05T13:51:49","guid":{"rendered":"http:\/\/agora.xtec.cat\/escolagornal\/?page_id=684"},"modified":"2017-10-05T15:51:49","modified_gmt":"2017-10-05T13:51:49","slug":"educacio-en-valors-2","status":"publish","type":"page","link":"https:\/\/agora.xtec.cat\/iegornal\/projecte-educatiu\/tallers-i-sortides\/educacio-en-valors-2\/","title":{"rendered":"Educaci\u00f3 en valors"},"content":{"rendered":"<p>Educaci\u00f3 Vi\u00e0ria<\/p>\n<p><a href=\"http:\/\/agora.xtec.cat\/iegornal\/wp-content\/uploads\/usu1897\/2017\/10\/Pa2700751.jpg\"><img loading=\"lazy\" decoding=\"async\" class=\"alignnone  wp-image-757\" src=\"http:\/\/agora.xtec.cat\/iegornal\/wp-content\/uploads\/usu1897\/2017\/10\/Pa2700751-1024x768.jpg\" alt=\"\" width=\"390\" height=\"292\" srcset=\"https:\/\/agora.xtec.cat\/iegornal\/wp-content\/uploads\/usu1897\/2017\/10\/Pa2700751-1024x768.jpg 1024w, https:\/\/agora.xtec.cat\/iegornal\/wp-content\/uploads\/usu1897\/2017\/10\/Pa2700751-300x225.jpg 300w, https:\/\/agora.xtec.cat\/iegornal\/wp-content\/uploads\/usu1897\/2017\/10\/Pa2700751-768x576.jpg 768w, https:\/\/agora.xtec.cat\/iegornal\/wp-content\/uploads\/usu1897\/2017\/10\/Pa2700751-200x150.jpg 200w\" sizes=\"auto, (max-width: 390px) 100vw, 390px\" \/><\/a><br \/>\nEls alumnes de 4t aprenem Educaci\u00f3 Vi\u00e0ria amb la Gu\u00e0rdia Urbana de L&#8217;Hospitalet.<\/p>\n","protected":false},"excerpt":{"rendered":"<p>Educaci\u00f3 Vi\u00e0ria<br \/>\n<a href=\"http:\/\/agora.xtec.cat\/iegornal\/wp-content\/uploads\/usu1897\/2017\/10\/Pa2700751.jpg\"><\/a><br \/>\nEls alumnes de 4t aprenem Educaci\u00f3 Vi\u00e0ria amb la Gu\u00e0rdia Urbana de L&#8217;Hospitalet.<\/p>\n","protected":false},"author":1,"featured_media":0,"parent":769,"menu_order":0,"comment_status":"closed","ping_status":"closed","template":"page-templates\/side-menu.php","meta":{"_bbp_topic_count":0,"_bbp_reply_count":0,"_bbp_total_topic_count":0,"_bbp_total_reply_count":0,"_bbp_voice_count":0,"_bbp_anonymous_reply_count":0,"_bbp_topic_count_hidden":0,"_bbp_reply_count_hidden":0,"_bbp_forum_subforum_count":0,"footnotes":""},"class_list":["post-684","page","type-page","status-publish","hentry"],"post_mailing_queue_ids":[],"_links":{"self":[{"href":"https:\/\/agora.xtec.cat\/iegornal\/wp-json\/wp\/v2\/pages\/684","targetHints":{"allow":["GET"]}}],"collection":[{"href":"https:\/\/agora.xtec.cat\/iegornal\/wp-json\/wp\/v2\/pages"}],"about":[{"href":"https:\/\/agora.xtec.cat\/iegornal\/wp-json\/wp\/v2\/types\/page"}],"author":[{"embeddable":true,"href":"https:\/\/agora.xtec.cat\/iegornal\/wp-json\/wp\/v2\/users\/1"}],"replies":[{"embeddable":true,"href":"https:\/\/agora.xtec.cat\/iegornal\/wp-json\/wp\/v2\/comments?post=684"}],"version-history":[{"count":0,"href":"https:\/\/agora.xtec.cat\/iegornal\/wp-json\/wp\/v2\/pages\/684\/revisions"}],"up":[{"embeddable":true,"href":"https:\/\/agora.xtec.cat\/iegornal\/wp-json\/wp\/v2\/pages\/769"}],"wp:attachment":[{"href":"https:\/\/agora.xtec.cat\/iegornal\/wp-json\/wp\/v2\/media?parent=684"}],"curies":[{"name":"wp","href":"https:\/\/api.w.org\/{rel}","templated":true}]}}