{"id":676,"date":"2017-10-05T15:34:16","date_gmt":"2017-10-05T13:34:16","guid":{"rendered":"http:\/\/agora.xtec.cat\/escolagornal\/?page_id=676"},"modified":"2017-10-05T15:34:16","modified_gmt":"2017-10-05T13:34:16","slug":"expressio-artistica-4","status":"publish","type":"page","link":"https:\/\/agora.xtec.cat\/iegornal\/projecte-educatiu\/tallers-i-sortides\/expressio-artistica-4\/","title":{"rendered":"Expressi\u00f3 art\u00edstica"},"content":{"rendered":"<h5>El mur sonor<\/h5>\n<h5><a href=\"http:\/\/agora.xtec.cat\/iegornal\/wp-content\/uploads\/usu1897\/2017\/11\/IMG-20171124-WA0005.jpg\"><img loading=\"lazy\" decoding=\"async\" class=\"alignnone  wp-image-798\" src=\"http:\/\/agora.xtec.cat\/iegornal\/wp-content\/uploads\/usu1897\/2017\/11\/IMG-20171124-WA0005-1024x768.jpg\" alt=\"\" width=\"443\" height=\"332\" srcset=\"https:\/\/agora.xtec.cat\/iegornal\/wp-content\/uploads\/usu1897\/2017\/11\/IMG-20171124-WA0005-1024x768.jpg 1024w, https:\/\/agora.xtec.cat\/iegornal\/wp-content\/uploads\/usu1897\/2017\/11\/IMG-20171124-WA0005-300x225.jpg 300w, https:\/\/agora.xtec.cat\/iegornal\/wp-content\/uploads\/usu1897\/2017\/11\/IMG-20171124-WA0005-768x576.jpg 768w, https:\/\/agora.xtec.cat\/iegornal\/wp-content\/uploads\/usu1897\/2017\/11\/IMG-20171124-WA0005-200x150.jpg 200w, https:\/\/agora.xtec.cat\/iegornal\/wp-content\/uploads\/usu1897\/2017\/11\/IMG-20171124-WA0005.jpg 1600w\" sizes=\"auto, (max-width: 443px) 100vw, 443px\" \/><\/a><\/h5>\n<h5><a href=\"http:\/\/agora.xtec.cat\/iegornal\/wp-content\/uploads\/usu1897\/2017\/10\/IMG_0592.jpg\"><img loading=\"lazy\" decoding=\"async\" class=\"alignnone  wp-image-1176\" src=\"http:\/\/agora.xtec.cat\/iegornal\/wp-content\/uploads\/usu1897\/2017\/10\/IMG_0592-1024x768.jpg\" alt=\"\" width=\"441\" height=\"331\" srcset=\"https:\/\/agora.xtec.cat\/iegornal\/wp-content\/uploads\/usu1897\/2017\/10\/IMG_0592-1024x768.jpg 1024w, https:\/\/agora.xtec.cat\/iegornal\/wp-content\/uploads\/usu1897\/2017\/10\/IMG_0592-300x225.jpg 300w, https:\/\/agora.xtec.cat\/iegornal\/wp-content\/uploads\/usu1897\/2017\/10\/IMG_0592-768x576.jpg 768w, https:\/\/agora.xtec.cat\/iegornal\/wp-content\/uploads\/usu1897\/2017\/10\/IMG_0592-200x150.jpg 200w, https:\/\/agora.xtec.cat\/iegornal\/wp-content\/uploads\/usu1897\/2017\/10\/IMG_0592.jpg 2016w\" sizes=\"auto, (max-width: 441px) 100vw, 441px\" \/><\/a><\/h5>\n<p>APS<br \/>\nEl 24 de novembre vam inaugurar el mur sonor Contra la viol\u00e8ncia de g\u00e8nere.<\/p>\n<p>El grup de dones del Gornal ens va fer l&#8217;enc\u00e0rrec de refer el mur. Aquest treball s&#8217;ha fet amb la Fundaci\u00f3 Arranz. Primer es van fer uns tallers de P3 a 6\u00e8 per treballar el tema de la Viol\u00e8ncia de g\u00e8nere, despr\u00e9s es va gravar la mainada i adults explicant experi\u00e8ncies del dia a dia, finalment amb l&#8217;alumnat de 6\u00e8 es van pintar les lletres al mur. Quan passes pel davant del mur et crida, si t&#8217;acostes sentir\u00e0s les veus i el que t&#8217;expliquen. VINE I ESCOLTA!!!<\/p>\n","protected":false},"excerpt":{"rendered":"<p>El mur sonor<br \/>\n<a href=\"http:\/\/agora.xtec.cat\/iegornal\/wp-content\/uploads\/usu1897\/2017\/11\/IMG-20171124-WA0005.jpg\"><\/a><br \/>\n<a href=\"http:\/\/agora.xtec.cat\/iegornal\/wp-content\/uploads\/usu1897\/2017\/10\/IMG_0592.jpg\"><\/a><br \/>\nAPS<br \/>\nEl 24 de novembre vam inaugurar el mur sonor Contra la viol\u00e8ncia de g\u00e8nere.<br \/>\nEl grup de dones del Gornal ens va fer l&#8217;enc\u00e0rrec de refer el mur. Aquest treball s&#8217;ha fet amb la Fundaci\u00f3 Arranz. Primer es van fer uns tallers&hellip;  <a href=\"https:\/\/agora.xtec.cat\/iegornal\/projecte-educatiu\/tallers-i-sortides\/expressio-artistica-4\/\" title=\"Read Expressi\u00f3 art\u00edstica\">Llegeix m\u00e9s\u00bb<\/a><\/p>\n","protected":false},"author":1,"featured_media":0,"parent":769,"menu_order":0,"comment_status":"closed","ping_status":"closed","template":"page-templates\/side-menu.php","meta":{"_bbp_topic_count":0,"_bbp_reply_count":0,"_bbp_total_topic_count":0,"_bbp_total_reply_count":0,"_bbp_voice_count":0,"_bbp_anonymous_reply_count":0,"_bbp_topic_count_hidden":0,"_bbp_reply_count_hidden":0,"_bbp_forum_subforum_count":0,"footnotes":""},"class_list":["post-676","page","type-page","status-publish","hentry"],"post_mailing_queue_ids":[],"_links":{"self":[{"href":"https:\/\/agora.xtec.cat\/iegornal\/wp-json\/wp\/v2\/pages\/676","targetHints":{"allow":["GET"]}}],"collection":[{"href":"https:\/\/agora.xtec.cat\/iegornal\/wp-json\/wp\/v2\/pages"}],"about":[{"href":"https:\/\/agora.xtec.cat\/iegornal\/wp-json\/wp\/v2\/types\/page"}],"author":[{"embeddable":true,"href":"https:\/\/agora.xtec.cat\/iegornal\/wp-json\/wp\/v2\/users\/1"}],"replies":[{"embeddable":true,"href":"https:\/\/agora.xtec.cat\/iegornal\/wp-json\/wp\/v2\/comments?post=676"}],"version-history":[{"count":0,"href":"https:\/\/agora.xtec.cat\/iegornal\/wp-json\/wp\/v2\/pages\/676\/revisions"}],"up":[{"embeddable":true,"href":"https:\/\/agora.xtec.cat\/iegornal\/wp-json\/wp\/v2\/pages\/769"}],"wp:attachment":[{"href":"https:\/\/agora.xtec.cat\/iegornal\/wp-json\/wp\/v2\/media?parent=676"}],"curies":[{"name":"wp","href":"https:\/\/api.w.org\/{rel}","templated":true}]}}