{"id":64,"date":"2014-09-18T12:39:08","date_gmt":"2014-09-18T11:39:08","guid":{"rendered":"http:\/\/agora.xtec.cat\/iegornal\/?page_id=64"},"modified":"2018-10-02T13:52:15","modified_gmt":"2018-10-02T11:52:15","slug":"projecte-educatiu","status":"publish","type":"page","link":"https:\/\/agora.xtec.cat\/iegornal\/projecte-educatiu\/","title":{"rendered":"Projecte educatiu"},"content":{"rendered":"<p><strong>TRETS CARACTER\u00cdSTICS DEL CENTRE<\/strong><\/p>\n<p style=\"text-align: justify;\">Oferim una escola per a tothom amb un projecte educatiu que es basa en la igualtat, la toler\u00e0ncia i el respecte als altres, creant aix\u00ed un espai de conviv\u00e8ncia i d\u2019intercanvi de totes les persones que integren la nostra comunitat.<\/p>\n<p style=\"text-align: justify;\">Volem que els infants siguin protagonistes del seu aprenentatge que accedeixin al coneixement, al desenvolupament de les seves capacitats i a l\u2019adquisici\u00f3 de les compet\u00e8ncies a partir de la investigaci\u00f3 i l\u2019experimentaci\u00f3.<\/p>\n<p style=\"text-align: justify;\">Utilitzem metodologies que promouen l\u2019autonomia personal i intel\u00b7lectual i el treball cooperatiu: espais d\u2019aprenentatge, activitats interactives, emprenedoria i treball per projectes, prioritzant l\u2019\u00fas de les noves tecnologies i dels recursos digitals.<\/p>\n<p style=\"text-align: justify;\">Fomentem la pr\u00e0ctica art\u00edstica amb el projecte de dansa a prim\u00e0ria fent T\u00e0ndem amb l\u2019Escola Municipal de M\u00fasica i Centre de les Arts.<\/p>\n<p style=\"text-align: justify;\"><strong>EQUIPAMENTS<\/strong><\/p>\n<p style=\"text-align: justify;\">Aules dotades de pissarres digitals. Aula de noves tecnologies. Aula d\u2019idiomes. Aula de m\u00fasica. Aula de Psicomotricitat. Aula d\u2019Art. Aula de dansa. Biblioteca. Ludoteca. Espais d\u2019aprenentatge: llengua, ci\u00e8ncies i matem\u00e0tiques. Menjador d\u2019infantil i de prim\u00e0ria. Pati d\u2019infantil i pati de prim\u00e0ria. Pista esportiva. Hort.<\/p>\n<p>&nbsp;<\/p>\n","protected":false},"excerpt":{"rendered":"<p>TRETS CARACTER\u00cdSTICS DEL CENTRE<br \/>\nOferim una escola per a tothom amb un projecte educatiu que es basa en la igualtat, la toler\u00e0ncia i el respecte als altres, creant aix\u00ed un espai de conviv\u00e8ncia i d\u2019intercanvi de totes les persones que integren la nostra comunitat.<br \/>\nVolem que els&hellip;  <a href=\"https:\/\/agora.xtec.cat\/iegornal\/projecte-educatiu\/\" title=\"Read Projecte educatiu\">Llegeix m\u00e9s\u00bb<\/a><\/p>\n","protected":false},"author":1,"featured_media":0,"parent":0,"menu_order":0,"comment_status":"closed","ping_status":"closed","template":"page-templates\/side-menu.php","meta":{"_bbp_topic_count":0,"_bbp_reply_count":0,"_bbp_total_topic_count":0,"_bbp_total_reply_count":0,"_bbp_voice_count":0,"_bbp_anonymous_reply_count":0,"_bbp_topic_count_hidden":0,"_bbp_reply_count_hidden":0,"_bbp_forum_subforum_count":0,"footnotes":""},"class_list":["post-64","page","type-page","status-publish","hentry"],"post_mailing_queue_ids":[],"_links":{"self":[{"href":"https:\/\/agora.xtec.cat\/iegornal\/wp-json\/wp\/v2\/pages\/64","targetHints":{"allow":["GET"]}}],"collection":[{"href":"https:\/\/agora.xtec.cat\/iegornal\/wp-json\/wp\/v2\/pages"}],"about":[{"href":"https:\/\/agora.xtec.cat\/iegornal\/wp-json\/wp\/v2\/types\/page"}],"author":[{"embeddable":true,"href":"https:\/\/agora.xtec.cat\/iegornal\/wp-json\/wp\/v2\/users\/1"}],"replies":[{"embeddable":true,"href":"https:\/\/agora.xtec.cat\/iegornal\/wp-json\/wp\/v2\/comments?post=64"}],"version-history":[{"count":1,"href":"https:\/\/agora.xtec.cat\/iegornal\/wp-json\/wp\/v2\/pages\/64\/revisions"}],"predecessor-version":[{"id":1710,"href":"https:\/\/agora.xtec.cat\/iegornal\/wp-json\/wp\/v2\/pages\/64\/revisions\/1710"}],"wp:attachment":[{"href":"https:\/\/agora.xtec.cat\/iegornal\/wp-json\/wp\/v2\/media?parent=64"}],"curies":[{"name":"wp","href":"https:\/\/api.w.org\/{rel}","templated":true}]}}