{"id":5099,"date":"2022-10-01T07:01:31","date_gmt":"2022-10-01T05:01:31","guid":{"rendered":"https:\/\/agora.xtec.cat\/iegornal\/?page_id=5099"},"modified":"2025-01-25T07:28:57","modified_gmt":"2025-01-25T06:28:57","slug":"comunicacio","status":"publish","type":"page","link":"https:\/\/agora.xtec.cat\/iegornal\/serveis\/comunicacio\/","title":{"rendered":"Comunicaci\u00f3"},"content":{"rendered":"<p>A l&#8217;Institut Escola Gornal creiem que \u00e9s molt important una bona comunicaci\u00f3 entre el centre i les fam\u00edlies. \u00c9s per aquest motiu, que posem una especial atenci\u00f3 en aquest tema i disposem de diferents canals, a trav\u00e9s dels quals intentem arribar a tothom. Aquests canals de comunicaci\u00f3 s\u00f3n:<\/p>\n<h5>Reunions de nivell a inici de curs<\/h5>\n<p>A principis d\u2019octubre es fan les reunions generals de cada nivell (d&#8217;I3 a 4t d&#8217;ESO), en les que s\u2019explica l\u2019organitzaci\u00f3 del curs, els objectius a assolir, les sortides que es faran i altres informacions d\u2019inter\u00e8s.<\/p>\n<h5 data-adtags-visited=\"true\">Entrevistes individuals<\/h5>\n<p data-adtags-visited=\"true\">L\u2019objectiu d\u2019aquestes reunions \u00e9s informar a les fam\u00edlies sobre el proc\u00e9s escolar dels seus fill i filles, i per tractar de qualsevol tema que es cregui oport\u00fa<\/p>\n<h5 data-adtags-visited=\"true\"><span style=\"font-family: inherit; font-size: 1em;\">Informes escolars<\/span><\/h5>\n<p data-adtags-visited=\"true\">A\u00a0<strong>Educaci\u00f3 Infantil<\/strong> s\u2019entrega un informe\u00a0a les fam\u00edlies al mes de mar\u00e7 sobre l\u2019evoluci\u00f3 dels seus fills i filles.\u00a0 Els informes es donen en una entrevista amb la fam\u00edlia.<\/p>\n<p data-adtags-visited=\"true\">A\u00a0<strong>Educaci\u00f3 Prim\u00e0ria<\/strong> s\u2019entreguen tres informes escolars a les fam\u00edlies: Nadal, Setmana Santa i al mes de Juny. Els informes de final de Nadal i final curs es donen en una entrevista.<\/p>\n<p>A\u00a0<strong>Educaci\u00f3 Secund\u00e0ria<\/strong>\u00a0s\u2019entreguen tres informes escolars a les fam\u00edlies: Nadal, Setmana Santa i al mes de Juny. Els informes de final de Nadal i final curs es donen en una entrevista.<\/p>\n<h5>Plafons informatius<\/h5>\n<p data-adtags-visited=\"true\">\u00a0El centre compta amb dos plafons informatius on es pengen totes les informacions m\u00e9s importants del curs: a<span style=\"font-family: inherit; font-size: 1em;\">l porxo d&#8217;entrada principal i a<\/span><span style=\"font-family: inherit; font-size: 1em;\">l porxo d&#8217;entrada a educaci\u00f3 infantil.<\/span><\/p>\n<h5>P\u00e0gina WEB<\/h5>\n<p data-adtags-visited=\"true\">La p\u00e0gina web de l\u2019escola \u00e9s una altre canal de comunicaci\u00f3 amb les fam\u00edlies. Es va actualitzant peri\u00f2dicament, i en ella es pengen des d\u2019informacions interessants a activitats que han fet els nens i les nenes a les aules.<\/p>\n<h5 data-adtags-visited=\"true\">APP Dinantia<\/h5>\n<p data-adtags-visited=\"true\">Dinantia es una plataforma de comunicaci\u00f3 web y m\u00f3vil. Es tracta d\u2019una eina senzilla i r\u00e0pida amb la qual les fam\u00edlies rebreu al vostre m\u00f2bil les notificacions oficials del centre, informaci\u00f3 directa i immediata del tutor i tutora dels vostres fills\/es, recordatoris importants, etc.<\/p>\n<p>Per poder-la utilitzar, cal que tinguem el vostre mail de contacte, actualitzat.<\/p>\n<p data-adtags-visited=\"true\">\n","protected":false},"excerpt":{"rendered":"<p>A l&#8217;Institut Escola Gornal creiem que \u00e9s molt important una bona comunicaci\u00f3 entre el centre i les fam\u00edlies. \u00c9s per aquest motiu, que posem una especial atenci\u00f3 en aquest tema i disposem de diferents canals, a trav\u00e9s dels quals intentem arribar a tothom. Aquests canals&hellip;  <a href=\"https:\/\/agora.xtec.cat\/iegornal\/serveis\/comunicacio\/\" title=\"Read Comunicaci\u00f3\">Llegeix m\u00e9s\u00bb<\/a><\/p>\n","protected":false},"author":1,"featured_media":0,"parent":66,"menu_order":0,"comment_status":"closed","ping_status":"closed","template":"page-templates\/side-menu.php","meta":{"_bbp_topic_count":0,"_bbp_reply_count":0,"_bbp_total_topic_count":0,"_bbp_total_reply_count":0,"_bbp_voice_count":0,"_bbp_anonymous_reply_count":0,"_bbp_topic_count_hidden":0,"_bbp_reply_count_hidden":0,"_bbp_forum_subforum_count":0,"footnotes":""},"class_list":["post-5099","page","type-page","status-publish","hentry"],"post_mailing_queue_ids":[],"_links":{"self":[{"href":"https:\/\/agora.xtec.cat\/iegornal\/wp-json\/wp\/v2\/pages\/5099","targetHints":{"allow":["GET"]}}],"collection":[{"href":"https:\/\/agora.xtec.cat\/iegornal\/wp-json\/wp\/v2\/pages"}],"about":[{"href":"https:\/\/agora.xtec.cat\/iegornal\/wp-json\/wp\/v2\/types\/page"}],"author":[{"embeddable":true,"href":"https:\/\/agora.xtec.cat\/iegornal\/wp-json\/wp\/v2\/users\/1"}],"replies":[{"embeddable":true,"href":"https:\/\/agora.xtec.cat\/iegornal\/wp-json\/wp\/v2\/comments?post=5099"}],"version-history":[{"count":5,"href":"https:\/\/agora.xtec.cat\/iegornal\/wp-json\/wp\/v2\/pages\/5099\/revisions"}],"predecessor-version":[{"id":5273,"href":"https:\/\/agora.xtec.cat\/iegornal\/wp-json\/wp\/v2\/pages\/5099\/revisions\/5273"}],"up":[{"embeddable":true,"href":"https:\/\/agora.xtec.cat\/iegornal\/wp-json\/wp\/v2\/pages\/66"}],"wp:attachment":[{"href":"https:\/\/agora.xtec.cat\/iegornal\/wp-json\/wp\/v2\/media?parent=5099"}],"curies":[{"name":"wp","href":"https:\/\/api.w.org\/{rel}","templated":true}]}}