{"id":32,"date":"2014-09-18T12:31:33","date_gmt":"2014-09-18T11:31:33","guid":{"rendered":"http:\/\/agora.xtec.cat\/iegornal\/?page_id=32"},"modified":"2025-01-25T06:44:13","modified_gmt":"2025-01-25T05:44:13","slug":"calendari-del-curs","status":"publish","type":"page","link":"https:\/\/agora.xtec.cat\/iegornal\/lescola\/calendari-del-curs\/","title":{"rendered":"Horari i Calendari el curs"},"content":{"rendered":"<h4>L\u2019<b>horari lectiu<\/b> del centre \u00e9s:<\/h4>\n<p><strong>Infantil i Prim\u00e0ria<\/strong>: mat\u00ed de 9 a 13:30 h. i tarda de 15 a 16:30 h.<\/p>\n<p><strong>Secund\u00e0ria<\/strong>: mat\u00ed de <span style=\"font-weight: 400;\">8:45 h.\u00a0 a 14h.<\/span> i tarda de <span style=\"font-weight: 400;\">15:15 h. a 16:25 h.<\/span><\/p>\n<p style=\"text-align: justify;\">Per als alumnes que inicien l\u2019escolaritzaci\u00f3 a I3 s\u2019organitza un breu per\u00edode d\u2019adaptaci\u00f3 que suposa una modificaci\u00f3 dels horaris de setembre i que es fa saber a les fam\u00edlies en les reunions pr\u00e8vies corresponents.<\/p>\n<h4><strong>Inici de curs<\/strong><\/h4>\n<p><strong>9 de setembre de 2024<\/strong>: inici de les classes al segon cicle de l&#8217;educaci\u00f3 infantil, a l&#8217;educaci\u00f3 prim\u00e0ria i secund\u00e0ria.<\/p>\n<h4><strong>Vacances:<\/strong><\/h4>\n<p><strong>Del 21 de desembre de 2024 al 7 de gener de 2025<\/strong>: vacances de Nadal.<\/p>\n<p><strong>Del 12 al 21 d&#8217;abril de 2025<\/strong>: vacances de Setmana Santa.<\/p>\n<p><strong>20 de juny de 2025<\/strong>: acaben les classes a a l&#8217;educaci\u00f3 infantil, prim\u00e0ria i secund\u00e0ria.<\/p>\n<h4><strong>Dies festius de lliure disposici\u00f3:<\/strong><\/h4>\n<p>4 de novembre 2024<\/p>\n<p>5 de desembre de 2024<\/p>\n<p>3 de mar\u00e7 de 2025<\/p>\n<p>2 de maig de 2025<\/p>\n<h4><strong>Dies festius locals<\/strong><\/h4>\n<p>24 de setembre de 2024<\/p>\n<p>9 de juny de 2025<\/p>\n<h4><strong>Jornada continuada:<\/strong><\/h4>\n<p>21 de desembre de 2024<\/p>\n<p>Del 9 de juny al 20 de juny de 2025<\/p>\n<p>&nbsp;<\/p>\n<p>&nbsp;<\/p>\n","protected":false},"excerpt":{"rendered":"<p>L\u2019horari lectiu del centre \u00e9s:<br \/>\nInfantil i Prim\u00e0ria: mat\u00ed de 9 a 13:30 h. i tarda de 15 a 16:30 h.<br \/>\nSecund\u00e0ria: mat\u00ed de 8:45 h.\u00a0 a 14h. i tarda de 15:15 h. a 16:25 h.<br \/>\nPer als alumnes que inicien l\u2019escolaritzaci\u00f3 a I3 s\u2019organitza un breu per\u00edode&hellip;  <a href=\"https:\/\/agora.xtec.cat\/iegornal\/lescola\/calendari-del-curs\/\" title=\"Read Horari i Calendari el curs\">Llegeix m\u00e9s\u00bb<\/a><\/p>\n","protected":false},"author":1,"featured_media":0,"parent":22,"menu_order":50,"comment_status":"closed","ping_status":"closed","template":"page-templates\/side-menu.php","meta":{"_bbp_topic_count":0,"_bbp_reply_count":0,"_bbp_total_topic_count":0,"_bbp_total_reply_count":0,"_bbp_voice_count":0,"_bbp_anonymous_reply_count":0,"_bbp_topic_count_hidden":0,"_bbp_reply_count_hidden":0,"_bbp_forum_subforum_count":0,"footnotes":""},"class_list":["post-32","page","type-page","status-publish","hentry"],"post_mailing_queue_ids":[],"_links":{"self":[{"href":"https:\/\/agora.xtec.cat\/iegornal\/wp-json\/wp\/v2\/pages\/32","targetHints":{"allow":["GET"]}}],"collection":[{"href":"https:\/\/agora.xtec.cat\/iegornal\/wp-json\/wp\/v2\/pages"}],"about":[{"href":"https:\/\/agora.xtec.cat\/iegornal\/wp-json\/wp\/v2\/types\/page"}],"author":[{"embeddable":true,"href":"https:\/\/agora.xtec.cat\/iegornal\/wp-json\/wp\/v2\/users\/1"}],"replies":[{"embeddable":true,"href":"https:\/\/agora.xtec.cat\/iegornal\/wp-json\/wp\/v2\/comments?post=32"}],"version-history":[{"count":4,"href":"https:\/\/agora.xtec.cat\/iegornal\/wp-json\/wp\/v2\/pages\/32\/revisions"}],"predecessor-version":[{"id":5265,"href":"https:\/\/agora.xtec.cat\/iegornal\/wp-json\/wp\/v2\/pages\/32\/revisions\/5265"}],"up":[{"embeddable":true,"href":"https:\/\/agora.xtec.cat\/iegornal\/wp-json\/wp\/v2\/pages\/22"}],"wp:attachment":[{"href":"https:\/\/agora.xtec.cat\/iegornal\/wp-json\/wp\/v2\/media?parent=32"}],"curies":[{"name":"wp","href":"https:\/\/api.w.org\/{rel}","templated":true}]}}