{"id":28,"date":"2014-09-18T12:29:35","date_gmt":"2014-09-18T11:29:35","guid":{"rendered":"http:\/\/agora.xtec.cat\/iegornal\/?page_id=28"},"modified":"2025-01-25T07:49:44","modified_gmt":"2025-01-25T06:49:44","slug":"consell-escolar","status":"publish","type":"page","link":"https:\/\/agora.xtec.cat\/iegornal\/lescola\/consell-escolar\/","title":{"rendered":"Consell escolar"},"content":{"rendered":"<p style=\"text-align: justify;\">El consell escolar \u00e9s el principal \u00f2rgan de participaci\u00f3 en la vida del centre, ja que acull les veus dels docents, alumnat, fam\u00edlies, personal d\u2019administraci\u00f3 i de serveis, entitats ciutadanes i de l\u2019administraci\u00f3 p\u00fablica, etc. Per mitj\u00e0 del Consell Escolar es pot contribuir a la construcci\u00f3 d\u2019una millor educaci\u00f3 per l\u2019alumnat actual del centre i tamb\u00e9 de les generacions seg\u00fcents.<\/p>\n<p style=\"text-align: justify;\">Els seus membres poden estar com a representants durant quatre anys. S\u2019escullen cada dos anys aquells membres que han de ser substitu\u00efts.<\/p>\n<p style=\"color: #444444;\">\n","protected":false},"excerpt":{"rendered":"<p>El consell escolar \u00e9s el principal \u00f2rgan de participaci\u00f3 en la vida del centre, ja que acull les veus dels docents, alumnat, fam\u00edlies, personal d\u2019administraci\u00f3 i de serveis, entitats ciutadanes i de l\u2019administraci\u00f3 p\u00fablica, etc. Per mitj\u00e0 del Consell Escolar es pot contribuir a la&hellip;  <a href=\"https:\/\/agora.xtec.cat\/iegornal\/lescola\/consell-escolar\/\" title=\"Read Consell escolar\">Llegeix m\u00e9s\u00bb<\/a><\/p>\n","protected":false},"author":1,"featured_media":0,"parent":22,"menu_order":30,"comment_status":"closed","ping_status":"closed","template":"page-templates\/side-menu.php","meta":{"_bbp_topic_count":0,"_bbp_reply_count":0,"_bbp_total_topic_count":0,"_bbp_total_reply_count":0,"_bbp_voice_count":0,"_bbp_anonymous_reply_count":0,"_bbp_topic_count_hidden":0,"_bbp_reply_count_hidden":0,"_bbp_forum_subforum_count":0,"footnotes":""},"class_list":["post-28","page","type-page","status-publish","hentry"],"post_mailing_queue_ids":[],"_links":{"self":[{"href":"https:\/\/agora.xtec.cat\/iegornal\/wp-json\/wp\/v2\/pages\/28","targetHints":{"allow":["GET"]}}],"collection":[{"href":"https:\/\/agora.xtec.cat\/iegornal\/wp-json\/wp\/v2\/pages"}],"about":[{"href":"https:\/\/agora.xtec.cat\/iegornal\/wp-json\/wp\/v2\/types\/page"}],"author":[{"embeddable":true,"href":"https:\/\/agora.xtec.cat\/iegornal\/wp-json\/wp\/v2\/users\/1"}],"replies":[{"embeddable":true,"href":"https:\/\/agora.xtec.cat\/iegornal\/wp-json\/wp\/v2\/comments?post=28"}],"version-history":[{"count":7,"href":"https:\/\/agora.xtec.cat\/iegornal\/wp-json\/wp\/v2\/pages\/28\/revisions"}],"predecessor-version":[{"id":5284,"href":"https:\/\/agora.xtec.cat\/iegornal\/wp-json\/wp\/v2\/pages\/28\/revisions\/5284"}],"up":[{"embeddable":true,"href":"https:\/\/agora.xtec.cat\/iegornal\/wp-json\/wp\/v2\/pages\/22"}],"wp:attachment":[{"href":"https:\/\/agora.xtec.cat\/iegornal\/wp-json\/wp\/v2\/media?parent=28"}],"curies":[{"name":"wp","href":"https:\/\/api.w.org\/{rel}","templated":true}]}}