{"id":2338,"date":"2020-03-19T11:18:40","date_gmt":"2020-03-19T10:18:40","guid":{"rendered":"http:\/\/agora.xtec.cat\/iegornal\/?page_id=2338"},"modified":"2020-03-19T11:23:41","modified_gmt":"2020-03-19T10:23:41","slug":"acollida-2","status":"publish","type":"page","link":"https:\/\/agora.xtec.cat\/iegornal\/serveis\/acollida-2\/","title":{"rendered":"Acollida"},"content":{"rendered":"<table style=\"border-color: #ffffff;\">\n<tbody>\n<tr>\n<td style=\"width: 238px; border-color: #ffffff;\"><a href=\"https:\/\/agora.xtec.cat\/iegornal\/wp-content\/uploads\/usu1897\/2020\/03\/bon-dia.jpg\"><img loading=\"lazy\" decoding=\"async\" class=\"alignnone wp-image-2339\" src=\"https:\/\/agora.xtec.cat\/iegornal\/wp-content\/uploads\/usu1897\/2020\/03\/bon-dia-843x1024.jpg\" alt=\"\" width=\"240\" height=\"292\" srcset=\"https:\/\/agora.xtec.cat\/iegornal\/wp-content\/uploads\/usu1897\/2020\/03\/bon-dia-843x1024.jpg 843w, https:\/\/agora.xtec.cat\/iegornal\/wp-content\/uploads\/usu1897\/2020\/03\/bon-dia-247x300.jpg 247w, https:\/\/agora.xtec.cat\/iegornal\/wp-content\/uploads\/usu1897\/2020\/03\/bon-dia-768x932.jpg 768w, https:\/\/agora.xtec.cat\/iegornal\/wp-content\/uploads\/usu1897\/2020\/03\/bon-dia.jpg 897w\" sizes=\"auto, (max-width: 240px) 100vw, 240px\" \/><\/a><\/td>\n<td style=\"width: 480px; border-color: #ffffff;\">\n<p style=\"text-align: justify;\">Per tal de facilitar la conciliaci\u00f3 de la vida laboral amb els horaris escolars, l\u2019institut escola posa a la vostra disposici\u00f3 un servei d\u2019acollida matinal previ a l\u2019inici de les classes, de de les 8:15 hores fins a les 9:00 hores, durant tots els dies lectius.<br \/>\nAquest servei est\u00e0 pensat per a les fam\u00edlies que comencen a treballar molt d\u2019hora al mat\u00ed i necessiten que els nens i les nenes estiguin atesos mentre no comencen les classes, oferint un espai agradable i l\u00fadic.<\/p>\n<p style=\"text-align: justify;\">Tamb\u00e9 est\u00e0 pensat per a les fam\u00edlies que necessiten utilitzar aquest servei d\u2019una manera espor\u00e0dica i puntual.<\/p>\n<\/td>\n<\/tr>\n<\/tbody>\n<\/table>\n<p style=\"text-align: justify;\">\n","protected":false},"excerpt":{"rendered":"<p><a href=\"https:\/\/agora.xtec.cat\/iegornal\/wp-content\/uploads\/usu1897\/2020\/03\/bon-dia.jpg\"><\/a><\/p>\n<p>Per tal de facilitar la conciliaci\u00f3 de la vida laboral amb els horaris escolars, l\u2019institut escola posa a la vostra disposici\u00f3 un servei d\u2019acollida matinal previ a l\u2019inici de les classes, de de les 8:15 hores fins a les 9:00 hores, durant tots els&hellip;  <a href=\"https:\/\/agora.xtec.cat\/iegornal\/serveis\/acollida-2\/\" title=\"Read Acollida\">Llegeix m\u00e9s\u00bb<\/a><\/p>\n","protected":false},"author":1,"featured_media":0,"parent":66,"menu_order":0,"comment_status":"closed","ping_status":"closed","template":"page-templates\/side-menu.php","meta":{"_bbp_topic_count":0,"_bbp_reply_count":0,"_bbp_total_topic_count":0,"_bbp_total_reply_count":0,"_bbp_voice_count":0,"_bbp_anonymous_reply_count":0,"_bbp_topic_count_hidden":0,"_bbp_reply_count_hidden":0,"_bbp_forum_subforum_count":0,"footnotes":""},"class_list":["post-2338","page","type-page","status-publish","hentry"],"post_mailing_queue_ids":[],"_links":{"self":[{"href":"https:\/\/agora.xtec.cat\/iegornal\/wp-json\/wp\/v2\/pages\/2338","targetHints":{"allow":["GET"]}}],"collection":[{"href":"https:\/\/agora.xtec.cat\/iegornal\/wp-json\/wp\/v2\/pages"}],"about":[{"href":"https:\/\/agora.xtec.cat\/iegornal\/wp-json\/wp\/v2\/types\/page"}],"author":[{"embeddable":true,"href":"https:\/\/agora.xtec.cat\/iegornal\/wp-json\/wp\/v2\/users\/1"}],"replies":[{"embeddable":true,"href":"https:\/\/agora.xtec.cat\/iegornal\/wp-json\/wp\/v2\/comments?post=2338"}],"version-history":[{"count":2,"href":"https:\/\/agora.xtec.cat\/iegornal\/wp-json\/wp\/v2\/pages\/2338\/revisions"}],"predecessor-version":[{"id":2341,"href":"https:\/\/agora.xtec.cat\/iegornal\/wp-json\/wp\/v2\/pages\/2338\/revisions\/2341"}],"up":[{"embeddable":true,"href":"https:\/\/agora.xtec.cat\/iegornal\/wp-json\/wp\/v2\/pages\/66"}],"wp:attachment":[{"href":"https:\/\/agora.xtec.cat\/iegornal\/wp-json\/wp\/v2\/media?parent=2338"}],"curies":[{"name":"wp","href":"https:\/\/api.w.org\/{rel}","templated":true}]}}