{"id":22,"date":"2014-09-18T12:19:57","date_gmt":"2014-09-18T11:19:57","guid":{"rendered":"http:\/\/agora.xtec.cat\/iegornal\/?page_id=22"},"modified":"2020-09-08T11:24:46","modified_gmt":"2020-09-08T09:24:46","slug":"lescola","status":"publish","type":"page","link":"https:\/\/agora.xtec.cat\/iegornal\/lescola\/","title":{"rendered":"L&#8217;Institut Escola"},"content":{"rendered":"<table style=\"border-color: #fcfcfc;\">\n<tbody>\n<tr>\n<td style=\"border-color: #fcfcfc;\">\n<h1 style=\"text-align: center;\"><a href=\"https:\/\/agora.xtec.cat\/iegornal\/lescola\/institut-escola-gornal-pec\/\">Projecte Institut Escola Gornal (3-16 anys)<\/a><\/h1>\n<\/td>\n<\/tr>\n<tr>\n<td style=\"border-color: #fcfcfc;\"><a href=\"https:\/\/agora.xtec.cat\/iegornal\/wp-content\/uploads\/usu1897\/2019\/03\/Cocodrila-web.jpg\"><img loading=\"lazy\" decoding=\"async\" class=\"alignnone size-large wp-image-2051\" src=\"https:\/\/agora.xtec.cat\/iegornal\/wp-content\/uploads\/usu1897\/2019\/03\/Cocodrila-web-1024x610.jpg\" alt=\"\" width=\"1024\" height=\"610\" srcset=\"https:\/\/agora.xtec.cat\/iegornal\/wp-content\/uploads\/usu1897\/2019\/03\/Cocodrila-web-1024x610.jpg 1024w, https:\/\/agora.xtec.cat\/iegornal\/wp-content\/uploads\/usu1897\/2019\/03\/Cocodrila-web-300x179.jpg 300w, https:\/\/agora.xtec.cat\/iegornal\/wp-content\/uploads\/usu1897\/2019\/03\/Cocodrila-web-768x457.jpg 768w, https:\/\/agora.xtec.cat\/iegornal\/wp-content\/uploads\/usu1897\/2019\/03\/Cocodrila-web.jpg 1080w\" sizes=\"auto, (max-width: 1024px) 100vw, 1024px\" \/><\/a><\/p>\n<h2>ENDAVANT, SOM-HI!!!<\/h2>\n<p style=\"text-align: justify;\">El curs 2018-2019 vam iniciar un nou cam\u00ed, el nostre primer curs com a Institut Escola, tot un \u00e8xit!! Aquest Projecte ens fa molta il.lusi\u00f3, \u00e9s un repte de futur.<\/p>\n<p>El nostre Projecte eductiu de centre contempla l&#8217;acci\u00f3 educativa entorn a tes eixos:<\/p>\n<ul>\n<li style=\"text-align: justify;\"><strong>Tecnol\u00f2gic<\/strong> basat en l\u2019equitat digital. Fomentem l\u2019\u00fas responsable de les Tecnologies de la Informaci\u00f3 i la Comunicaci\u00f3 (TIC). Disposem de diferents dispositius (ordinadors, chromebooks, PDI, tauletes, m\u00f2bil i kits de rob\u00f2tica), fem \u00fas d\u2019entorns virtuals segurs d&#8217;aprenentatge (correu electr\u00f2nic de plataforma corporativa, moodle, i Gsuite For Education &#8211; Classroom), apliquem a les aules diferents eines educatives (drive, realitat virtual augmentada&#8230;), utilitzem materials did\u00e0ctics digitals (llibres digitals) i impulsem l\u2019educaci\u00f3 en STEAM (Ci\u00e8ncies, Tecnologia, Enginyeria i Matem\u00e0tica).<\/li>\n<li style=\"text-align: justify;\"><strong>Art\u00edstic<\/strong> basat en el desenvolupament d\u2019activitats relacionades amb el m\u00f3n de la cultura i l\u2019art a totes les etapes educatives. Es potencien les arts pl\u00e0stiques (aula d\u2019art, projectes interdisciplinars de centre\u2026), el teatre (tallers amb Pl\u00e0udite) i la dansa (desenvolupem un Projecte de dansa amb l\u2019EMMCA).<\/li>\n<li style=\"text-align: justify;\"><strong>Esportiu<\/strong> basat en promoure h\u00e0bits saludables, costums que poden influir positivament en la nostra salut (alimentaci\u00f3, activitat f\u00edsica, h\u00e0bits d\u2019higiene i descans). Afavorim l\u2019activitat f\u00edsica (programa de nataci\u00f3 educativa, iniciaci\u00f3 esportiva, sortides amb pr\u00e0ctica d\u2019exercici f\u00edsic i foment de diferents esports al Poliesportiu Gornal), impulsem programes de salut p\u00fablica (salut bucodental, h\u00e0bits saludables en coordinaci\u00f3 amb l\u2019infermera de salut p\u00fablica), i l\u2019alimentaci\u00f3 equilibrada (programa fruita i llet, men\u00fas amb productes ecol\u00f2gics, taller de menjars saludables&#8230;).<\/li>\n<\/ul>\n<p style=\"text-align: justify;\">La innovaci\u00f3 metodol\u00f2gica a les aules amb els Projectes, Espais d&#8217;aprenentatge, Grups interactius, Dansa, l&#8217;Emprenedoria &#8230; s\u00f3n paraules clau del nostre projecte, amb diferents plantejaments d&#8217;aprenentatge per adquirir les compet\u00e8ncies b\u00e0siques que han de contribuir al desenvolupament personal de tots i cadascun dels nostres alumnes.<\/p>\n<p style=\"text-align: justify;\"><span style=\"font-weight: 400;\">La nostra proposta avan\u00e7a cap a un <\/span><span style=\"font-weight: 400;\">model de centre 360<\/span><span style=\"font-weight: 400;\"> amb la participaci\u00f3 d\u2019altres actors socioeducatius a fi de respondre al repte amb una major equitat i qualitat de l\u2019educaci\u00f3, avan\u00e7ant en la igualtat d&#8217;oportunitats.\u00a0 Aix\u00f2 passa necess\u00e0riament pel treball en xarxa entre professionals de diferents \u00e0mbits, serveis i <\/span><span style=\"font-weight: 400;\">recursos de l\u2019entorn<\/span><span style=\"font-weight: 400;\"> (Pla Educatius d\u2019Entorn).\u00a0<\/span><\/p>\n<p style=\"text-align: justify;\"><span style=\"font-weight: 400;\">El resultat \u00e9s un model de jornada escolar que integra <\/span><span style=\"font-weight: 400;\">temps lectiu i no lectiu<\/span><span style=\"font-weight: 400;\"> en un mateix projecte educatiu de centre, que incorpora els recursos comunitaris a l\u2019oferta educativa, que innova en els usos del temps i l\u2019espai escolar.\u00a0<\/span><\/p>\n<p style=\"text-align: justify;\"><a href=\"https:\/\/www.educacio360.cat\/centre\/institut-escola-gornal\/\">Educaci\u00f3 360<\/a>. Educaci\u00f3 a temps complet. Connectem l\u2019educaci\u00f3 i els aprenentatges del temps lectiu i el no lectiu.<\/p>\n<\/td>\n<\/tr>\n<tr>\n<td style=\"border-color: #fcfcfc;\">\n<h3><a href=\"https:\/\/view.genial.ly\/5c89812d2682f972207f2728\/presentation-ie-gornal\">Mireu qu\u00e8 us proposem !!!<\/a><\/h3>\n<\/td>\n<\/tr>\n<tr>\n<td style=\"border-color: #fcfcfc;\">\n<h3 style=\"text-align: justify;\"><a href=\"https:\/\/agora.xtec.cat\/iegornal\/lescola\/institut-escola-gornal-pec\/\">Qu\u00e8 fem al centre?<\/a><\/h3>\n<\/td>\n<\/tr>\n<\/tbody>\n<\/table>\n<p>&nbsp;<\/p>\n","protected":false},"excerpt":{"rendered":"<p><a href=\"https:\/\/agora.xtec.cat\/iegornal\/lescola\/institut-escola-gornal-pec\/\">Projecte Institut Escola Gornal (3-16 anys)<\/a><\/p>\n<p><a href=\"https:\/\/agora.xtec.cat\/iegornal\/wp-content\/uploads\/usu1897\/2019\/03\/Cocodrila-web.jpg\"><\/a><br \/>\nENDAVANT, SOM-HI!!!<br \/>\nEl curs 2018-2019 vam iniciar un nou cam\u00ed, el nostre primer curs com a Institut Escola, tot un \u00e8xit!! Aquest Projecte ens fa molta il.lusi\u00f3, \u00e9s un repte de futur.<br \/>\nEl nostre Projecte eductiu de centre contempla l&#8217;acci\u00f3&hellip;  <a href=\"https:\/\/agora.xtec.cat\/iegornal\/lescola\/\" title=\"Read L&#8217;Institut Escola\">Llegeix m\u00e9s\u00bb<\/a><\/p>\n","protected":false},"author":1,"featured_media":0,"parent":0,"menu_order":0,"comment_status":"closed","ping_status":"closed","template":"page-templates\/side-menu.php","meta":{"_bbp_topic_count":0,"_bbp_reply_count":0,"_bbp_total_topic_count":0,"_bbp_total_reply_count":0,"_bbp_voice_count":0,"_bbp_anonymous_reply_count":0,"_bbp_topic_count_hidden":0,"_bbp_reply_count_hidden":0,"_bbp_forum_subforum_count":0,"footnotes":""},"class_list":["post-22","page","type-page","status-publish","hentry"],"post_mailing_queue_ids":[],"_links":{"self":[{"href":"https:\/\/agora.xtec.cat\/iegornal\/wp-json\/wp\/v2\/pages\/22","targetHints":{"allow":["GET"]}}],"collection":[{"href":"https:\/\/agora.xtec.cat\/iegornal\/wp-json\/wp\/v2\/pages"}],"about":[{"href":"https:\/\/agora.xtec.cat\/iegornal\/wp-json\/wp\/v2\/types\/page"}],"author":[{"embeddable":true,"href":"https:\/\/agora.xtec.cat\/iegornal\/wp-json\/wp\/v2\/users\/1"}],"replies":[{"embeddable":true,"href":"https:\/\/agora.xtec.cat\/iegornal\/wp-json\/wp\/v2\/comments?post=22"}],"version-history":[{"count":4,"href":"https:\/\/agora.xtec.cat\/iegornal\/wp-json\/wp\/v2\/pages\/22\/revisions"}],"predecessor-version":[{"id":3516,"href":"https:\/\/agora.xtec.cat\/iegornal\/wp-json\/wp\/v2\/pages\/22\/revisions\/3516"}],"wp:attachment":[{"href":"https:\/\/agora.xtec.cat\/iegornal\/wp-json\/wp\/v2\/media?parent=22"}],"curies":[{"name":"wp","href":"https:\/\/api.w.org\/{rel}","templated":true}]}}