{"id":1309,"date":"2018-02-19T09:26:43","date_gmt":"2018-02-19T08:26:43","guid":{"rendered":"http:\/\/agora.xtec.cat\/escolagornal\/?page_id=1309"},"modified":"2020-03-26T19:48:21","modified_gmt":"2020-03-26T18:48:21","slug":"padrins-lectors","status":"publish","type":"page","link":"https:\/\/agora.xtec.cat\/iegornal\/nivells\/comunitat-de-grans\/padrins-lectors\/","title":{"rendered":"Padrins lectors"},"content":{"rendered":"<p style=\"text-align: justify;\">L&#8217;apadrinament lector \u00e9s una activitat cooperativa que es realitza en parelles formades per alumnes de cinqu\u00e8 o sis\u00e8 que fan de padrins de lectura i els alumnes de parvulari, primer o segon de prim\u00e0ria que fan de fillols. El fet de ser padr\u00ed de lectura representa que l&#8217;alumne padr\u00ed adquireix el comprom\u00eds principal de vetllar per l&#8217;aprenentatge lector del seu fillol. L\u2019ajuda a aprendre a llegir, alhora que mira d&#8217;encomanar-li el gust per la lectura tot engrescant-lo a llegir.<\/p>\n<p style=\"text-align: justify;\">\u00a0<a href=\"http:\/\/agora.xtec.cat\/iegornal\/wp-content\/uploads\/usu1897\/2018\/02\/padrinslectors.jpg\"><img loading=\"lazy\" decoding=\"async\" class=\"alignnone size-large wp-image-1316\" src=\"http:\/\/agora.xtec.cat\/iegornal\/wp-content\/uploads\/usu1897\/2018\/02\/padrinslectors-1024x768.jpg\" alt=\"\" width=\"1024\" height=\"768\" srcset=\"https:\/\/agora.xtec.cat\/iegornal\/wp-content\/uploads\/usu1897\/2018\/02\/padrinslectors-1024x768.jpg 1024w, https:\/\/agora.xtec.cat\/iegornal\/wp-content\/uploads\/usu1897\/2018\/02\/padrinslectors-300x225.jpg 300w, https:\/\/agora.xtec.cat\/iegornal\/wp-content\/uploads\/usu1897\/2018\/02\/padrinslectors-768x576.jpg 768w, https:\/\/agora.xtec.cat\/iegornal\/wp-content\/uploads\/usu1897\/2018\/02\/padrinslectors-200x150.jpg 200w, https:\/\/agora.xtec.cat\/iegornal\/wp-content\/uploads\/usu1897\/2018\/02\/padrinslectors.jpg 1200w\" sizes=\"auto, (max-width: 1024px) 100vw, 1024px\" \/><\/a><\/p>\n","protected":false},"excerpt":{"rendered":"<p>L&#8217;apadrinament lector \u00e9s una activitat cooperativa que es realitza en parelles formades per alumnes de cinqu\u00e8 o sis\u00e8 que fan de padrins de lectura i els alumnes de parvulari, primer o segon de prim\u00e0ria que fan de fillols. El fet de ser padr\u00ed de lectura&hellip;  <a href=\"https:\/\/agora.xtec.cat\/iegornal\/nivells\/comunitat-de-grans\/padrins-lectors\/\" title=\"Read Padrins lectors\">Llegeix m\u00e9s\u00bb<\/a><\/p>\n","protected":false},"author":1,"featured_media":0,"parent":2389,"menu_order":0,"comment_status":"closed","ping_status":"closed","template":"page-templates\/side-menu.php","meta":{"_bbp_topic_count":0,"_bbp_reply_count":0,"_bbp_total_topic_count":0,"_bbp_total_reply_count":0,"_bbp_voice_count":0,"_bbp_anonymous_reply_count":0,"_bbp_topic_count_hidden":0,"_bbp_reply_count_hidden":0,"_bbp_forum_subforum_count":0,"footnotes":""},"class_list":["post-1309","page","type-page","status-publish","hentry"],"post_mailing_queue_ids":[],"_links":{"self":[{"href":"https:\/\/agora.xtec.cat\/iegornal\/wp-json\/wp\/v2\/pages\/1309","targetHints":{"allow":["GET"]}}],"collection":[{"href":"https:\/\/agora.xtec.cat\/iegornal\/wp-json\/wp\/v2\/pages"}],"about":[{"href":"https:\/\/agora.xtec.cat\/iegornal\/wp-json\/wp\/v2\/types\/page"}],"author":[{"embeddable":true,"href":"https:\/\/agora.xtec.cat\/iegornal\/wp-json\/wp\/v2\/users\/1"}],"replies":[{"embeddable":true,"href":"https:\/\/agora.xtec.cat\/iegornal\/wp-json\/wp\/v2\/comments?post=1309"}],"version-history":[{"count":1,"href":"https:\/\/agora.xtec.cat\/iegornal\/wp-json\/wp\/v2\/pages\/1309\/revisions"}],"predecessor-version":[{"id":2420,"href":"https:\/\/agora.xtec.cat\/iegornal\/wp-json\/wp\/v2\/pages\/1309\/revisions\/2420"}],"up":[{"embeddable":true,"href":"https:\/\/agora.xtec.cat\/iegornal\/wp-json\/wp\/v2\/pages\/2389"}],"wp:attachment":[{"href":"https:\/\/agora.xtec.cat\/iegornal\/wp-json\/wp\/v2\/media?parent=1309"}],"curies":[{"name":"wp","href":"https:\/\/api.w.org\/{rel}","templated":true}]}}