{"id":1296,"date":"2018-02-18T12:58:53","date_gmt":"2018-02-18T11:58:53","guid":{"rendered":"http:\/\/agora.xtec.cat\/escolagornal\/?page_id=1296"},"modified":"2020-03-26T19:47:45","modified_gmt":"2020-03-26T18:47:45","slug":"robotica","status":"publish","type":"page","link":"https:\/\/agora.xtec.cat\/iegornal\/nivells\/comunitat-de-grans\/robotica\/","title":{"rendered":"Rob\u00f2tica"},"content":{"rendered":"<p>La programaci\u00f3 i la rob\u00f2tica permeten fomentar el desenvolupament de la imaginaci\u00f3 i la creativitat, la reflexi\u00f3, l\u2019anticipaci\u00f3, l\u2019aprendre per assaig-error, la re-elaboraci\u00f3 del coneixement, alhora que estimula l\u2019expressi\u00f3 i comunicaci\u00f3 dels alumnes entre si i amb el mestre.<\/p>\n<p>Ens permet treballar totes les habilitats i processos de pensament\u00a0 per excel\u00b7l\u00e8ncia: l&#8217;alumnat crea,\u00a0 dissenya, construeix, planifica, produeix, idea i elabora.<\/p>\n<p>Tamb\u00e9 ens permeten introduir metodologies que responen a nous camins d\u2019innovaci\u00f3 creant el material audiovisual necessari perqu\u00e8 els nens i les nenes puguin fer un treball aut\u00f2nom que provoqui el treball col\u00b7laboratiu a l\u2019aula.<\/p>\n<blockquote class=\"wp-embedded-content\" data-secret=\"AOlZ1FlzTG\"><p><a href=\"https:\/\/agora.xtec.cat\/iegornal\/general\/edurobotika-tallers-deducacio-tecnologica-lego-education-robotix\/\">EDUROB\u00d2TIKA. Tallers d&#8217;educaci\u00f3 tecnol\u00f2gica. LEGO Education ROBOTIX<\/a><\/p><\/blockquote>\n<p><iframe loading=\"lazy\" class=\"wp-embedded-content\" sandbox=\"allow-scripts\" security=\"restricted\" style=\"position: absolute; clip: rect(1px, 1px, 1px, 1px);\" title=\"&#8220;EDUROB\u00d2TIKA. Tallers d&#8217;educaci\u00f3 tecnol\u00f2gica. LEGO Education ROBOTIX&#8221; &#8212; Institut Escola Gornal\" src=\"https:\/\/agora.xtec.cat\/iegornal\/general\/edurobotika-tallers-deducacio-tecnologica-lego-education-robotix\/embed\/#?secret=DaNvKjK3CF#?secret=AOlZ1FlzTG\" data-secret=\"AOlZ1FlzTG\" width=\"500\" height=\"282\" frameborder=\"0\" marginwidth=\"0\" marginheight=\"0\" scrolling=\"no\"><\/iframe><\/p>\n<p>El Felipe de 4t ben entusiasmat amb Rob\u00f2tica Neuron!!!<\/p>\n<p><iframe loading=\"lazy\" title=\"ROB\u00d2TICA NEURON\" width=\"500\" height=\"281\" src=\"https:\/\/www.youtube.com\/embed\/eLgbDCyO0Fk?feature=oembed\" frameborder=\"0\" allow=\"accelerometer; autoplay; clipboard-write; encrypted-media; gyroscope; picture-in-picture; web-share\" referrerpolicy=\"strict-origin-when-cross-origin\" allowfullscreen><\/iframe><br \/>\nLes alumnes de 6\u00e8 estan ben engrescades amb la rob\u00f2tica!!!<\/p>\n<p><iframe loading=\"lazy\" title=\"ACTIVITAT ROB\u00d2TICA 6\u00e8\" width=\"500\" height=\"281\" src=\"https:\/\/www.youtube.com\/embed\/cobCVqRHzHw?feature=oembed\" frameborder=\"0\" allow=\"accelerometer; autoplay; clipboard-write; encrypted-media; gyroscope; picture-in-picture; web-share\" referrerpolicy=\"strict-origin-when-cross-origin\" allowfullscreen><\/iframe><\/p>\n<p><iframe loading=\"lazy\" title=\"code bug 2018 alumnes de 5\u00e8\" width=\"500\" height=\"281\" src=\"https:\/\/www.youtube.com\/embed\/JyY54o6RghA?feature=oembed\" frameborder=\"0\" allow=\"accelerometer; autoplay; clipboard-write; encrypted-media; gyroscope; picture-in-picture; web-share\" referrerpolicy=\"strict-origin-when-cross-origin\" allowfullscreen><\/iframe><\/p>\n<blockquote class=\"wp-embedded-content\" data-secret=\"pigaZRGdoE\"><p><a href=\"https:\/\/agora.xtec.cat\/iegornal\/general\/robotica-hem-guanyat-un-premi-al-citilab\/\">Rob\u00f2tica: Hem guanyat un Premi al Citilab!!!<\/a><\/p><\/blockquote>\n<p><iframe loading=\"lazy\" class=\"wp-embedded-content\" sandbox=\"allow-scripts\" security=\"restricted\" style=\"position: absolute; clip: rect(1px, 1px, 1px, 1px);\" title=\"&#8220;Rob\u00f2tica: Hem guanyat un Premi al Citilab!!!&#8221; &#8212; Institut Escola Gornal\" src=\"https:\/\/agora.xtec.cat\/iegornal\/general\/robotica-hem-guanyat-un-premi-al-citilab\/embed\/#?secret=cLow79nmiN#?secret=pigaZRGdoE\" data-secret=\"pigaZRGdoE\" width=\"500\" height=\"282\" frameborder=\"0\" marginwidth=\"0\" marginheight=\"0\" scrolling=\"no\"><\/iframe><\/p>\n","protected":false},"excerpt":{"rendered":"<p>La programaci\u00f3 i la rob\u00f2tica permeten fomentar el desenvolupament de la imaginaci\u00f3 i la creativitat, la reflexi\u00f3, l\u2019anticipaci\u00f3, l\u2019aprendre per assaig-error, la re-elaboraci\u00f3 del coneixement, alhora que estimula l\u2019expressi\u00f3 i comunicaci\u00f3 dels alumnes entre si i amb el mestre.<br \/>\nEns permet treballar totes les habilitats i&hellip;  <a href=\"https:\/\/agora.xtec.cat\/iegornal\/nivells\/comunitat-de-grans\/robotica\/\" title=\"Read Rob\u00f2tica\">Llegeix m\u00e9s\u00bb<\/a><\/p>\n","protected":false},"author":1,"featured_media":0,"parent":2389,"menu_order":0,"comment_status":"closed","ping_status":"closed","template":"page-templates\/side-menu.php","meta":{"_bbp_topic_count":0,"_bbp_reply_count":0,"_bbp_total_topic_count":0,"_bbp_total_reply_count":0,"_bbp_voice_count":0,"_bbp_anonymous_reply_count":0,"_bbp_topic_count_hidden":0,"_bbp_reply_count_hidden":0,"_bbp_forum_subforum_count":0,"footnotes":""},"class_list":["post-1296","page","type-page","status-publish","hentry"],"post_mailing_queue_ids":[],"_links":{"self":[{"href":"https:\/\/agora.xtec.cat\/iegornal\/wp-json\/wp\/v2\/pages\/1296","targetHints":{"allow":["GET"]}}],"collection":[{"href":"https:\/\/agora.xtec.cat\/iegornal\/wp-json\/wp\/v2\/pages"}],"about":[{"href":"https:\/\/agora.xtec.cat\/iegornal\/wp-json\/wp\/v2\/types\/page"}],"author":[{"embeddable":true,"href":"https:\/\/agora.xtec.cat\/iegornal\/wp-json\/wp\/v2\/users\/1"}],"replies":[{"embeddable":true,"href":"https:\/\/agora.xtec.cat\/iegornal\/wp-json\/wp\/v2\/comments?post=1296"}],"version-history":[{"count":3,"href":"https:\/\/agora.xtec.cat\/iegornal\/wp-json\/wp\/v2\/pages\/1296\/revisions"}],"predecessor-version":[{"id":1931,"href":"https:\/\/agora.xtec.cat\/iegornal\/wp-json\/wp\/v2\/pages\/1296\/revisions\/1931"}],"up":[{"embeddable":true,"href":"https:\/\/agora.xtec.cat\/iegornal\/wp-json\/wp\/v2\/pages\/2389"}],"wp:attachment":[{"href":"https:\/\/agora.xtec.cat\/iegornal\/wp-json\/wp\/v2\/media?parent=1296"}],"curies":[{"name":"wp","href":"https:\/\/api.w.org\/{rel}","templated":true}]}}