{"id":1186,"date":"2018-02-17T06:26:29","date_gmt":"2018-02-17T05:26:29","guid":{"rendered":"http:\/\/agora.xtec.cat\/escolagornal\/?page_id=1186"},"modified":"2022-02-19T11:52:38","modified_gmt":"2022-02-19T10:52:38","slug":"ambients-2","status":"publish","type":"page","link":"https:\/\/agora.xtec.cat\/iegornal\/nivells\/educacio-infantil\/ambients-2\/","title":{"rendered":"Ambients"},"content":{"rendered":"<p style=\"text-align: justify;\">Els ambients d\u2019aprenentatge s\u00f3n espais educatius relaxats, l\u00fadics i no directius on els infants de P3, P4 i P5 aprenen a partir dels propis interessos. Es tracta d\u2019espais plens de materials i propostes i que els nens i nenes poden fer servir quan i com vulguin depenent dels seus interessos, capacitats o necessitats. Els infants tenen la possibilitat de construir i compartir coneixements amb la resta de companys\/es i adults.<\/p>\n<p>S\u00f3n propostes on els infants poden observar, experimentar, construir, .. .<\/p>\n<h5>Ambient de lletres<\/h5>\n<p style=\"text-align: justify;\">Ambient on es potencia el llenguatge oral i escrit, perseguint el plaer per la lectura, l\u2019escriptura i la dramatitzaci\u00f3 de contes. A trav\u00e9s d\u2019activitats que els facin parlar com titelles, daus per inventar hist\u00f2ries, explicar-se contes, per exemple. El llenguatge escrit es potencia amb espais com el d\u2019escriure cartes, inventar-se contes, fer lletres amb plastilina, pals, tra\u00e7 de lletres\u2026<\/p>\n<table style=\"width: 100%; border-collapse: collapse; border-color: #ffffff;\">\n<tbody>\n<tr>\n<td style=\"width: 33.3333%; border-color: #fcfcfc;\"><a href=\"https:\/\/agora.xtec.cat\/iegornal\/wp-content\/uploads\/usu1897\/2022\/02\/IMG-20220217-WA0044.jpg\"><img loading=\"lazy\" decoding=\"async\" class=\"wp-image-4488 aligncenter\" src=\"https:\/\/agora.xtec.cat\/iegornal\/wp-content\/uploads\/usu1897\/2022\/02\/IMG-20220217-WA0044.jpg\" alt=\"\" width=\"215\" height=\"287\" srcset=\"https:\/\/agora.xtec.cat\/iegornal\/wp-content\/uploads\/usu1897\/2022\/02\/IMG-20220217-WA0044.jpg 768w, https:\/\/agora.xtec.cat\/iegornal\/wp-content\/uploads\/usu1897\/2022\/02\/IMG-20220217-WA0044-225x300.jpg 225w\" sizes=\"auto, (max-width: 215px) 100vw, 215px\" \/><\/a><\/td>\n<td style=\"width: 33.3333%; border-color: #fcfcfc;\"><a href=\"https:\/\/agora.xtec.cat\/iegornal\/wp-content\/uploads\/usu1897\/2022\/02\/IMG-20220217-WA0048.jpg\"><img loading=\"lazy\" decoding=\"async\" class=\"wp-image-4491 aligncenter\" src=\"https:\/\/agora.xtec.cat\/iegornal\/wp-content\/uploads\/usu1897\/2022\/02\/IMG-20220217-WA0048.jpg\" alt=\"\" width=\"215\" height=\"287\" srcset=\"https:\/\/agora.xtec.cat\/iegornal\/wp-content\/uploads\/usu1897\/2022\/02\/IMG-20220217-WA0048.jpg 768w, https:\/\/agora.xtec.cat\/iegornal\/wp-content\/uploads\/usu1897\/2022\/02\/IMG-20220217-WA0048-225x300.jpg 225w\" sizes=\"auto, (max-width: 215px) 100vw, 215px\" \/><\/a><\/td>\n<td style=\"width: 33.3333%; border-color: #fcfcfc;\"><a href=\"https:\/\/agora.xtec.cat\/iegornal\/wp-content\/uploads\/usu1897\/2022\/02\/IMG-20220217-WA0043.jpg\"><img loading=\"lazy\" decoding=\"async\" class=\"wp-image-4487 aligncenter\" src=\"https:\/\/agora.xtec.cat\/iegornal\/wp-content\/uploads\/usu1897\/2022\/02\/IMG-20220217-WA0043.jpg\" alt=\"\" width=\"215\" height=\"287\" srcset=\"https:\/\/agora.xtec.cat\/iegornal\/wp-content\/uploads\/usu1897\/2022\/02\/IMG-20220217-WA0043.jpg 768w, https:\/\/agora.xtec.cat\/iegornal\/wp-content\/uploads\/usu1897\/2022\/02\/IMG-20220217-WA0043-225x300.jpg 225w\" sizes=\"auto, (max-width: 215px) 100vw, 215px\" \/><\/a><\/td>\n<\/tr>\n<tr>\n<td style=\"width: 33.3333%; border-color: #fcfcfc;\"><a href=\"https:\/\/agora.xtec.cat\/iegornal\/wp-content\/uploads\/usu1897\/2022\/02\/IMG-20220217-WA0046.jpg\"><img loading=\"lazy\" decoding=\"async\" class=\"wp-image-4490 aligncenter\" src=\"https:\/\/agora.xtec.cat\/iegornal\/wp-content\/uploads\/usu1897\/2022\/02\/IMG-20220217-WA0046.jpg\" alt=\"\" width=\"215\" height=\"287\" srcset=\"https:\/\/agora.xtec.cat\/iegornal\/wp-content\/uploads\/usu1897\/2022\/02\/IMG-20220217-WA0046.jpg 768w, https:\/\/agora.xtec.cat\/iegornal\/wp-content\/uploads\/usu1897\/2022\/02\/IMG-20220217-WA0046-225x300.jpg 225w\" sizes=\"auto, (max-width: 215px) 100vw, 215px\" \/><\/a><\/td>\n<td style=\"width: 33.3333%; border-color: #fcfcfc;\"><a href=\"https:\/\/agora.xtec.cat\/iegornal\/wp-content\/uploads\/usu1897\/2022\/02\/IMG-20220217-WA0045.jpg\"><img loading=\"lazy\" decoding=\"async\" class=\"wp-image-4489 aligncenter\" src=\"https:\/\/agora.xtec.cat\/iegornal\/wp-content\/uploads\/usu1897\/2022\/02\/IMG-20220217-WA0045.jpg\" alt=\"\" width=\"215\" height=\"287\" srcset=\"https:\/\/agora.xtec.cat\/iegornal\/wp-content\/uploads\/usu1897\/2022\/02\/IMG-20220217-WA0045.jpg 768w, https:\/\/agora.xtec.cat\/iegornal\/wp-content\/uploads\/usu1897\/2022\/02\/IMG-20220217-WA0045-225x300.jpg 225w\" sizes=\"auto, (max-width: 215px) 100vw, 215px\" \/><\/a><\/td>\n<td style=\"width: 33.3333%; border-color: #fcfcfc;\"><a href=\"https:\/\/agora.xtec.cat\/iegornal\/wp-content\/uploads\/usu1897\/2022\/02\/IMG-20220217-WA0059.jpg\"><img loading=\"lazy\" decoding=\"async\" class=\"wp-image-4492 aligncenter\" src=\"https:\/\/agora.xtec.cat\/iegornal\/wp-content\/uploads\/usu1897\/2022\/02\/IMG-20220217-WA0059.jpg\" alt=\"\" width=\"215\" height=\"287\" srcset=\"https:\/\/agora.xtec.cat\/iegornal\/wp-content\/uploads\/usu1897\/2022\/02\/IMG-20220217-WA0059.jpg 768w, https:\/\/agora.xtec.cat\/iegornal\/wp-content\/uploads\/usu1897\/2022\/02\/IMG-20220217-WA0059-225x300.jpg 225w\" sizes=\"auto, (max-width: 215px) 100vw, 215px\" \/><\/a><\/td>\n<\/tr>\n<\/tbody>\n<\/table>\n<h5 style=\"text-align: justify;\">Ambient de n\u00fameros<\/h5>\n<p style=\"text-align: justify;\">Es proposa una s\u00e8rie de jocs, activitats on els infants poden recon\u00e8ixer, relacionar, ordenar, experimentar per desenvolupar el seu raonament matem\u00e0tic. Tamb\u00e9 ordre, reconeixement i tra\u00e7 de n\u00fameros.<\/p>\n<p>&nbsp;<\/p>\n<table style=\"width: 90.0827%; border-collapse: collapse; border-color: #fcfcfc; height: 742px;\">\n<tbody>\n<tr>\n<td style=\"width: 102.148%; border-color: #fffcfc;\" colspan=\"3\"><a href=\"https:\/\/agora.xtec.cat\/iegornal\/wp-content\/uploads\/usu1897\/2022\/02\/IMG-20220217-WA0047.jpg\"><img loading=\"lazy\" decoding=\"async\" class=\"wp-image-4493 aligncenter\" src=\"https:\/\/agora.xtec.cat\/iegornal\/wp-content\/uploads\/usu1897\/2022\/02\/IMG-20220217-WA0047.jpg\" alt=\"\" width=\"484\" height=\"363\" srcset=\"https:\/\/agora.xtec.cat\/iegornal\/wp-content\/uploads\/usu1897\/2022\/02\/IMG-20220217-WA0047.jpg 1024w, https:\/\/agora.xtec.cat\/iegornal\/wp-content\/uploads\/usu1897\/2022\/02\/IMG-20220217-WA0047-300x225.jpg 300w, https:\/\/agora.xtec.cat\/iegornal\/wp-content\/uploads\/usu1897\/2022\/02\/IMG-20220217-WA0047-768x576.jpg 768w, https:\/\/agora.xtec.cat\/iegornal\/wp-content\/uploads\/usu1897\/2022\/02\/IMG-20220217-WA0047-200x150.jpg 200w\" sizes=\"auto, (max-width: 484px) 100vw, 484px\" \/><\/a><\/td>\n<\/tr>\n<tr>\n<td style=\"width: 48.9925%; border-color: #fffcfc;\" colspan=\"2\"><a href=\"https:\/\/agora.xtec.cat\/iegornal\/wp-content\/uploads\/usu1897\/2022\/02\/IMG-20220217-WA0058.jpg\"><img loading=\"lazy\" decoding=\"async\" class=\"wp-image-4495 aligncenter\" src=\"https:\/\/agora.xtec.cat\/iegornal\/wp-content\/uploads\/usu1897\/2022\/02\/IMG-20220217-WA0058.jpg\" alt=\"\" width=\"259\" height=\"346\" srcset=\"https:\/\/agora.xtec.cat\/iegornal\/wp-content\/uploads\/usu1897\/2022\/02\/IMG-20220217-WA0058.jpg 768w, https:\/\/agora.xtec.cat\/iegornal\/wp-content\/uploads\/usu1897\/2022\/02\/IMG-20220217-WA0058-225x300.jpg 225w\" sizes=\"auto, (max-width: 259px) 100vw, 259px\" \/><\/a><\/td>\n<td style=\"width: 53.1558%; border-color: #fffcfc;\"><a href=\"https:\/\/agora.xtec.cat\/iegornal\/wp-content\/uploads\/usu1897\/2022\/02\/IMG-20220217-WA0055.jpg\"><img loading=\"lazy\" decoding=\"async\" class=\"wp-image-4494 aligncenter\" src=\"https:\/\/agora.xtec.cat\/iegornal\/wp-content\/uploads\/usu1897\/2022\/02\/IMG-20220217-WA0055.jpg\" alt=\"\" width=\"259\" height=\"346\" srcset=\"https:\/\/agora.xtec.cat\/iegornal\/wp-content\/uploads\/usu1897\/2022\/02\/IMG-20220217-WA0055.jpg 768w, https:\/\/agora.xtec.cat\/iegornal\/wp-content\/uploads\/usu1897\/2022\/02\/IMG-20220217-WA0055-225x300.jpg 225w\" sizes=\"auto, (max-width: 259px) 100vw, 259px\" \/><\/a><\/td>\n<\/tr>\n<\/tbody>\n<\/table>\n<h5>Ambient de Construccions<\/h5>\n<p style=\"text-align: justify;\">Experimenten amb el material, descobreixen les formes geom\u00e8triques i les ressegueixen, es fixen amb la forma i com poden jugar amb elles. Fent composicions amb les diferents formes. Experimenten amb la mida el volum, l\u2019al\u00e7ada l\u2019equilibri i la simetria.<\/p>\n<table style=\"width: 100%; border-collapse: collapse; border-color: #fcfcfc;\">\n<tbody>\n<tr>\n<td style=\"width: 33.3333%; border-color: #fffcfc;\"><a href=\"https:\/\/agora.xtec.cat\/iegornal\/wp-content\/uploads\/usu1897\/2022\/02\/IMG-20220217-WA0056.jpg\"><img loading=\"lazy\" decoding=\"async\" class=\"wp-image-4497 aligncenter\" src=\"https:\/\/agora.xtec.cat\/iegornal\/wp-content\/uploads\/usu1897\/2022\/02\/IMG-20220217-WA0056.jpg\" alt=\"\" width=\"250\" height=\"333\" srcset=\"https:\/\/agora.xtec.cat\/iegornal\/wp-content\/uploads\/usu1897\/2022\/02\/IMG-20220217-WA0056.jpg 768w, https:\/\/agora.xtec.cat\/iegornal\/wp-content\/uploads\/usu1897\/2022\/02\/IMG-20220217-WA0056-225x300.jpg 225w\" sizes=\"auto, (max-width: 250px) 100vw, 250px\" \/><\/a><\/td>\n<td style=\"width: 33.3333%; border-color: #fffcfc;\" colspan=\"2\"><a href=\"https:\/\/agora.xtec.cat\/iegornal\/wp-content\/uploads\/usu1897\/2022\/02\/IMG-20220217-WA0057.jpg\"><img loading=\"lazy\" decoding=\"async\" class=\"wp-image-4498 aligncenter\" src=\"https:\/\/agora.xtec.cat\/iegornal\/wp-content\/uploads\/usu1897\/2022\/02\/IMG-20220217-WA0057.jpg\" alt=\"\" width=\"250\" height=\"333\" srcset=\"https:\/\/agora.xtec.cat\/iegornal\/wp-content\/uploads\/usu1897\/2022\/02\/IMG-20220217-WA0057.jpg 768w, https:\/\/agora.xtec.cat\/iegornal\/wp-content\/uploads\/usu1897\/2022\/02\/IMG-20220217-WA0057-225x300.jpg 225w\" sizes=\"auto, (max-width: 250px) 100vw, 250px\" \/><\/a><\/td>\n<\/tr>\n<\/tbody>\n<\/table>\n<h5>Ambient de motricitat fina<\/h5>\n<p>Treballen la coordinaci\u00f3 ull-m\u00e0, la precisi\u00f3 i els moviments amb els dits.<\/p>\n<table style=\"width: 100%; border-collapse: collapse; border-color: #fcfcfc;\">\n<tbody>\n<tr>\n<td style=\"width: 33.3333%; border-color: #ffffff;\"><a href=\"https:\/\/agora.xtec.cat\/iegornal\/wp-content\/uploads\/usu1897\/2022\/02\/IMG-20220217-WA0049.jpg\"><img loading=\"lazy\" decoding=\"async\" class=\"wp-image-4500 aligncenter\" src=\"https:\/\/agora.xtec.cat\/iegornal\/wp-content\/uploads\/usu1897\/2022\/02\/IMG-20220217-WA0049.jpg\" alt=\"\" width=\"220\" height=\"294\" srcset=\"https:\/\/agora.xtec.cat\/iegornal\/wp-content\/uploads\/usu1897\/2022\/02\/IMG-20220217-WA0049.jpg 768w, https:\/\/agora.xtec.cat\/iegornal\/wp-content\/uploads\/usu1897\/2022\/02\/IMG-20220217-WA0049-225x300.jpg 225w\" sizes=\"auto, (max-width: 220px) 100vw, 220px\" \/><\/a><\/td>\n<td style=\"width: 33.3333%; border-color: #ffffff;\"><a href=\"https:\/\/agora.xtec.cat\/iegornal\/wp-content\/uploads\/usu1897\/2022\/02\/IMG-20220217-WA0050.jpg\"><img loading=\"lazy\" decoding=\"async\" class=\"wp-image-4501 aligncenter\" src=\"https:\/\/agora.xtec.cat\/iegornal\/wp-content\/uploads\/usu1897\/2022\/02\/IMG-20220217-WA0050.jpg\" alt=\"\" width=\"220\" height=\"294\" srcset=\"https:\/\/agora.xtec.cat\/iegornal\/wp-content\/uploads\/usu1897\/2022\/02\/IMG-20220217-WA0050.jpg 768w, https:\/\/agora.xtec.cat\/iegornal\/wp-content\/uploads\/usu1897\/2022\/02\/IMG-20220217-WA0050-225x300.jpg 225w\" sizes=\"auto, (max-width: 220px) 100vw, 220px\" \/><\/a><\/td>\n<td style=\"width: 33.3333%; border-color: #ffffff;\"><a href=\"https:\/\/agora.xtec.cat\/iegornal\/wp-content\/uploads\/usu1897\/2022\/02\/IMG-20220217-WA0052.jpg\"><img loading=\"lazy\" decoding=\"async\" class=\"wp-image-4503 aligncenter\" src=\"https:\/\/agora.xtec.cat\/iegornal\/wp-content\/uploads\/usu1897\/2022\/02\/IMG-20220217-WA0052.jpg\" alt=\"\" width=\"220\" height=\"294\" srcset=\"https:\/\/agora.xtec.cat\/iegornal\/wp-content\/uploads\/usu1897\/2022\/02\/IMG-20220217-WA0052.jpg 768w, https:\/\/agora.xtec.cat\/iegornal\/wp-content\/uploads\/usu1897\/2022\/02\/IMG-20220217-WA0052-225x300.jpg 225w\" sizes=\"auto, (max-width: 220px) 100vw, 220px\" \/><\/a><\/td>\n<\/tr>\n<\/tbody>\n<\/table>\n<p>&nbsp;<\/p>\n","protected":false},"excerpt":{"rendered":"<p>Els ambients d\u2019aprenentatge s\u00f3n espais educatius relaxats, l\u00fadics i no directius on els infants de P3, P4 i P5 aprenen a partir dels propis interessos. Es tracta d\u2019espais plens de materials i propostes i que els nens i nenes poden fer servir quan i com&hellip;  <a href=\"https:\/\/agora.xtec.cat\/iegornal\/nivells\/educacio-infantil\/ambients-2\/\" title=\"Read Ambients\">Llegeix m\u00e9s\u00bb<\/a><\/p>\n","protected":false},"author":1,"featured_media":0,"parent":1190,"menu_order":0,"comment_status":"closed","ping_status":"closed","template":"page-templates\/side-menu.php","meta":{"_bbp_topic_count":0,"_bbp_reply_count":0,"_bbp_total_topic_count":0,"_bbp_total_reply_count":0,"_bbp_voice_count":0,"_bbp_anonymous_reply_count":0,"_bbp_topic_count_hidden":0,"_bbp_reply_count_hidden":0,"_bbp_forum_subforum_count":0,"footnotes":""},"class_list":["post-1186","page","type-page","status-publish","hentry"],"post_mailing_queue_ids":[],"_links":{"self":[{"href":"https:\/\/agora.xtec.cat\/iegornal\/wp-json\/wp\/v2\/pages\/1186","targetHints":{"allow":["GET"]}}],"collection":[{"href":"https:\/\/agora.xtec.cat\/iegornal\/wp-json\/wp\/v2\/pages"}],"about":[{"href":"https:\/\/agora.xtec.cat\/iegornal\/wp-json\/wp\/v2\/types\/page"}],"author":[{"embeddable":true,"href":"https:\/\/agora.xtec.cat\/iegornal\/wp-json\/wp\/v2\/users\/1"}],"replies":[{"embeddable":true,"href":"https:\/\/agora.xtec.cat\/iegornal\/wp-json\/wp\/v2\/comments?post=1186"}],"version-history":[{"count":4,"href":"https:\/\/agora.xtec.cat\/iegornal\/wp-json\/wp\/v2\/pages\/1186\/revisions"}],"predecessor-version":[{"id":4509,"href":"https:\/\/agora.xtec.cat\/iegornal\/wp-json\/wp\/v2\/pages\/1186\/revisions\/4509"}],"up":[{"embeddable":true,"href":"https:\/\/agora.xtec.cat\/iegornal\/wp-json\/wp\/v2\/pages\/1190"}],"wp:attachment":[{"href":"https:\/\/agora.xtec.cat\/iegornal\/wp-json\/wp\/v2\/media?parent=1186"}],"curies":[{"name":"wp","href":"https:\/\/api.w.org\/{rel}","templated":true}]}}