{"id":1181,"date":"2018-02-17T06:25:46","date_gmt":"2018-02-17T05:25:46","guid":{"rendered":"http:\/\/agora.xtec.cat\/escolagornal\/?page_id=1181"},"modified":"2018-02-17T06:25:46","modified_gmt":"2018-02-17T05:25:46","slug":"psicomotricitat","status":"publish","type":"page","link":"https:\/\/agora.xtec.cat\/iegornal\/nivells\/educacio-infantil\/psicomotricitat\/","title":{"rendered":"Psicomotricitat"},"content":{"rendered":"<div class=\"Estilo3\" style=\"text-align: justify;\">Treballem el m\u00e8tode Aucouturier amb l&#8217;objectiu d&#8217;afavorir el desenvolupament global i harm\u00f2nic dels infants.\u00a0La pr\u00e0ctica psicomotriu es basa en el joc lliure, \u00e9s una activitat espont\u00e0nia i permissiva que s&#8217;organitza progressivament a partir dels objectes disposats pel joc dels infants. Es tracta de deixar desenvolupar al grup un joc espontani, sense ser jutjats i sense tenir consignes precises, basant-se en el cos, el moviment i l&#8217;espai.<\/div>\n<div class=\"Estilo3\" style=\"text-align: justify;\"><\/div>\n<div class=\"Estilo3\" style=\"text-align: justify;\">\u200b\u200b<\/p>\n<table style=\"width: 722px; border-color: #fafafa;\">\n<tbody>\n<tr>\n<td style=\"width: 365px; border-color: #fafafa;\"><img loading=\"lazy\" decoding=\"async\" class=\"alignnone  wp-image-1265\" src=\"http:\/\/agora.xtec.cat\/iegornal\/wp-content\/uploads\/usu1897\/2018\/02\/IMG_6901-1024x768.jpg\" alt=\"\" width=\"313\" height=\"235\" srcset=\"https:\/\/agora.xtec.cat\/iegornal\/wp-content\/uploads\/usu1897\/2018\/02\/IMG_6901-1024x768.jpg 1024w, https:\/\/agora.xtec.cat\/iegornal\/wp-content\/uploads\/usu1897\/2018\/02\/IMG_6901-300x225.jpg 300w, https:\/\/agora.xtec.cat\/iegornal\/wp-content\/uploads\/usu1897\/2018\/02\/IMG_6901-768x576.jpg 768w, https:\/\/agora.xtec.cat\/iegornal\/wp-content\/uploads\/usu1897\/2018\/02\/IMG_6901-200x150.jpg 200w\" sizes=\"auto, (max-width: 313px) 100vw, 313px\" \/><\/td>\n<td style=\"width: 365px; border-color: #fafafa;\"><img loading=\"lazy\" decoding=\"async\" class=\"alignnone size-full wp-image-1266\" src=\"http:\/\/agora.xtec.cat\/iegornal\/wp-content\/uploads\/usu1897\/2018\/02\/IMG_6323.jpg\" alt=\"\" width=\"320\" height=\"240\" srcset=\"https:\/\/agora.xtec.cat\/iegornal\/wp-content\/uploads\/usu1897\/2018\/02\/IMG_6323.jpg 320w, https:\/\/agora.xtec.cat\/iegornal\/wp-content\/uploads\/usu1897\/2018\/02\/IMG_6323-300x225.jpg 300w, https:\/\/agora.xtec.cat\/iegornal\/wp-content\/uploads\/usu1897\/2018\/02\/IMG_6323-200x150.jpg 200w\" sizes=\"auto, (max-width: 320px) 100vw, 320px\" \/><\/td>\n<\/tr>\n<tr>\n<td style=\"width: 365px; border-color: #fafafa;\">\u00a0<a href=\"http:\/\/agora.xtec.cat\/iegornal\/wp-content\/uploads\/usu1897\/2018\/02\/thumbnail_20171115_101753.jpg\"><img loading=\"lazy\" decoding=\"async\" class=\"alignnone wp-image-1249\" src=\"http:\/\/agora.xtec.cat\/iegornal\/wp-content\/uploads\/usu1897\/2018\/02\/thumbnail_20171115_101753-1024x576.jpg\" alt=\"\" width=\"350\" height=\"197\" srcset=\"https:\/\/agora.xtec.cat\/iegornal\/wp-content\/uploads\/usu1897\/2018\/02\/thumbnail_20171115_101753-1024x576.jpg 1024w, https:\/\/agora.xtec.cat\/iegornal\/wp-content\/uploads\/usu1897\/2018\/02\/thumbnail_20171115_101753-300x169.jpg 300w, https:\/\/agora.xtec.cat\/iegornal\/wp-content\/uploads\/usu1897\/2018\/02\/thumbnail_20171115_101753-768x432.jpg 768w, https:\/\/agora.xtec.cat\/iegornal\/wp-content\/uploads\/usu1897\/2018\/02\/thumbnail_20171115_101753.jpg 1280w\" sizes=\"auto, (max-width: 350px) 100vw, 350px\" \/><\/a><\/td>\n<td style=\"width: 365px; border-color: #fafafa;\">\u00a0<a href=\"http:\/\/agora.xtec.cat\/iegornal\/wp-content\/uploads\/usu1897\/2018\/02\/thumbnail_20171115_103754.jpg\"><img loading=\"lazy\" decoding=\"async\" class=\"alignnone size-large wp-image-1251\" src=\"http:\/\/agora.xtec.cat\/iegornal\/wp-content\/uploads\/usu1897\/2018\/02\/thumbnail_20171115_103754-1024x576.jpg\" alt=\"\" width=\"1024\" height=\"576\" srcset=\"https:\/\/agora.xtec.cat\/iegornal\/wp-content\/uploads\/usu1897\/2018\/02\/thumbnail_20171115_103754-1024x576.jpg 1024w, https:\/\/agora.xtec.cat\/iegornal\/wp-content\/uploads\/usu1897\/2018\/02\/thumbnail_20171115_103754-300x169.jpg 300w, https:\/\/agora.xtec.cat\/iegornal\/wp-content\/uploads\/usu1897\/2018\/02\/thumbnail_20171115_103754-768x432.jpg 768w, https:\/\/agora.xtec.cat\/iegornal\/wp-content\/uploads\/usu1897\/2018\/02\/thumbnail_20171115_103754.jpg 1280w\" sizes=\"auto, (max-width: 1024px) 100vw, 1024px\" \/><\/a><\/td>\n<\/tr>\n<\/tbody>\n<\/table>\n<\/div>\n","protected":false},"excerpt":{"rendered":"<p>Treballem el m\u00e8tode Aucouturier amb l&#8217;objectiu d&#8217;afavorir el desenvolupament global i harm\u00f2nic dels infants.\u00a0La pr\u00e0ctica psicomotriu es basa en el joc lliure, \u00e9s una activitat espont\u00e0nia i permissiva que s&#8217;organitza progressivament a partir dels objectes disposats pel joc dels infants. Es tracta de deixar desenvolupar&hellip;  <a href=\"https:\/\/agora.xtec.cat\/iegornal\/nivells\/educacio-infantil\/psicomotricitat\/\" title=\"Read Psicomotricitat\">Llegeix m\u00e9s\u00bb<\/a><\/p>\n","protected":false},"author":1,"featured_media":0,"parent":1190,"menu_order":0,"comment_status":"closed","ping_status":"closed","template":"page-templates\/side-menu.php","meta":{"_bbp_topic_count":0,"_bbp_reply_count":0,"_bbp_total_topic_count":0,"_bbp_total_reply_count":0,"_bbp_voice_count":0,"_bbp_anonymous_reply_count":0,"_bbp_topic_count_hidden":0,"_bbp_reply_count_hidden":0,"_bbp_forum_subforum_count":0,"footnotes":""},"class_list":["post-1181","page","type-page","status-publish","hentry"],"post_mailing_queue_ids":[],"_links":{"self":[{"href":"https:\/\/agora.xtec.cat\/iegornal\/wp-json\/wp\/v2\/pages\/1181","targetHints":{"allow":["GET"]}}],"collection":[{"href":"https:\/\/agora.xtec.cat\/iegornal\/wp-json\/wp\/v2\/pages"}],"about":[{"href":"https:\/\/agora.xtec.cat\/iegornal\/wp-json\/wp\/v2\/types\/page"}],"author":[{"embeddable":true,"href":"https:\/\/agora.xtec.cat\/iegornal\/wp-json\/wp\/v2\/users\/1"}],"replies":[{"embeddable":true,"href":"https:\/\/agora.xtec.cat\/iegornal\/wp-json\/wp\/v2\/comments?post=1181"}],"version-history":[{"count":0,"href":"https:\/\/agora.xtec.cat\/iegornal\/wp-json\/wp\/v2\/pages\/1181\/revisions"}],"up":[{"embeddable":true,"href":"https:\/\/agora.xtec.cat\/iegornal\/wp-json\/wp\/v2\/pages\/1190"}],"wp:attachment":[{"href":"https:\/\/agora.xtec.cat\/iegornal\/wp-json\/wp\/v2\/media?parent=1181"}],"curies":[{"name":"wp","href":"https:\/\/api.w.org\/{rel}","templated":true}]}}