{"id":81,"date":"2023-11-30T15:34:05","date_gmt":"2023-11-30T14:34:05","guid":{"rendered":"http:\/\/agora.xtec.cat\/iegavamar\/?page_id=81"},"modified":"2024-02-24T16:38:27","modified_gmt":"2024-02-24T15:38:27","slug":"secretaria","status":"publish","type":"page","link":"https:\/\/agora.xtec.cat\/iegavamar\/secretaria\/","title":{"rendered":"Secretaria"},"content":{"rendered":"<ul>\n<li><strong><span style=\"color: #0000ff;\">Horari d&#8217;atenci\u00f3:<\/span><\/strong> de dilluns a divendres:\u00a09:00 &#8211; 13:00 h \/ 15:00 &#8211; 16:30<\/li>\n<li><strong><span style=\"color: #0000ff;\">Contacte: <\/span><\/strong>c\/ Tellinaires, 59-61 08850 GAV\u00c0 \/ Tel. 93 645 18 45 tramits@institutescolagavamar.cat<br \/>\nCodi del centre: 08075293<\/li>\n<li><span style=\"color: #0000ff;\"><strong>Tr\u00e0mits i Gestions:<\/strong><\/span><br \/>\n1. <strong><span style=\"color: #ff0000;\">Sol\u00b7licitud de certificats<\/span><\/strong><br \/>\nSi necessites un certificat (matr\u00edcula, nota mitjana, historial acad\u00e8mic, despeses) sol\u00b7licita\u2019l omplint la inst\u00e0ncia editable i enviant-la a l\u2019adre\u00e7a:<\/li>\n<\/ul>\n<p style=\"text-align: center;\">tramits<span class=\"\">@institutescolagavam<\/span>ar.cat<\/p>\n<p style=\"text-align: center;\"><a href=\"https:\/\/agora.xtec.cat\/iegavamar\/wp-content\/uploads\/usu2308\/2024\/02\/INSTANCIA_GENERAL_EDITABLE_GAVAMAR.pdf\">INSTANCIA GENERAL GAVAMAR<\/a><\/p>\n<ul>\n<li>A la mateixa inst\u00e0ncia, feu constar si voleu el document digitalitzat per correu electr\u00f2nic o si el necessiteu en format paper (el podreu venir a buscar a Secretaria o autoritzar que li donem a l\u2019alumne\/a en un sobre).<\/li>\n<\/ul>\n<p>&nbsp;<\/p>\n<ul>\n<li>2. <strong><span style=\"color: #ff0000;\">Sol\u00b7licitud de certificat nivell de catal\u00e0<\/span><\/strong><\/li>\n<\/ul>\n<p style=\"text-align: left;\">Els centres p\u00fablics d\u2019educaci\u00f3 secund\u00e0ria de Catalunya poden expedir certificats d\u2019equival\u00e8ncia del nivell de catal\u00e0 a l\u2019alumnat que ho sol\u00b7liciti i compleixi les condicions establertes per la normativa. Ho poden demanar les persones nascudes a partir de l\u2019any 1972 que volen obtenir aquest reconeixement i l\u2019itinerari educatiu de les quals s\u2019hagi portat a terme \u00edntegrament a Catalunya o, parcialment, a altres territoris on el catal\u00e0 hi fos llengua curricular i avaluable, de manera que s\u2019hagi acabat obtenint la titulaci\u00f3 al sistema educatiu de Catalunya.<\/p>\n<p style=\"text-align: left;\">Aix\u00ed doncs, la primera promoci\u00f3 escolar que t\u00e9 dret a demanar aquest reconeixement \u00e9s la que va comen\u00e7ar Generalitat de Catalunya Departament d\u2019Educaci\u00f3 Institut Escola Gav\u00e0 Mar el primer any de l\u2019educaci\u00f3 general b\u00e0sica (EGB) el curs 1978-1979, a partir del qual l\u2019ensenyament del catal\u00e0 va ser oficial al sistema educatiu de Catalunya, tal com s\u2019estableix al Reial decret 2092\/1978, de 23 de juny.<\/p>\n<p style=\"text-align: left;\">\uf0b7 La persona interessada ha d\u2019emplenar la sol\u00b7licitud que trobareu m\u00e9s avall i adjuntar la documentaci\u00f3 que s\u2019especifica a la taula per comprovar el<br \/>\ncompliment dels requisits. Els documents adjuntats a la sol\u00b7licitud han de ser c\u00f2pies aut\u00e8ntiques (excepte el DNI). En cas que no disposeu de c\u00f2pies aut\u00e8ntiques, haureu de portar els originals a la Secretaria del centre. (penjar arxiu inst\u00e0ncia nivell catal\u00e0)<\/p>\n<p style=\"text-align: left;\">\uf0b7 Quan tinguem a punt el certificat ens posarem en contacte amb tu perqu\u00e8 el vinguis a recollir a la Secretaria.<\/p>\n<ul>\n<li>3.<a href=\"http:\/\/agora.xtec.cat\/iegavamar\/docs\/?bpd_tag=secretaria\">\u00a0Documents<\/a> (autoritzaci\u00f3 de sortides, \u00fas de serveis digitals, etc.)<\/li>\n<li>4.<a href=\"https:\/\/preinscripcio.gencat.cat\/ca\/detalls\/noticia\/dates-preinscripcio-2024-2025\" target=\"_blank\" rel=\"noopener\">\u00a0Preinscripci\u00f3 2024-2025<\/a> i Matr\u00edcula<\/li>\n<li>5. <a href=\"https:\/\/www.elbaixllobregat.cat\/ajuts-menjador-2023-2024\" target=\"_blank\" rel=\"noopener\">Beques i ajuts<\/a><\/li>\n<\/ul>\n<p>&nbsp;<\/p>\n","protected":false},"excerpt":{"rendered":"<ul>\n<li>Horari d&#8217;atenci\u00f3: de dilluns a divendres:\u00a09:00 &#8211; 13:00 h \/ 15:00 &#8211; 16:30<\/li>\n<li>Contacte: c\/ Tellinaires, 59-61 08850 GAV\u00c0 \/ Tel. 93 645 18 45 tramits@institutescolagavamar.cat<br \/>\nCodi del centre: 08075293<\/li>\n<li>Tr\u00e0mits i Gestions:<br \/>\n1. Sol\u00b7licitud de certificats<br \/>\nSi necessites un certificat (matr\u00edcula, nota mitjana, historial acad\u00e8mic, despeses) sol\u00b7licita\u2019l omplint la&hellip;  <a href=\"https:\/\/agora.xtec.cat\/iegavamar\/secretaria\/\" title=\"Read Secretaria\">Llegeix m\u00e9s\u00bb<\/a><\/p>\n","protected":false},"author":1,"featured_media":0,"parent":0,"menu_order":0,"comment_status":"closed","ping_status":"closed","template":"","meta":{"_bbp_topic_count":0,"_bbp_reply_count":0,"_bbp_total_topic_count":0,"_bbp_total_reply_count":0,"_bbp_voice_count":0,"_bbp_anonymous_reply_count":0,"_bbp_topic_count_hidden":0,"_bbp_reply_count_hidden":0,"_bbp_forum_subforum_count":0,"footnotes":""},"class_list":["post-81","page","type-page","status-publish","hentry"],"post_mailing_queue_ids":[],"_links":{"self":[{"href":"https:\/\/agora.xtec.cat\/iegavamar\/wp-json\/wp\/v2\/pages\/81","targetHints":{"allow":["GET"]}}],"collection":[{"href":"https:\/\/agora.xtec.cat\/iegavamar\/wp-json\/wp\/v2\/pages"}],"about":[{"href":"https:\/\/agora.xtec.cat\/iegavamar\/wp-json\/wp\/v2\/types\/page"}],"author":[{"embeddable":true,"href":"https:\/\/agora.xtec.cat\/iegavamar\/wp-json\/wp\/v2\/users\/1"}],"replies":[{"embeddable":true,"href":"https:\/\/agora.xtec.cat\/iegavamar\/wp-json\/wp\/v2\/comments?post=81"}],"version-history":[{"count":5,"href":"https:\/\/agora.xtec.cat\/iegavamar\/wp-json\/wp\/v2\/pages\/81\/revisions"}],"predecessor-version":[{"id":913,"href":"https:\/\/agora.xtec.cat\/iegavamar\/wp-json\/wp\/v2\/pages\/81\/revisions\/913"}],"wp:attachment":[{"href":"https:\/\/agora.xtec.cat\/iegavamar\/wp-json\/wp\/v2\/media?parent=81"}],"curies":[{"name":"wp","href":"https:\/\/api.w.org\/{rel}","templated":true}]}}