{"id":627,"date":"2023-10-23T14:33:31","date_gmt":"2023-10-23T12:33:31","guid":{"rendered":"https:\/\/agora.xtec.cat\/iegavamar\/?page_id=627"},"modified":"2026-03-05T12:47:32","modified_gmt":"2026-03-05T11:47:32","slug":"projecte-educatiu-de-centre-pec","status":"publish","type":"page","link":"https:\/\/agora.xtec.cat\/iegavamar\/projecte-educatiu\/projecte-educatiu-de-centre-pec\/","title":{"rendered":"Projecte Educatiu de Centre (PEC)"},"content":{"rendered":"<p style=\"text-align: left;\">El Projecte Educatiu recull la identitat del centre, n\u2019explicita els objectius, n\u2019orienta l\u2019activitat i li d\u00f3na sentit amb la finalitat que l\u2019alumnat assoleixi les compet\u00e8ncies b\u00e0siques i, m\u00e9s en general, el m\u00e0xim aprofitament educatiu.<\/p>\n<p style=\"text-align: left;\">El Projecte Educatiu contribueix a impulsar la col\u00b7laboraci\u00f3 entre els diversos sectors de la comunitat educativa i la relaci\u00f3 entre el centre i l\u2019entorn social.<\/p>\n<p style=\"text-align: left;\">Per actualitzar el Projecte Educatiu el centre t\u00e9 en compte les caracter\u00edstiques socials i culturals del context escolar i, de l\u2019entorn productiu, i preveu les necessitats educatives de l\u2019alumnat.<\/p>\n<p style=\"text-align: center;\"><a href=\"https:\/\/agora.xtec.cat\/iegavamar\/wp-content\/uploads\/usu2308\/2026\/03\/PEC-Institut-Escola-Gava-Mar.pdf\" target=\"_blank\" rel=\"noopener\"><br \/>\n<img loading=\"lazy\" decoding=\"async\" class=\"aligncenter wp-image-1664\" src=\"https:\/\/agora.xtec.cat\/iegavamar\/wp-content\/uploads\/usu2308\/2026\/03\/PEC-boto.png\" alt=\"Portada PEC\" width=\"173\" height=\"161\" srcset=\"https:\/\/agora.xtec.cat\/iegavamar\/wp-content\/uploads\/usu2308\/2026\/03\/PEC-boto.png 910w, https:\/\/agora.xtec.cat\/iegavamar\/wp-content\/uploads\/usu2308\/2026\/03\/PEC-boto-300x278.png 300w, https:\/\/agora.xtec.cat\/iegavamar\/wp-content\/uploads\/usu2308\/2026\/03\/PEC-boto-768x712.png 768w\" sizes=\"auto, (max-width: 173px) 100vw, 173px\" \/><\/a><\/p>\n<p>&nbsp;<\/p>\n<p style=\"text-align: center; margin-top: -10px;\"><strong><br \/>\n<a style=\"color: #0000ff; text-decoration: none;\" href=\"https:\/\/agora.xtec.cat\/iegavamar\/wp-content\/uploads\/usu2308\/2026\/03\/PEC-Institut-Escola-Gava-Mar.pdf\" target=\"_blank\" rel=\"noopener\">PEC (PDF)<\/a><br \/>\n<\/strong><\/p>\n","protected":false},"excerpt":{"rendered":"<p>El Projecte Educatiu recull la identitat del centre, n\u2019explicita els objectius, n\u2019orienta l\u2019activitat i li d\u00f3na sentit amb la finalitat que l\u2019alumnat assoleixi les compet\u00e8ncies b\u00e0siques i, m\u00e9s en general, el m\u00e0xim aprofitament educatiu.<br \/>\nEl Projecte Educatiu contribueix a impulsar la col\u00b7laboraci\u00f3 entre els diversos sectors&hellip;  <a href=\"https:\/\/agora.xtec.cat\/iegavamar\/projecte-educatiu\/projecte-educatiu-de-centre-pec\/\" title=\"Read Projecte Educatiu de Centre (PEC)\">Llegeix m\u00e9s\u00bb<\/a><\/p>\n","protected":false},"author":1,"featured_media":0,"parent":57,"menu_order":0,"comment_status":"closed","ping_status":"closed","template":"","meta":{"_bbp_topic_count":0,"_bbp_reply_count":0,"_bbp_total_topic_count":0,"_bbp_total_reply_count":0,"_bbp_voice_count":0,"_bbp_anonymous_reply_count":0,"_bbp_topic_count_hidden":0,"_bbp_reply_count_hidden":0,"_bbp_forum_subforum_count":0,"footnotes":""},"class_list":["post-627","page","type-page","status-publish","hentry"],"post_mailing_queue_ids":[],"_links":{"self":[{"href":"https:\/\/agora.xtec.cat\/iegavamar\/wp-json\/wp\/v2\/pages\/627","targetHints":{"allow":["GET"]}}],"collection":[{"href":"https:\/\/agora.xtec.cat\/iegavamar\/wp-json\/wp\/v2\/pages"}],"about":[{"href":"https:\/\/agora.xtec.cat\/iegavamar\/wp-json\/wp\/v2\/types\/page"}],"author":[{"embeddable":true,"href":"https:\/\/agora.xtec.cat\/iegavamar\/wp-json\/wp\/v2\/users\/1"}],"replies":[{"embeddable":true,"href":"https:\/\/agora.xtec.cat\/iegavamar\/wp-json\/wp\/v2\/comments?post=627"}],"version-history":[{"count":6,"href":"https:\/\/agora.xtec.cat\/iegavamar\/wp-json\/wp\/v2\/pages\/627\/revisions"}],"predecessor-version":[{"id":1682,"href":"https:\/\/agora.xtec.cat\/iegavamar\/wp-json\/wp\/v2\/pages\/627\/revisions\/1682"}],"up":[{"embeddable":true,"href":"https:\/\/agora.xtec.cat\/iegavamar\/wp-json\/wp\/v2\/pages\/57"}],"wp:attachment":[{"href":"https:\/\/agora.xtec.cat\/iegavamar\/wp-json\/wp\/v2\/media?parent=627"}],"curies":[{"name":"wp","href":"https:\/\/api.w.org\/{rel}","templated":true}]}}