{"id":49,"date":"2014-09-17T16:55:55","date_gmt":"2014-09-17T16:55:55","guid":{"rendered":"http:\/\/agora.xtec.cat\/iegavamar\/?page_id=49"},"modified":"2023-10-23T14:42:41","modified_gmt":"2023-10-23T12:42:41","slug":"normes-dorganitzacio-i-funcionament","status":"publish","type":"page","link":"https:\/\/agora.xtec.cat\/iegavamar\/linstitut\/normes-dorganitzacio-i-funcionament\/","title":{"rendered":"Normes d\u2019Organitzaci\u00f3 i Funcionament del Centre"},"content":{"rendered":"<p>Aquestes Normes d\u2019Organitzaci\u00f3 i Funcionament s\u00f3n un recull de normativa externa, interna i usos i costums pels quals es van regint des de la seva fundaci\u00f3 les relacions, els drets i els deures dels diferents estaments que formen part de la comunitat educativa de l\u2019Institut Escola Gav\u00e0 Mar.<\/p>\n<p>Les Normes d\u2019Organitzaci\u00f3 i Funcionament s\u2019han de poder canviar atenent tant les persones que les han de complir i fer complir com a les normatives superiors de les quals depenen. Per aquesta ra\u00f3, en el si del Consell Escolar \u00e9s previst fer una revisi\u00f3 peri\u00f2dica d\u2019aquestes normes i acordar els canvis necessaris per a adequar la norma a les persones a les quals s\u2019ha d\u2019aplicar.<\/p>\n<h4 class=\"entry-title\" style=\"text-align: center;\"><a href=\"https:\/\/agora.xtec.cat\/iegavamar\/wp-content\/uploads\/usu2308\/2023\/10\/NOFC-IE-GAVA-MAR.pdf\">NOFC IE GAV\u00c0 MAR<\/a><\/h4>\n","protected":false},"excerpt":{"rendered":"<p>Aquestes Normes d\u2019Organitzaci\u00f3 i Funcionament s\u00f3n un recull de normativa externa, interna i usos i costums pels quals es van regint des de la seva fundaci\u00f3 les relacions, els drets i els deures dels diferents estaments que formen part de la comunitat educativa de l\u2019Institut&hellip;  <a href=\"https:\/\/agora.xtec.cat\/iegavamar\/linstitut\/normes-dorganitzacio-i-funcionament\/\" title=\"Read Normes d\u2019Organitzaci\u00f3 i Funcionament del Centre\">Llegeix m\u00e9s\u00bb<\/a><\/p>\n","protected":false},"author":1,"featured_media":0,"parent":19,"menu_order":60,"comment_status":"closed","ping_status":"closed","template":"page-templates\/side-menu.php","meta":{"_bbp_topic_count":0,"_bbp_reply_count":0,"_bbp_total_topic_count":0,"_bbp_total_reply_count":0,"_bbp_voice_count":0,"_bbp_anonymous_reply_count":0,"_bbp_topic_count_hidden":0,"_bbp_reply_count_hidden":0,"_bbp_forum_subforum_count":0,"footnotes":""},"class_list":["post-49","page","type-page","status-publish","hentry"],"post_mailing_queue_ids":[],"_links":{"self":[{"href":"https:\/\/agora.xtec.cat\/iegavamar\/wp-json\/wp\/v2\/pages\/49","targetHints":{"allow":["GET"]}}],"collection":[{"href":"https:\/\/agora.xtec.cat\/iegavamar\/wp-json\/wp\/v2\/pages"}],"about":[{"href":"https:\/\/agora.xtec.cat\/iegavamar\/wp-json\/wp\/v2\/types\/page"}],"author":[{"embeddable":true,"href":"https:\/\/agora.xtec.cat\/iegavamar\/wp-json\/wp\/v2\/users\/1"}],"replies":[{"embeddable":true,"href":"https:\/\/agora.xtec.cat\/iegavamar\/wp-json\/wp\/v2\/comments?post=49"}],"version-history":[{"count":3,"href":"https:\/\/agora.xtec.cat\/iegavamar\/wp-json\/wp\/v2\/pages\/49\/revisions"}],"predecessor-version":[{"id":635,"href":"https:\/\/agora.xtec.cat\/iegavamar\/wp-json\/wp\/v2\/pages\/49\/revisions\/635"}],"up":[{"embeddable":true,"href":"https:\/\/agora.xtec.cat\/iegavamar\/wp-json\/wp\/v2\/pages\/19"}],"wp:attachment":[{"href":"https:\/\/agora.xtec.cat\/iegavamar\/wp-json\/wp\/v2\/media?parent=49"}],"curies":[{"name":"wp","href":"https:\/\/api.w.org\/{rel}","templated":true}]}}