{"id":39,"date":"2014-09-17T16:36:44","date_gmt":"2014-09-17T16:36:44","guid":{"rendered":"http:\/\/agora.xtec.cat\/iegavamar\/?page_id=39"},"modified":"2025-11-06T12:20:49","modified_gmt":"2025-11-06T11:20:49","slug":"instal%c2%b7lacions","status":"publish","type":"page","link":"https:\/\/agora.xtec.cat\/iegavamar\/linstitut\/instal%c2%b7lacions\/","title":{"rendered":"Instal\u00b7lacions"},"content":{"rendered":"\r\n\t<div class=\"slideshow_container slideshow_container_style-light\" style=\"height: 300px; \" data-slideshow-id=\"733\" data-style-name=\"style-light\" data-style-version=\"2.3.1\" >\r\n\r\n\t\t\t\t\t<div class=\"slideshow_loading_icon\"><\/div>\r\n\t\t\r\n\t\t<div class=\"slideshow_content\" style=\"display: none;\">\r\n\r\n\t\t\t<div class=\"slideshow_view\">\r\n\t\t\t\t<div class=\"slideshow_slide slideshow_slide_image\">\r\n\t\t\t\t\t\t\t\t\t\t\t<img src=\"https:\/\/agora.xtec.cat\/iegavamar\/wp-content\/uploads\/usu2308\/2023\/11\/P1070973-min-scaled.jpg\" alt=\"P1070973-min\" width=\"2560\" height=\"1920\" \/>\r\n\t\t\t\t\t\t\t\t\t\t<div class=\"slideshow_description_box slideshow_transparent\">\r\n\t\t\t\t\t\t<div class=\"slideshow_title\">P1070973-min<\/div>\t\t\t\t\t\t\t\t\t\t\t<\/div>\r\n\t\t\t\t<\/div>\r\n\r\n\t\t\t\t\t\t<div style=\"clear: both;\"><\/div><\/div><div class=\"slideshow_view\">\r\n\t\t\t\t<div class=\"slideshow_slide slideshow_slide_image\">\r\n\t\t\t\t\t\t\t\t\t\t\t<img src=\"https:\/\/agora.xtec.cat\/iegavamar\/wp-content\/uploads\/usu2308\/2023\/11\/P1070961-min-scaled.jpg\" alt=\"P1070961-min\" width=\"2560\" height=\"1920\" \/>\r\n\t\t\t\t\t\t\t\t\t\t<div class=\"slideshow_description_box slideshow_transparent\">\r\n\t\t\t\t\t\t<div class=\"slideshow_title\">P1070961-min<\/div>\t\t\t\t\t\t\t\t\t\t\t<\/div>\r\n\t\t\t\t<\/div>\r\n\r\n\t\t\t\t\t\t<div style=\"clear: both;\"><\/div><\/div><div class=\"slideshow_view\">\r\n\t\t\t\t<div class=\"slideshow_slide slideshow_slide_image\">\r\n\t\t\t\t\t\t\t\t\t\t\t<img src=\"https:\/\/agora.xtec.cat\/iegavamar\/wp-content\/uploads\/usu2308\/2023\/11\/P1070958-min-scaled.jpg\" alt=\"P1070958-min\" width=\"2560\" height=\"1920\" \/>\r\n\t\t\t\t\t\t\t\t\t\t<div class=\"slideshow_description_box slideshow_transparent\">\r\n\t\t\t\t\t\t<div class=\"slideshow_title\">P1070958-min<\/div>\t\t\t\t\t\t\t\t\t\t\t<\/div>\r\n\t\t\t\t<\/div>\r\n\r\n\t\t\t\t\t\t<div style=\"clear: both;\"><\/div><\/div><div class=\"slideshow_view\">\r\n\t\t\t\t<div class=\"slideshow_slide slideshow_slide_image\">\r\n\t\t\t\t\t\t\t\t\t\t\t<img src=\"https:\/\/agora.xtec.cat\/iegavamar\/wp-content\/uploads\/usu2308\/2023\/11\/P1070957-min-scaled.jpg\" alt=\"P1070957-min\" width=\"2560\" height=\"1920\" \/>\r\n\t\t\t\t\t\t\t\t\t\t<div class=\"slideshow_description_box slideshow_transparent\">\r\n\t\t\t\t\t\t<div class=\"slideshow_title\">P1070957-min<\/div>\t\t\t\t\t\t\t\t\t\t\t<\/div>\r\n\t\t\t\t<\/div>\r\n\r\n\t\t\t\t\t\t<div style=\"clear: both;\"><\/div><\/div><div class=\"slideshow_view\">\r\n\t\t\t\t<div class=\"slideshow_slide slideshow_slide_image\">\r\n\t\t\t\t\t\t\t\t\t\t\t<img src=\"https:\/\/agora.xtec.cat\/iegavamar\/wp-content\/uploads\/usu2308\/2023\/11\/P1070962-min-scaled.jpg\" alt=\"P1070962-min\" width=\"2560\" height=\"1920\" \/>\r\n\t\t\t\t\t\t\t\t\t\t<div class=\"slideshow_description_box slideshow_transparent\">\r\n\t\t\t\t\t\t<div class=\"slideshow_title\">P1070962-min<\/div>\t\t\t\t\t\t\t\t\t\t\t<\/div>\r\n\t\t\t\t<\/div>\r\n\r\n\t\t\t\t\t\t<div style=\"clear: both;\"><\/div><\/div><div class=\"slideshow_view\">\r\n\t\t\t\t<div class=\"slideshow_slide slideshow_slide_image\">\r\n\t\t\t\t\t\t\t\t\t\t\t<img src=\"https:\/\/agora.xtec.cat\/iegavamar\/wp-content\/uploads\/usu2308\/2023\/11\/P1070964-min-scaled.jpg\" alt=\"P1070964-min\" width=\"2560\" height=\"1920\" \/>\r\n\t\t\t\t\t\t\t\t\t\t<div class=\"slideshow_description_box slideshow_transparent\">\r\n\t\t\t\t\t\t<div class=\"slideshow_title\">P1070964-min<\/div>\t\t\t\t\t\t\t\t\t\t\t<\/div>\r\n\t\t\t\t<\/div>\r\n\r\n\t\t\t\t\t\t<div style=\"clear: both;\"><\/div><\/div><div class=\"slideshow_view\">\r\n\t\t\t\t<div class=\"slideshow_slide slideshow_slide_image\">\r\n\t\t\t\t\t\t\t\t\t\t\t<img src=\"https:\/\/agora.xtec.cat\/iegavamar\/wp-content\/uploads\/usu2308\/2023\/11\/P1070966-min-scaled.jpg\" alt=\"P1070966-min\" width=\"2560\" height=\"1920\" \/>\r\n\t\t\t\t\t\t\t\t\t\t<div class=\"slideshow_description_box slideshow_transparent\">\r\n\t\t\t\t\t\t<div class=\"slideshow_title\">P1070966-min<\/div>\t\t\t\t\t\t\t\t\t\t\t<\/div>\r\n\t\t\t\t<\/div>\r\n\r\n\t\t\t\t\t\t<div style=\"clear: both;\"><\/div><\/div><div class=\"slideshow_view\">\r\n\t\t\t\t<div class=\"slideshow_slide slideshow_slide_image\">\r\n\t\t\t\t\t\t\t\t\t\t\t<img src=\"https:\/\/agora.xtec.cat\/iegavamar\/wp-content\/uploads\/usu2308\/2023\/11\/P1070974-min-scaled.jpg\" alt=\"P1070974-min\" width=\"2560\" height=\"1920\" \/>\r\n\t\t\t\t\t\t\t\t\t\t<div class=\"slideshow_description_box slideshow_transparent\">\r\n\t\t\t\t\t\t<div class=\"slideshow_title\">P1070974-min<\/div>\t\t\t\t\t\t\t\t\t\t\t<\/div>\r\n\t\t\t\t<\/div>\r\n\r\n\t\t\t\t\t\t<div style=\"clear: both;\"><\/div><\/div><div class=\"slideshow_view\">\r\n\t\t\t\t<div class=\"slideshow_slide slideshow_slide_image\">\r\n\t\t\t\t\t\t\t\t\t\t\t<img src=\"https:\/\/agora.xtec.cat\/iegavamar\/wp-content\/uploads\/usu2308\/2023\/11\/P1070976-min-scaled.jpg\" alt=\"P1070976-min\" width=\"2560\" height=\"1920\" \/>\r\n\t\t\t\t\t\t\t\t\t\t<div class=\"slideshow_description_box slideshow_transparent\">\r\n\t\t\t\t\t\t<div class=\"slideshow_title\">P1070976-min<\/div>\t\t\t\t\t\t\t\t\t\t\t<\/div>\r\n\t\t\t\t<\/div>\r\n\r\n\t\t\t\t\t\t<div style=\"clear: both;\"><\/div><\/div><div class=\"slideshow_view\">\r\n\t\t\t\t<div class=\"slideshow_slide slideshow_slide_image\">\r\n\t\t\t\t\t\t\t\t\t\t\t<img src=\"https:\/\/agora.xtec.cat\/iegavamar\/wp-content\/uploads\/usu2308\/2023\/11\/P1070978-min-scaled.jpg\" alt=\"P1070978-min\" width=\"2560\" height=\"1920\" \/>\r\n\t\t\t\t\t\t\t\t\t\t<div class=\"slideshow_description_box slideshow_transparent\">\r\n\t\t\t\t\t\t<div class=\"slideshow_title\">P1070978-min<\/div>\t\t\t\t\t\t\t\t\t\t\t<\/div>\r\n\t\t\t\t<\/div>\r\n\r\n\t\t\t\t\t\t<div style=\"clear: both;\"><\/div><\/div>\r\n\t\t<\/div>\r\n\r\n\t\t<div class=\"slideshow_controlPanel slideshow_transparent\" style=\"display: none;\"><ul><li class=\"slideshow_togglePlay\" data-play-text=\"Visualitza\" data-pause-text=\"Pausa\"><\/li><\/ul><\/div>\r\n\r\n\t\t<div class=\"slideshow_button slideshow_previous slideshow_transparent\" role=\"button\" data-previous-text=\"Anterior\" style=\"display: none;\"><\/div>\r\n\t\t<div class=\"slideshow_button slideshow_next slideshow_transparent\" role=\"button\" data-next-text=\"Seg\u00fcent\" style=\"display: none;\"><\/div>\r\n\r\n\t\t<div class=\"slideshow_pagination\" style=\"display: none;\" data-go-to-text=\"V\u00e9s a la diapositiva\"><div class=\"slideshow_pagination_center\"><\/div><\/div>\r\n\r\n\t\t<!-- WordPress Slideshow Version 2.3.1 -->\r\n\r\n\t\t\t<\/div>\r\n\r\n\n<div class=\"row\">\n<div class=\"columns small-12 large-10\">\n<p data-start=\"333\" data-end=\"671\">L\u2019Institut-Escola <strong data-start=\"351\" data-end=\"363\">Gav\u00e0 Mar<\/strong> disposa d\u2019unes instal\u00b7lacions modernes, lluminoses i acollidores, pensades per oferir un entorn d\u2019aprenentatge de qualitat, segur i estimulant per a tot l\u2019alumnat. Els espais s\u2019han dissenyat per afavorir la cooperaci\u00f3, la creativitat i el benestar, amb una clara aposta per la innovaci\u00f3 i la sostenibilitat.<\/p>\n<p data-start=\"673\" data-end=\"1047\">Totes les aules estan equipades amb <strong data-start=\"709\" data-end=\"743\">pantalles t\u00e0ctils interactives<\/strong>, connexi\u00f3 a Internet i mobiliari adaptable que permet treballar amb diferents metodologies. El centre compta tamb\u00e9 amb <strong data-start=\"863\" data-end=\"884\">taller tecnol\u00f2gic<\/strong>, <strong data-start=\"886\" data-end=\"910\">laboratori cient\u00edfic<\/strong> i <strong data-start=\"913\" data-end=\"931\">aula de m\u00fasica<\/strong>, espais especialitzats que donen suport al desenvolupament de compet\u00e8ncies pr\u00e0ctiques, art\u00edstiques i experimentals.<\/p>\n<p data-start=\"1049\" data-end=\"1398\">L\u2019<strong data-start=\"1051\" data-end=\"1070\">aula polivalent<\/strong>, que fa les funcions de <strong data-start=\"1095\" data-end=\"1120\">gimn\u00e0s i sala d\u2019actes<\/strong>, disposa d\u2019una <strong data-start=\"1136\" data-end=\"1155\">tarima esc\u00e8nica<\/strong> que permet realitzar-hi representacions, tallers, celebracions i activitats de grup. Els <strong data-start=\"1245\" data-end=\"1265\">espais exteriors<\/strong> inclouen zones de joc, pistes esportives i \u00e0rees verdes que fomenten la conviv\u00e8ncia, l\u2019activitat f\u00edsica i el contacte amb la natura.<\/p>\n<div style=\"text-align: right;\"><\/div>\n<\/div>\n<\/div>\n","protected":false},"excerpt":{"rendered":"<p>\t\t\t\t\t\tP1070973-min\t\t\t\t\t\t\t\t\t\t\t<\/p>\n<p>\t\t\t\t\t\tP1070961-min\t\t\t\t\t\t\t\t\t\t\t<\/p>\n<p>\t\t\t\t\t\tP1070958-min\t\t\t\t\t\t\t\t\t\t\t<\/p>\n<p>\t\t\t\t\t\tP1070957-min\t\t\t\t\t\t\t\t\t\t\t<\/p>\n<p>\t\t\t\t\t\tP1070962-min\t\t\t\t\t\t\t\t\t\t\t<\/p>\n<p>\t\t\t\t\t\tP1070964-min\t\t\t\t\t\t\t\t\t\t\t<\/p>\n<p>\t\t\t\t\t\tP1070966-min\t\t\t\t\t\t\t\t\t\t\t<\/p>\n<p>\t\t\t\t\t\tP1070974-min\t\t\t\t\t\t\t\t\t\t\t<\/p>\n<p>\t\t\t\t\t\tP1070976-min\t\t\t\t\t\t\t\t\t\t\t<\/p>\n<p>\t\t\t\t\t\tP1070978-min\t\t\t\t\t\t\t\t\t\t\t<\/p>\n<ul>\n<li class=\"slideshow_togglePlay\" data-play-text=\"Visualitza\" data-pause-text=\"Pausa\"><\/li>\n<\/ul>\n<p>L\u2019Institut-Escola Gav\u00e0 Mar disposa d\u2019unes instal\u00b7lacions modernes, lluminoses i acollidores, pensades per oferir un entorn d\u2019aprenentatge de qualitat, segur i estimulant per a tot l\u2019alumnat. Els espais s\u2019han dissenyat per afavorir la cooperaci\u00f3, la creativitat i el benestar, amb una clara aposta&hellip;  <a href=\"https:\/\/agora.xtec.cat\/iegavamar\/linstitut\/instal%c2%b7lacions\/\" title=\"Read Instal\u00b7lacions\">Llegeix m\u00e9s\u00bb<\/a><\/p>\n","protected":false},"author":1,"featured_media":0,"parent":19,"menu_order":30,"comment_status":"closed","ping_status":"closed","template":"page-templates\/side-menu.php","meta":{"_bbp_topic_count":0,"_bbp_reply_count":0,"_bbp_total_topic_count":0,"_bbp_total_reply_count":0,"_bbp_voice_count":0,"_bbp_anonymous_reply_count":0,"_bbp_topic_count_hidden":0,"_bbp_reply_count_hidden":0,"_bbp_forum_subforum_count":0,"footnotes":""},"class_list":["post-39","page","type-page","status-publish","hentry"],"post_mailing_queue_ids":[],"_links":{"self":[{"href":"https:\/\/agora.xtec.cat\/iegavamar\/wp-json\/wp\/v2\/pages\/39","targetHints":{"allow":["GET"]}}],"collection":[{"href":"https:\/\/agora.xtec.cat\/iegavamar\/wp-json\/wp\/v2\/pages"}],"about":[{"href":"https:\/\/agora.xtec.cat\/iegavamar\/wp-json\/wp\/v2\/types\/page"}],"author":[{"embeddable":true,"href":"https:\/\/agora.xtec.cat\/iegavamar\/wp-json\/wp\/v2\/users\/1"}],"replies":[{"embeddable":true,"href":"https:\/\/agora.xtec.cat\/iegavamar\/wp-json\/wp\/v2\/comments?post=39"}],"version-history":[{"count":3,"href":"https:\/\/agora.xtec.cat\/iegavamar\/wp-json\/wp\/v2\/pages\/39\/revisions"}],"predecessor-version":[{"id":1567,"href":"https:\/\/agora.xtec.cat\/iegavamar\/wp-json\/wp\/v2\/pages\/39\/revisions\/1567"}],"up":[{"embeddable":true,"href":"https:\/\/agora.xtec.cat\/iegavamar\/wp-json\/wp\/v2\/pages\/19"}],"wp:attachment":[{"href":"https:\/\/agora.xtec.cat\/iegavamar\/wp-json\/wp\/v2\/media?parent=39"}],"curies":[{"name":"wp","href":"https:\/\/api.w.org\/{rel}","templated":true}]}}