{"id":1069,"date":"2024-04-04T13:04:09","date_gmt":"2024-04-04T11:04:09","guid":{"rendered":"https:\/\/agora.xtec.cat\/iegavamar\/?page_id=1069"},"modified":"2024-04-04T13:36:19","modified_gmt":"2024-04-04T11:36:19","slug":"comissions","status":"publish","type":"page","link":"https:\/\/agora.xtec.cat\/iegavamar\/serveis\/comissions\/","title":{"rendered":"Comissions"},"content":{"rendered":"<table class=\"alignleft\" style=\"border-color: #000000; background-color: #4472ca; border-style: solid; width: 75%;\">\n<tbody>\n<tr>\n<td style=\"width: 50%; vertical-align: top;\"><span style=\"color: #ffffff;\"><span style=\"font-size: medium;\"><b>MENJADOR<\/b><\/span><\/span><\/p>\n<p align=\"justify\"><span style=\"color: #ffffff;\"><span style=\"font-size: medium;\"><span lang=\"ca-ES\">Aquesta comissi\u00f3 fa el seguiment del bon funcionament del menjador escolar i actualment t\u00e9 contractada l\u2019empresa AUSOLAN com a subministradora d\u2019aquest servei. <\/span><\/span><\/span><\/p>\n<\/td>\n<td style=\"width: 50%; vertical-align: top;\"><span style=\"color: #ffffff;\"><span style=\"font-size: medium;\"><b>EXTRAESCOLARS<\/b><\/span><\/span><\/p>\n<p align=\"justify\"><span style=\"color: #ffffff;\"><span style=\"font-size: medium;\"><span lang=\"ca-ES\">Aquesta comissi\u00f3 proposa i gestiona les activitats extraescolars i el servei d\u2019acollida, actualment amb diferents empreses. <\/span><\/span><\/span><\/p>\n<\/td>\n<\/tr>\n<\/tbody>\n<\/table>\n<p>&nbsp;<\/p>\n<table class=\"alignleft\" style=\"border-color: #000000; background-color: #4472ca; border-style: solid; width: 75%;\">\n<tbody>\n<tr>\n<td style=\"width: 50%; vertical-align: top;\"><span style=\"color: #ffffff;\"><span style=\"font-size: medium;\"><b>LLIBRES I ROBA<\/b><\/span><\/span><\/p>\n<p align=\"justify\"><span style=\"color: #ffffff;\"><span style=\"font-size: medium;\"><span lang=\"ca-ES\">Aquesta comissi\u00f3 s&#8217;encarrega de tramitar totes les sol\u00b7licituds de roba i\/o llibres dels alumnes. <\/span><\/span><\/span><\/p>\n<\/td>\n<td style=\"width: 50%; vertical-align: top;\"><span style=\"color: #ffffff;\"><span style=\"font-size: medium;\"><b>DECORACIONS<\/b><\/span><\/span><\/p>\n<p><span style=\"color: #ffffff;\"><span style=\"font-size: medium;\"><span lang=\"ca-ES\">Aquesta comissi\u00f3 organitza i elabora totes les decoracions que fan falta per als esdeveniments de l&#8217;escola, com les festes de graduaci\u00f3, fi de curs, etc.<\/span><\/span><\/span><\/td>\n<\/tr>\n<\/tbody>\n<\/table>\n<p>&nbsp;<\/p>\n<table class=\"alignleft\" style=\"border-color: #000000; background-color: #4472ca; border-style: solid; width: 75%;\">\n<tbody>\n<tr>\n<td style=\"width: 50%; vertical-align: top;\"><span style=\"color: #ffffff;\"><span style=\"font-size: medium;\"><b>WEB I COMUNICACI\u00d3<\/b><\/span><\/span><\/p>\n<p align=\"justify\"><span style=\"color: #ffffff;\"><span style=\"font-size: medium;\"><span lang=\"ca-ES\">Aquesta comissi\u00f3 gestiona el canal d&#8217;Instagram on comparteixen tot el que es fa a l&#8217;AFA i el que \u00e9s interessant per tothom.<\/span><\/span><\/span><\/p>\n<\/td>\n<td style=\"width: 50%; vertical-align: top;\"><span style=\"color: #ffffff;\"><span style=\"font-size: medium;\"><b>AJUDES PUNTUALS<\/b><\/span><\/span><\/p>\n<p align=\"justify\"><span style=\"color: #ffffff;\"><span style=\"font-size: medium;\"><span lang=\"ca-ES\">Vols donar un cop de m\u00e0 en l\u2019elaboraci\u00f3 o organitzaci\u00f3 d\u2019algun esdeveniment, per\u00f2 nom\u00e9s de forma puntual? Aquesta \u00e9s la teva comissi\u00f3. <\/span><\/span><\/span><\/p>\n<\/td>\n<\/tr>\n<\/tbody>\n<\/table>\n<p>&nbsp;<\/p>\n<p>&nbsp;<\/p>\n<p>&nbsp;<\/p>\n<table class=\"alignleft\" style=\"border-color: #000000; background-color: #4472ca; border-style: solid; width: 75%;\">\n<tbody>\n<tr>\n<td style=\"width: 50%; vertical-align: top;\"><span style=\"color: #ffffff;\"><span style=\"font-size: medium;\"><b>DELEGATS<\/b><\/span><\/span><\/p>\n<p align=\"justify\"><span style=\"color: #ffffff;\"><span style=\"font-size: medium;\"><span lang=\"ca-ES\">Aquesta comissi\u00f3 comparteix informaci\u00f3 rellevant amb tots els delegats i delegades de l&#8217;institut Escola Gav\u00e0 Mar per tal d&#8217;informar els pares i mares de cada curs.<\/span><\/span><\/span><\/p>\n<\/td>\n<td style=\"width: 50%; vertical-align: top;\"><span style=\"color: #ffffff;\"><span style=\"font-size: medium;\"><b>FESTES<\/b><\/span><\/span><\/p>\n<p align=\"justify\"><span style=\"color: #ffffff;\"><span style=\"font-size: medium;\"><span lang=\"ca-ES\">Aquesta comissi\u00f3 organitza Loteria de Nadal, Accions Solid\u00e0ries (xocolatada,&#8230;), Festa final de curs i Festa de Carnestoltes.<\/span><\/span><\/span><\/p>\n<\/td>\n<\/tr>\n<\/tbody>\n<\/table>\n<p>&nbsp;<\/p>\n<p>&nbsp;<\/p>\n<p>&nbsp;<\/p>\n<p>&nbsp;<\/p>\n<p>&nbsp;<\/p>\n<p>&nbsp;<\/p>\n<p>&nbsp;<\/p>\n<p>&nbsp;<\/p>\n<p>&nbsp;<\/p>\n<p>&nbsp;<\/p>\n<p>&nbsp;<\/p>\n<p>&nbsp;<\/p>\n<p>&nbsp;<\/p>\n<p>Pots veure l&#8217;\u00faltim Carnestoltes <a href=\"https:\/\/agora.xtec.cat\/iegavamar\/wp-content\/uploads\/usu2308\/2024\/04\/Carnestoltes-1-1.mp4\" target=\"_blank\" rel=\"noopener\">aqu\u00ed!<\/a><\/p>\n","protected":false},"excerpt":{"rendered":"<p>MENJADOR<br \/>\nAquesta comissi\u00f3 fa el seguiment del bon funcionament del menjador escolar i actualment t\u00e9 contractada l\u2019empresa AUSOLAN com a subministradora d\u2019aquest servei. <\/p>\n<p>EXTRAESCOLARS<br \/>\nAquesta comissi\u00f3 proposa i gestiona les activitats extraescolars i el servei d\u2019acollida, actualment amb diferents empreses. <\/p>\n<p>&nbsp;<\/p>\n<p>LLIBRES I ROBA<br \/>\nAquesta comissi\u00f3 s&#8217;encarrega de tramitar&hellip;  <a href=\"https:\/\/agora.xtec.cat\/iegavamar\/serveis\/comissions\/\" title=\"Read Comissions\">Llegeix m\u00e9s\u00bb<\/a><\/p>\n","protected":false},"author":1,"featured_media":0,"parent":63,"menu_order":6,"comment_status":"closed","ping_status":"closed","template":"page-templates\/side-menu.php","meta":{"_bbp_topic_count":0,"_bbp_reply_count":0,"_bbp_total_topic_count":0,"_bbp_total_reply_count":0,"_bbp_voice_count":0,"_bbp_anonymous_reply_count":0,"_bbp_topic_count_hidden":0,"_bbp_reply_count_hidden":0,"_bbp_forum_subforum_count":0,"footnotes":""},"class_list":["post-1069","page","type-page","status-publish","hentry"],"post_mailing_queue_ids":[],"_links":{"self":[{"href":"https:\/\/agora.xtec.cat\/iegavamar\/wp-json\/wp\/v2\/pages\/1069","targetHints":{"allow":["GET"]}}],"collection":[{"href":"https:\/\/agora.xtec.cat\/iegavamar\/wp-json\/wp\/v2\/pages"}],"about":[{"href":"https:\/\/agora.xtec.cat\/iegavamar\/wp-json\/wp\/v2\/types\/page"}],"author":[{"embeddable":true,"href":"https:\/\/agora.xtec.cat\/iegavamar\/wp-json\/wp\/v2\/users\/1"}],"replies":[{"embeddable":true,"href":"https:\/\/agora.xtec.cat\/iegavamar\/wp-json\/wp\/v2\/comments?post=1069"}],"version-history":[{"count":6,"href":"https:\/\/agora.xtec.cat\/iegavamar\/wp-json\/wp\/v2\/pages\/1069\/revisions"}],"predecessor-version":[{"id":1115,"href":"https:\/\/agora.xtec.cat\/iegavamar\/wp-json\/wp\/v2\/pages\/1069\/revisions\/1115"}],"up":[{"embeddable":true,"href":"https:\/\/agora.xtec.cat\/iegavamar\/wp-json\/wp\/v2\/pages\/63"}],"wp:attachment":[{"href":"https:\/\/agora.xtec.cat\/iegavamar\/wp-json\/wp\/v2\/media?parent=1069"}],"curies":[{"name":"wp","href":"https:\/\/api.w.org\/{rel}","templated":true}]}}