{"id":1024,"date":"2024-03-02T09:00:31","date_gmt":"2024-03-02T08:00:31","guid":{"rendered":"https:\/\/agora.xtec.cat\/iegavamar\/?page_id=1024"},"modified":"2024-03-29T19:58:43","modified_gmt":"2024-03-29T18:58:43","slug":"correus-de-contacte","status":"publish","type":"page","link":"https:\/\/agora.xtec.cat\/iegavamar\/secretaria\/correus-de-contacte\/","title":{"rendered":"Correus de contacte"},"content":{"rendered":"<p>&nbsp;<\/p>\n<p>Per tal de facilitar la comunicaci\u00f3 entre vosaltres i el centre, us detallem a continuaci\u00f3 els canals m\u00e9s adequats segons la informaci\u00f3 o gesti\u00f3 que necessiteu.<\/p>\n<p><strong>Per Clickedu:<\/strong><\/p>\n<p>Faltes d&#8217;assist\u00e8ncia, retards (men\u00fa: &#8220;avisos consergeria&#8221;)<\/p>\n<p>(Nom\u00e9s en el cas de tenir problemes d&#8217;acc\u00e9s a l&#8217;aplicaci\u00f3, podeu donar l&#8217;av\u00eds per tel\u00e8fon)<\/p>\n<p><strong>Per correu electr\u00f2nic:<\/strong><\/p>\n<p>A l&#8217;adre\u00e7a:\u00a0<a href=\"mailto:a8075293@xtec.cat\" target=\"_blank\" rel=\"noopener\">a8075293@xtec.cat<\/a><\/p>\n<ul>\n<li>Consultes o informacions sobre temes pedag\u00f2gics, reunions, incidents, conviv\u00e8ncia o altres temes generals<\/li>\n<\/ul>\n<p>A l&#8217;adre\u00e7a:\u00a0<a href=\"mailto:tramits@institutescolagavamar.cat\" target=\"_blank\" rel=\"noopener\">tramits@<wbr \/>institutescolagavamar.cat<\/a><\/p>\n<ul>\n<li>Consultes sobre Clickedu: com pujar els justificants de pagament, o si heu oblidat les claus d&#8217;acc\u00e9s (usuari\/contrasenya)<\/li>\n<li>Autoritzacions: medicaci\u00f3, recollida d&#8217;alumnat per alguna persona diferent a les autoritzades (en casos puntuals\/urgents)<\/li>\n<li>Consultes sobre tr\u00e0mits: preinscripci\u00f3\/matr\u00edcula, beques\/ajuts<\/li>\n<li>Petici\u00f3 certificats (haureu d&#8217;adjuntar el model de sol.licitud que trobareu a la nostra web)<\/li>\n<li>Qualsevol altre tr\u00e0mit administratiu\/acad\u00e8mic que necessiteu<\/li>\n<\/ul>\n<p>A l&#8217;adre\u00e7a:\u00a0<a href=\"mailto:ajudagavamar@institutescolagavamar.cat\" target=\"_blank\" rel=\"noopener\">ajudagavamar@<wbr \/>institutescolagavamar.cat<\/a><\/p>\n<ul>\n<li>Consultes o informacions de tipus inform\u00e0tic: claus d&#8217;acc\u00e9s al Classroom, problemes amb el correu de l&#8217;alumnat, etc.<\/li>\n<\/ul>\n<p>Si tothom utilitza les vies de comunicaci\u00f3 adients, la resposta o la gesti\u00f3 que ens demaneu ser\u00e0 m\u00e9s \u00e0gil, atesa la gran comunitat educativa que forma l&#8217;Institut Escola Gav\u00e0 Mar. Moltes gr\u00e0cies per la vostra col.laboraci\u00f3.<\/p>\n","protected":false},"excerpt":{"rendered":"<p>&nbsp;<br \/>\nPer tal de facilitar la comunicaci\u00f3 entre vosaltres i el centre, us detallem a continuaci\u00f3 els canals m\u00e9s adequats segons la informaci\u00f3 o gesti\u00f3 que necessiteu.<br \/>\nPer Clickedu:<br \/>\nFaltes d&#8217;assist\u00e8ncia, retards (men\u00fa: &#8220;avisos consergeria&#8221;)<br \/>\n(Nom\u00e9s en el cas de tenir problemes d&#8217;acc\u00e9s a l&#8217;aplicaci\u00f3, podeu donar l&#8217;av\u00eds per&hellip;  <a href=\"https:\/\/agora.xtec.cat\/iegavamar\/secretaria\/correus-de-contacte\/\" title=\"Read Correus de contacte\">Llegeix m\u00e9s\u00bb<\/a><\/p>\n","protected":false},"author":3,"featured_media":0,"parent":81,"menu_order":1,"comment_status":"closed","ping_status":"closed","template":"page-templates\/side-menu.php","meta":{"_bbp_topic_count":0,"_bbp_reply_count":0,"_bbp_total_topic_count":0,"_bbp_total_reply_count":0,"_bbp_voice_count":0,"_bbp_anonymous_reply_count":0,"_bbp_topic_count_hidden":0,"_bbp_reply_count_hidden":0,"_bbp_forum_subforum_count":0,"footnotes":""},"class_list":["post-1024","page","type-page","status-publish","hentry"],"post_mailing_queue_ids":[],"_links":{"self":[{"href":"https:\/\/agora.xtec.cat\/iegavamar\/wp-json\/wp\/v2\/pages\/1024","targetHints":{"allow":["GET"]}}],"collection":[{"href":"https:\/\/agora.xtec.cat\/iegavamar\/wp-json\/wp\/v2\/pages"}],"about":[{"href":"https:\/\/agora.xtec.cat\/iegavamar\/wp-json\/wp\/v2\/types\/page"}],"author":[{"embeddable":true,"href":"https:\/\/agora.xtec.cat\/iegavamar\/wp-json\/wp\/v2\/users\/3"}],"replies":[{"embeddable":true,"href":"https:\/\/agora.xtec.cat\/iegavamar\/wp-json\/wp\/v2\/comments?post=1024"}],"version-history":[{"count":1,"href":"https:\/\/agora.xtec.cat\/iegavamar\/wp-json\/wp\/v2\/pages\/1024\/revisions"}],"predecessor-version":[{"id":1025,"href":"https:\/\/agora.xtec.cat\/iegavamar\/wp-json\/wp\/v2\/pages\/1024\/revisions\/1025"}],"up":[{"embeddable":true,"href":"https:\/\/agora.xtec.cat\/iegavamar\/wp-json\/wp\/v2\/pages\/81"}],"wp:attachment":[{"href":"https:\/\/agora.xtec.cat\/iegavamar\/wp-json\/wp\/v2\/media?parent=1024"}],"curies":[{"name":"wp","href":"https:\/\/api.w.org\/{rel}","templated":true}]}}