{"id":665,"date":"2024-02-06T11:54:38","date_gmt":"2024-02-06T10:54:38","guid":{"rendered":"https:\/\/agora.xtec.cat\/iefeixes\/?page_id=665"},"modified":"2024-05-02T13:07:31","modified_gmt":"2024-05-02T11:07:31","slug":"comunitat-de-grans","status":"publish","type":"page","link":"https:\/\/agora.xtec.cat\/iefeixes\/comunitat-de-grans\/","title":{"rendered":"Comunitat de grans"},"content":{"rendered":"<h5>G<span style=\"font-size: 1.125em;\">aleria festa Sant Jordi 23-24<\/span><\/h5>\n<h6>4t<\/h6>\n<p><a href=\"https:\/\/drive.google.com\/file\/d\/16Ky-P2MEcyLqV_PIVqywkE40htGm95BV\/view?usp=sharing\">Video 4tA Sant Jordi<\/a><\/p>\n<p><a href=\"https:\/\/drive.google.com\/file\/d\/1os5pcSw2mo9MY_die2R_Xg2LLA-uu79v\/view?usp=sharing\">Video 4tB Sant Jordi<\/a><\/p>\n<p>&nbsp;<\/p>\n<h5>G<span style=\"font-size: 1.125em;\">aleria festa Sant Jordi 23-24<\/span><\/h5>\n<h6>5\u00e8<\/h6>\n<p><a href=\"https:\/\/drive.google.com\/file\/d\/1j3sxabiOGZQMMjGy9KBwMHW0YvoFREGt\/view?usp=sharing\">Video 5\u00e8 Sant Jordi<\/a><\/p>\n<p>&nbsp;<\/p>\n<h5>G<span style=\"font-size: 1.125em;\">aleria festa Sant Jordi 23-24<\/span><\/h5>\n<h6>6\u00e8<\/h6>\n<p><a href=\"https:\/\/drive.google.com\/file\/d\/1hkRbAktFRF2i8K4qMJXI06UfzwxxZNkX\/view?usp=sharing\">Video 6\u00e8A Sant Jordi<\/a><\/p>\n<p><a href=\"https:\/\/drive.google.com\/file\/d\/1LkVe4DQYDZEn2y3n40tioHoKLUjNSPSG\/view?usp=sharing\">Video 6\u00e8B Sant Jordi<\/a><\/p>\n<p>&nbsp;<\/p>\n<p>&nbsp;<\/p>\n<p>&nbsp;<\/p>\n<p><strong><a href=\"https:\/\/agora.xtec.cat\/iefeixes\/wp-content\/uploads\/usu2956\/2024\/04\/2024-LOGO_Petit-HI-PARTICIPEM-1-1.png\"><img loading=\"lazy\" decoding=\"async\" class=\"size-full wp-image-785 aligncenter\" src=\"https:\/\/agora.xtec.cat\/iefeixes\/wp-content\/uploads\/usu2956\/2024\/04\/2024-LOGO_Petit-HI-PARTICIPEM-1-1.png\" alt=\"\" width=\"375\" height=\"375\" srcset=\"https:\/\/agora.xtec.cat\/iefeixes\/wp-content\/uploads\/usu2956\/2024\/04\/2024-LOGO_Petit-HI-PARTICIPEM-1-1.png 375w, https:\/\/agora.xtec.cat\/iefeixes\/wp-content\/uploads\/usu2956\/2024\/04\/2024-LOGO_Petit-HI-PARTICIPEM-1-1-300x300.png 300w, https:\/\/agora.xtec.cat\/iefeixes\/wp-content\/uploads\/usu2956\/2024\/04\/2024-LOGO_Petit-HI-PARTICIPEM-1-1-150x150.png 150w\" sizes=\"auto, (max-width: 375px) 100vw, 375px\" \/><\/a>CONCURS<\/strong> &#8220;GUST PER LA LECTURA&#8221; 2024<\/p>\n<p>Els infants de 5\u00e9, despr\u00e9s de llegir el llibre &#8220;Bruixes&#8221; de Roald Dahl, vam crear la nostra pr\u00f2pia hist\u00f2ria.<\/p>\n<p>Les nostres bruixes i bruixots infiltrats, s&#8217;encarregaran de formular una s\u00e8rie d&#8217;ant\u00eddots, per lluitar contra la poci\u00f3 de la Reina de les Bruixes.<\/p>\n<p>Esperem que us agradi!<\/p>\n<p><a href=\"https:\/\/agora.xtec.cat\/iefeixes\/wp-content\/uploads\/usu2956\/2024\/04\/1_1-Stopmotion.jpg\"><img loading=\"lazy\" decoding=\"async\" class=\"alignnone wp-image-789\" src=\"https:\/\/agora.xtec.cat\/iefeixes\/wp-content\/uploads\/usu2956\/2024\/04\/1_1-Stopmotion-768x1024.jpg\" alt=\"\" width=\"397\" height=\"529\" srcset=\"https:\/\/agora.xtec.cat\/iefeixes\/wp-content\/uploads\/usu2956\/2024\/04\/1_1-Stopmotion-768x1024.jpg 768w, https:\/\/agora.xtec.cat\/iefeixes\/wp-content\/uploads\/usu2956\/2024\/04\/1_1-Stopmotion-225x300.jpg 225w, https:\/\/agora.xtec.cat\/iefeixes\/wp-content\/uploads\/usu2956\/2024\/04\/1_1-Stopmotion.jpg 1080w\" sizes=\"auto, (max-width: 397px) 100vw, 397px\" \/><\/a> <a href=\"https:\/\/agora.xtec.cat\/iefeixes\/wp-content\/uploads\/usu2956\/2024\/04\/1_2-Stopmotion.jpg\"><img loading=\"lazy\" decoding=\"async\" class=\"alignnone wp-image-790\" src=\"https:\/\/agora.xtec.cat\/iefeixes\/wp-content\/uploads\/usu2956\/2024\/04\/1_2-Stopmotion-768x1024.jpg\" alt=\"\" width=\"384\" height=\"512\" srcset=\"https:\/\/agora.xtec.cat\/iefeixes\/wp-content\/uploads\/usu2956\/2024\/04\/1_2-Stopmotion-768x1024.jpg 768w, https:\/\/agora.xtec.cat\/iefeixes\/wp-content\/uploads\/usu2956\/2024\/04\/1_2-Stopmotion-225x300.jpg 225w, https:\/\/agora.xtec.cat\/iefeixes\/wp-content\/uploads\/usu2956\/2024\/04\/1_2-Stopmotion.jpg 1080w\" sizes=\"auto, (max-width: 384px) 100vw, 384px\" \/><\/a><\/p>\n<div style=\"width: 640px;\" class=\"wp-video\"><!--[if lt IE 9]><script>document.createElement('video');<\/script><![endif]-->\n<video class=\"wp-video-shortcode\" id=\"video-665-1\" width=\"640\" height=\"360\" preload=\"metadata\" controls=\"controls\"><source type=\"video\/mp4\" src=\"https:\/\/agora.xtec.cat\/iefeixes\/wp-content\/uploads\/usu2956\/2024\/03\/92eae8b6-b9e7-425a-b161-322e13d3399e-1.mp4?_=1\" \/><a href=\"https:\/\/agora.xtec.cat\/iefeixes\/wp-content\/uploads\/usu2956\/2024\/03\/92eae8b6-b9e7-425a-b161-322e13d3399e-1.mp4\">https:\/\/agora.xtec.cat\/iefeixes\/wp-content\/uploads\/usu2956\/2024\/03\/92eae8b6-b9e7-425a-b161-322e13d3399e-1.mp4<\/a><\/video><\/div>\n","protected":false},"excerpt":{"rendered":"<p>Galeria festa Sant Jordi 23-24 4t Video 4tA Sant Jordi Video 4tB Sant Jordi &nbsp; Galeria festa Sant Jordi 23-24 5\u00e8 Video 5\u00e8 Sant Jordi &nbsp; Galeria festa Sant Jordi 23-24 6\u00e8 Video 6\u00e8A Sant Jordi Video 6\u00e8B Sant Jordi &nbsp; &nbsp; &nbsp; CONCURS &#8220;GUST PER LA LECTURA&#8221; 2024 Els infants de 5\u00e9, despr\u00e9s de [&hellip;]<\/p>\n","protected":false},"author":1,"featured_media":0,"parent":0,"menu_order":0,"comment_status":"closed","ping_status":"closed","template":"","meta":{"_bbp_topic_count":0,"_bbp_reply_count":0,"_bbp_total_topic_count":0,"_bbp_total_reply_count":0,"_bbp_voice_count":0,"_bbp_anonymous_reply_count":0,"_bbp_topic_count_hidden":0,"_bbp_reply_count_hidden":0,"_bbp_forum_subforum_count":0,"site-sidebar-layout":"default","site-content-layout":"","ast-site-content-layout":"","site-content-style":"default","site-sidebar-style":"default","ast-global-header-display":"","ast-banner-title-visibility":"","ast-main-header-display":"","ast-hfb-above-header-display":"","ast-hfb-below-header-display":"","ast-hfb-mobile-header-display":"","site-post-title":"","ast-breadcrumbs-content":"","ast-featured-img":"","footer-sml-layout":"","theme-transparent-header-meta":"","adv-header-id-meta":"","stick-header-meta":"","header-above-stick-meta":"","header-main-stick-meta":"","header-below-stick-meta":"","astra-migrate-meta-layouts":"default","ast-page-background-enabled":"default","ast-page-background-meta":{"desktop":{"background-color":"var(--ast-global-color-4)","background-image":"","background-repeat":"repeat","background-position":"center center","background-size":"auto","background-attachment":"scroll","background-type":"","background-media":"","overlay-type":"","overlay-color":"","overlay-opacity":"","overlay-gradient":""},"tablet":{"background-color":"","background-image":"","background-repeat":"repeat","background-position":"center center","background-size":"auto","background-attachment":"scroll","background-type":"","background-media":"","overlay-type":"","overlay-color":"","overlay-opacity":"","overlay-gradient":""},"mobile":{"background-color":"","background-image":"","background-repeat":"repeat","background-position":"center center","background-size":"auto","background-attachment":"scroll","background-type":"","background-media":"","overlay-type":"","overlay-color":"","overlay-opacity":"","overlay-gradient":""}},"ast-content-background-meta":{"desktop":{"background-color":"var(--ast-global-color-5)","background-image":"","background-repeat":"repeat","background-position":"center center","background-size":"auto","background-attachment":"scroll","background-type":"","background-media":"","overlay-type":"","overlay-color":"","overlay-opacity":"","overlay-gradient":""},"tablet":{"background-color":"var(--ast-global-color-5)","background-image":"","background-repeat":"repeat","background-position":"center center","background-size":"auto","background-attachment":"scroll","background-type":"","background-media":"","overlay-type":"","overlay-color":"","overlay-opacity":"","overlay-gradient":""},"mobile":{"background-color":"var(--ast-global-color-5)","background-image":"","background-repeat":"repeat","background-position":"center center","background-size":"auto","background-attachment":"scroll","background-type":"","background-media":"","overlay-type":"","overlay-color":"","overlay-opacity":"","overlay-gradient":""}},"footnotes":""},"class_list":["post-665","page","type-page","status-publish","hentry"],"post_mailing_queue_ids":[],"_links":{"self":[{"href":"https:\/\/agora.xtec.cat\/iefeixes\/wp-json\/wp\/v2\/pages\/665","targetHints":{"allow":["GET"]}}],"collection":[{"href":"https:\/\/agora.xtec.cat\/iefeixes\/wp-json\/wp\/v2\/pages"}],"about":[{"href":"https:\/\/agora.xtec.cat\/iefeixes\/wp-json\/wp\/v2\/types\/page"}],"author":[{"embeddable":true,"href":"https:\/\/agora.xtec.cat\/iefeixes\/wp-json\/wp\/v2\/users\/1"}],"replies":[{"embeddable":true,"href":"https:\/\/agora.xtec.cat\/iefeixes\/wp-json\/wp\/v2\/comments?post=665"}],"version-history":[{"count":6,"href":"https:\/\/agora.xtec.cat\/iefeixes\/wp-json\/wp\/v2\/pages\/665\/revisions"}],"predecessor-version":[{"id":847,"href":"https:\/\/agora.xtec.cat\/iefeixes\/wp-json\/wp\/v2\/pages\/665\/revisions\/847"}],"wp:attachment":[{"href":"https:\/\/agora.xtec.cat\/iefeixes\/wp-json\/wp\/v2\/media?parent=665"}],"curies":[{"name":"wp","href":"https:\/\/api.w.org\/{rel}","templated":true}]}}