{"id":43,"date":"2014-09-17T16:45:07","date_gmt":"2014-09-17T16:45:07","guid":{"rendered":"http:\/\/agora.xtec.cat\/iefeixes\/?page_id=43"},"modified":"2024-04-23T12:29:01","modified_gmt":"2024-04-23T10:29:01","slug":"consell-escolar","status":"publish","type":"page","link":"https:\/\/agora.xtec.cat\/iefeixes\/linstitut\/consell-escolar\/","title":{"rendered":"Consell escolar"},"content":{"rendered":"<h4><strong>Integrants del Consell Escolar IE Feixes 2024-2025<\/strong><\/h4>\n<p><strong>Maribel Tarr\u00e9s<\/strong>, presidenta i directora<br \/>\n<strong>\u00c1ngels L\u00f3pez Colas,<\/strong> Cap d\u2019estudis prim\u00e0ria<br \/>\n<strong>Amada Motrel<\/strong>, cap d\u2019estudis secund\u00e0ria<br \/>\n<strong>Yolanda Roda,<\/strong> representant dels professors<br \/>\n<strong>Roser Carn\u00e9,<\/strong> representant del PAS<br \/>\n<strong>Sandra Luque<\/strong>, secret\u00e0ria<br \/>\n<strong>Oto Lusic<\/strong>, representant dels professors<br \/>\n<strong>Pere Serrano<\/strong>, representant dels professors<br \/>\n<strong>M\u00edriam Carpintero<\/strong>, representant dels professors<br \/>\n<strong>Aida Hern\u00e0ndez<\/strong>, representant dels professors<br \/>\n<strong>Adri\u00e0 Serrano<\/strong>, representant dels professors<br \/>\n<strong>Nela Haro,<\/strong> representant dels alumnes<br \/>\n<strong>Iman El Garrab,<\/strong> representant dels alumnes<br \/>\n<strong>Suska Solarte<\/strong>, representant de l\u2019AFA<br \/>\n<strong>Marta Massas<\/strong>, representant dels pares i mares<br \/>\n<strong>Jose Antonio Garc\u00eda<\/strong>, representant dels pares i mares<br \/>\n<strong>Saray S\u00e1nchez<\/strong>, representant dels pares i mares<\/p>\n<p><span style=\"font-weight: 400;\"><strong>Palmira Dom\u00e8nech<\/strong>, representant de l\u2019Ajuntament<\/span><\/p>\n<h4>ACTES DEL CONSELL ESCOLAR 2023-2024<\/h4>\n<h6><strong><a href=\"https:\/\/agora.xtec.cat\/iefeixes\/wp-content\/uploads\/usu2956\/2024\/04\/1-Consell-Escolar-2023.3.15.doc-1.pdf\">1 Consell Escolar 150323<\/a> <\/strong><\/h6>\n<h6><strong><a href=\"https:\/\/agora.xtec.cat\/iefeixes\/wp-content\/uploads\/usu2956\/2024\/04\/2-Consell-Escolar-220923-1.pdf\">2 Consell Escolar 220923<\/a> <\/strong><\/h6>\n<h6><strong><a href=\"https:\/\/agora.xtec.cat\/iefeixes\/wp-content\/uploads\/usu2956\/2024\/04\/3-Consell-Escolar-231023-1.pdf\">3 Consell Escolar 231023<\/a> <\/strong><\/h6>\n<h6><strong><a href=\"https:\/\/agora.xtec.cat\/iefeixes\/wp-content\/uploads\/usu2956\/2024\/04\/4-Consell-Escolar-290124-1.pdf\">4 Consell Escolar 290124<\/a> <\/strong><\/h6>\n<h6><strong><a href=\"https:\/\/agora.xtec.cat\/iefeixes\/wp-content\/uploads\/usu2956\/2024\/04\/5-Consell-Escolar-11042024-1.pdf\">5 Consell Escolar 110424<\/a><\/strong><\/h6>\n","protected":false},"excerpt":{"rendered":"<p>Integrants del Consell Escolar IE Feixes 2024-2025 Maribel Tarr\u00e9s, presidenta i directora \u00c1ngels L\u00f3pez Colas, Cap d\u2019estudis prim\u00e0ria Amada Motrel, cap d\u2019estudis secund\u00e0ria Yolanda Roda, representant dels professors Roser Carn\u00e9, representant del PAS Sandra Luque, secret\u00e0ria Oto Lusic, representant dels professors Pere Serrano, representant dels professors M\u00edriam Carpintero, representant dels professors Aida Hern\u00e0ndez, representant dels [&hellip;]<\/p>\n","protected":false},"author":1,"featured_media":0,"parent":19,"menu_order":40,"comment_status":"closed","ping_status":"closed","template":"page-templates\/side-menu.php","meta":{"_bbp_topic_count":0,"_bbp_reply_count":0,"_bbp_total_topic_count":0,"_bbp_total_reply_count":0,"_bbp_voice_count":0,"_bbp_anonymous_reply_count":0,"_bbp_topic_count_hidden":0,"_bbp_reply_count_hidden":0,"_bbp_forum_subforum_count":0,"site-sidebar-layout":"default","site-content-layout":"","ast-site-content-layout":"","site-content-style":"default","site-sidebar-style":"default","ast-global-header-display":"","ast-banner-title-visibility":"","ast-main-header-display":"","ast-hfb-above-header-display":"","ast-hfb-below-header-display":"","ast-hfb-mobile-header-display":"","site-post-title":"","ast-breadcrumbs-content":"","ast-featured-img":"","footer-sml-layout":"","theme-transparent-header-meta":"","adv-header-id-meta":"","stick-header-meta":"","header-above-stick-meta":"","header-main-stick-meta":"","header-below-stick-meta":"","astra-migrate-meta-layouts":"default","ast-page-background-enabled":"default","ast-page-background-meta":{"desktop":{"background-color":"var(--ast-global-color-4)","background-image":"","background-repeat":"repeat","background-position":"center center","background-size":"auto","background-attachment":"scroll","background-type":"","background-media":"","overlay-type":"","overlay-color":"","overlay-opacity":"","overlay-gradient":""},"tablet":{"background-color":"","background-image":"","background-repeat":"repeat","background-position":"center center","background-size":"auto","background-attachment":"scroll","background-type":"","background-media":"","overlay-type":"","overlay-color":"","overlay-opacity":"","overlay-gradient":""},"mobile":{"background-color":"","background-image":"","background-repeat":"repeat","background-position":"center center","background-size":"auto","background-attachment":"scroll","background-type":"","background-media":"","overlay-type":"","overlay-color":"","overlay-opacity":"","overlay-gradient":""}},"ast-content-background-meta":{"desktop":{"background-color":"var(--ast-global-color-5)","background-image":"","background-repeat":"repeat","background-position":"center center","background-size":"auto","background-attachment":"scroll","background-type":"","background-media":"","overlay-type":"","overlay-color":"","overlay-opacity":"","overlay-gradient":""},"tablet":{"background-color":"var(--ast-global-color-5)","background-image":"","background-repeat":"repeat","background-position":"center center","background-size":"auto","background-attachment":"scroll","background-type":"","background-media":"","overlay-type":"","overlay-color":"","overlay-opacity":"","overlay-gradient":""},"mobile":{"background-color":"var(--ast-global-color-5)","background-image":"","background-repeat":"repeat","background-position":"center center","background-size":"auto","background-attachment":"scroll","background-type":"","background-media":"","overlay-type":"","overlay-color":"","overlay-opacity":"","overlay-gradient":""}},"footnotes":""},"class_list":["post-43","page","type-page","status-publish","hentry"],"post_mailing_queue_ids":[],"_links":{"self":[{"href":"https:\/\/agora.xtec.cat\/iefeixes\/wp-json\/wp\/v2\/pages\/43","targetHints":{"allow":["GET"]}}],"collection":[{"href":"https:\/\/agora.xtec.cat\/iefeixes\/wp-json\/wp\/v2\/pages"}],"about":[{"href":"https:\/\/agora.xtec.cat\/iefeixes\/wp-json\/wp\/v2\/types\/page"}],"author":[{"embeddable":true,"href":"https:\/\/agora.xtec.cat\/iefeixes\/wp-json\/wp\/v2\/users\/1"}],"replies":[{"embeddable":true,"href":"https:\/\/agora.xtec.cat\/iefeixes\/wp-json\/wp\/v2\/comments?post=43"}],"version-history":[{"count":6,"href":"https:\/\/agora.xtec.cat\/iefeixes\/wp-json\/wp\/v2\/pages\/43\/revisions"}],"predecessor-version":[{"id":825,"href":"https:\/\/agora.xtec.cat\/iefeixes\/wp-json\/wp\/v2\/pages\/43\/revisions\/825"}],"up":[{"embeddable":true,"href":"https:\/\/agora.xtec.cat\/iefeixes\/wp-json\/wp\/v2\/pages\/19"}],"wp:attachment":[{"href":"https:\/\/agora.xtec.cat\/iefeixes\/wp-json\/wp\/v2\/media?parent=43"}],"curies":[{"name":"wp","href":"https:\/\/api.w.org\/{rel}","templated":true}]}}