{"id":4687,"date":"2022-01-26T12:57:09","date_gmt":"2022-01-26T11:57:09","guid":{"rendered":"https:\/\/agora.xtec.cat\/ieempuriabrava\/?page_id=4687"},"modified":"2025-07-22T12:30:50","modified_gmt":"2025-07-22T10:30:50","slug":"tpv-app-de-pagament-i-autoritzacions","status":"publish","type":"page","link":"https:\/\/agora.xtec.cat\/ieempuriabrava\/serveis\/tpv-app-de-pagament-i-autoritzacions\/","title":{"rendered":"TPV : app de pagament i autoritzacions"},"content":{"rendered":"\n<div>\n<div>\u00a0<\/div>\n<\/div>\n\n\n\n<p>Benvolgudes fam\u00edlies, a partir d\u2019avui, l&#8217;Institut Escola us proporciona un sistema \u00e0gil i senzill<br>per a realitzar els pagaments i rebre les comunicacions del centre, basat en pagament segur amb targeta<br>de cr\u00e8dit o d\u00e8bit, i per Bizum. Si teniu cap dubte, adreceu-vos a la secretaria del centre.<\/p>\n\n\n\n<p>Trobareu m\u00e9s informaci\u00f3 sobre la instal\u00b7laci\u00f3 i \u00fas de l\u2019APP a la p\u00e0gina<br>de TPVEscola, seguint aquesta web:&nbsp; <a href=\"https:\/\/www.tpvescola.com\/Default2.aspx\">www.tpvescola.com<\/a><\/p>\n\n\n\n<h6 class=\"wp-block-heading\"><span style=\"color: #ff0000;\"><a href=\"https:\/\/drive.google.com\/file\/d\/1ee8nswJ9cq_Lw4IWj-KNFn5hHlFE3JHi\/view?usp=drive_link\">Instruccions per accedir i identificar-se a TPVEscola:<\/a><\/span><\/h6>\n\n\n\n<p><strong>Amb l\u2019App gratu\u00efta del m\u00f2bil:<\/strong><br>\u2022 Descarregueu i instal\u00b7leu l\u2019App \u201cTPVEscola\u201d a Google Play o App Store.<br>\u2022 Obriu l\u2019App i seleccioneu poblaci\u00f3 Empuriabrava i Institut Escola El Bruel.<br>\u2022 Introdu\u00efu l\u2019usuari i la contrasenya indicades al requadre de sota. Un cop introdu\u00efda, ja queda<br>gravat per properes vegades.<br>\u2022 Si teniu m\u00e9s d\u2019un\/a fill\/a al centre, podeu incorporar tots els usuaris des de Usuaris &gt; Nou usuari.<br>Podeu canviar de fill\/a a Usuaris &gt; Canvi d\u2019usuari.<br>\u2022 Aneu a El Meu Compte i registreu una signatura per signar les autoritzacions.<\/p>\n\n\n\n<p><strong>Des de la web:<\/strong><br>\u2022 Aneu a la web <a href=\"https:\/\/www.tpvescola.com\/Default2.aspx\">www.tpvescola.com<\/a> i seguiu els passos anteriors.<\/p>\n\n\n\n<p>V\u00eddeo explicatiu:<\/p>\n\n\n\n<figure class=\"wp-block-embed\"><div class=\"wp-block-embed__wrapper\">\nhttps:\/\/www.youtube.com\/watch?v=uKtB9xfgvM0\n<\/div><\/figure>\n\n\n\n<h6 class=\"wp-block-heading\"><span style=\"color: #ff0000;\">Per realitzar un pagament:<\/span><\/h6>\n\n\n\n<p>Un cop identificats aneu a Pagaments (APP o Web) i seleccioneu els conceptes que voleu pagar.<\/p>\n\n\n\n<p>Fent clic al bot\u00f3 Pagar accedireu a la p\u00e0gina banc\u00e0ria de pagament. Heu d\u2019introduir les dades de la<br>vostra targeta de cr\u00e8dit\/d\u00e8bit o el tel\u00e8fon associat al vostre Bizum i seguir les instruccions per<br>verificar el pagament tal i com us indiqui la vostra entitat banc\u00e0ria.<\/p>\n\n\n\n<p>Si ho voleu, podeu desar amb total seguretat, la targeta de pagament i tamb\u00e9 domiciliar en targeta els<br>pagaments del centre (Sistema bancari segur de Redsys).<\/p>\n\n\n\n<p>VERIFIQUEU o DONEU D\u2019ALTA el vostre email a TPVEscola. Rebreu un email amb el justificant de<br>cada pagament i altres comunicacions que pugui realitzar el centre. No cal lliurar cap justificant al centre.<\/p>\n\n\n\n<p><\/p>\n","protected":false},"excerpt":{"rendered":"<p>\u00a0 Benvolgudes fam\u00edlies, a partir d\u2019avui, l&#8217;Institut Escola us proporciona un sistema \u00e0gil i senzillper a realitzar els pagaments i rebre les comunicacions del centre, basat en pagament segur amb targetade cr\u00e8dit o d\u00e8bit, i per Bizum. Si teniu cap dubte, adreceu-vos a la secretaria del centre. Trobareu m\u00e9s informaci\u00f3 sobre la instal\u00b7laci\u00f3 i \u00fas [&hellip;]<\/p>\n","protected":false},"author":6,"featured_media":0,"parent":63,"menu_order":0,"comment_status":"closed","ping_status":"closed","template":"","meta":{"_bbp_topic_count":0,"_bbp_reply_count":0,"_bbp_total_topic_count":0,"_bbp_total_reply_count":0,"_bbp_voice_count":0,"_bbp_anonymous_reply_count":0,"_bbp_topic_count_hidden":0,"_bbp_reply_count_hidden":0,"_bbp_forum_subforum_count":0,"site-sidebar-layout":"default","site-content-layout":"","ast-site-content-layout":"default","site-content-style":"default","site-sidebar-style":"default","ast-global-header-display":"","ast-banner-title-visibility":"","ast-main-header-display":"","ast-hfb-above-header-display":"","ast-hfb-below-header-display":"","ast-hfb-mobile-header-display":"","site-post-title":"","ast-breadcrumbs-content":"","ast-featured-img":"","footer-sml-layout":"","theme-transparent-header-meta":"","adv-header-id-meta":"","stick-header-meta":"","header-above-stick-meta":"","header-main-stick-meta":"","header-below-stick-meta":"","astra-migrate-meta-layouts":"set","ast-page-background-enabled":"default","ast-page-background-meta":{"desktop":{"background-color":"var(--ast-global-color-4)","background-image":"","background-repeat":"repeat","background-position":"center center","background-size":"auto","background-attachment":"scroll","background-type":"","background-media":"","overlay-type":"","overlay-color":"","overlay-opacity":"","overlay-gradient":""},"tablet":{"background-color":"","background-image":"","background-repeat":"repeat","background-position":"center center","background-size":"auto","background-attachment":"scroll","background-type":"","background-media":"","overlay-type":"","overlay-color":"","overlay-opacity":"","overlay-gradient":""},"mobile":{"background-color":"","background-image":"","background-repeat":"repeat","background-position":"center center","background-size":"auto","background-attachment":"scroll","background-type":"","background-media":"","overlay-type":"","overlay-color":"","overlay-opacity":"","overlay-gradient":""}},"ast-content-background-meta":{"desktop":{"background-color":"var(--ast-global-color-5)","background-image":"","background-repeat":"repeat","background-position":"center center","background-size":"auto","background-attachment":"scroll","background-type":"","background-media":"","overlay-type":"","overlay-color":"","overlay-opacity":"","overlay-gradient":""},"tablet":{"background-color":"var(--ast-global-color-5)","background-image":"","background-repeat":"repeat","background-position":"center center","background-size":"auto","background-attachment":"scroll","background-type":"","background-media":"","overlay-type":"","overlay-color":"","overlay-opacity":"","overlay-gradient":""},"mobile":{"background-color":"var(--ast-global-color-5)","background-image":"","background-repeat":"repeat","background-position":"center center","background-size":"auto","background-attachment":"scroll","background-type":"","background-media":"","overlay-type":"","overlay-color":"","overlay-opacity":"","overlay-gradient":""}},"footnotes":""},"class_list":["post-4687","page","type-page","status-publish","hentry"],"post_mailing_queue_ids":[],"_links":{"self":[{"href":"https:\/\/agora.xtec.cat\/ieempuriabrava\/wp-json\/wp\/v2\/pages\/4687","targetHints":{"allow":["GET"]}}],"collection":[{"href":"https:\/\/agora.xtec.cat\/ieempuriabrava\/wp-json\/wp\/v2\/pages"}],"about":[{"href":"https:\/\/agora.xtec.cat\/ieempuriabrava\/wp-json\/wp\/v2\/types\/page"}],"author":[{"embeddable":true,"href":"https:\/\/agora.xtec.cat\/ieempuriabrava\/wp-json\/wp\/v2\/users\/6"}],"replies":[{"embeddable":true,"href":"https:\/\/agora.xtec.cat\/ieempuriabrava\/wp-json\/wp\/v2\/comments?post=4687"}],"version-history":[{"count":5,"href":"https:\/\/agora.xtec.cat\/ieempuriabrava\/wp-json\/wp\/v2\/pages\/4687\/revisions"}],"predecessor-version":[{"id":7801,"href":"https:\/\/agora.xtec.cat\/ieempuriabrava\/wp-json\/wp\/v2\/pages\/4687\/revisions\/7801"}],"up":[{"embeddable":true,"href":"https:\/\/agora.xtec.cat\/ieempuriabrava\/wp-json\/wp\/v2\/pages\/63"}],"wp:attachment":[{"href":"https:\/\/agora.xtec.cat\/ieempuriabrava\/wp-json\/wp\/v2\/media?parent=4687"}],"curies":[{"name":"wp","href":"https:\/\/api.w.org\/{rel}","templated":true}]}}