{"id":3942,"date":"2021-10-20T13:38:14","date_gmt":"2021-10-20T11:38:14","guid":{"rendered":"https:\/\/agora.xtec.cat\/ieempuriabrava\/?page_id=3942"},"modified":"2025-02-27T20:40:02","modified_gmt":"2025-02-27T19:40:02","slug":"agitart-cosmou","status":"publish","type":"page","link":"https:\/\/agora.xtec.cat\/ieempuriabrava\/activitats-del-centre\/agitart-cosmou\/","title":{"rendered":"Mapa de ball"},"content":{"rendered":"<section class=\"elementor-section elementor-top-section elementor-element elementor-element-36b8c0f elementor-section-content-middle elementor-section-boxed elementor-section-height-default elementor-section-height-default\" data-id=\"36b8c0f\" data-element_type=\"section\" data-settings=\"{&quot;background_background&quot;:&quot;classic&quot;}\">\n<div class=\"elementor-container elementor-column-gap-default\">\n<div class=\"elementor-row\">\n<div class=\"elementor-column elementor-col-100 elementor-top-column elementor-element elementor-element-d5c96cc\" data-id=\"d5c96cc\" data-element_type=\"column\">\n<div class=\"elementor-column-wrap elementor-element-populated\">\n<div class=\"elementor-widget-wrap\">\n<div class=\"elementor-element elementor-element-0d2e8fe elementor-widget elementor-widget-text-editor\" data-id=\"0d2e8fe\" data-element_type=\"widget\" data-widget_type=\"text-editor.default\">\n<div class=\"elementor-widget-container\">\n<div class=\"elementor-text-editor elementor-clearfix\"><\/div>\n<\/div>\n<\/div>\n<\/div>\n<\/div>\n<\/div>\n<\/div>\n<\/div>\n<\/section>\n<section class=\"elementor-section elementor-top-section elementor-element elementor-element-20813ef elementor-section-content-middle elementor-section-boxed elementor-section-height-default elementor-section-height-default\" data-id=\"20813ef\" data-element_type=\"section\" data-settings=\"{&quot;background_background&quot;:&quot;classic&quot;}\">\n<div class=\"elementor-container elementor-column-gap-default\">\n<div class=\"elementor-row\">\n<div class=\"elementor-column elementor-col-50 elementor-top-column elementor-element elementor-element-43e28b6\" data-id=\"43e28b6\" data-element_type=\"column\">\n<div class=\"elementor-column-wrap elementor-element-populated\">\n<div class=\"elementor-widget-wrap\">\n<div class=\"elementor-element elementor-element-cdc4873 elementor-widget elementor-widget-text-editor\" data-id=\"cdc4873\" data-element_type=\"widget\" data-widget_type=\"text-editor.default\">\n<div class=\"elementor-widget-container\">\n<div class=\"elementor-text-editor elementor-clearfix\">\n<p>Mapa de ball \u00e9s un projecte de pr\u00e0ctica art\u00edstica a l\u2019aula i est\u00e0 destinat a introduir i apropar<br \/>\nel llenguatge del moviment i la dansa contempor\u00e0nia al p\u00fablic m\u00e9s jove. Es presenta com<br \/>\nuna eina educativa pel professorat, per\u00f2 sobretot s\u2019introdueix com una viv\u00e8ncia i<br \/>\nexperi\u00e8ncia positiva, tant personal com col\u00b7lectiva. D\u2019altra banda, el proc\u00e9s de creaci\u00f3<br \/>\ncoreogr\u00e0fica que es comparteix entre alumnes i professors, amb la supervisi\u00f3 art\u00edstica del<br \/>\ncore\u00f2graf i ballarins i ballarines locals, dona com a resultat final un espectacle de dansa<br \/>\ncontempor\u00e0nia.<\/p>\n<p>Aquest projecte va n\u00e9ixer com una extensi\u00f3 al territori catal\u00e0 de la Jornada Jove de<br \/>\nCreaci\u00f3 Art\u00edstica: Dansa Contempor\u00e0nia d\u2019\u00e0mbit barcelon\u00ed, organitzada pel Mercat de les<br \/>\nFlors, Institut del Teatre i Institut d\u2019Educaci\u00f3 de Barcelona (IMEB).<\/p>\n<p>En el nostre centre l&#8217;alumnat de secund\u00e0ria participa en el projecte des del curs 2020-2021.<\/p>\n<p>&nbsp;<\/p>\n<p><img loading=\"lazy\" decoding=\"async\" class=\"alignnone wp-image-7550\" src=\"https:\/\/agora.xtec.cat\/ieempuriabrava\/wp-content\/uploads\/usu1764\/2025\/02\/mapa-de-ball.png\" alt=\"\" width=\"656\" height=\"482\" srcset=\"https:\/\/agora.xtec.cat\/ieempuriabrava\/wp-content\/uploads\/usu1764\/2025\/02\/mapa-de-ball.png 1262w, https:\/\/agora.xtec.cat\/ieempuriabrava\/wp-content\/uploads\/usu1764\/2025\/02\/mapa-de-ball-300x221.png 300w, https:\/\/agora.xtec.cat\/ieempuriabrava\/wp-content\/uploads\/usu1764\/2025\/02\/mapa-de-ball-1024x753.png 1024w, https:\/\/agora.xtec.cat\/ieempuriabrava\/wp-content\/uploads\/usu1764\/2025\/02\/mapa-de-ball-768x565.png 768w\" sizes=\"auto, (max-width: 656px) 100vw, 656px\" \/><\/p>\n<p><em>Foto de l&#8217;espectacle final del curs 23-24 al pati de l&#8217;ajuntament de Castell\u00f3 d&#8217;Emp\u00faries.<\/em><\/p>\n<\/div>\n<\/div>\n<\/div>\n<\/div>\n<\/div>\n<\/div>\n<\/div>\n<\/div>\n<\/section>\n","protected":false},"excerpt":{"rendered":"<p>Mapa de ball \u00e9s un projecte de pr\u00e0ctica art\u00edstica a l\u2019aula i est\u00e0 destinat a introduir i apropar el llenguatge del moviment i la dansa contempor\u00e0nia al p\u00fablic m\u00e9s jove. Es presenta com una eina educativa pel professorat, per\u00f2 sobretot s\u2019introdueix com una viv\u00e8ncia i experi\u00e8ncia positiva, tant personal com col\u00b7lectiva. D\u2019altra banda, el proc\u00e9s [&hellip;]<\/p>\n","protected":false},"author":6,"featured_media":0,"parent":1359,"menu_order":0,"comment_status":"closed","ping_status":"closed","template":"page-templates\/side-menu.php","meta":{"_bbp_topic_count":0,"_bbp_reply_count":0,"_bbp_total_topic_count":0,"_bbp_total_reply_count":0,"_bbp_voice_count":0,"_bbp_anonymous_reply_count":0,"_bbp_topic_count_hidden":0,"_bbp_reply_count_hidden":0,"_bbp_forum_subforum_count":0,"site-sidebar-layout":"default","site-content-layout":"","ast-site-content-layout":"","site-content-style":"default","site-sidebar-style":"default","ast-global-header-display":"","ast-banner-title-visibility":"","ast-main-header-display":"","ast-hfb-above-header-display":"","ast-hfb-below-header-display":"","ast-hfb-mobile-header-display":"","site-post-title":"","ast-breadcrumbs-content":"","ast-featured-img":"","footer-sml-layout":"","theme-transparent-header-meta":"","adv-header-id-meta":"","stick-header-meta":"","header-above-stick-meta":"","header-main-stick-meta":"","header-below-stick-meta":"","astra-migrate-meta-layouts":"default","ast-page-background-enabled":"default","ast-page-background-meta":{"desktop":{"background-color":"var(--ast-global-color-4)","background-image":"","background-repeat":"repeat","background-position":"center center","background-size":"auto","background-attachment":"scroll","background-type":"","background-media":"","overlay-type":"","overlay-color":"","overlay-opacity":"","overlay-gradient":""},"tablet":{"background-color":"","background-image":"","background-repeat":"repeat","background-position":"center center","background-size":"auto","background-attachment":"scroll","background-type":"","background-media":"","overlay-type":"","overlay-color":"","overlay-opacity":"","overlay-gradient":""},"mobile":{"background-color":"","background-image":"","background-repeat":"repeat","background-position":"center center","background-size":"auto","background-attachment":"scroll","background-type":"","background-media":"","overlay-type":"","overlay-color":"","overlay-opacity":"","overlay-gradient":""}},"ast-content-background-meta":{"desktop":{"background-color":"var(--ast-global-color-5)","background-image":"","background-repeat":"repeat","background-position":"center center","background-size":"auto","background-attachment":"scroll","background-type":"","background-media":"","overlay-type":"","overlay-color":"","overlay-opacity":"","overlay-gradient":""},"tablet":{"background-color":"var(--ast-global-color-5)","background-image":"","background-repeat":"repeat","background-position":"center center","background-size":"auto","background-attachment":"scroll","background-type":"","background-media":"","overlay-type":"","overlay-color":"","overlay-opacity":"","overlay-gradient":""},"mobile":{"background-color":"var(--ast-global-color-5)","background-image":"","background-repeat":"repeat","background-position":"center center","background-size":"auto","background-attachment":"scroll","background-type":"","background-media":"","overlay-type":"","overlay-color":"","overlay-opacity":"","overlay-gradient":""}},"footnotes":""},"class_list":["post-3942","page","type-page","status-publish","hentry"],"post_mailing_queue_ids":[],"_links":{"self":[{"href":"https:\/\/agora.xtec.cat\/ieempuriabrava\/wp-json\/wp\/v2\/pages\/3942","targetHints":{"allow":["GET"]}}],"collection":[{"href":"https:\/\/agora.xtec.cat\/ieempuriabrava\/wp-json\/wp\/v2\/pages"}],"about":[{"href":"https:\/\/agora.xtec.cat\/ieempuriabrava\/wp-json\/wp\/v2\/types\/page"}],"author":[{"embeddable":true,"href":"https:\/\/agora.xtec.cat\/ieempuriabrava\/wp-json\/wp\/v2\/users\/6"}],"replies":[{"embeddable":true,"href":"https:\/\/agora.xtec.cat\/ieempuriabrava\/wp-json\/wp\/v2\/comments?post=3942"}],"version-history":[{"count":5,"href":"https:\/\/agora.xtec.cat\/ieempuriabrava\/wp-json\/wp\/v2\/pages\/3942\/revisions"}],"predecessor-version":[{"id":7552,"href":"https:\/\/agora.xtec.cat\/ieempuriabrava\/wp-json\/wp\/v2\/pages\/3942\/revisions\/7552"}],"up":[{"embeddable":true,"href":"https:\/\/agora.xtec.cat\/ieempuriabrava\/wp-json\/wp\/v2\/pages\/1359"}],"wp:attachment":[{"href":"https:\/\/agora.xtec.cat\/ieempuriabrava\/wp-json\/wp\/v2\/media?parent=3942"}],"curies":[{"name":"wp","href":"https:\/\/api.w.org\/{rel}","templated":true}]}}