{"id":3897,"date":"2021-10-13T13:02:56","date_gmt":"2021-10-13T11:02:56","guid":{"rendered":"https:\/\/agora.xtec.cat\/ieempuriabrava\/?page_id=3897"},"modified":"2022-02-15T13:11:28","modified_gmt":"2022-02-15T12:11:28","slug":"lhort-del-bruel","status":"publish","type":"page","link":"https:\/\/agora.xtec.cat\/ieempuriabrava\/activitats-del-centre\/lhort-del-bruel\/","title":{"rendered":"L&#8217;Hort del Bruel"},"content":{"rendered":"<p><span style=\"font-weight: 400;\">Com ja sabeu a l\u2019escola tenim un hort que cada any intentem cuidar tant b\u00e9 com podem i sabem.\u00a0<\/span><\/p>\n<p><span style=\"font-weight: 400;\">Aquest any hem acordat que Infantil disposaran de dues parcel\u00b7les que cuidaran tot l\u2019any. Les 4 parcel\u00b7les restants les cuidaran:<\/span><\/p>\n<p><span style=\"font-weight: 400;\">&#8211;<strong>Cicle Inicial el primer trimestre.\u00a0<\/strong><\/span><\/p>\n<div id='gallery-1' class='gallery galleryid-3897 gallery-columns-3 gallery-size-thumbnail'><figure class='gallery-item'>\n\t\t\t<div class='gallery-icon landscape'>\n\t\t\t\t<a href='https:\/\/agora.xtec.cat\/ieempuriabrava\/activitats-del-centre\/lhort-del-bruel\/attachment\/whatsapp-image-2022-01-11-at-11-03-32\/'><img loading=\"lazy\" decoding=\"async\" width=\"150\" height=\"150\" src=\"https:\/\/agora.xtec.cat\/ieempuriabrava\/wp-content\/uploads\/usu1764\/2022\/01\/WhatsApp-Image-2022-01-11-at-11.03.32-150x150.jpeg\" class=\"attachment-thumbnail size-thumbnail\" alt=\"\" \/><\/a>\n\t\t\t<\/div><\/figure><figure class='gallery-item'>\n\t\t\t<div class='gallery-icon landscape'>\n\t\t\t\t<a href='https:\/\/agora.xtec.cat\/ieempuriabrava\/activitats-del-centre\/lhort-del-bruel\/attachment\/whatsapp-image-2022-01-11-at-11-04-57\/'><img loading=\"lazy\" decoding=\"async\" width=\"150\" height=\"150\" src=\"https:\/\/agora.xtec.cat\/ieempuriabrava\/wp-content\/uploads\/usu1764\/2022\/01\/WhatsApp-Image-2022-01-11-at-11.04.57-150x150.jpeg\" class=\"attachment-thumbnail size-thumbnail\" alt=\"\" \/><\/a>\n\t\t\t<\/div><\/figure><figure class='gallery-item'>\n\t\t\t<div class='gallery-icon landscape'>\n\t\t\t\t<a href='https:\/\/agora.xtec.cat\/ieempuriabrava\/activitats-del-centre\/lhort-del-bruel\/attachment\/whatsapp-image-2022-01-11-at-11-14-25\/'><img loading=\"lazy\" decoding=\"async\" width=\"150\" height=\"150\" src=\"https:\/\/agora.xtec.cat\/ieempuriabrava\/wp-content\/uploads\/usu1764\/2022\/01\/WhatsApp-Image-2022-01-11-at-11.14.25-150x150.jpeg\" class=\"attachment-thumbnail size-thumbnail\" alt=\"\" \/><\/a>\n\t\t\t<\/div><\/figure><figure class='gallery-item'>\n\t\t\t<div class='gallery-icon landscape'>\n\t\t\t\t<a href='https:\/\/agora.xtec.cat\/ieempuriabrava\/activitats-del-centre\/lhort-del-bruel\/attachment\/whatsapp-image-2022-01-11-at-11-14-33\/'><img loading=\"lazy\" decoding=\"async\" width=\"150\" height=\"150\" src=\"https:\/\/agora.xtec.cat\/ieempuriabrava\/wp-content\/uploads\/usu1764\/2022\/01\/WhatsApp-Image-2022-01-11-at-11.14.33-150x150.jpeg\" class=\"attachment-thumbnail size-thumbnail\" alt=\"\" \/><\/a>\n\t\t\t<\/div><\/figure><figure class='gallery-item'>\n\t\t\t<div class='gallery-icon landscape'>\n\t\t\t\t<a href='https:\/\/agora.xtec.cat\/ieempuriabrava\/activitats-del-centre\/lhort-del-bruel\/attachment\/whatsapp-image-2022-01-11-at-11-14-42\/'><img loading=\"lazy\" decoding=\"async\" width=\"150\" height=\"150\" src=\"https:\/\/agora.xtec.cat\/ieempuriabrava\/wp-content\/uploads\/usu1764\/2022\/01\/WhatsApp-Image-2022-01-11-at-11.14.42-150x150.jpeg\" class=\"attachment-thumbnail size-thumbnail\" alt=\"\" \/><\/a>\n\t\t\t<\/div><\/figure><figure class='gallery-item'>\n\t\t\t<div class='gallery-icon landscape'>\n\t\t\t\t<a href='https:\/\/agora.xtec.cat\/ieempuriabrava\/activitats-del-centre\/lhort-del-bruel\/attachment\/whatsapp-image-2022-01-11-at-11-16-05\/'><img loading=\"lazy\" decoding=\"async\" width=\"150\" height=\"150\" src=\"https:\/\/agora.xtec.cat\/ieempuriabrava\/wp-content\/uploads\/usu1764\/2022\/01\/WhatsApp-Image-2022-01-11-at-11.16.05-150x150.jpeg\" class=\"attachment-thumbnail size-thumbnail\" alt=\"\" \/><\/a>\n\t\t\t<\/div><\/figure><figure class='gallery-item'>\n\t\t\t<div class='gallery-icon landscape'>\n\t\t\t\t<a href='https:\/\/agora.xtec.cat\/ieempuriabrava\/activitats-del-centre\/lhort-del-bruel\/attachment\/whatsapp-image-2022-01-11-at-11-16-11\/'><img loading=\"lazy\" decoding=\"async\" width=\"150\" height=\"150\" src=\"https:\/\/agora.xtec.cat\/ieempuriabrava\/wp-content\/uploads\/usu1764\/2022\/01\/WhatsApp-Image-2022-01-11-at-11.16.11-150x150.jpeg\" class=\"attachment-thumbnail size-thumbnail\" alt=\"\" \/><\/a>\n\t\t\t<\/div><\/figure><figure class='gallery-item'>\n\t\t\t<div class='gallery-icon landscape'>\n\t\t\t\t<a href='https:\/\/agora.xtec.cat\/ieempuriabrava\/activitats-del-centre\/lhort-del-bruel\/attachment\/whatsapp-image-2022-01-17-at-10-42-45\/'><img loading=\"lazy\" decoding=\"async\" width=\"150\" height=\"150\" src=\"https:\/\/agora.xtec.cat\/ieempuriabrava\/wp-content\/uploads\/usu1764\/2022\/01\/WhatsApp-Image-2022-01-17-at-10.42.45-150x150.jpeg\" class=\"attachment-thumbnail size-thumbnail\" alt=\"\" \/><\/a>\n\t\t\t<\/div><\/figure><figure class='gallery-item'>\n\t\t\t<div class='gallery-icon landscape'>\n\t\t\t\t<a href='https:\/\/agora.xtec.cat\/ieempuriabrava\/activitats-del-centre\/lhort-del-bruel\/attachment\/whatsapp-image-2022-01-17-at-10-42-45-1\/'><img loading=\"lazy\" decoding=\"async\" width=\"150\" height=\"150\" src=\"https:\/\/agora.xtec.cat\/ieempuriabrava\/wp-content\/uploads\/usu1764\/2022\/01\/WhatsApp-Image-2022-01-17-at-10.42.45-1-150x150.jpeg\" class=\"attachment-thumbnail size-thumbnail\" alt=\"\" \/><\/a>\n\t\t\t<\/div><\/figure><figure class='gallery-item'>\n\t\t\t<div class='gallery-icon landscape'>\n\t\t\t\t<a href='https:\/\/agora.xtec.cat\/ieempuriabrava\/activitats-del-centre\/lhort-del-bruel\/attachment\/whatsapp-image-2022-01-17-at-10-42-44\/'><img loading=\"lazy\" decoding=\"async\" width=\"150\" height=\"150\" src=\"https:\/\/agora.xtec.cat\/ieempuriabrava\/wp-content\/uploads\/usu1764\/2022\/01\/WhatsApp-Image-2022-01-17-at-10.42.44-150x150.jpeg\" class=\"attachment-thumbnail size-thumbnail\" alt=\"\" \/><\/a>\n\t\t\t<\/div><\/figure><figure class='gallery-item'>\n\t\t\t<div class='gallery-icon landscape'>\n\t\t\t\t<a href='https:\/\/agora.xtec.cat\/ieempuriabrava\/activitats-del-centre\/lhort-del-bruel\/attachment\/whatsapp-image-2022-01-17-at-10-42-44-2\/'><img loading=\"lazy\" decoding=\"async\" width=\"150\" height=\"150\" src=\"https:\/\/agora.xtec.cat\/ieempuriabrava\/wp-content\/uploads\/usu1764\/2022\/01\/WhatsApp-Image-2022-01-17-at-10.42.44-2-150x150.jpeg\" class=\"attachment-thumbnail size-thumbnail\" alt=\"\" \/><\/a>\n\t\t\t<\/div><\/figure><figure class='gallery-item'>\n\t\t\t<div class='gallery-icon landscape'>\n\t\t\t\t<a href='https:\/\/agora.xtec.cat\/ieempuriabrava\/activitats-del-centre\/lhort-del-bruel\/attachment\/whatsapp-image-2022-01-17-at-10-42-44-1\/'><img loading=\"lazy\" decoding=\"async\" width=\"150\" height=\"150\" src=\"https:\/\/agora.xtec.cat\/ieempuriabrava\/wp-content\/uploads\/usu1764\/2022\/01\/WhatsApp-Image-2022-01-17-at-10.42.44-1-150x150.jpeg\" class=\"attachment-thumbnail size-thumbnail\" alt=\"\" \/><\/a>\n\t\t\t<\/div><\/figure><figure class='gallery-item'>\n\t\t\t<div class='gallery-icon portrait'>\n\t\t\t\t<a href='https:\/\/agora.xtec.cat\/ieempuriabrava\/activitats-del-centre\/lhort-del-bruel\/attachment\/whatsapp-image-2022-02-08-at-13-40-48-1\/'><img loading=\"lazy\" decoding=\"async\" width=\"150\" height=\"150\" src=\"https:\/\/agora.xtec.cat\/ieempuriabrava\/wp-content\/uploads\/usu1764\/2022\/02\/WhatsApp-Image-2022-02-08-at-13.40.48-1-150x150.jpeg\" class=\"attachment-thumbnail size-thumbnail\" alt=\"\" \/><\/a>\n\t\t\t<\/div><\/figure><figure class='gallery-item'>\n\t\t\t<div class='gallery-icon portrait'>\n\t\t\t\t<a href='https:\/\/agora.xtec.cat\/ieempuriabrava\/activitats-del-centre\/lhort-del-bruel\/attachment\/whatsapp-image-2022-02-08-at-13-40-48\/'><img loading=\"lazy\" decoding=\"async\" width=\"150\" height=\"150\" src=\"https:\/\/agora.xtec.cat\/ieempuriabrava\/wp-content\/uploads\/usu1764\/2022\/02\/WhatsApp-Image-2022-02-08-at-13.40.48-150x150.jpeg\" class=\"attachment-thumbnail size-thumbnail\" alt=\"\" \/><\/a>\n\t\t\t<\/div><\/figure><figure class='gallery-item'>\n\t\t\t<div class='gallery-icon portrait'>\n\t\t\t\t<a href='https:\/\/agora.xtec.cat\/ieempuriabrava\/activitats-del-centre\/lhort-del-bruel\/attachment\/whatsapp-image-2022-02-08-at-13-40-49\/'><img loading=\"lazy\" decoding=\"async\" width=\"150\" height=\"150\" src=\"https:\/\/agora.xtec.cat\/ieempuriabrava\/wp-content\/uploads\/usu1764\/2022\/02\/WhatsApp-Image-2022-02-08-at-13.40.49-150x150.jpeg\" class=\"attachment-thumbnail size-thumbnail\" alt=\"\" \/><\/a>\n\t\t\t<\/div><\/figure><figure class='gallery-item'>\n\t\t\t<div class='gallery-icon portrait'>\n\t\t\t\t<a href='https:\/\/agora.xtec.cat\/ieempuriabrava\/activitats-del-centre\/lhort-del-bruel\/attachment\/whatsapp-image-2022-02-08-at-13-40-50-1\/'><img loading=\"lazy\" decoding=\"async\" width=\"150\" height=\"150\" src=\"https:\/\/agora.xtec.cat\/ieempuriabrava\/wp-content\/uploads\/usu1764\/2022\/02\/WhatsApp-Image-2022-02-08-at-13.40.50-1-150x150.jpeg\" class=\"attachment-thumbnail size-thumbnail\" alt=\"\" \/><\/a>\n\t\t\t<\/div><\/figure><figure class='gallery-item'>\n\t\t\t<div class='gallery-icon portrait'>\n\t\t\t\t<a href='https:\/\/agora.xtec.cat\/ieempuriabrava\/activitats-del-centre\/lhort-del-bruel\/attachment\/whatsapp-image-2022-02-08-at-13-40-50\/'><img loading=\"lazy\" decoding=\"async\" width=\"150\" height=\"150\" src=\"https:\/\/agora.xtec.cat\/ieempuriabrava\/wp-content\/uploads\/usu1764\/2022\/02\/WhatsApp-Image-2022-02-08-at-13.40.50-150x150.jpeg\" class=\"attachment-thumbnail size-thumbnail\" alt=\"\" \/><\/a>\n\t\t\t<\/div><\/figure><figure class='gallery-item'>\n\t\t\t<div class='gallery-icon portrait'>\n\t\t\t\t<a href='https:\/\/agora.xtec.cat\/ieempuriabrava\/activitats-del-centre\/lhort-del-bruel\/attachment\/whatsapp-image-2022-02-08-at-13-40-51-1\/'><img loading=\"lazy\" decoding=\"async\" width=\"150\" height=\"150\" src=\"https:\/\/agora.xtec.cat\/ieempuriabrava\/wp-content\/uploads\/usu1764\/2022\/02\/WhatsApp-Image-2022-02-08-at-13.40.51-1-150x150.jpeg\" class=\"attachment-thumbnail size-thumbnail\" alt=\"\" \/><\/a>\n\t\t\t<\/div><\/figure><figure class='gallery-item'>\n\t\t\t<div class='gallery-icon portrait'>\n\t\t\t\t<a href='https:\/\/agora.xtec.cat\/ieempuriabrava\/activitats-del-centre\/lhort-del-bruel\/attachment\/whatsapp-image-2022-02-08-at-13-40-51\/'><img loading=\"lazy\" decoding=\"async\" width=\"150\" height=\"150\" src=\"https:\/\/agora.xtec.cat\/ieempuriabrava\/wp-content\/uploads\/usu1764\/2022\/02\/WhatsApp-Image-2022-02-08-at-13.40.51-150x150.jpeg\" class=\"attachment-thumbnail size-thumbnail\" alt=\"\" \/><\/a>\n\t\t\t<\/div><\/figure><figure class='gallery-item'>\n\t\t\t<div class='gallery-icon portrait'>\n\t\t\t\t<a href='https:\/\/agora.xtec.cat\/ieempuriabrava\/activitats-del-centre\/lhort-del-bruel\/attachment\/whatsapp-image-2022-02-08-at-13-40-52\/'><img loading=\"lazy\" decoding=\"async\" width=\"150\" height=\"150\" src=\"https:\/\/agora.xtec.cat\/ieempuriabrava\/wp-content\/uploads\/usu1764\/2022\/02\/WhatsApp-Image-2022-02-08-at-13.40.52-150x150.jpeg\" class=\"attachment-thumbnail size-thumbnail\" alt=\"\" \/><\/a>\n\t\t\t<\/div><\/figure><figure class='gallery-item'>\n\t\t\t<div class='gallery-icon portrait'>\n\t\t\t\t<a href='https:\/\/agora.xtec.cat\/ieempuriabrava\/activitats-del-centre\/lhort-del-bruel\/attachment\/whatsapp-image-2022-02-08-at-13-40-53-1\/'><img loading=\"lazy\" decoding=\"async\" width=\"150\" height=\"150\" src=\"https:\/\/agora.xtec.cat\/ieempuriabrava\/wp-content\/uploads\/usu1764\/2022\/02\/WhatsApp-Image-2022-02-08-at-13.40.53-1-150x150.jpeg\" class=\"attachment-thumbnail size-thumbnail\" alt=\"\" \/><\/a>\n\t\t\t<\/div><\/figure><figure class='gallery-item'>\n\t\t\t<div class='gallery-icon portrait'>\n\t\t\t\t<a href='https:\/\/agora.xtec.cat\/ieempuriabrava\/activitats-del-centre\/lhort-del-bruel\/attachment\/whatsapp-image-2022-02-08-at-13-40-54\/'><img loading=\"lazy\" decoding=\"async\" width=\"150\" height=\"150\" src=\"https:\/\/agora.xtec.cat\/ieempuriabrava\/wp-content\/uploads\/usu1764\/2022\/02\/WhatsApp-Image-2022-02-08-at-13.40.54-150x150.jpeg\" class=\"attachment-thumbnail size-thumbnail\" alt=\"\" \/><\/a>\n\t\t\t<\/div><\/figure><figure class='gallery-item'>\n\t\t\t<div class='gallery-icon portrait'>\n\t\t\t\t<a href='https:\/\/agora.xtec.cat\/ieempuriabrava\/activitats-del-centre\/lhort-del-bruel\/attachment\/whatsapp-image-2022-02-08-at-13-40-55\/'><img loading=\"lazy\" decoding=\"async\" width=\"150\" height=\"150\" src=\"https:\/\/agora.xtec.cat\/ieempuriabrava\/wp-content\/uploads\/usu1764\/2022\/02\/WhatsApp-Image-2022-02-08-at-13.40.55-150x150.jpeg\" class=\"attachment-thumbnail size-thumbnail\" alt=\"\" \/><\/a>\n\t\t\t<\/div><\/figure><figure class='gallery-item'>\n\t\t\t<div class='gallery-icon portrait'>\n\t\t\t\t<a href='https:\/\/agora.xtec.cat\/ieempuriabrava\/activitats-del-centre\/lhort-del-bruel\/attachment\/1-12\/'><img loading=\"lazy\" decoding=\"async\" width=\"150\" height=\"150\" src=\"https:\/\/agora.xtec.cat\/ieempuriabrava\/wp-content\/uploads\/usu1764\/2022\/02\/1-150x150.jpeg\" class=\"attachment-thumbnail size-thumbnail\" alt=\"\" \/><\/a>\n\t\t\t<\/div><\/figure><figure class='gallery-item'>\n\t\t\t<div class='gallery-icon portrait'>\n\t\t\t\t<a href='https:\/\/agora.xtec.cat\/ieempuriabrava\/activitats-del-centre\/lhort-del-bruel\/attachment\/2-12\/'><img loading=\"lazy\" decoding=\"async\" width=\"150\" height=\"150\" src=\"https:\/\/agora.xtec.cat\/ieempuriabrava\/wp-content\/uploads\/usu1764\/2022\/02\/2-150x150.jpeg\" class=\"attachment-thumbnail size-thumbnail\" alt=\"\" \/><\/a>\n\t\t\t<\/div><\/figure><figure class='gallery-item'>\n\t\t\t<div class='gallery-icon portrait'>\n\t\t\t\t<a href='https:\/\/agora.xtec.cat\/ieempuriabrava\/activitats-del-centre\/lhort-del-bruel\/attachment\/3-12\/'><img loading=\"lazy\" decoding=\"async\" width=\"150\" height=\"150\" src=\"https:\/\/agora.xtec.cat\/ieempuriabrava\/wp-content\/uploads\/usu1764\/2022\/02\/3-150x150.jpeg\" class=\"attachment-thumbnail size-thumbnail\" alt=\"\" \/><\/a>\n\t\t\t<\/div><\/figure><figure class='gallery-item'>\n\t\t\t<div class='gallery-icon portrait'>\n\t\t\t\t<a href='https:\/\/agora.xtec.cat\/ieempuriabrava\/activitats-del-centre\/lhort-del-bruel\/attachment\/4-9\/'><img loading=\"lazy\" decoding=\"async\" width=\"150\" height=\"150\" src=\"https:\/\/agora.xtec.cat\/ieempuriabrava\/wp-content\/uploads\/usu1764\/2022\/02\/4-150x150.jpeg\" class=\"attachment-thumbnail size-thumbnail\" alt=\"\" \/><\/a>\n\t\t\t<\/div><\/figure><figure class='gallery-item'>\n\t\t\t<div class='gallery-icon portrait'>\n\t\t\t\t<a href='https:\/\/agora.xtec.cat\/ieempuriabrava\/activitats-del-centre\/lhort-del-bruel\/attachment\/5-7\/'><img loading=\"lazy\" decoding=\"async\" width=\"150\" height=\"150\" src=\"https:\/\/agora.xtec.cat\/ieempuriabrava\/wp-content\/uploads\/usu1764\/2022\/02\/5-150x150.jpeg\" class=\"attachment-thumbnail size-thumbnail\" alt=\"\" \/><\/a>\n\t\t\t<\/div><\/figure><figure class='gallery-item'>\n\t\t\t<div class='gallery-icon portrait'>\n\t\t\t\t<a href='https:\/\/agora.xtec.cat\/ieempuriabrava\/activitats-del-centre\/lhort-del-bruel\/attachment\/6-5\/'><img loading=\"lazy\" decoding=\"async\" width=\"150\" height=\"150\" src=\"https:\/\/agora.xtec.cat\/ieempuriabrava\/wp-content\/uploads\/usu1764\/2022\/02\/6-150x150.jpeg\" class=\"attachment-thumbnail size-thumbnail\" alt=\"\" \/><\/a>\n\t\t\t<\/div><\/figure><figure class='gallery-item'>\n\t\t\t<div class='gallery-icon portrait'>\n\t\t\t\t<a href='https:\/\/agora.xtec.cat\/ieempuriabrava\/activitats-del-centre\/lhort-del-bruel\/attachment\/7-7\/'><img loading=\"lazy\" decoding=\"async\" width=\"150\" height=\"150\" src=\"https:\/\/agora.xtec.cat\/ieempuriabrava\/wp-content\/uploads\/usu1764\/2022\/02\/7-150x150.jpeg\" class=\"attachment-thumbnail size-thumbnail\" alt=\"\" \/><\/a>\n\t\t\t<\/div><\/figure><figure class='gallery-item'>\n\t\t\t<div class='gallery-icon portrait'>\n\t\t\t\t<a href='https:\/\/agora.xtec.cat\/ieempuriabrava\/activitats-del-centre\/lhort-del-bruel\/attachment\/8-4\/'><img loading=\"lazy\" decoding=\"async\" width=\"150\" height=\"150\" src=\"https:\/\/agora.xtec.cat\/ieempuriabrava\/wp-content\/uploads\/usu1764\/2022\/02\/8-150x150.jpeg\" class=\"attachment-thumbnail size-thumbnail\" alt=\"\" \/><\/a>\n\t\t\t<\/div><\/figure><figure class='gallery-item'>\n\t\t\t<div class='gallery-icon portrait'>\n\t\t\t\t<a href='https:\/\/agora.xtec.cat\/ieempuriabrava\/activitats-del-centre\/lhort-del-bruel\/attachment\/9-4\/'><img loading=\"lazy\" decoding=\"async\" width=\"150\" height=\"150\" src=\"https:\/\/agora.xtec.cat\/ieempuriabrava\/wp-content\/uploads\/usu1764\/2022\/02\/9-150x150.jpeg\" class=\"attachment-thumbnail size-thumbnail\" alt=\"\" \/><\/a>\n\t\t\t<\/div><\/figure><figure class='gallery-item'>\n\t\t\t<div class='gallery-icon portrait'>\n\t\t\t\t<a href='https:\/\/agora.xtec.cat\/ieempuriabrava\/activitats-del-centre\/lhort-del-bruel\/attachment\/10-2\/'><img loading=\"lazy\" decoding=\"async\" width=\"150\" height=\"150\" src=\"https:\/\/agora.xtec.cat\/ieempuriabrava\/wp-content\/uploads\/usu1764\/2022\/02\/10-150x150.jpeg\" class=\"attachment-thumbnail size-thumbnail\" alt=\"\" \/><\/a>\n\t\t\t<\/div><\/figure><figure class='gallery-item'>\n\t\t\t<div class='gallery-icon portrait'>\n\t\t\t\t<a href='https:\/\/agora.xtec.cat\/ieempuriabrava\/activitats-del-centre\/lhort-del-bruel\/attachment\/11-2\/'><img loading=\"lazy\" decoding=\"async\" width=\"150\" height=\"150\" src=\"https:\/\/agora.xtec.cat\/ieempuriabrava\/wp-content\/uploads\/usu1764\/2022\/02\/11-150x150.jpeg\" class=\"attachment-thumbnail size-thumbnail\" alt=\"\" \/><\/a>\n\t\t\t<\/div><\/figure><figure class='gallery-item'>\n\t\t\t<div class='gallery-icon portrait'>\n\t\t\t\t<a href='https:\/\/agora.xtec.cat\/ieempuriabrava\/activitats-del-centre\/lhort-del-bruel\/attachment\/12\/'><img loading=\"lazy\" decoding=\"async\" width=\"150\" height=\"150\" src=\"https:\/\/agora.xtec.cat\/ieempuriabrava\/wp-content\/uploads\/usu1764\/2022\/02\/12-150x150.jpeg\" class=\"attachment-thumbnail size-thumbnail\" alt=\"\" \/><\/a>\n\t\t\t<\/div><\/figure><figure class='gallery-item'>\n\t\t\t<div class='gallery-icon portrait'>\n\t\t\t\t<a href='https:\/\/agora.xtec.cat\/ieempuriabrava\/activitats-del-centre\/lhort-del-bruel\/attachment\/13\/'><img loading=\"lazy\" decoding=\"async\" width=\"150\" height=\"150\" src=\"https:\/\/agora.xtec.cat\/ieempuriabrava\/wp-content\/uploads\/usu1764\/2022\/02\/13-150x150.jpeg\" class=\"attachment-thumbnail size-thumbnail\" alt=\"\" \/><\/a>\n\t\t\t<\/div><\/figure><figure class='gallery-item'>\n\t\t\t<div class='gallery-icon portrait'>\n\t\t\t\t<a href='https:\/\/agora.xtec.cat\/ieempuriabrava\/activitats-del-centre\/lhort-del-bruel\/attachment\/14\/'><img loading=\"lazy\" decoding=\"async\" width=\"150\" height=\"150\" src=\"https:\/\/agora.xtec.cat\/ieempuriabrava\/wp-content\/uploads\/usu1764\/2022\/02\/14-150x150.jpeg\" class=\"attachment-thumbnail size-thumbnail\" alt=\"\" \/><\/a>\n\t\t\t<\/div><\/figure><figure class='gallery-item'>\n\t\t\t<div class='gallery-icon portrait'>\n\t\t\t\t<a href='https:\/\/agora.xtec.cat\/ieempuriabrava\/activitats-del-centre\/lhort-del-bruel\/attachment\/15\/'><img loading=\"lazy\" decoding=\"async\" width=\"150\" height=\"150\" src=\"https:\/\/agora.xtec.cat\/ieempuriabrava\/wp-content\/uploads\/usu1764\/2022\/02\/15-150x150.jpeg\" class=\"attachment-thumbnail size-thumbnail\" alt=\"\" \/><\/a>\n\t\t\t<\/div><\/figure><figure class='gallery-item'>\n\t\t\t<div class='gallery-icon portrait'>\n\t\t\t\t<a href='https:\/\/agora.xtec.cat\/ieempuriabrava\/activitats-del-centre\/lhort-del-bruel\/attachment\/16\/'><img loading=\"lazy\" decoding=\"async\" width=\"150\" height=\"150\" src=\"https:\/\/agora.xtec.cat\/ieempuriabrava\/wp-content\/uploads\/usu1764\/2022\/02\/16-150x150.jpeg\" class=\"attachment-thumbnail size-thumbnail\" alt=\"\" \/><\/a>\n\t\t\t<\/div><\/figure><figure class='gallery-item'>\n\t\t\t<div class='gallery-icon portrait'>\n\t\t\t\t<a href='https:\/\/agora.xtec.cat\/ieempuriabrava\/activitats-del-centre\/lhort-del-bruel\/attachment\/17\/'><img loading=\"lazy\" decoding=\"async\" width=\"150\" height=\"150\" src=\"https:\/\/agora.xtec.cat\/ieempuriabrava\/wp-content\/uploads\/usu1764\/2022\/02\/17-150x150.jpeg\" class=\"attachment-thumbnail size-thumbnail\" alt=\"\" \/><\/a>\n\t\t\t<\/div><\/figure><figure class='gallery-item'>\n\t\t\t<div class='gallery-icon landscape'>\n\t\t\t\t<a href='https:\/\/agora.xtec.cat\/ieempuriabrava\/activitats-del-centre\/lhort-del-bruel\/attachment\/18\/'><img loading=\"lazy\" decoding=\"async\" width=\"150\" height=\"150\" src=\"https:\/\/agora.xtec.cat\/ieempuriabrava\/wp-content\/uploads\/usu1764\/2022\/02\/18-150x150.jpeg\" class=\"attachment-thumbnail size-thumbnail\" alt=\"\" \/><\/a>\n\t\t\t<\/div><\/figure>\n\t\t<\/div>\n\n<p><span style=\"font-weight: 400;\">-Cicle Superior\u00a0 el segon trimestre.<\/span><\/p>\n<p><span style=\"font-weight: 400;\">-Cicle Mitj\u00e0 el tercer trimestre.<\/span><\/p>\n<p><span style=\"font-weight: 400;\">Enguany tenim la novetat que disposem de reg autom\u00e0tic.\u00a0<\/span><\/p>\n<p><span style=\"font-weight: 400;\">Aprofitarem l\u2019hort per facilitar aprenentatges i activitats transversals, cooperatives i vivencials. Aqu\u00ed us exposem algunes de les activitats relacionades amb els \u00e0mbits del curr\u00edculum:<\/span><\/p>\n<p><a href=\"https:\/\/agora.xtec.cat\/ieempuriabrava\/wp-content\/uploads\/usu1764\/2021\/10\/Imagen-1-1.jpg\"><img loading=\"lazy\" decoding=\"async\" class=\"size-full wp-image-3900 aligncenter\" src=\"https:\/\/agora.xtec.cat\/ieempuriabrava\/wp-content\/uploads\/usu1764\/2021\/10\/Imagen-1-1.jpg\" alt=\"\" width=\"306\" height=\"755\" srcset=\"https:\/\/agora.xtec.cat\/ieempuriabrava\/wp-content\/uploads\/usu1764\/2021\/10\/Imagen-1-1.jpg 306w, https:\/\/agora.xtec.cat\/ieempuriabrava\/wp-content\/uploads\/usu1764\/2021\/10\/Imagen-1-1-122x300.jpg 122w\" sizes=\"auto, (max-width: 306px) 100vw, 306px\" \/><\/a><\/p>\n","protected":false},"excerpt":{"rendered":"<p>Com ja sabeu a l\u2019escola tenim un hort que cada any intentem cuidar tant b\u00e9 com podem i sabem.\u00a0 Aquest any hem acordat que Infantil disposaran de dues parcel\u00b7les que cuidaran tot l\u2019any. Les 4 parcel\u00b7les restants les cuidaran: &#8211;Cicle Inicial el primer trimestre.\u00a0 -Cicle Superior\u00a0 el segon trimestre. -Cicle Mitj\u00e0 el tercer trimestre. Enguany [&hellip;]<\/p>\n","protected":false},"author":6,"featured_media":0,"parent":1359,"menu_order":0,"comment_status":"closed","ping_status":"closed","template":"page-templates\/side-menu.php","meta":{"_bbp_topic_count":0,"_bbp_reply_count":0,"_bbp_total_topic_count":0,"_bbp_total_reply_count":0,"_bbp_voice_count":0,"_bbp_anonymous_reply_count":0,"_bbp_topic_count_hidden":0,"_bbp_reply_count_hidden":0,"_bbp_forum_subforum_count":0,"site-sidebar-layout":"default","site-content-layout":"","ast-site-content-layout":"","site-content-style":"default","site-sidebar-style":"default","ast-global-header-display":"","ast-banner-title-visibility":"","ast-main-header-display":"","ast-hfb-above-header-display":"","ast-hfb-below-header-display":"","ast-hfb-mobile-header-display":"","site-post-title":"","ast-breadcrumbs-content":"","ast-featured-img":"","footer-sml-layout":"","theme-transparent-header-meta":"","adv-header-id-meta":"","stick-header-meta":"","header-above-stick-meta":"","header-main-stick-meta":"","header-below-stick-meta":"","astra-migrate-meta-layouts":"default","ast-page-background-enabled":"default","ast-page-background-meta":{"desktop":{"background-color":"var(--ast-global-color-4)","background-image":"","background-repeat":"repeat","background-position":"center center","background-size":"auto","background-attachment":"scroll","background-type":"","background-media":"","overlay-type":"","overlay-color":"","overlay-opacity":"","overlay-gradient":""},"tablet":{"background-color":"","background-image":"","background-repeat":"repeat","background-position":"center center","background-size":"auto","background-attachment":"scroll","background-type":"","background-media":"","overlay-type":"","overlay-color":"","overlay-opacity":"","overlay-gradient":""},"mobile":{"background-color":"","background-image":"","background-repeat":"repeat","background-position":"center center","background-size":"auto","background-attachment":"scroll","background-type":"","background-media":"","overlay-type":"","overlay-color":"","overlay-opacity":"","overlay-gradient":""}},"ast-content-background-meta":{"desktop":{"background-color":"var(--ast-global-color-5)","background-image":"","background-repeat":"repeat","background-position":"center center","background-size":"auto","background-attachment":"scroll","background-type":"","background-media":"","overlay-type":"","overlay-color":"","overlay-opacity":"","overlay-gradient":""},"tablet":{"background-color":"var(--ast-global-color-5)","background-image":"","background-repeat":"repeat","background-position":"center center","background-size":"auto","background-attachment":"scroll","background-type":"","background-media":"","overlay-type":"","overlay-color":"","overlay-opacity":"","overlay-gradient":""},"mobile":{"background-color":"var(--ast-global-color-5)","background-image":"","background-repeat":"repeat","background-position":"center center","background-size":"auto","background-attachment":"scroll","background-type":"","background-media":"","overlay-type":"","overlay-color":"","overlay-opacity":"","overlay-gradient":""}},"footnotes":""},"class_list":["post-3897","page","type-page","status-publish","hentry"],"post_mailing_queue_ids":[],"_links":{"self":[{"href":"https:\/\/agora.xtec.cat\/ieempuriabrava\/wp-json\/wp\/v2\/pages\/3897","targetHints":{"allow":["GET"]}}],"collection":[{"href":"https:\/\/agora.xtec.cat\/ieempuriabrava\/wp-json\/wp\/v2\/pages"}],"about":[{"href":"https:\/\/agora.xtec.cat\/ieempuriabrava\/wp-json\/wp\/v2\/types\/page"}],"author":[{"embeddable":true,"href":"https:\/\/agora.xtec.cat\/ieempuriabrava\/wp-json\/wp\/v2\/users\/6"}],"replies":[{"embeddable":true,"href":"https:\/\/agora.xtec.cat\/ieempuriabrava\/wp-json\/wp\/v2\/comments?post=3897"}],"version-history":[{"count":3,"href":"https:\/\/agora.xtec.cat\/ieempuriabrava\/wp-json\/wp\/v2\/pages\/3897\/revisions"}],"predecessor-version":[{"id":4820,"href":"https:\/\/agora.xtec.cat\/ieempuriabrava\/wp-json\/wp\/v2\/pages\/3897\/revisions\/4820"}],"up":[{"embeddable":true,"href":"https:\/\/agora.xtec.cat\/ieempuriabrava\/wp-json\/wp\/v2\/pages\/1359"}],"wp:attachment":[{"href":"https:\/\/agora.xtec.cat\/ieempuriabrava\/wp-json\/wp\/v2\/media?parent=3897"}],"curies":[{"name":"wp","href":"https:\/\/api.w.org\/{rel}","templated":true}]}}