{"id":3729,"date":"2021-09-24T11:49:44","date_gmt":"2021-09-24T09:49:44","guid":{"rendered":"https:\/\/agora.xtec.cat\/ieempuriabrava\/?page_id=3729"},"modified":"2025-02-20T20:28:06","modified_gmt":"2025-02-20T19:28:06","slug":"vela","status":"publish","type":"page","link":"https:\/\/agora.xtec.cat\/ieempuriabrava\/activitats-del-centre\/vela\/","title":{"rendered":"Vela"},"content":{"rendered":"<p>El projecte Esport Blau Escolar del programa de Vela Escolar de la Federaci\u00f3 Catalana de Vela \u00e9s un projecte engegat conjuntament amb la secretaria general de l\u2019Esport de la Generalitat de Catalunya, el Departament d\u2019Educaci\u00f3 i els Consells Esportius.<\/p>\n<p>L\u2019Esport Blau Escolar combina educaci\u00f3 i esport, i proposa una activitat de formaci\u00f3 poliesportiva en l\u2019esport de la vela, integrada dintre de l\u2019\u00e0rea d\u2019Educaci\u00f3 F\u00edsica dels alumnes de 5\u00e8 de prim\u00e0ria. El programa, que consisteix en 10 sessions d\u2019hora i mitja.<\/p>\n<p>L&#8217;activitat es du a terme a les instal\u00b7lacions de l\u2019Escola de Vela d&#8217;Empuriabrava, i t\u00e9 com a objectiu formar als alumnes en navegaci\u00f3 i el coneixement del medi de l\u2019entorn proper, aprenent alhora valors com el treball en equip i l\u2019amor pel mar.<\/p>\n\r\n\t<div class=\"slideshow_container slideshow_container_style-light\" style=\"height: 300px; \" data-slideshow-id=\"7496\" data-style-name=\"style-light\" data-style-version=\"2.3.1\" >\r\n\r\n\t\t\t\t\t<div class=\"slideshow_loading_icon\"><\/div>\r\n\t\t\r\n\t\t<div class=\"slideshow_content\" style=\"display: none;\">\r\n\r\n\t\t\t<div class=\"slideshow_view\">\r\n\t\t\t\t<div class=\"slideshow_slide slideshow_slide_image\">\r\n\t\t\t\t\t\t\t\t\t\t\t<img src=\"https:\/\/agora.xtec.cat\/ieempuriabrava\/wp-content\/uploads\/usu1764\/2025\/02\/b1f866b3-04af-4235-adc4-1d033ff980fd.jpg\" alt=\"b1f866b3-04af-4235-adc4-1d033ff980fd\" width=\"1200\" height=\"1600\" \/>\r\n\t\t\t\t\t\t\t\t\t\t<div class=\"slideshow_description_box slideshow_transparent\">\r\n\t\t\t\t\t\t<div class=\"slideshow_title\">b1f866b3-04af-4235-adc4-1d033ff980fd<\/div>\t\t\t\t\t\t\t\t\t\t\t<\/div>\r\n\t\t\t\t<\/div>\r\n\r\n\t\t\t\t\t\t<div style=\"clear: both;\"><\/div><\/div><div class=\"slideshow_view\">\r\n\t\t\t\t<div class=\"slideshow_slide slideshow_slide_image\">\r\n\t\t\t\t\t\t\t\t\t\t\t<img src=\"https:\/\/agora.xtec.cat\/ieempuriabrava\/wp-content\/uploads\/usu1764\/2025\/02\/IMG_7851.jpg\" alt=\"IMG_7851\" width=\"1200\" height=\"1600\" \/>\r\n\t\t\t\t\t\t\t\t\t\t<div class=\"slideshow_description_box slideshow_transparent\">\r\n\t\t\t\t\t\t<div class=\"slideshow_title\">IMG_7851<\/div>\t\t\t\t\t\t\t\t\t\t\t<\/div>\r\n\t\t\t\t<\/div>\r\n\r\n\t\t\t\t\t\t<div style=\"clear: both;\"><\/div><\/div><div class=\"slideshow_view\">\r\n\t\t\t\t<div class=\"slideshow_slide slideshow_slide_image\">\r\n\t\t\t\t\t\t\t\t\t\t\t<img src=\"https:\/\/agora.xtec.cat\/ieempuriabrava\/wp-content\/uploads\/usu1764\/2025\/02\/IMG_7853.jpg\" alt=\"IMG_7853\" width=\"1200\" height=\"1600\" \/>\r\n\t\t\t\t\t\t\t\t\t\t<div class=\"slideshow_description_box slideshow_transparent\">\r\n\t\t\t\t\t\t<div class=\"slideshow_title\">IMG_7853<\/div>\t\t\t\t\t\t\t\t\t\t\t<\/div>\r\n\t\t\t\t<\/div>\r\n\r\n\t\t\t\t\t\t<div style=\"clear: both;\"><\/div><\/div>\r\n\t\t<\/div>\r\n\r\n\t\t<div class=\"slideshow_controlPanel slideshow_transparent\" style=\"display: none;\"><ul><li class=\"slideshow_togglePlay\" data-play-text=\"Visualitza\" data-pause-text=\"Pausa\"><\/li><\/ul><\/div>\r\n\r\n\t\t<div class=\"slideshow_button slideshow_previous slideshow_transparent\" role=\"button\" data-previous-text=\"Anterior\" style=\"display: none;\"><\/div>\r\n\t\t<div class=\"slideshow_button slideshow_next slideshow_transparent\" role=\"button\" data-next-text=\"Seg\u00fcent\" style=\"display: none;\"><\/div>\r\n\r\n\t\t<div class=\"slideshow_pagination\" style=\"display: none;\" data-go-to-text=\"V\u00e9s a la diapositiva\"><div class=\"slideshow_pagination_center\"><\/div><\/div>\r\n\r\n\t\t<!-- WordPress Slideshow Version 2.3.1 -->\r\n\r\n\t\t\t<\/div>\r\n\r\n\n<p>&nbsp;<\/p>\n","protected":false},"excerpt":{"rendered":"<p>El projecte Esport Blau Escolar del programa de Vela Escolar de la Federaci\u00f3 Catalana de Vela \u00e9s un projecte engegat conjuntament amb la secretaria general de l\u2019Esport de la Generalitat de Catalunya, el Departament d\u2019Educaci\u00f3 i els Consells Esportius. L\u2019Esport Blau Escolar combina educaci\u00f3 i esport, i proposa una activitat de formaci\u00f3 poliesportiva en l\u2019esport [&hellip;]<\/p>\n","protected":false},"author":6,"featured_media":0,"parent":1359,"menu_order":0,"comment_status":"closed","ping_status":"closed","template":"page-templates\/side-menu.php","meta":{"_bbp_topic_count":0,"_bbp_reply_count":0,"_bbp_total_topic_count":0,"_bbp_total_reply_count":0,"_bbp_voice_count":0,"_bbp_anonymous_reply_count":0,"_bbp_topic_count_hidden":0,"_bbp_reply_count_hidden":0,"_bbp_forum_subforum_count":0,"site-sidebar-layout":"default","site-content-layout":"","ast-site-content-layout":"","site-content-style":"default","site-sidebar-style":"default","ast-global-header-display":"","ast-banner-title-visibility":"","ast-main-header-display":"","ast-hfb-above-header-display":"","ast-hfb-below-header-display":"","ast-hfb-mobile-header-display":"","site-post-title":"","ast-breadcrumbs-content":"","ast-featured-img":"","footer-sml-layout":"","theme-transparent-header-meta":"","adv-header-id-meta":"","stick-header-meta":"","header-above-stick-meta":"","header-main-stick-meta":"","header-below-stick-meta":"","astra-migrate-meta-layouts":"default","ast-page-background-enabled":"default","ast-page-background-meta":{"desktop":{"background-color":"var(--ast-global-color-4)","background-image":"","background-repeat":"repeat","background-position":"center center","background-size":"auto","background-attachment":"scroll","background-type":"","background-media":"","overlay-type":"","overlay-color":"","overlay-opacity":"","overlay-gradient":""},"tablet":{"background-color":"","background-image":"","background-repeat":"repeat","background-position":"center center","background-size":"auto","background-attachment":"scroll","background-type":"","background-media":"","overlay-type":"","overlay-color":"","overlay-opacity":"","overlay-gradient":""},"mobile":{"background-color":"","background-image":"","background-repeat":"repeat","background-position":"center center","background-size":"auto","background-attachment":"scroll","background-type":"","background-media":"","overlay-type":"","overlay-color":"","overlay-opacity":"","overlay-gradient":""}},"ast-content-background-meta":{"desktop":{"background-color":"var(--ast-global-color-5)","background-image":"","background-repeat":"repeat","background-position":"center center","background-size":"auto","background-attachment":"scroll","background-type":"","background-media":"","overlay-type":"","overlay-color":"","overlay-opacity":"","overlay-gradient":""},"tablet":{"background-color":"var(--ast-global-color-5)","background-image":"","background-repeat":"repeat","background-position":"center center","background-size":"auto","background-attachment":"scroll","background-type":"","background-media":"","overlay-type":"","overlay-color":"","overlay-opacity":"","overlay-gradient":""},"mobile":{"background-color":"var(--ast-global-color-5)","background-image":"","background-repeat":"repeat","background-position":"center center","background-size":"auto","background-attachment":"scroll","background-type":"","background-media":"","overlay-type":"","overlay-color":"","overlay-opacity":"","overlay-gradient":""}},"footnotes":""},"class_list":["post-3729","page","type-page","status-publish","hentry"],"post_mailing_queue_ids":[],"_links":{"self":[{"href":"https:\/\/agora.xtec.cat\/ieempuriabrava\/wp-json\/wp\/v2\/pages\/3729","targetHints":{"allow":["GET"]}}],"collection":[{"href":"https:\/\/agora.xtec.cat\/ieempuriabrava\/wp-json\/wp\/v2\/pages"}],"about":[{"href":"https:\/\/agora.xtec.cat\/ieempuriabrava\/wp-json\/wp\/v2\/types\/page"}],"author":[{"embeddable":true,"href":"https:\/\/agora.xtec.cat\/ieempuriabrava\/wp-json\/wp\/v2\/users\/6"}],"replies":[{"embeddable":true,"href":"https:\/\/agora.xtec.cat\/ieempuriabrava\/wp-json\/wp\/v2\/comments?post=3729"}],"version-history":[{"count":5,"href":"https:\/\/agora.xtec.cat\/ieempuriabrava\/wp-json\/wp\/v2\/pages\/3729\/revisions"}],"predecessor-version":[{"id":7501,"href":"https:\/\/agora.xtec.cat\/ieempuriabrava\/wp-json\/wp\/v2\/pages\/3729\/revisions\/7501"}],"up":[{"embeddable":true,"href":"https:\/\/agora.xtec.cat\/ieempuriabrava\/wp-json\/wp\/v2\/pages\/1359"}],"wp:attachment":[{"href":"https:\/\/agora.xtec.cat\/ieempuriabrava\/wp-json\/wp\/v2\/media?parent=3729"}],"curies":[{"name":"wp","href":"https:\/\/api.w.org\/{rel}","templated":true}]}}