{"id":3104,"date":"2021-05-13T13:19:19","date_gmt":"2021-05-13T11:19:19","guid":{"rendered":"https:\/\/agora.xtec.cat\/ieempuriabrava\/?page_id=3104"},"modified":"2021-05-13T14:51:23","modified_gmt":"2021-05-13T12:51:23","slug":"departament-deducacio-families","status":"publish","type":"page","link":"https:\/\/agora.xtec.cat\/ieempuriabrava\/serveis\/families\/departament-deducacio-families\/","title":{"rendered":"Departament d&#8217;Educaci\u00f3 Fam\u00edlies"},"content":{"rendered":"<p style=\"text-align: left;\">Aquest espai ofereix eines amb la voluntat de facilitar la participaci\u00f3 de les fam\u00edlies en la vida escolar dels fills i filles i guiar-les en l&#8217;acompanyament de la seva educaci\u00f3, i promoure&#8217;n, com a conseq\u00fc\u00e8ncia, l&#8217;\u00e8xit educatiu.<\/p>\n<p>Hi trobareu una diversitat de tem\u00e0tiques d&#8217;inter\u00e8s educatiu, vinculades a orientacions, recomanacions, enquestes de coneixement i formacions, a fi que fam\u00edlies i escola sumin en la tasca compartida de l&#8217;educaci\u00f3 dels infants i joves.<\/p>\n<table style=\"width: 682px; height: 701px;\">\n<tbody>\n<tr style=\"height: 33px;\">\n<td style=\"width: 180px; text-align: center; background-color: #30d1e3; height: 33px;\"><span style=\"text-decoration: underline;\"><strong>Lloc web<\/strong><\/span><\/td>\n<td style=\"width: 296px; text-align: center; background-color: #30d1e3; height: 33px;\"><span style=\"text-decoration: underline;\"><strong>Recurs<\/strong><\/span><\/td>\n<td style=\"width: 196px; text-align: center; background-color: #30d1e3; height: 33px;\"><span style=\"text-decoration: underline;\"><strong>Definici\u00f3<\/strong><\/span><\/td>\n<\/tr>\n<tr style=\"height: 210px;\">\n<td style=\"width: 180px; height: 154px; text-align: center;\"><a href=\"http:\/\/dps.gencat.cat\/WebAcollida\/AppJava\/ca\/Seleccio_idioma.jsp.html\">Ajudem a les fam\u00edlies nouvingudes<\/a><\/td>\n<td style=\"width: 296px; height: 154px; text-align: center;\"><img loading=\"lazy\" decoding=\"async\" class=\"alignnone wp-image-3105\" src=\"https:\/\/agora.xtec.cat\/ieempuriabrava\/wp-content\/uploads\/usu1764\/2021\/05\/Imagen-1-8.png\" alt=\"\" width=\"190\" height=\"133\" \/><\/td>\n<td style=\"width: 196px; height: 154px; text-align: center;\">El web d&#8217;acollida a Catalunya \u00e9s una iniciativa de la <strong>Direcci\u00f3 General per a la Immigraci\u00f3 del Govern de Catalunya<\/strong> per donar informaci\u00f3 b\u00e0sica a totes les persones que acaben d&#8217;arribar a Catalunya o que pretenen fer-ho.<\/td>\n<\/tr>\n<tr style=\"height: 32px;\">\n<td style=\"width: 180px; height: 32px; text-align: center;\"><a href=\"http:\/\/educacio.gencat.cat\/ca\/arees-actuacio\/families\/\">Fam\u00edlies<\/a><\/td>\n<td style=\"width: 296px; height: 32px;\"><img loading=\"lazy\" decoding=\"async\" class=\"wp-image-3106 aligncenter\" src=\"https:\/\/agora.xtec.cat\/ieempuriabrava\/wp-content\/uploads\/usu1764\/2021\/05\/Imagen-1-9.png\" alt=\"\" width=\"134\" height=\"148\" \/><\/td>\n<td style=\"width: 196px; height: 32px; text-align: center;\">El web de fam\u00edlies del Departament d&#8217;Educaci\u00f3 ofereix eines amb la voluntat de facilitar la participaci\u00f3 de les fam\u00edlies en la vida escolar dels fills i filles i guiar-les en l&#8217;acompanyament de la seva educaci\u00f3.<\/td>\n<\/tr>\n<tr style=\"height: 32px;\">\n<td style=\"width: 180px; height: 128px;\">\n<p style=\"text-align: center;\"><a href=\"https:\/\/jovecat.gencat.cat\/ca\/inici\/\">JOVE.CAT<\/a><\/p>\n<\/td>\n<td style=\"width: 296px; height: 128px;\"><img loading=\"lazy\" decoding=\"async\" class=\"size-full wp-image-3108 aligncenter\" src=\"https:\/\/agora.xtec.cat\/ieempuriabrava\/wp-content\/uploads\/usu1764\/2021\/05\/Imagen-1-11.png\" alt=\"\" width=\"185\" height=\"122\" \/><\/td>\n<td style=\"width: 196px; height: 128px;\">\n<p style=\"text-align: center;\">JOVE.CAT \u00e9s el portal imprescindible per estar al dia i trobar les respostes a tots els dubtes.<\/p>\n<\/td>\n<\/tr>\n<tr style=\"height: 32px;\">\n<td style=\"width: 180px; height: 32px;\">\n<p style=\"text-align: center;\"><a href=\"http:\/\/ejoventut.gencat.cat\/ca\/sobre_e-joventut\/\">E-JOVENTUT<\/a><\/p>\n<\/td>\n<td style=\"width: 296px; height: 32px;\"><img loading=\"lazy\" decoding=\"async\" class=\"size-full wp-image-3109 aligncenter\" src=\"https:\/\/agora.xtec.cat\/ieempuriabrava\/wp-content\/uploads\/usu1764\/2021\/05\/Imagen-1-12.png\" alt=\"\" width=\"187\" height=\"133\" \/><\/td>\n<td style=\"width: 196px; height: 32px;\">\n<p style=\"text-align: center;\">Aquest web facilita la informaci\u00f3 sobre els recursos que t\u2019ofereix tant la Direcci\u00f3 General de Joventut com qualsevol altra instituci\u00f3 per als agents que intervenen en pol\u00edtiques locals joves.<\/p>\n<\/td>\n<\/tr>\n<tr style=\"height: 32px;\">\n<td style=\"width: 180px; height: 32px;\">\n<p style=\"text-align: center;\"><a href=\"http:\/\/garantiajuvenil.gencat.cat\/ca\/Que_Toferim\/Formacio\/Noves-Oportunitats\/#bloc1\">Noves oportunitats <\/a><\/p>\n<\/td>\n<td style=\"width: 296px; height: 32px;\"><img loading=\"lazy\" decoding=\"async\" class=\"size-full wp-image-3110 aligncenter\" src=\"https:\/\/agora.xtec.cat\/ieempuriabrava\/wp-content\/uploads\/usu1764\/2021\/05\/Imagen-1-13.png\" alt=\"\" width=\"179\" height=\"120\" \/><\/td>\n<td style=\"width: 196px; height: 32px;\">\n<div>\n<p style=\"text-align: center;\"><span lang=\"ca\">Si no tens cap titulaci\u00f3 i no tens clar quin cam\u00ed seguir t&#8217;acompanyem a construir el teu projecte professional d&#8217;una manera diferent, amb un itinerari de llarg recorregut que pot durar fins a dos anys.<\/span><\/p>\n<\/div>\n<\/td>\n<\/tr>\n<tr style=\"height: 130px;\">\n<td style=\"width: 180px; height: 130px;\">\n<p style=\"text-align: center;\"><a href=\"http:\/\/queestudiar.gencat.cat\/ca\/index.html\">Estudiar a Catalunya<\/a><\/p>\n<\/td>\n<td style=\"width: 296px; text-align: center; height: 130px;\"><img loading=\"lazy\" decoding=\"async\" class=\"alignnone size-full wp-image-3112\" src=\"https:\/\/agora.xtec.cat\/ieempuriabrava\/wp-content\/uploads\/usu1764\/2021\/05\/Imagen-1-15.png\" alt=\"\" width=\"110\" height=\"110\" \/><\/td>\n<td style=\"width: 196px; height: 130px;\">\n<div>\n<p style=\"text-align: center;\"><span lang=\"ca\">\u00a0<\/span><\/p>\n<\/div>\n<\/td>\n<\/tr>\n<tr style=\"height: 32px;\">\n<td style=\"width: 180px; height: 32px;\">\n<p style=\"text-align: center;\"><a href=\"http:\/\/garantiajuvenil.gencat.cat\/ca\/Que_Toferim\/Formacio\/\">Formaci\u00f3<\/a><\/p>\n<\/td>\n<td style=\"width: 296px; height: 32px;\"><img loading=\"lazy\" decoding=\"async\" class=\"size-full wp-image-3111 aligncenter\" src=\"https:\/\/agora.xtec.cat\/ieempuriabrava\/wp-content\/uploads\/usu1764\/2021\/05\/Imagen-1-14.png\" alt=\"\" width=\"127\" height=\"95\" \/><\/td>\n<td style=\"width: 196px; height: 32px;\">\n<p style=\"text-align: center;\">Forma\u2019t per millorar les teves possibilitats laborals<\/p>\n<\/td>\n<\/tr>\n<tr style=\"height: 32px;\">\n<td style=\"width: 180px; height: 32px;\">\n<p style=\"text-align: center;\"><a href=\"http:\/\/educacio.gencat.cat\/ca\/departament\/publicacions\/butlletins\/infoescola\/butlleti-19\/\">Infoescola<\/a><\/p>\n<\/td>\n<td style=\"width: 296px; height: 32px;\"><img loading=\"lazy\" decoding=\"async\" class=\"size-full wp-image-3113 aligncenter\" src=\"https:\/\/agora.xtec.cat\/ieempuriabrava\/wp-content\/uploads\/usu1764\/2021\/05\/Imagen-1-16.png\" alt=\"\" width=\"110\" height=\"110\" \/><\/td>\n<td style=\"width: 196px; height: 32px;\">\n<p style=\"text-align: center;\">Articles i documents d\u2019inter\u00e8s del Departament d\u2019Ensenyament<\/p>\n<\/td>\n<\/tr>\n<tr style=\"height: 32px;\">\n<td style=\"width: 180px; height: 32px; text-align: center;\"><a href=\"http:\/\/educacio.gencat.cat\/ca\/inici\/nota-premsa\/116111-00003\">Davant el maltractament<\/a><\/td>\n<td style=\"width: 296px; height: 32px; text-align: center;\"><img loading=\"lazy\" decoding=\"async\" class=\"wp-image-3115 aligncenter\" src=\"https:\/\/agora.xtec.cat\/ieempuriabrava\/wp-content\/uploads\/usu1764\/2021\/05\/Imagen-1-18.png\" alt=\"\" width=\"128\" height=\"128\" \/><\/td>\n<td style=\"width: 196px; height: 32px; text-align: center;\">El Departament de Treball,\u00a0 Afers Socials i Fam\u00edlies posa a disposici\u00f3 de la ciutadania el servei d&#8217;atenci\u00f3 telef\u00f2nica 116111, Inf\u00e0ncia Respon, per a l&#8217;atenci\u00f3 de possibles casos de maltractament les 24 hores del dia, els 365 dies de l&#8217;any.<\/td>\n<\/tr>\n<tr style=\"height: 32px;\">\n<td style=\"width: 180px; height: 32px;\">\n<p style=\"text-align: center;\"><a href=\"https:\/\/mossos.gencat.cat\/ca\/temes\/families-i-escoles\/\">Consells de seguretat <\/a><\/p>\n<p style=\"text-align: center;\"><a href=\"https:\/\/mossos.gencat.cat\/ca\/temes\/families-i-escoles\/\">per a fam\u00edlies<\/a><\/p>\n<\/td>\n<td style=\"width: 296px; height: 32px;\"><img loading=\"lazy\" decoding=\"async\" class=\" wp-image-3116 aligncenter\" src=\"https:\/\/agora.xtec.cat\/ieempuriabrava\/wp-content\/uploads\/usu1764\/2021\/05\/Imagen-1-19.png\" alt=\"\" width=\"129\" height=\"129\" \/><\/td>\n<td style=\"width: 196px; height: 32px;\">\n<p style=\"text-align: center;\">La Policia de la Generalitat \u2013 Mossos d&#8217;Esquadra treballa amb les fam\u00edlies el conjunt de la comunitat educativa de Catalunya per donar resposta\u00a0a les necessitats de seguretat actuals i futures<\/p>\n<\/td>\n<\/tr>\n<tr>\n<td style=\"width: 180px;\">\n<p style=\"text-align: center;\"><a href=\"https:\/\/projectes.xtec.cat\/families-digitals\/?\">Fam\u00edlies digitals<\/a><\/p>\n<\/td>\n<td style=\"width: 296px;\"><img loading=\"lazy\" decoding=\"async\" class=\"size-full wp-image-3118 aligncenter\" src=\"https:\/\/agora.xtec.cat\/ieempuriabrava\/wp-content\/uploads\/usu1764\/2021\/05\/Imagen-1-21.png\" alt=\"\" width=\"110\" height=\"110\" \/><\/td>\n<td style=\"width: 196px; text-align: center;\">Des del Departament d\u2019Educaci\u00f3, neix la iniciativa\u00a0Fam\u00edlies digitals\u00a0per facilitar l\u2019adquisici\u00f3 de la compet\u00e8ncia digital per part de les fam\u00edlies i donar resposta des de l\u2019acompanyament a les seves necessitats.<\/td>\n<\/tr>\n<tr style=\"height: 32px;\">\n<td style=\"width: 180px; height: 32px;\">\n<p style=\"text-align: center;\"><a href=\"http:\/\/sexejoves.gencat.cat\/ca\/inici\/\">Sexes joves<\/a><\/p>\n<\/td>\n<td style=\"width: 296px; height: 32px;\"><img loading=\"lazy\" decoding=\"async\" class=\"size-full wp-image-3117 aligncenter\" src=\"https:\/\/agora.xtec.cat\/ieempuriabrava\/wp-content\/uploads\/usu1764\/2021\/05\/Imagen-1-20.png\" alt=\"\" width=\"110\" height=\"110\" \/><\/td>\n<td style=\"width: 196px; height: 32px; text-align: center;\">\u00a0Tens dubtes relacionades amb el sexe? Aquesta web et pot donar respostes<\/td>\n<\/tr>\n<\/tbody>\n<\/table>\n<p>&nbsp;<\/p>\n","protected":false},"excerpt":{"rendered":"<p>Aquest espai ofereix eines amb la voluntat de facilitar la participaci\u00f3 de les fam\u00edlies en la vida escolar dels fills i filles i guiar-les en l&#8217;acompanyament de la seva educaci\u00f3, i promoure&#8217;n, com a conseq\u00fc\u00e8ncia, l&#8217;\u00e8xit educatiu. Hi trobareu una diversitat de tem\u00e0tiques d&#8217;inter\u00e8s educatiu, vinculades a orientacions, recomanacions, enquestes de coneixement i formacions, a [&hellip;]<\/p>\n","protected":false},"author":6,"featured_media":0,"parent":2997,"menu_order":0,"comment_status":"closed","ping_status":"closed","template":"page-templates\/side-menu.php","meta":{"_bbp_topic_count":0,"_bbp_reply_count":0,"_bbp_total_topic_count":0,"_bbp_total_reply_count":0,"_bbp_voice_count":0,"_bbp_anonymous_reply_count":0,"_bbp_topic_count_hidden":0,"_bbp_reply_count_hidden":0,"_bbp_forum_subforum_count":0,"site-sidebar-layout":"default","site-content-layout":"","ast-site-content-layout":"","site-content-style":"default","site-sidebar-style":"default","ast-global-header-display":"","ast-banner-title-visibility":"","ast-main-header-display":"","ast-hfb-above-header-display":"","ast-hfb-below-header-display":"","ast-hfb-mobile-header-display":"","site-post-title":"","ast-breadcrumbs-content":"","ast-featured-img":"","footer-sml-layout":"","theme-transparent-header-meta":"","adv-header-id-meta":"","stick-header-meta":"","header-above-stick-meta":"","header-main-stick-meta":"","header-below-stick-meta":"","astra-migrate-meta-layouts":"default","ast-page-background-enabled":"default","ast-page-background-meta":{"desktop":{"background-color":"var(--ast-global-color-4)","background-image":"","background-repeat":"repeat","background-position":"center center","background-size":"auto","background-attachment":"scroll","background-type":"","background-media":"","overlay-type":"","overlay-color":"","overlay-opacity":"","overlay-gradient":""},"tablet":{"background-color":"","background-image":"","background-repeat":"repeat","background-position":"center center","background-size":"auto","background-attachment":"scroll","background-type":"","background-media":"","overlay-type":"","overlay-color":"","overlay-opacity":"","overlay-gradient":""},"mobile":{"background-color":"","background-image":"","background-repeat":"repeat","background-position":"center center","background-size":"auto","background-attachment":"scroll","background-type":"","background-media":"","overlay-type":"","overlay-color":"","overlay-opacity":"","overlay-gradient":""}},"ast-content-background-meta":{"desktop":{"background-color":"var(--ast-global-color-5)","background-image":"","background-repeat":"repeat","background-position":"center center","background-size":"auto","background-attachment":"scroll","background-type":"","background-media":"","overlay-type":"","overlay-color":"","overlay-opacity":"","overlay-gradient":""},"tablet":{"background-color":"var(--ast-global-color-5)","background-image":"","background-repeat":"repeat","background-position":"center center","background-size":"auto","background-attachment":"scroll","background-type":"","background-media":"","overlay-type":"","overlay-color":"","overlay-opacity":"","overlay-gradient":""},"mobile":{"background-color":"var(--ast-global-color-5)","background-image":"","background-repeat":"repeat","background-position":"center center","background-size":"auto","background-attachment":"scroll","background-type":"","background-media":"","overlay-type":"","overlay-color":"","overlay-opacity":"","overlay-gradient":""}},"footnotes":""},"class_list":["post-3104","page","type-page","status-publish","hentry"],"post_mailing_queue_ids":[],"_links":{"self":[{"href":"https:\/\/agora.xtec.cat\/ieempuriabrava\/wp-json\/wp\/v2\/pages\/3104","targetHints":{"allow":["GET"]}}],"collection":[{"href":"https:\/\/agora.xtec.cat\/ieempuriabrava\/wp-json\/wp\/v2\/pages"}],"about":[{"href":"https:\/\/agora.xtec.cat\/ieempuriabrava\/wp-json\/wp\/v2\/types\/page"}],"author":[{"embeddable":true,"href":"https:\/\/agora.xtec.cat\/ieempuriabrava\/wp-json\/wp\/v2\/users\/6"}],"replies":[{"embeddable":true,"href":"https:\/\/agora.xtec.cat\/ieempuriabrava\/wp-json\/wp\/v2\/comments?post=3104"}],"version-history":[{"count":2,"href":"https:\/\/agora.xtec.cat\/ieempuriabrava\/wp-json\/wp\/v2\/pages\/3104\/revisions"}],"predecessor-version":[{"id":3128,"href":"https:\/\/agora.xtec.cat\/ieempuriabrava\/wp-json\/wp\/v2\/pages\/3104\/revisions\/3128"}],"up":[{"embeddable":true,"href":"https:\/\/agora.xtec.cat\/ieempuriabrava\/wp-json\/wp\/v2\/pages\/2997"}],"wp:attachment":[{"href":"https:\/\/agora.xtec.cat\/ieempuriabrava\/wp-json\/wp\/v2\/media?parent=3104"}],"curies":[{"name":"wp","href":"https:\/\/api.w.org\/{rel}","templated":true}]}}