{"id":27,"date":"2014-09-17T16:24:03","date_gmt":"2014-09-17T16:24:03","guid":{"rendered":"http:\/\/agora.xtec.cat\/ieempuriabrava\/?page_id=27"},"modified":"2025-09-25T11:58:51","modified_gmt":"2025-09-25T09:58:51","slug":"historia","status":"publish","type":"page","link":"https:\/\/agora.xtec.cat\/ieempuriabrava\/linstitut\/historia\/","title":{"rendered":"El nostre centre"},"content":{"rendered":"<div class=\"page\" title=\"Page 1\">\n<div class=\"layoutArea\">\n<div class=\"column\">\n<p>L\u2019Institut Escola El Bruel \u2013 Empuriabrava \u00e9s el primer institut escola p\u00fablic de l\u2019Alt Empord\u00e0, \u00e9s un model d\u2019escolaritzaci\u00f3 que implica que un sol centre pugui oferir diferents nivells educatius fins abastar tota l\u2019etapa d\u2019escolaritzaci\u00f3, des dels 3 fins els 16 anys. Aix\u00ed es facilita la integraci\u00f3 i un \u00fanic projecte pedag\u00f2gic. Aquest projecte d\u00f3na una continu\u00eftat formativa, en especial en el pas entre l\u2019etapa de prim\u00e0ria i la de secund\u00e0ria i afavoreix aix\u00ed, un seguiment acad\u00e8mic i personal m\u00e9s individualitzat dels alumnes.<\/p>\n<p><a href=\"https:\/\/agora.xtec.cat\/ieempuriabrava\/wp-content\/uploads\/usu1764\/2020\/03\/basefotos201920190215202339.jpg\"><img loading=\"lazy\" decoding=\"async\" class=\" wp-image-1702 aligncenter\" src=\"https:\/\/agora.xtec.cat\/ieempuriabrava\/wp-content\/uploads\/usu1764\/2020\/03\/basefotos201920190215202339.jpg\" alt=\"\" width=\"407\" height=\"272\" srcset=\"https:\/\/agora.xtec.cat\/ieempuriabrava\/wp-content\/uploads\/usu1764\/2020\/03\/basefotos201920190215202339.jpg 328w, https:\/\/agora.xtec.cat\/ieempuriabrava\/wp-content\/uploads\/usu1764\/2020\/03\/basefotos201920190215202339-300x200.jpg 300w\" sizes=\"auto, (max-width: 407px) 100vw, 407px\" \/><\/a><\/p>\n<p>S\u2019oferir\u00e0 un projecte pedag\u00f2gic continuat i un model integrat per tota l\u2019etapa d\u2019escolaritzaci\u00f3 obligat\u00f2ria. Malgrat la difer\u00e8ncia dels horaris i els espais, la uni\u00f3 dels dos centres facilitar\u00e0 la conviv\u00e8ncia entre infants i adolescents, l\u2019aprenentatge entre iguals, reduir l\u2019absentisme escolar i promoure metodologies d\u2019aprenentatge m\u00e9s globalitzades.<\/p>\n<p><a href=\"https:\/\/agora.xtec.cat\/ieempuriabrava\/wp-content\/uploads\/usu1764\/2020\/01\/IMG_9059.jpg\"><img loading=\"lazy\" decoding=\"async\" class=\"wp-image-1190 aligncenter\" src=\"https:\/\/agora.xtec.cat\/ieempuriabrava\/wp-content\/uploads\/usu1764\/2020\/01\/IMG_9059.jpg\" alt=\"\" width=\"438\" height=\"329\" srcset=\"https:\/\/agora.xtec.cat\/ieempuriabrava\/wp-content\/uploads\/usu1764\/2020\/01\/IMG_9059.jpg 640w, https:\/\/agora.xtec.cat\/ieempuriabrava\/wp-content\/uploads\/usu1764\/2020\/01\/IMG_9059-300x225.jpg 300w, https:\/\/agora.xtec.cat\/ieempuriabrava\/wp-content\/uploads\/usu1764\/2020\/01\/IMG_9059-200x150.jpg 200w\" sizes=\"auto, (max-width: 438px) 100vw, 438px\" \/><\/a><\/p>\n<div class=\"page\" title=\"Page 2\">\n<div class=\"layoutArea\">\n<div class=\"column\">\n<p>El centre oferta els cursos des de I3 fins a 4t d\u2019ESO.<\/p>\n<p>A infantil i prim\u00e0ria es realitzen activitats destacables com:<\/p>\n<p>\u25cf \u00a0Introducci\u00f3 de l\u2019angl\u00e8s com a llengua estrangera a I4.<\/p>\n<p>\u25cf \u00a0Treball a l\u2019educaci\u00f3 infantil de la llengua i les matem\u00e0tiques amb tallers de manera<\/p>\n<p>vivencial i manipulativa.<\/p>\n<p>\u25cf \u00a0Realitzaci\u00f3 di\u00e0ria de grups de treball des de I3 a I5 per fomentar l\u2019autonomia i el<\/p>\n<p>treball cooperatiu.<\/p>\n<p>\u25cf \u00a0Cada dia es realitzen 30 minuts de lectura i una sessi\u00f3 de matem\u00e0tiques.<\/p>\n<p>\u25cf \u00a0Tallers d\u2019escriptura i tallers d\u2019expressi\u00f3 oral setmanals.<\/p>\n<p>\u25cf \u00a0La utilitzaci\u00f3 de les eines TIC per treballar les diferents \u00e0rees.<\/p>\n<p>\u25cf \u00a0Activitats extraescolars i taller d\u2019estudi assistit als alumnes de 6\u00e8 de prim\u00e0ria.<\/p>\n<p>A secund\u00e0ria es realitzen activitats i projectes destacables com:<\/p>\n<p>\u25cf \u00a0Treball de tipologies textuals i comprensions lectores seq\u00fcenciats al llarg de tota<\/p>\n<p>l\u2019ESO i de manera transversal i treball en tot els \u00e0mbits.<\/p>\n<p>\u25cf \u00a0Diversos projectes d\u2019\u00e0mbits a cada curs d\u2019ESO.<\/p>\n<p>\u25cf \u00a0Participaci\u00f3 al projecte \u201cEnglish Time\u201d juntament amb d\u2019altres instituts de la zona .<\/p>\n<p>\u25cf \u00a0Impartici\u00f3 de mat\u00e8ries en llengua anglesa.<\/p>\n<p>\u25cf \u00a0Projectes de Servei Comunitari.<\/p>\n<p><a href=\"https:\/\/agora.xtec.cat\/ieempuriabrava\/wp-content\/uploads\/usu1764\/2020\/03\/escoles-municipals-1.jpg\"><img loading=\"lazy\" decoding=\"async\" class=\"wp-image-1704 aligncenter\" src=\"https:\/\/agora.xtec.cat\/ieempuriabrava\/wp-content\/uploads\/usu1764\/2020\/03\/escoles-municipals-1.jpg\" alt=\"\" width=\"407\" height=\"295\" srcset=\"https:\/\/agora.xtec.cat\/ieempuriabrava\/wp-content\/uploads\/usu1764\/2020\/03\/escoles-municipals-1.jpg 328w, https:\/\/agora.xtec.cat\/ieempuriabrava\/wp-content\/uploads\/usu1764\/2020\/03\/escoles-municipals-1-300x218.jpg 300w\" sizes=\"auto, (max-width: 407px) 100vw, 407px\" \/><\/a><\/p>\n<p><strong>Activitats conjuntes:<\/strong><\/p>\n<p>&#8211; \u00a0El centre forma part de la Xarxa de Compet\u00e8ncies B\u00e0siques.<\/p>\n<p>&#8211; \u00a0Programa de Tutoria d\u2019Habilitats per la vida.<\/p>\n<p>&#8211; \u00a0Participaci\u00f3 en activitats del Pla Educatiu d\u2019Entorn i dels Serveis educatius.<\/p>\n<p>&#8211; \u00a0Excursions d\u2019una o mitja jornada, col\u00f2nies, etc.<\/p>\n<p><strong>Serveis escolars:<\/strong><\/p>\n<ul>\n<li><strong>Menjador a prim\u00e0ria<\/strong>: El servei de menjador es duu a terme de 12:30 a 14:30.<\/li>\n<li><strong>Transport:<\/strong><\/li>\n<\/ul>\n<p><em>&#8211; Prim\u00e0ria:<\/em> El Consell Comarcal ofereix la possibilitat de sol\u00b7licitar el servei de transport als alumnes que viuen m\u00e9s allunyats del centre.<\/p>\n<p><em>&#8211; Secund\u00e0ria:<\/em> El transport urb\u00e0 municipal adapta l\u2019horari de recorreguts per tal de deixar l\u2019alumnat abans del comen\u00e7ament de les classes i la seva recollida a la sortida.<\/p>\n<\/div>\n<\/div>\n<\/div>\n<\/div>\n<\/div>\n<\/div>\n","protected":false},"excerpt":{"rendered":"<p>L\u2019Institut Escola El Bruel \u2013 Empuriabrava \u00e9s el primer institut escola p\u00fablic de l\u2019Alt Empord\u00e0, \u00e9s un model d\u2019escolaritzaci\u00f3 que implica que un sol centre pugui oferir diferents nivells educatius fins abastar tota l\u2019etapa d\u2019escolaritzaci\u00f3, des dels 3 fins els 16 anys. Aix\u00ed es facilita la integraci\u00f3 i un \u00fanic projecte pedag\u00f2gic. Aquest projecte d\u00f3na [&hellip;]<\/p>\n","protected":false},"author":1,"featured_media":0,"parent":19,"menu_order":20,"comment_status":"closed","ping_status":"closed","template":"","meta":{"_bbp_topic_count":0,"_bbp_reply_count":0,"_bbp_total_topic_count":0,"_bbp_total_reply_count":0,"_bbp_voice_count":0,"_bbp_anonymous_reply_count":0,"_bbp_topic_count_hidden":0,"_bbp_reply_count_hidden":0,"_bbp_forum_subforum_count":0,"site-sidebar-layout":"default","site-content-layout":"","ast-site-content-layout":"default","site-content-style":"default","site-sidebar-style":"default","ast-global-header-display":"","ast-banner-title-visibility":"","ast-main-header-display":"","ast-hfb-above-header-display":"","ast-hfb-below-header-display":"","ast-hfb-mobile-header-display":"","site-post-title":"","ast-breadcrumbs-content":"","ast-featured-img":"","footer-sml-layout":"","theme-transparent-header-meta":"","adv-header-id-meta":"","stick-header-meta":"","header-above-stick-meta":"","header-main-stick-meta":"","header-below-stick-meta":"","astra-migrate-meta-layouts":"set","ast-page-background-enabled":"default","ast-page-background-meta":{"desktop":{"background-color":"var(--ast-global-color-4)","background-image":"","background-repeat":"repeat","background-position":"center center","background-size":"auto","background-attachment":"scroll","background-type":"","background-media":"","overlay-type":"","overlay-color":"","overlay-opacity":"","overlay-gradient":""},"tablet":{"background-color":"","background-image":"","background-repeat":"repeat","background-position":"center center","background-size":"auto","background-attachment":"scroll","background-type":"","background-media":"","overlay-type":"","overlay-color":"","overlay-opacity":"","overlay-gradient":""},"mobile":{"background-color":"","background-image":"","background-repeat":"repeat","background-position":"center center","background-size":"auto","background-attachment":"scroll","background-type":"","background-media":"","overlay-type":"","overlay-color":"","overlay-opacity":"","overlay-gradient":""}},"ast-content-background-meta":{"desktop":{"background-color":"var(--ast-global-color-5)","background-image":"","background-repeat":"repeat","background-position":"center center","background-size":"auto","background-attachment":"scroll","background-type":"","background-media":"","overlay-type":"","overlay-color":"","overlay-opacity":"","overlay-gradient":""},"tablet":{"background-color":"var(--ast-global-color-5)","background-image":"","background-repeat":"repeat","background-position":"center center","background-size":"auto","background-attachment":"scroll","background-type":"","background-media":"","overlay-type":"","overlay-color":"","overlay-opacity":"","overlay-gradient":""},"mobile":{"background-color":"var(--ast-global-color-5)","background-image":"","background-repeat":"repeat","background-position":"center center","background-size":"auto","background-attachment":"scroll","background-type":"","background-media":"","overlay-type":"","overlay-color":"","overlay-opacity":"","overlay-gradient":""}},"footnotes":""},"class_list":["post-27","page","type-page","status-publish","hentry"],"post_mailing_queue_ids":[],"_links":{"self":[{"href":"https:\/\/agora.xtec.cat\/ieempuriabrava\/wp-json\/wp\/v2\/pages\/27","targetHints":{"allow":["GET"]}}],"collection":[{"href":"https:\/\/agora.xtec.cat\/ieempuriabrava\/wp-json\/wp\/v2\/pages"}],"about":[{"href":"https:\/\/agora.xtec.cat\/ieempuriabrava\/wp-json\/wp\/v2\/types\/page"}],"author":[{"embeddable":true,"href":"https:\/\/agora.xtec.cat\/ieempuriabrava\/wp-json\/wp\/v2\/users\/1"}],"replies":[{"embeddable":true,"href":"https:\/\/agora.xtec.cat\/ieempuriabrava\/wp-json\/wp\/v2\/comments?post=27"}],"version-history":[{"count":4,"href":"https:\/\/agora.xtec.cat\/ieempuriabrava\/wp-json\/wp\/v2\/pages\/27\/revisions"}],"predecessor-version":[{"id":7851,"href":"https:\/\/agora.xtec.cat\/ieempuriabrava\/wp-json\/wp\/v2\/pages\/27\/revisions\/7851"}],"up":[{"embeddable":true,"href":"https:\/\/agora.xtec.cat\/ieempuriabrava\/wp-json\/wp\/v2\/pages\/19"}],"wp:attachment":[{"href":"https:\/\/agora.xtec.cat\/ieempuriabrava\/wp-json\/wp\/v2\/media?parent=27"}],"curies":[{"name":"wp","href":"https:\/\/api.w.org\/{rel}","templated":true}]}}