{"id":1372,"date":"2020-02-10T14:18:31","date_gmt":"2020-02-10T13:18:31","guid":{"rendered":"https:\/\/agora.xtec.cat\/ieempuriabrava\/?page_id=1372"},"modified":"2025-02-20T20:39:09","modified_gmt":"2025-02-20T19:39:09","slug":"rodajoc","status":"publish","type":"page","link":"https:\/\/agora.xtec.cat\/ieempuriabrava\/activitats-del-centre\/rodajoc\/","title":{"rendered":"Rodajoc"},"content":{"rendered":"<h2><span style=\"color: #000000;\">Rodajoc, l\u2019experi\u00e8ncia dels jocs sense fronteres<\/span><\/h2>\n<p>El Rodajoc \u00e9s un projecte d\u2019intercanvi i de coneixen\u00e7a entre alumnes de diferents escoles de 4t de prim\u00e0ria a trav\u00e9s del joc, eina motivadora, codi universal de tots els infants de qualsevol lloc o cultura que els ofereix uns moments per compartir.<\/p>\n<p>La filosofia del Rodajoc tamb\u00e9 es basa en utilitzar espais p\u00fablics de les poblacions per part de la mainada. Espais que cada vegada s\u00f3n m\u00e9s prohibits com a lloc de trobada, de joc, d\u2019esbarjo&#8230;. L\u2019activitat vol fomentar la seva utilitzaci\u00f3 per\u00f2 sempre des d\u2019una actitud de respecte.<\/p>\n<p>El Rodajoc \u00e9s, doncs, la part visible d\u2019aquesta proposta multicultural i un punt de trobada i d\u2019uni\u00f3 del treball que fan els equips docents a les escoles de la comarca. Un treball basat en el coneixement de la cultura de joc dels pobles dels diferents continents amb la intenci\u00f3 de fer ciutadans m\u00e9s justos i respectuosos amb les cultures que formen la nostra societat.<\/p>\n<p>Aquesta activitat de caire l\u00fadic esportiu \u00e9s organitzada per un grup de treball format pels mestres d&#8217;Educaci\u00f3 F\u00edsica amb l\u2019ajuda del CRP de l\u2019Alt Empord\u00e0, el Consell Esportiu de l\u2019Alt Empord\u00e0 i la Diputaci\u00f3 de Girona, tamb\u00e9 es pot dur a terme gr\u00e0cies a la col\u00b7laboraci\u00f3 dels ajuntaments de la comarca. En el cas de Castell\u00f3 d&#8217;Emp\u00faries es tracta d&#8217;un rodajoc itinerant, doncs cada any es celebra en un municipi diferent.<\/p>\n<p>L&#8217;alumnat de 4t d&#8217;ESO dels municipis on es realitza tamb\u00e9 participen del Rodajoc, dinamitzant les activitats pels m\u00e9s petits i petites.<\/p>\n<p><img loading=\"lazy\" decoding=\"async\" class=\"wp-image-3746 alignleft\" src=\"https:\/\/agora.xtec.cat\/ieempuriabrava\/wp-content\/uploads\/usu1764\/2021\/09\/fd612f8169cc6a517e948c28f8cb111b.jpg\" alt=\"\" width=\"274\" height=\"261\" \/><img loading=\"lazy\" decoding=\"async\" class=\"wp-image-7503 alignleft\" src=\"https:\/\/agora.xtec.cat\/ieempuriabrava\/wp-content\/uploads\/usu1764\/2025\/02\/rodajoc.jpg\" alt=\"\" width=\"392\" height=\"261\" srcset=\"https:\/\/agora.xtec.cat\/ieempuriabrava\/wp-content\/uploads\/usu1764\/2025\/02\/rodajoc.jpg 480w, https:\/\/agora.xtec.cat\/ieempuriabrava\/wp-content\/uploads\/usu1764\/2025\/02\/rodajoc-300x200.jpg 300w\" sizes=\"auto, (max-width: 392px) 100vw, 392px\" \/><\/p>\n","protected":false},"excerpt":{"rendered":"<p>Rodajoc, l\u2019experi\u00e8ncia dels jocs sense fronteres El Rodajoc \u00e9s un projecte d\u2019intercanvi i de coneixen\u00e7a entre alumnes de diferents escoles de 4t de prim\u00e0ria a trav\u00e9s del joc, eina motivadora, codi universal de tots els infants de qualsevol lloc o cultura que els ofereix uns moments per compartir. La filosofia del Rodajoc tamb\u00e9 es basa [&hellip;]<\/p>\n","protected":false},"author":6,"featured_media":0,"parent":1359,"menu_order":0,"comment_status":"closed","ping_status":"closed","template":"page-templates\/side-menu.php","meta":{"_bbp_topic_count":0,"_bbp_reply_count":0,"_bbp_total_topic_count":0,"_bbp_total_reply_count":0,"_bbp_voice_count":0,"_bbp_anonymous_reply_count":0,"_bbp_topic_count_hidden":0,"_bbp_reply_count_hidden":0,"_bbp_forum_subforum_count":0,"site-sidebar-layout":"default","site-content-layout":"","ast-site-content-layout":"","site-content-style":"default","site-sidebar-style":"default","ast-global-header-display":"","ast-banner-title-visibility":"","ast-main-header-display":"","ast-hfb-above-header-display":"","ast-hfb-below-header-display":"","ast-hfb-mobile-header-display":"","site-post-title":"","ast-breadcrumbs-content":"","ast-featured-img":"","footer-sml-layout":"","theme-transparent-header-meta":"","adv-header-id-meta":"","stick-header-meta":"","header-above-stick-meta":"","header-main-stick-meta":"","header-below-stick-meta":"","astra-migrate-meta-layouts":"default","ast-page-background-enabled":"default","ast-page-background-meta":{"desktop":{"background-color":"var(--ast-global-color-4)","background-image":"","background-repeat":"repeat","background-position":"center center","background-size":"auto","background-attachment":"scroll","background-type":"","background-media":"","overlay-type":"","overlay-color":"","overlay-opacity":"","overlay-gradient":""},"tablet":{"background-color":"","background-image":"","background-repeat":"repeat","background-position":"center center","background-size":"auto","background-attachment":"scroll","background-type":"","background-media":"","overlay-type":"","overlay-color":"","overlay-opacity":"","overlay-gradient":""},"mobile":{"background-color":"","background-image":"","background-repeat":"repeat","background-position":"center center","background-size":"auto","background-attachment":"scroll","background-type":"","background-media":"","overlay-type":"","overlay-color":"","overlay-opacity":"","overlay-gradient":""}},"ast-content-background-meta":{"desktop":{"background-color":"var(--ast-global-color-5)","background-image":"","background-repeat":"repeat","background-position":"center center","background-size":"auto","background-attachment":"scroll","background-type":"","background-media":"","overlay-type":"","overlay-color":"","overlay-opacity":"","overlay-gradient":""},"tablet":{"background-color":"var(--ast-global-color-5)","background-image":"","background-repeat":"repeat","background-position":"center center","background-size":"auto","background-attachment":"scroll","background-type":"","background-media":"","overlay-type":"","overlay-color":"","overlay-opacity":"","overlay-gradient":""},"mobile":{"background-color":"var(--ast-global-color-5)","background-image":"","background-repeat":"repeat","background-position":"center center","background-size":"auto","background-attachment":"scroll","background-type":"","background-media":"","overlay-type":"","overlay-color":"","overlay-opacity":"","overlay-gradient":""}},"footnotes":""},"class_list":["post-1372","page","type-page","status-publish","hentry"],"post_mailing_queue_ids":[],"_links":{"self":[{"href":"https:\/\/agora.xtec.cat\/ieempuriabrava\/wp-json\/wp\/v2\/pages\/1372","targetHints":{"allow":["GET"]}}],"collection":[{"href":"https:\/\/agora.xtec.cat\/ieempuriabrava\/wp-json\/wp\/v2\/pages"}],"about":[{"href":"https:\/\/agora.xtec.cat\/ieempuriabrava\/wp-json\/wp\/v2\/types\/page"}],"author":[{"embeddable":true,"href":"https:\/\/agora.xtec.cat\/ieempuriabrava\/wp-json\/wp\/v2\/users\/6"}],"replies":[{"embeddable":true,"href":"https:\/\/agora.xtec.cat\/ieempuriabrava\/wp-json\/wp\/v2\/comments?post=1372"}],"version-history":[{"count":7,"href":"https:\/\/agora.xtec.cat\/ieempuriabrava\/wp-json\/wp\/v2\/pages\/1372\/revisions"}],"predecessor-version":[{"id":7505,"href":"https:\/\/agora.xtec.cat\/ieempuriabrava\/wp-json\/wp\/v2\/pages\/1372\/revisions\/7505"}],"up":[{"embeddable":true,"href":"https:\/\/agora.xtec.cat\/ieempuriabrava\/wp-json\/wp\/v2\/pages\/1359"}],"wp:attachment":[{"href":"https:\/\/agora.xtec.cat\/ieempuriabrava\/wp-json\/wp\/v2\/media?parent=1372"}],"curies":[{"name":"wp","href":"https:\/\/api.w.org\/{rel}","templated":true}]}}