{"id":1353,"date":"2020-02-10T09:37:46","date_gmt":"2020-02-10T08:37:46","guid":{"rendered":"https:\/\/agora.xtec.cat\/ieempuriabrava\/?page_id=1353"},"modified":"2025-02-20T20:45:53","modified_gmt":"2025-02-20T19:45:53","slug":"cantania","status":"publish","type":"page","link":"https:\/\/agora.xtec.cat\/ieempuriabrava\/activitats-del-centre\/cantania\/","title":{"rendered":"Projecte Cant\u00e0nia"},"content":{"rendered":"<p><a href=\"https:\/\/agora.xtec.cat\/ieempuriabrava\/wp-content\/uploads\/usu1764\/2020\/02\/CANTANIA113.0.jpg\"><img loading=\"lazy\" decoding=\"async\" class=\"alignnone wp-image-1420 size-full\" src=\"https:\/\/agora.xtec.cat\/ieempuriabrava\/wp-content\/uploads\/usu1764\/2020\/02\/CANTANIA113.0.jpg\" alt=\"\" width=\"830\" height=\"300\" srcset=\"https:\/\/agora.xtec.cat\/ieempuriabrava\/wp-content\/uploads\/usu1764\/2020\/02\/CANTANIA113.0.jpg 830w, https:\/\/agora.xtec.cat\/ieempuriabrava\/wp-content\/uploads\/usu1764\/2020\/02\/CANTANIA113.0-300x108.jpg 300w, https:\/\/agora.xtec.cat\/ieempuriabrava\/wp-content\/uploads\/usu1764\/2020\/02\/CANTANIA113.0-768x278.jpg 768w\" sizes=\"auto, (max-width: 830px) 100vw, 830px\" \/><\/a><\/p>\n<p>Cada any el Teatre Municipal el Jard\u00ed acull el projecte Cant\u00e0nia. \u00c9s una activitat proposada pel Servei Educatiu de l\u2019Auditori de Barcelona que es va comen\u00e7ar a fer l\u2019any 1999 i a Figueres des de l\u2019any 2009.<\/p>\n<p>Es tracta d\u2019una proposta participativa consistent en una cantata musical, en la que s\u2019inscriuen escolars de cicle superior de prim\u00e0ria de Catalunya. Es desenvolupa en tres blocs: activitat de formaci\u00f3 per al professorat d\u2019educaci\u00f3 musical a Barcelona, per preparar i aprendre la cantata musicalment i escenogr\u00e0ficament; activitat de formaci\u00f3 a Figueres (Servei Educatiu de l\u2019Alt Empord\u00e0) on es coordinen els concerts que es fan a la ciutat; i concerts finals del projecte.<\/p>\n<p>Hi participen pr\u00e0cticament tots els centres de la comarca de l\u2019Alt Empord\u00e0, una trentena, i durant un cap de setmana tenen llocs entre cinc i sis concerts, passant per l\u2019escenari del Teatre Municipal el Jard\u00ed centenars de nenes i nens.<\/p>\n<p>Aquest projecte apropa les arts musicals durant tot un curs als alumnes, que despr\u00e9s posen a escena el resultat aconseguit.<\/p>\n<p><iframe loading=\"lazy\" src=\"\/\/www.youtube.com\/embed\/nnCwlcNWaL8\" width=\"560\" height=\"314\" allowfullscreen=\"allowfullscreen\"><\/iframe><\/p>\n<p><iframe loading=\"lazy\" src=\"\/\/www.youtube.com\/embed\/sICHagtDOpU\" width=\"560\" height=\"314\" allowfullscreen=\"allowfullscreen\"><\/iframe><\/p>\n","protected":false},"excerpt":{"rendered":"<p>Cada any el Teatre Municipal el Jard\u00ed acull el projecte Cant\u00e0nia. \u00c9s una activitat proposada pel Servei Educatiu de l\u2019Auditori de Barcelona que es va comen\u00e7ar a fer l\u2019any 1999 i a Figueres des de l\u2019any 2009. Es tracta d\u2019una proposta participativa consistent en una cantata musical, en la que s\u2019inscriuen escolars de cicle superior [&hellip;]<\/p>\n","protected":false},"author":1,"featured_media":0,"parent":1359,"menu_order":0,"comment_status":"closed","ping_status":"closed","template":"page-templates\/side-menu.php","meta":{"_bbp_topic_count":0,"_bbp_reply_count":0,"_bbp_total_topic_count":0,"_bbp_total_reply_count":0,"_bbp_voice_count":0,"_bbp_anonymous_reply_count":0,"_bbp_topic_count_hidden":0,"_bbp_reply_count_hidden":0,"_bbp_forum_subforum_count":0,"site-sidebar-layout":"default","site-content-layout":"","ast-site-content-layout":"","site-content-style":"default","site-sidebar-style":"default","ast-global-header-display":"","ast-banner-title-visibility":"","ast-main-header-display":"","ast-hfb-above-header-display":"","ast-hfb-below-header-display":"","ast-hfb-mobile-header-display":"","site-post-title":"","ast-breadcrumbs-content":"","ast-featured-img":"","footer-sml-layout":"","theme-transparent-header-meta":"","adv-header-id-meta":"","stick-header-meta":"","header-above-stick-meta":"","header-main-stick-meta":"","header-below-stick-meta":"","astra-migrate-meta-layouts":"default","ast-page-background-enabled":"default","ast-page-background-meta":{"desktop":{"background-color":"var(--ast-global-color-4)","background-image":"","background-repeat":"repeat","background-position":"center center","background-size":"auto","background-attachment":"scroll","background-type":"","background-media":"","overlay-type":"","overlay-color":"","overlay-opacity":"","overlay-gradient":""},"tablet":{"background-color":"","background-image":"","background-repeat":"repeat","background-position":"center center","background-size":"auto","background-attachment":"scroll","background-type":"","background-media":"","overlay-type":"","overlay-color":"","overlay-opacity":"","overlay-gradient":""},"mobile":{"background-color":"","background-image":"","background-repeat":"repeat","background-position":"center center","background-size":"auto","background-attachment":"scroll","background-type":"","background-media":"","overlay-type":"","overlay-color":"","overlay-opacity":"","overlay-gradient":""}},"ast-content-background-meta":{"desktop":{"background-color":"var(--ast-global-color-5)","background-image":"","background-repeat":"repeat","background-position":"center center","background-size":"auto","background-attachment":"scroll","background-type":"","background-media":"","overlay-type":"","overlay-color":"","overlay-opacity":"","overlay-gradient":""},"tablet":{"background-color":"var(--ast-global-color-5)","background-image":"","background-repeat":"repeat","background-position":"center center","background-size":"auto","background-attachment":"scroll","background-type":"","background-media":"","overlay-type":"","overlay-color":"","overlay-opacity":"","overlay-gradient":""},"mobile":{"background-color":"var(--ast-global-color-5)","background-image":"","background-repeat":"repeat","background-position":"center center","background-size":"auto","background-attachment":"scroll","background-type":"","background-media":"","overlay-type":"","overlay-color":"","overlay-opacity":"","overlay-gradient":""}},"footnotes":""},"class_list":["post-1353","page","type-page","status-publish","hentry"],"post_mailing_queue_ids":[],"_links":{"self":[{"href":"https:\/\/agora.xtec.cat\/ieempuriabrava\/wp-json\/wp\/v2\/pages\/1353","targetHints":{"allow":["GET"]}}],"collection":[{"href":"https:\/\/agora.xtec.cat\/ieempuriabrava\/wp-json\/wp\/v2\/pages"}],"about":[{"href":"https:\/\/agora.xtec.cat\/ieempuriabrava\/wp-json\/wp\/v2\/types\/page"}],"author":[{"embeddable":true,"href":"https:\/\/agora.xtec.cat\/ieempuriabrava\/wp-json\/wp\/v2\/users\/1"}],"replies":[{"embeddable":true,"href":"https:\/\/agora.xtec.cat\/ieempuriabrava\/wp-json\/wp\/v2\/comments?post=1353"}],"version-history":[{"count":5,"href":"https:\/\/agora.xtec.cat\/ieempuriabrava\/wp-json\/wp\/v2\/pages\/1353\/revisions"}],"predecessor-version":[{"id":7507,"href":"https:\/\/agora.xtec.cat\/ieempuriabrava\/wp-json\/wp\/v2\/pages\/1353\/revisions\/7507"}],"up":[{"embeddable":true,"href":"https:\/\/agora.xtec.cat\/ieempuriabrava\/wp-json\/wp\/v2\/pages\/1359"}],"wp:attachment":[{"href":"https:\/\/agora.xtec.cat\/ieempuriabrava\/wp-json\/wp\/v2\/media?parent=1353"}],"curies":[{"name":"wp","href":"https:\/\/api.w.org\/{rel}","templated":true}]}}