{"id":87,"date":"2014-09-18T14:28:12","date_gmt":"2014-09-18T12:28:12","guid":{"rendered":"http:\/\/agora.xtec.cat\/escolajaumesegon\/?page_id=87"},"modified":"2026-02-03T22:35:04","modified_gmt":"2026-02-03T21:35:04","slug":"nivells","status":"publish","type":"page","link":"https:\/\/agora.xtec.cat\/ieelperello\/nivells\/","title":{"rendered":"Comunitats"},"content":{"rendered":"\n<div class=\"wp-block-columns is-layout-flex wp-container-core-columns-is-layout-1 wp-block-columns-is-layout-flex\">\n<div class=\"wp-block-column is-layout-flow wp-block-column-is-layout-flow\" style=\"flex-basis:33.33%\">\n<ul class=\"wp-block-list\">\n<li><a href=\"https:\/\/agora.xtec.cat\/ieelperello\/categoria\/cdp\/\">Comunitat de petits<\/a><\/li>\n\n\n\n<li><a href=\"https:\/\/agora.xtec.cat\/ieelperello\/categoria\/cdm\/\">Comunitat de mitjans<\/a><\/li>\n\n\n\n<li><a href=\"https:\/\/agora.xtec.cat\/ieelperello\/categoria\/cdg\/\">Comunitat de grans<\/a><\/li>\n\n\n\n<li><a href=\"https:\/\/agora.xtec.cat\/ieelperello\/categoria\/cdj\/\">Comunitat de joves<\/a><\/li>\n\n\n\n<li><a href=\"https:\/\/agora.xtec.cat\/ieelperello\/categoria\/batx\/\">Batxillerat<\/a><\/li>\n<\/ul>\n<\/div>\n\n\n\n<div class=\"wp-block-column is-layout-flow wp-block-column-is-layout-flow\" style=\"flex-basis:66.66%\">\n<p>El nostre institut escola vol estar a prop de les fam\u00edlies i de l&#8217;entorn. Un mitj\u00e0 que ens apropa s\u00f3n les noves tecnologies. A trav\u00e9s dels blogs de les comunitats i dels diferents nivells podreu consultar tota la informaci\u00f3 espec\u00edfica i veure imatges del dia a dia al centre.<\/p>\n\n\n\n<div class=\"wp-block-getwid-images-slider has-arrows-inside has-dots-inside has-images-center has-cropped-images\"><div class=\"wp-block-getwid-images-slider__wrapper\" data-effect=\"slide\" data-slides-show=\"1\" data-slides-show-laptop=\"1\" data-slides-show-tablet=\"1\" data-slides-show-mobile=\"1\" data-slides-scroll=\"1\" data-autoplay=\"true\" data-pause-hover=\"false\" data-autoplay-speed=\"6000\" data-infinite=\"true\" data-animation-speed=\"800\" data-center-mode=\"false\" data-variable-width=\"false\" data-arrows=\"inside\" data-dots=\"inside\" data-spacing=\"none\"><div class=\"wp-block-getwid-images-slider__item\"><figure><img loading=\"lazy\" decoding=\"async\" width=\"817\" height=\"541\" src=\"https:\/\/agora.xtec.cat\/ieelperello\/wp-content\/uploads\/usu1951\/2026\/01\/Foto1.jpg\" data-id=\"5226\" data-link=\"https:\/\/agora.xtec.cat\/ieelperello\/nivells\/attachment\/foto1\/\" data-original-link=\"https:\/\/agora.xtec.cat\/ieelperello\/wp-content\/uploads\/usu1951\/2026\/01\/Foto1.jpg\" class=\"wp-block-getwid-images-slider__image wp-image-5226\" srcset=\"https:\/\/agora.xtec.cat\/ieelperello\/wp-content\/uploads\/usu1951\/2026\/01\/Foto1.jpg 817w, https:\/\/agora.xtec.cat\/ieelperello\/wp-content\/uploads\/usu1951\/2026\/01\/Foto1-300x199.jpg 300w, https:\/\/agora.xtec.cat\/ieelperello\/wp-content\/uploads\/usu1951\/2026\/01\/Foto1-768x509.jpg 768w\" sizes=\"auto, (max-width: 817px) 100vw, 817px\" \/><\/figure><\/div><div class=\"wp-block-getwid-images-slider__item\"><figure><img loading=\"lazy\" decoding=\"async\" width=\"818\" height=\"534\" src=\"https:\/\/agora.xtec.cat\/ieelperello\/wp-content\/uploads\/usu1951\/2026\/01\/Foto2.jpg\" data-id=\"5227\" data-link=\"https:\/\/agora.xtec.cat\/ieelperello\/nivells\/attachment\/foto2\/\" data-original-link=\"https:\/\/agora.xtec.cat\/ieelperello\/wp-content\/uploads\/usu1951\/2026\/01\/Foto2.jpg\" class=\"wp-block-getwid-images-slider__image wp-image-5227\" srcset=\"https:\/\/agora.xtec.cat\/ieelperello\/wp-content\/uploads\/usu1951\/2026\/01\/Foto2.jpg 818w, https:\/\/agora.xtec.cat\/ieelperello\/wp-content\/uploads\/usu1951\/2026\/01\/Foto2-300x196.jpg 300w, https:\/\/agora.xtec.cat\/ieelperello\/wp-content\/uploads\/usu1951\/2026\/01\/Foto2-768x501.jpg 768w\" sizes=\"auto, (max-width: 818px) 100vw, 818px\" \/><\/figure><\/div><div class=\"wp-block-getwid-images-slider__item\"><figure><img loading=\"lazy\" decoding=\"async\" width=\"810\" height=\"573\" src=\"https:\/\/agora.xtec.cat\/ieelperello\/wp-content\/uploads\/usu1951\/2026\/01\/Foto3.jpg\" data-id=\"5228\" data-link=\"https:\/\/agora.xtec.cat\/ieelperello\/nivells\/attachment\/foto3\/\" data-original-link=\"https:\/\/agora.xtec.cat\/ieelperello\/wp-content\/uploads\/usu1951\/2026\/01\/Foto3.jpg\" class=\"wp-block-getwid-images-slider__image wp-image-5228\" srcset=\"https:\/\/agora.xtec.cat\/ieelperello\/wp-content\/uploads\/usu1951\/2026\/01\/Foto3.jpg 810w, https:\/\/agora.xtec.cat\/ieelperello\/wp-content\/uploads\/usu1951\/2026\/01\/Foto3-300x212.jpg 300w, https:\/\/agora.xtec.cat\/ieelperello\/wp-content\/uploads\/usu1951\/2026\/01\/Foto3-768x543.jpg 768w\" sizes=\"auto, (max-width: 810px) 100vw, 810px\" \/><\/figure><\/div><div class=\"wp-block-getwid-images-slider__item\"><figure><img loading=\"lazy\" decoding=\"async\" width=\"817\" height=\"519\" src=\"https:\/\/agora.xtec.cat\/ieelperello\/wp-content\/uploads\/usu1951\/2026\/01\/Foto4.jpg\" data-id=\"5229\" data-link=\"https:\/\/agora.xtec.cat\/ieelperello\/nivells\/attachment\/foto4\/\" data-original-link=\"https:\/\/agora.xtec.cat\/ieelperello\/wp-content\/uploads\/usu1951\/2026\/01\/Foto4.jpg\" class=\"wp-block-getwid-images-slider__image wp-image-5229\" srcset=\"https:\/\/agora.xtec.cat\/ieelperello\/wp-content\/uploads\/usu1951\/2026\/01\/Foto4.jpg 817w, https:\/\/agora.xtec.cat\/ieelperello\/wp-content\/uploads\/usu1951\/2026\/01\/Foto4-300x191.jpg 300w, https:\/\/agora.xtec.cat\/ieelperello\/wp-content\/uploads\/usu1951\/2026\/01\/Foto4-768x488.jpg 768w\" sizes=\"auto, (max-width: 817px) 100vw, 817px\" \/><\/figure><\/div><\/div><\/div>\n<\/div>\n<\/div>\n\n\n\n<p><\/p>\n","protected":false},"excerpt":{"rendered":"<p>El nostre institut escola vol estar a prop de les fam\u00edlies i de l&#8217;entorn. Un mitj\u00e0 que ens apropa s\u00f3n les noves tecnologies. A trav\u00e9s dels blogs de les comunitats i dels diferents nivells podreu consultar tota la informaci\u00f3 espec\u00edfica i veure imatges del dia a dia al centre.<\/p>\n","protected":false},"author":1,"featured_media":0,"parent":0,"menu_order":3,"comment_status":"closed","ping_status":"closed","template":"","meta":{"_bbp_topic_count":0,"_bbp_reply_count":0,"_bbp_total_topic_count":0,"_bbp_total_reply_count":0,"_bbp_voice_count":0,"_bbp_anonymous_reply_count":0,"_bbp_topic_count_hidden":0,"_bbp_reply_count_hidden":0,"_bbp_forum_subforum_count":0,"site-sidebar-layout":"no-sidebar","site-content-layout":"","ast-site-content-layout":"default","site-content-style":"default","site-sidebar-style":"default","ast-global-header-display":"","ast-banner-title-visibility":"","ast-main-header-display":"","ast-hfb-above-header-display":"","ast-hfb-below-header-display":"","ast-hfb-mobile-header-display":"","site-post-title":"","ast-breadcrumbs-content":"","ast-featured-img":"","footer-sml-layout":"","theme-transparent-header-meta":"","adv-header-id-meta":"","stick-header-meta":"","header-above-stick-meta":"","header-main-stick-meta":"","header-below-stick-meta":"","astra-migrate-meta-layouts":"set","ast-page-background-enabled":"default","ast-page-background-meta":{"desktop":{"background-color":"var(--ast-global-color-4)","background-image":"","background-repeat":"repeat","background-position":"center center","background-size":"auto","background-attachment":"scroll","background-type":"","background-media":"","overlay-type":"","overlay-color":"","overlay-opacity":"","overlay-gradient":""},"tablet":{"background-color":"","background-image":"","background-repeat":"repeat","background-position":"center center","background-size":"auto","background-attachment":"scroll","background-type":"","background-media":"","overlay-type":"","overlay-color":"","overlay-opacity":"","overlay-gradient":""},"mobile":{"background-color":"","background-image":"","background-repeat":"repeat","background-position":"center center","background-size":"auto","background-attachment":"scroll","background-type":"","background-media":"","overlay-type":"","overlay-color":"","overlay-opacity":"","overlay-gradient":""}},"ast-content-background-meta":{"desktop":{"background-color":"var(--ast-global-color-5)","background-image":"","background-repeat":"repeat","background-position":"center center","background-size":"auto","background-attachment":"scroll","background-type":"","background-media":"","overlay-type":"","overlay-color":"","overlay-opacity":"","overlay-gradient":""},"tablet":{"background-color":"var(--ast-global-color-5)","background-image":"","background-repeat":"repeat","background-position":"center center","background-size":"auto","background-attachment":"scroll","background-type":"","background-media":"","overlay-type":"","overlay-color":"","overlay-opacity":"","overlay-gradient":""},"mobile":{"background-color":"var(--ast-global-color-5)","background-image":"","background-repeat":"repeat","background-position":"center center","background-size":"auto","background-attachment":"scroll","background-type":"","background-media":"","overlay-type":"","overlay-color":"","overlay-opacity":"","overlay-gradient":""}},"footnotes":""},"class_list":["post-87","page","type-page","status-publish","hentry"],"post_mailing_queue_ids":[],"_links":{"self":[{"href":"https:\/\/agora.xtec.cat\/ieelperello\/wp-json\/wp\/v2\/pages\/87","targetHints":{"allow":["GET"]}}],"collection":[{"href":"https:\/\/agora.xtec.cat\/ieelperello\/wp-json\/wp\/v2\/pages"}],"about":[{"href":"https:\/\/agora.xtec.cat\/ieelperello\/wp-json\/wp\/v2\/types\/page"}],"author":[{"embeddable":true,"href":"https:\/\/agora.xtec.cat\/ieelperello\/wp-json\/wp\/v2\/users\/1"}],"replies":[{"embeddable":true,"href":"https:\/\/agora.xtec.cat\/ieelperello\/wp-json\/wp\/v2\/comments?post=87"}],"version-history":[{"count":6,"href":"https:\/\/agora.xtec.cat\/ieelperello\/wp-json\/wp\/v2\/pages\/87\/revisions"}],"predecessor-version":[{"id":5271,"href":"https:\/\/agora.xtec.cat\/ieelperello\/wp-json\/wp\/v2\/pages\/87\/revisions\/5271"}],"wp:attachment":[{"href":"https:\/\/agora.xtec.cat\/ieelperello\/wp-json\/wp\/v2\/media?parent=87"}],"curies":[{"name":"wp","href":"https:\/\/api.w.org\/{rel}","templated":true}]}}