{"id":680,"date":"2019-11-15T18:17:54","date_gmt":"2019-11-15T17:17:54","guid":{"rendered":"https:\/\/agora.xtec.cat\/escolajaumesegon\/?page_id=680"},"modified":"2026-01-29T21:57:07","modified_gmt":"2026-01-29T20:57:07","slug":"biblioteca","status":"publish","type":"page","link":"https:\/\/agora.xtec.cat\/ieelperello\/serveis\/biblioteca\/","title":{"rendered":"Biblioteca"},"content":{"rendered":"<p>La biblioteca del centre est\u00e0 disseminada pels passadissos, a prop de totes les aules hi ha prestatges amb llibres assequibles i adequats al nivell de l&#8217;alumnat de la zona on est\u00e0 ubicat. Tamb\u00e9 tenim un espai on hi ha llibres de consulta per a totes les comunitats.<br \/>Totes les classes de prim\u00e0ria tenen caixes amb llibres adequats al nivell de l&#8217;alumnat que es van renovant peri\u00f2dicament i es fa pr\u00e9stec de llibres a l&#8217;alumnat. Tamb\u00e9 hi ha seccions amb llibres de lectura per a l&#8217;alumnat de secund\u00e0ria.<br \/><span style=\"font-family: inherit; font-size: 1em;\">Any rere any anem ampliant el nostre fons bibliotecari per tal de fomentar el gust per la lectura des d&#8217;I3 fins a batxillerat.<\/span><\/p>\n<p><img loading=\"lazy\" decoding=\"async\" class=\"wp-image-2949 aligncenter\" src=\"https:\/\/agora.xtec.cat\/ieelperello\/wp-content\/uploads\/usu1951\/2022\/02\/1643705838312.jpg\" alt=\"\" width=\"780\" height=\"439\" srcset=\"https:\/\/agora.xtec.cat\/ieelperello\/wp-content\/uploads\/usu1951\/2022\/02\/1643705838312.jpg 1600w, https:\/\/agora.xtec.cat\/ieelperello\/wp-content\/uploads\/usu1951\/2022\/02\/1643705838312-300x169.jpg 300w, https:\/\/agora.xtec.cat\/ieelperello\/wp-content\/uploads\/usu1951\/2022\/02\/1643705838312-1024x576.jpg 1024w, https:\/\/agora.xtec.cat\/ieelperello\/wp-content\/uploads\/usu1951\/2022\/02\/1643705838312-768x432.jpg 768w, https:\/\/agora.xtec.cat\/ieelperello\/wp-content\/uploads\/usu1951\/2022\/02\/1643705838312-1536x864.jpg 1536w\" sizes=\"auto, (max-width: 780px) 100vw, 780px\" \/><\/p>\n\n\n<figure class=\"wp-block-image aligncenter size-full is-resized\"><a href=\"https:\/\/agora.xtec.cat\/ieelperello\/wp-content\/uploads\/usu1951\/2026\/01\/Foto-biblioteca-mitjans.jpg\"><img loading=\"lazy\" decoding=\"async\" width=\"809\" height=\"566\" src=\"https:\/\/agora.xtec.cat\/ieelperello\/wp-content\/uploads\/usu1951\/2026\/01\/Foto-biblioteca-mitjans.jpg\" alt=\"\" class=\"wp-image-5231\" style=\"width:777px;height:auto\" srcset=\"https:\/\/agora.xtec.cat\/ieelperello\/wp-content\/uploads\/usu1951\/2026\/01\/Foto-biblioteca-mitjans.jpg 809w, https:\/\/agora.xtec.cat\/ieelperello\/wp-content\/uploads\/usu1951\/2026\/01\/Foto-biblioteca-mitjans-300x210.jpg 300w, https:\/\/agora.xtec.cat\/ieelperello\/wp-content\/uploads\/usu1951\/2026\/01\/Foto-biblioteca-mitjans-768x537.jpg 768w\" sizes=\"auto, (max-width: 809px) 100vw, 809px\" \/><\/a><\/figure>\n","protected":false},"excerpt":{"rendered":"<p>La biblioteca del centre est\u00e0 disseminada pels passadissos, a prop de totes les aules hi ha prestatges amb llibres assequibles i adequats al nivell de l&#8217;alumnat de la zona on est\u00e0 ubicat. Tamb\u00e9 tenim un espai on hi ha llibres de consulta per a totes les comunitats.Totes les classes de prim\u00e0ria tenen caixes amb llibres [&hellip;]<\/p>\n","protected":false},"author":4,"featured_media":0,"parent":66,"menu_order":0,"comment_status":"closed","ping_status":"closed","template":"","meta":{"_bbp_topic_count":0,"_bbp_reply_count":0,"_bbp_total_topic_count":0,"_bbp_total_reply_count":0,"_bbp_voice_count":0,"_bbp_anonymous_reply_count":0,"_bbp_topic_count_hidden":0,"_bbp_reply_count_hidden":0,"_bbp_forum_subforum_count":0,"site-sidebar-layout":"default","site-content-layout":"","ast-site-content-layout":"default","site-content-style":"default","site-sidebar-style":"default","ast-global-header-display":"","ast-banner-title-visibility":"","ast-main-header-display":"","ast-hfb-above-header-display":"","ast-hfb-below-header-display":"","ast-hfb-mobile-header-display":"","site-post-title":"","ast-breadcrumbs-content":"","ast-featured-img":"","footer-sml-layout":"","theme-transparent-header-meta":"","adv-header-id-meta":"","stick-header-meta":"","header-above-stick-meta":"","header-main-stick-meta":"","header-below-stick-meta":"","astra-migrate-meta-layouts":"set","ast-page-background-enabled":"default","ast-page-background-meta":{"desktop":{"background-color":"var(--ast-global-color-4)","background-image":"","background-repeat":"repeat","background-position":"center center","background-size":"auto","background-attachment":"scroll","background-type":"","background-media":"","overlay-type":"","overlay-color":"","overlay-opacity":"","overlay-gradient":""},"tablet":{"background-color":"","background-image":"","background-repeat":"repeat","background-position":"center center","background-size":"auto","background-attachment":"scroll","background-type":"","background-media":"","overlay-type":"","overlay-color":"","overlay-opacity":"","overlay-gradient":""},"mobile":{"background-color":"","background-image":"","background-repeat":"repeat","background-position":"center center","background-size":"auto","background-attachment":"scroll","background-type":"","background-media":"","overlay-type":"","overlay-color":"","overlay-opacity":"","overlay-gradient":""}},"ast-content-background-meta":{"desktop":{"background-color":"var(--ast-global-color-5)","background-image":"","background-repeat":"repeat","background-position":"center center","background-size":"auto","background-attachment":"scroll","background-type":"","background-media":"","overlay-type":"","overlay-color":"","overlay-opacity":"","overlay-gradient":""},"tablet":{"background-color":"var(--ast-global-color-5)","background-image":"","background-repeat":"repeat","background-position":"center center","background-size":"auto","background-attachment":"scroll","background-type":"","background-media":"","overlay-type":"","overlay-color":"","overlay-opacity":"","overlay-gradient":""},"mobile":{"background-color":"var(--ast-global-color-5)","background-image":"","background-repeat":"repeat","background-position":"center center","background-size":"auto","background-attachment":"scroll","background-type":"","background-media":"","overlay-type":"","overlay-color":"","overlay-opacity":"","overlay-gradient":""}},"footnotes":""},"class_list":["post-680","page","type-page","status-publish","hentry"],"post_mailing_queue_ids":[],"_links":{"self":[{"href":"https:\/\/agora.xtec.cat\/ieelperello\/wp-json\/wp\/v2\/pages\/680","targetHints":{"allow":["GET"]}}],"collection":[{"href":"https:\/\/agora.xtec.cat\/ieelperello\/wp-json\/wp\/v2\/pages"}],"about":[{"href":"https:\/\/agora.xtec.cat\/ieelperello\/wp-json\/wp\/v2\/types\/page"}],"author":[{"embeddable":true,"href":"https:\/\/agora.xtec.cat\/ieelperello\/wp-json\/wp\/v2\/users\/4"}],"replies":[{"embeddable":true,"href":"https:\/\/agora.xtec.cat\/ieelperello\/wp-json\/wp\/v2\/comments?post=680"}],"version-history":[{"count":6,"href":"https:\/\/agora.xtec.cat\/ieelperello\/wp-json\/wp\/v2\/pages\/680\/revisions"}],"predecessor-version":[{"id":5237,"href":"https:\/\/agora.xtec.cat\/ieelperello\/wp-json\/wp\/v2\/pages\/680\/revisions\/5237"}],"up":[{"embeddable":true,"href":"https:\/\/agora.xtec.cat\/ieelperello\/wp-json\/wp\/v2\/pages\/66"}],"wp:attachment":[{"href":"https:\/\/agora.xtec.cat\/ieelperello\/wp-json\/wp\/v2\/media?parent=680"}],"curies":[{"name":"wp","href":"https:\/\/api.w.org\/{rel}","templated":true}]}}