{"id":615,"date":"2019-09-18T10:51:25","date_gmt":"2019-09-18T08:51:25","guid":{"rendered":"https:\/\/agora.xtec.cat\/escolajaumesegon\/?page_id=615"},"modified":"2026-01-26T23:22:27","modified_gmt":"2026-01-26T22:22:27","slug":"afa","status":"publish","type":"page","link":"https:\/\/agora.xtec.cat\/ieelperello\/afa\/","title":{"rendered":"AFA"},"content":{"rendered":"\n<div>&nbsp;<\/div>\n\n\n\n<div style=\"margin-left: 240px;\">\n<p>&nbsp;<\/p>\n<figure><img loading=\"lazy\" decoding=\"async\" class=\"alignnone  wp-image-4729\" src=\"https:\/\/agora.xtec.cat\/ieelperello\/wp-content\/uploads\/usu1951\/2025\/07\/Logo-AFA.png\" alt=\"\" width=\"171\" height=\"195\" srcset=\"https:\/\/agora.xtec.cat\/ieelperello\/wp-content\/uploads\/usu1951\/2025\/07\/Logo-AFA.png 500w, https:\/\/agora.xtec.cat\/ieelperello\/wp-content\/uploads\/usu1951\/2025\/07\/Logo-AFA-263x300.png 263w\" sizes=\"auto, (max-width: 171px) 100vw, 171px\" \/><\/figure><p><\/p>\n<p><span style=\"font-weight: 400;\">Sigueu benvinguts i benvingudes a l\u2019espai de l\u2019AFA DE L\u2019INSTITUT ESCOLA EL PERELL\u00d3, l\u2019associaci\u00f3 de fam\u00edlies del nostre centre educatiu. Us convidem a navegar pel nostre espai i a consultar tota la informaci\u00f3 que us pugui interessar.&nbsp;<\/span><\/p>\n<p><span style=\"font-weight: 400;\">L\u2019AFA \u00e9s una associaci\u00f3 sense \u00e0nim de lucre formada per fam\u00edlies que dediquem part del nostre temps a contribuir a fer que el nostre centre sigui un lloc millor per a les nostres filles i fills. A partir d\u2019aquest objectiu, l\u2019AFA participa en la vida de l\u2019Institut Escola en diferents nivells:<\/span><\/p>\n<ul>\n<li style=\"font-weight: 400;\" aria-level=\"1\"><span style=\"font-weight: 400;\">Seguiment de la din\u00e0mica del centre a trav\u00e9s d\u2019una estreta col\u00b7laboraci\u00f3 amb l\u2019equip directiu.<\/span><\/li>\n<li style=\"font-weight: 400;\" aria-level=\"1\"><span style=\"font-weight: 400;\">Participaci\u00f3 i representaci\u00f3 dels interessos de les fam\u00edlies en el Consell Escolar.<\/span><\/li>\n<li style=\"font-weight: 400;\" aria-level=\"1\"><span style=\"font-weight: 400;\">Organitzaci\u00f3 de les activitats extraescolars i l\u2019acollida.<\/span><\/li>\n<li style=\"font-weight: 400;\" aria-level=\"1\"><span style=\"font-weight: 400;\">Gesti\u00f3 i venda de la roba escolar.<\/span><\/li>\n<li style=\"font-weight: 400;\" aria-level=\"1\"><span style=\"font-weight: 400;\">Participaci\u00f3 en la comissi\u00f3 de patis.<\/span><\/li>\n<li style=\"font-weight: 400;\" aria-level=\"1\"><span style=\"font-weight: 400;\">Realitzaci\u00f3 de xerrades i tallers adre\u00e7ats a les fam\u00edlies a partir de diferents temes d\u2019inter\u00e8s.<\/span><\/li>\n<li style=\"font-weight: 400;\" aria-level=\"1\"><span style=\"font-weight: 400;\">Organitzaci\u00f3 d\u2019activitats l\u00fadiques adre\u00e7ades a les fam\u00edlies: tronc de Nadal, festa de la Marat\u00f3, festa de fi de curs\u2026<\/span><\/li>\n<li style=\"font-weight: 400;\" aria-level=\"1\"><span style=\"font-weight: 400;\">Col\u00b7laboraci\u00f3 amb el centre en la celebraci\u00f3 de diferents festes tradicionals.<\/span><\/li>\n<\/ul>\n<p><span style=\"font-weight: 400;\">I, sobretot, no dubteu en fer-nos arribar totes les sugger\u00e8ncies i comentaris que us vinguin al cap i que ens puguin ajudar a millorar conjuntament.<\/span><\/p>\n<p><b>Podeu contactar-nos a:<\/b> <a href=\"mailto:afaie.elperello@gmail.com\"><i><span style=\"font-weight: 400;\">afaie.elperello@gmail.com<\/span><\/i><\/a><\/p>\n<p><i><span style=\"font-weight: 400;\">I seguir-nos a les xarxes socials:<\/span><\/i><\/p>\n<p><i><span style=\"font-weight: 400;\">@afainstitutescolaelperello<\/span><\/i><\/p>\n<p><i><span style=\"font-weight: 400;\">AFA IE El Perell\u00f3<\/span><\/i><\/p>\n<p>&nbsp;<\/p>\n<div>\n<div><b>DADES DE CONTACTE EXTRAESCOLARS: MIL SOMRIURES<\/b><\/div>\n<\/div>\n<\/div>\n\n\n\n<div>&nbsp;<\/div>\n\n\n\n<div style=\"margin-left: 240px;\">\n<div>\n<div>\n<div>\u00a0<\/div>\n<ul>\n<li><span style=\"font-size: large;\">Correu: <a href=\"mailto:milsomriures13@gmail.com\" target=\"_blank\" rel=\"noopener noreferrer\">milsomriures13@gmail.com<\/a><\/span><\/li>\n<li><span style=\"font-size: large;\">Tel\u00e8fon: 638.255.469<\/span><\/li>\n<\/ul>\n<\/div>\n<\/div>\n<\/div>\n","protected":false},"excerpt":{"rendered":"<p>&nbsp; &nbsp; Sigueu benvinguts i benvingudes a l\u2019espai de l\u2019AFA DE L\u2019INSTITUT ESCOLA EL PERELL\u00d3, l\u2019associaci\u00f3 de fam\u00edlies del nostre centre educatiu. Us convidem a navegar pel nostre espai i a consultar tota la informaci\u00f3 que us pugui interessar.&nbsp; L\u2019AFA \u00e9s una associaci\u00f3 sense \u00e0nim de lucre formada per fam\u00edlies que dediquem part del nostre [&hellip;]<\/p>\n","protected":false},"author":1,"featured_media":0,"parent":0,"menu_order":5,"comment_status":"closed","ping_status":"closed","template":"","meta":{"_bbp_topic_count":0,"_bbp_reply_count":0,"_bbp_total_topic_count":0,"_bbp_total_reply_count":0,"_bbp_voice_count":0,"_bbp_anonymous_reply_count":0,"_bbp_topic_count_hidden":0,"_bbp_reply_count_hidden":0,"_bbp_forum_subforum_count":0,"site-sidebar-layout":"left-sidebar","site-content-layout":"","ast-site-content-layout":"default","site-content-style":"default","site-sidebar-style":"default","ast-global-header-display":"","ast-banner-title-visibility":"","ast-main-header-display":"","ast-hfb-above-header-display":"","ast-hfb-below-header-display":"","ast-hfb-mobile-header-display":"","site-post-title":"","ast-breadcrumbs-content":"","ast-featured-img":"","footer-sml-layout":"","theme-transparent-header-meta":"","adv-header-id-meta":"","stick-header-meta":"","header-above-stick-meta":"","header-main-stick-meta":"","header-below-stick-meta":"","astra-migrate-meta-layouts":"set","ast-page-background-enabled":"default","ast-page-background-meta":{"desktop":{"background-color":"var(--ast-global-color-4)","background-image":"","background-repeat":"repeat","background-position":"center center","background-size":"auto","background-attachment":"scroll","background-type":"","background-media":"","overlay-type":"","overlay-color":"","overlay-opacity":"","overlay-gradient":""},"tablet":{"background-color":"","background-image":"","background-repeat":"repeat","background-position":"center center","background-size":"auto","background-attachment":"scroll","background-type":"","background-media":"","overlay-type":"","overlay-color":"","overlay-opacity":"","overlay-gradient":""},"mobile":{"background-color":"","background-image":"","background-repeat":"repeat","background-position":"center center","background-size":"auto","background-attachment":"scroll","background-type":"","background-media":"","overlay-type":"","overlay-color":"","overlay-opacity":"","overlay-gradient":""}},"ast-content-background-meta":{"desktop":{"background-color":"var(--ast-global-color-5)","background-image":"","background-repeat":"repeat","background-position":"center center","background-size":"auto","background-attachment":"scroll","background-type":"","background-media":"","overlay-type":"","overlay-color":"","overlay-opacity":"","overlay-gradient":""},"tablet":{"background-color":"var(--ast-global-color-5)","background-image":"","background-repeat":"repeat","background-position":"center center","background-size":"auto","background-attachment":"scroll","background-type":"","background-media":"","overlay-type":"","overlay-color":"","overlay-opacity":"","overlay-gradient":""},"mobile":{"background-color":"var(--ast-global-color-5)","background-image":"","background-repeat":"repeat","background-position":"center center","background-size":"auto","background-attachment":"scroll","background-type":"","background-media":"","overlay-type":"","overlay-color":"","overlay-opacity":"","overlay-gradient":""}},"footnotes":""},"class_list":["post-615","page","type-page","status-publish","hentry"],"post_mailing_queue_ids":[],"_links":{"self":[{"href":"https:\/\/agora.xtec.cat\/ieelperello\/wp-json\/wp\/v2\/pages\/615","targetHints":{"allow":["GET"]}}],"collection":[{"href":"https:\/\/agora.xtec.cat\/ieelperello\/wp-json\/wp\/v2\/pages"}],"about":[{"href":"https:\/\/agora.xtec.cat\/ieelperello\/wp-json\/wp\/v2\/types\/page"}],"author":[{"embeddable":true,"href":"https:\/\/agora.xtec.cat\/ieelperello\/wp-json\/wp\/v2\/users\/1"}],"replies":[{"embeddable":true,"href":"https:\/\/agora.xtec.cat\/ieelperello\/wp-json\/wp\/v2\/comments?post=615"}],"version-history":[{"count":6,"href":"https:\/\/agora.xtec.cat\/ieelperello\/wp-json\/wp\/v2\/pages\/615\/revisions"}],"predecessor-version":[{"id":5137,"href":"https:\/\/agora.xtec.cat\/ieelperello\/wp-json\/wp\/v2\/pages\/615\/revisions\/5137"}],"wp:attachment":[{"href":"https:\/\/agora.xtec.cat\/ieelperello\/wp-json\/wp\/v2\/media?parent=615"}],"curies":[{"name":"wp","href":"https:\/\/api.w.org\/{rel}","templated":true}]}}